{"id":403,"date":"2021-10-16T14:30:54","date_gmt":"2021-10-16T14:30:54","guid":{"rendered":"https:\/\/pablocarpintero.es\/?post_type=product&#038;p=403"},"modified":"2021-11-03T13:17:03","modified_gmt":"2021-11-03T13:17:03","slug":"gaita-de-dous-bordons-no-ombreiro","status":"publish","type":"product","link":"https:\/\/pablocarpintero.es\/es\/producto\/gaita-de-dous-bordons-no-ombreiro\/","title":{"rendered":"Gaita de dos bordones en el hombro"},"content":{"rendered":"<p class=\"p1\">Alejandro Covelo de S\u00e1rdoma (Vigo) conserva la gaita que perteneci\u00f3 al gaitero Florentino Figueroa. Se trata de un de los pocos ejemplos que nos quedan en Galicia de gaitas de fuelle de doble bord\u00f3n en el hombro alimentadas con soplillo. Esta tipolog\u00eda se hizo frecuente por toda Europa a partir del siglo XVI y otrora debi\u00f3 ser frecuente en Galicia, pero en la actualidad solo pudimos documentar dos ejemplares, de ellos la gaita de Alejandro es el m\u00e1s hermoso y mejor conservado. Fue fabricada seguramente a finales del siglo XIX o principios del XX en madera tropical. El puntero presenta dos llaves que permiten emitir el segundo y tercer grado sobreagudos.<\/p>\n<p class=\"p1\">Lo que veis en la imagen es la r\u00e9plica de la <a href=\"https:\/\/pablocarpintero.es\/es\/producto\/gaita-de-barquin-de-manuel-pousa-estas-tomino-pontevedra\/\">gaita de barqu\u00edn de Manuel Pousa<\/a> (Est\u00e1s, Tomi\u00f1o) pero reconvertida en esta tipolog\u00eda, es dicir, equipada con un soplillo en lugar de con un barqu\u00edn.<\/p>\n<p>&nbsp;<\/p>\n<p>Aqu\u00ed ten\u00e9is unos v\u00eddeos con algunas piezas del Baixo Mi\u00f1o para que pod\u00e1is apreciar el sonido de esta gaita.<\/p>\n<p>&nbsp;<\/p>\n<div  class='avia-video av-jmy5n-3190a4c331ad1239a43085cd59b47084 avia-video-16-9 av-no-preview-image avia-video-load-always av-lazyload-immediate av-lazyload-video-embed'  itemprop=\"video\" itemtype=\"https:\/\/schema.org\/VideoObject\"  data-original_url='https:\/\/www.youtube.com\/watch?v=DN-CiYKbIW8'><script type='text\/html' class='av-video-tmpl'><div class='avia-iframe-wrap'><iframe loading=\"lazy\" title=\"Gaita de Dous Bord\u00f3ns - Mui\u00f1eira\" width=\"1500\" height=\"844\" src=\"https:\/\/www.youtube.com\/embed\/DN-CiYKbIW8?feature=oembed&autoplay=0&loop=0&controls=1&mute=0\" frameborder=\"0\" allow=\"accelerometer; autoplay; clipboard-write; encrypted-media; gyroscope; picture-in-picture\" allowfullscreen><\/iframe><\/div><\/script><div class='av-click-to-play-overlay'><div class=\"avia_playpause_icon\"><\/div><\/div><\/div>\n<p>&nbsp;<\/p>\n<div  class='avia-video av-gteaj-1c078b55c55bddce73fa71cd483ae38c avia-video-16-9 av-no-preview-image avia-video-load-always av-lazyload-immediate av-lazyload-video-embed'  itemprop=\"video\" itemtype=\"https:\/\/schema.org\/VideoObject\"  data-original_url='https:\/\/www.youtube.com\/watch?v=nP2EAQqPkpU'><script type='text\/html' class='av-video-tmpl'><div class='avia-iframe-wrap'><iframe loading=\"lazy\" title=\"Gaita de dous bord\u00f3ns - treboada\" width=\"1500\" height=\"844\" src=\"https:\/\/www.youtube.com\/embed\/nP2EAQqPkpU?feature=oembed&autoplay=0&loop=0&controls=1&mute=0\" frameborder=\"0\" allow=\"accelerometer; autoplay; clipboard-write; encrypted-media; gyroscope; picture-in-picture\" allowfullscreen><\/iframe><\/div><\/script><div class='av-click-to-play-overlay'><div class=\"avia_playpause_icon\"><\/div><\/div><\/div>\n<p>&nbsp;<\/p>\n<div  class='avia-video av-9oaw3-64484b66bcf008c3d793e3d6a5feec34 avia-video-16-9 av-no-preview-image avia-video-load-always av-lazyload-immediate av-lazyload-video-embed'  itemprop=\"video\" itemtype=\"https:\/\/schema.org\/VideoObject\"  data-original_url='https:\/\/www.youtube.com\/watch?v=KZdzbAv-2Vo'><script type='text\/html' class='av-video-tmpl'><div class='avia-iframe-wrap'><iframe loading=\"lazy\" title=\"Gaita de dous bord\u00f3ns - treboada.\" width=\"1500\" height=\"844\" src=\"https:\/\/www.youtube.com\/embed\/KZdzbAv-2Vo?feature=oembed&autoplay=0&loop=0&controls=1&mute=0\" frameborder=\"0\" allow=\"accelerometer; autoplay; clipboard-write; encrypted-media; gyroscope; picture-in-picture\" allowfullscreen><\/iframe><\/div><\/script><div class='av-click-to-play-overlay'><div class=\"avia_playpause_icon\"><\/div><\/div><\/div>\n<p class=\"p1\"><strong>Compra por encargo<\/strong><\/p>\n<p class=\"p1\">Debido a las caracter\u00edsticas de las gaitas de fuelle antiguas, estas no tienen un precio fijo asignado, que depender\u00e1 del tipo de madera y de otras caracter\u00edsticas est\u00e9ticas que puedes escoger como anillados en diferentes materiales, flecos o ribeteados de los vestidos. Todas las r\u00e9plicas de gaitas de fuelle tienen una demora que depende de nuestra lista de espera. Consulta con nosotros para saber m\u00e1s.<\/p>\n<div  class='avia-button-wrap av-7w2e1-2cfff7366207172118f91cc6d7012c90-wrap avia-button-center  avia-builder-el-3  el_after_av_video  avia-builder-el-last'><a href='https:\/\/pablocarpintero.es\/es\/contactar\/'  class='avia-button av-7w2e1-2cfff7366207172118f91cc6d7012c90 avia-icon_select-yes-left-icon avia-size-small avia-position-center avia-color-theme-color'  ><span class='avia_button_icon avia_button_icon_left' aria-hidden='true' data-av_icon='\ue81f' data-av_iconfont='entypo-fontello'><\/span><span class='avia_iconbox_title' >Solicita informaci\u00f3n de precios<\/span><\/a><\/div>","protected":false},"excerpt":{"rendered":"<p>No Baixo Mi\u00f1o aparece unha tipolox\u00eda de gaita de fol que presenta dous bord\u00f3ns sobre o ombreiro do gaiteiro, que al\u00ed chaman orne\u00f3n e ornillo. Esta tipolox\u00eda f\u00edxose frecuente por toda Europa a partires do s\u00e9culo XVI e outrora debeu ser abundante en Galiza. No Baixo Mi\u00f1o aparece equipada cun barqu\u00edn ou cun soprete. As [&hellip;]<\/p>\n","protected":false},"featured_media":683,"comment_status":"open","ping_status":"closed","template":"","meta":{"give_campaign_id":0,"_joinchat":[]},"product_brand":[],"product_cat":[20,18,21,24],"product_tag":[],"class_list":{"0":"post-403","1":"product","2":"type-product","3":"status-publish","4":"has-post-thumbnail","6":"product_cat-gaitas-de-fol","7":"product_cat-instrumentos-musicales","8":"product_cat-replicas-de-gaitas-de-fol-antigas","9":"product_cat-replicas-de-gaitas-galegas","11":"first","12":"instock","13":"taxable","14":"shipping-taxable","15":"product-type-simple"},"yoast_head":"<!-- This site is optimized with the Yoast SEO plugin v27.2 - https:\/\/yoast.com\/product\/yoast-seo-wordpress\/ -->\n<title>Gaita de dous bord\u00f3ns no ombreiro - Pablo Carpintero<\/title>\n<meta name=\"robots\" content=\"index, follow, max-snippet:-1, max-image-preview:large, max-video-preview:-1\" \/>\n<link rel=\"canonical\" href=\"https:\/\/pablocarpintero.es\/es\/producto\/gaita-de-dous-bordons-no-ombreiro\/\" \/>\n<meta property=\"og:locale\" content=\"es_ES\" \/>\n<meta property=\"og:type\" content=\"article\" \/>\n<meta property=\"og:title\" content=\"Gaita de dous bord\u00f3ns no ombreiro - Pablo Carpintero\" \/>\n<meta property=\"og:description\" content=\"No Baixo Mi\u00f1o aparece unha tipolox\u00eda de gaita de fol que presenta dous bord\u00f3ns sobre o ombreiro do gaiteiro, que al\u00ed chaman orne\u00f3n e ornillo. Esta tipolox\u00eda f\u00edxose frecuente por toda Europa a partires do s\u00e9culo XVI e outrora debeu ser abundante en Galiza. No Baixo Mi\u00f1o aparece equipada cun barqu\u00edn ou cun soprete. As [&hellip;]\" \/>\n<meta property=\"og:url\" content=\"https:\/\/pablocarpintero.es\/es\/producto\/gaita-de-dous-bordons-no-ombreiro\/\" \/>\n<meta property=\"og:site_name\" content=\"Pablo Carpintero\" \/>\n<meta property=\"article:modified_time\" content=\"2021-11-03T13:17:03+00:00\" \/>\n<meta property=\"og:image\" content=\"https:\/\/pablocarpintero.es\/wp-content\/uploads\/2021\/10\/gaita-de-dous-bordons-Pablo-Carpintero-4-1.jpg\" \/>\n\t<meta property=\"og:image:width\" content=\"1429\" \/>\n\t<meta property=\"og:image:height\" content=\"949\" \/>\n\t<meta property=\"og:image:type\" content=\"image\/jpeg\" \/>\n<meta name=\"twitter:card\" content=\"summary_large_image\" \/>\n<meta name=\"twitter:label1\" content=\"Tiempo de lectura\" \/>\n\t<meta name=\"twitter:data1\" content=\"3 minutos\" \/>\n<script type=\"application\/ld+json\" class=\"yoast-schema-graph\">{\"@context\":\"https:\/\/schema.org\",\"@graph\":[{\"@type\":\"WebPage\",\"@id\":\"https:\/\/pablocarpintero.es\/producto\/gaita-de-dous-bordons-no-ombreiro\/\",\"url\":\"https:\/\/pablocarpintero.es\/producto\/gaita-de-dous-bordons-no-ombreiro\/\",\"name\":\"Gaita de dous bord\u00f3ns no ombreiro - Pablo Carpintero\",\"isPartOf\":{\"@id\":\"https:\/\/pablocarpintero.es\/#website\"},\"primaryImageOfPage\":{\"@id\":\"https:\/\/pablocarpintero.es\/producto\/gaita-de-dous-bordons-no-ombreiro\/#primaryimage\"},\"image\":{\"@id\":\"https:\/\/pablocarpintero.es\/producto\/gaita-de-dous-bordons-no-ombreiro\/#primaryimage\"},\"thumbnailUrl\":\"https:\/\/pablocarpintero.es\/wp-content\/uploads\/2021\/10\/gaita-de-dous-bordons-Pablo-Carpintero-4-1.jpg\",\"datePublished\":\"2021-10-16T14:30:54+00:00\",\"dateModified\":\"2021-11-03T13:17:03+00:00\",\"breadcrumb\":{\"@id\":\"https:\/\/pablocarpintero.es\/producto\/gaita-de-dous-bordons-no-ombreiro\/#breadcrumb\"},\"inLanguage\":\"es\",\"potentialAction\":[{\"@type\":\"ReadAction\",\"target\":[\"https:\/\/pablocarpintero.es\/producto\/gaita-de-dous-bordons-no-ombreiro\/\"]}]},{\"@type\":\"ImageObject\",\"inLanguage\":\"es\",\"@id\":\"https:\/\/pablocarpintero.es\/producto\/gaita-de-dous-bordons-no-ombreiro\/#primaryimage\",\"url\":\"https:\/\/pablocarpintero.es\/wp-content\/uploads\/2021\/10\/gaita-de-dous-bordons-Pablo-Carpintero-4-1.jpg\",\"contentUrl\":\"https:\/\/pablocarpintero.es\/wp-content\/uploads\/2021\/10\/gaita-de-dous-bordons-Pablo-Carpintero-4-1.jpg\",\"width\":1429,\"height\":949},{\"@type\":\"BreadcrumbList\",\"@id\":\"https:\/\/pablocarpintero.es\/producto\/gaita-de-dous-bordons-no-ombreiro\/#breadcrumb\",\"itemListElement\":[{\"@type\":\"ListItem\",\"position\":1,\"name\":\"Portada\",\"item\":\"https:\/\/pablocarpintero.es\/inicio\/\"},{\"@type\":\"ListItem\",\"position\":2,\"name\":\"Tienda\",\"item\":\"https:\/\/pablocarpintero.es\/tienda\/\"},{\"@type\":\"ListItem\",\"position\":3,\"name\":\"Gaita de dous bord\u00f3ns no ombreiro\"}]},{\"@type\":\"WebSite\",\"@id\":\"https:\/\/pablocarpintero.es\/#website\",\"url\":\"https:\/\/pablocarpintero.es\/\",\"name\":\"Pablo Carpintero\",\"description\":\"Otro sitio realizado con WordPress\",\"potentialAction\":[{\"@type\":\"SearchAction\",\"target\":{\"@type\":\"EntryPoint\",\"urlTemplate\":\"https:\/\/pablocarpintero.es\/?s={search_term_string}\"},\"query-input\":{\"@type\":\"PropertyValueSpecification\",\"valueRequired\":true,\"valueName\":\"search_term_string\"}}],\"inLanguage\":\"es\"}]}<\/script>\n<!-- \/ Yoast SEO plugin. -->","yoast_head_json":{"title":"Gaita de dous bord\u00f3ns no ombreiro - Pablo Carpintero","robots":{"index":"index","follow":"follow","max-snippet":"max-snippet:-1","max-image-preview":"max-image-preview:large","max-video-preview":"max-video-preview:-1"},"canonical":"https:\/\/pablocarpintero.es\/es\/producto\/gaita-de-dous-bordons-no-ombreiro\/","og_locale":"es_ES","og_type":"article","og_title":"Gaita de dous bord\u00f3ns no ombreiro - Pablo Carpintero","og_description":"No Baixo Mi\u00f1o aparece unha tipolox\u00eda de gaita de fol que presenta dous bord\u00f3ns sobre o ombreiro do gaiteiro, que al\u00ed chaman orne\u00f3n e ornillo. Esta tipolox\u00eda f\u00edxose frecuente por toda Europa a partires do s\u00e9culo XVI e outrora debeu ser abundante en Galiza. No Baixo Mi\u00f1o aparece equipada cun barqu\u00edn ou cun soprete. As [&hellip;]","og_url":"https:\/\/pablocarpintero.es\/es\/producto\/gaita-de-dous-bordons-no-ombreiro\/","og_site_name":"Pablo Carpintero","article_modified_time":"2021-11-03T13:17:03+00:00","og_image":[{"width":1429,"height":949,"url":"https:\/\/pablocarpintero.es\/wp-content\/uploads\/2021\/10\/gaita-de-dous-bordons-Pablo-Carpintero-4-1.jpg","type":"image\/jpeg"}],"twitter_card":"summary_large_image","twitter_misc":{"Tiempo de lectura":"3 minutos"},"schema":{"@context":"https:\/\/schema.org","@graph":[{"@type":"WebPage","@id":"https:\/\/pablocarpintero.es\/producto\/gaita-de-dous-bordons-no-ombreiro\/","url":"https:\/\/pablocarpintero.es\/producto\/gaita-de-dous-bordons-no-ombreiro\/","name":"Gaita de dous bord\u00f3ns no ombreiro - Pablo Carpintero","isPartOf":{"@id":"https:\/\/pablocarpintero.es\/#website"},"primaryImageOfPage":{"@id":"https:\/\/pablocarpintero.es\/producto\/gaita-de-dous-bordons-no-ombreiro\/#primaryimage"},"image":{"@id":"https:\/\/pablocarpintero.es\/producto\/gaita-de-dous-bordons-no-ombreiro\/#primaryimage"},"thumbnailUrl":"https:\/\/pablocarpintero.es\/wp-content\/uploads\/2021\/10\/gaita-de-dous-bordons-Pablo-Carpintero-4-1.jpg","datePublished":"2021-10-16T14:30:54+00:00","dateModified":"2021-11-03T13:17:03+00:00","breadcrumb":{"@id":"https:\/\/pablocarpintero.es\/producto\/gaita-de-dous-bordons-no-ombreiro\/#breadcrumb"},"inLanguage":"es","potentialAction":[{"@type":"ReadAction","target":["https:\/\/pablocarpintero.es\/producto\/gaita-de-dous-bordons-no-ombreiro\/"]}]},{"@type":"ImageObject","inLanguage":"es","@id":"https:\/\/pablocarpintero.es\/producto\/gaita-de-dous-bordons-no-ombreiro\/#primaryimage","url":"https:\/\/pablocarpintero.es\/wp-content\/uploads\/2021\/10\/gaita-de-dous-bordons-Pablo-Carpintero-4-1.jpg","contentUrl":"https:\/\/pablocarpintero.es\/wp-content\/uploads\/2021\/10\/gaita-de-dous-bordons-Pablo-Carpintero-4-1.jpg","width":1429,"height":949},{"@type":"BreadcrumbList","@id":"https:\/\/pablocarpintero.es\/producto\/gaita-de-dous-bordons-no-ombreiro\/#breadcrumb","itemListElement":[{"@type":"ListItem","position":1,"name":"Portada","item":"https:\/\/pablocarpintero.es\/inicio\/"},{"@type":"ListItem","position":2,"name":"Tienda","item":"https:\/\/pablocarpintero.es\/tienda\/"},{"@type":"ListItem","position":3,"name":"Gaita de dous bord\u00f3ns no ombreiro"}]},{"@type":"WebSite","@id":"https:\/\/pablocarpintero.es\/#website","url":"https:\/\/pablocarpintero.es\/","name":"Pablo Carpintero","description":"Otro sitio realizado con WordPress","potentialAction":[{"@type":"SearchAction","target":{"@type":"EntryPoint","urlTemplate":"https:\/\/pablocarpintero.es\/?s={search_term_string}"},"query-input":{"@type":"PropertyValueSpecification","valueRequired":true,"valueName":"search_term_string"}}],"inLanguage":"es"}]}},"_links":{"self":[{"href":"https:\/\/pablocarpintero.es\/es\/wp-json\/wp\/v2\/product\/403","targetHints":{"allow":["GET"]}}],"collection":[{"href":"https:\/\/pablocarpintero.es\/es\/wp-json\/wp\/v2\/product"}],"about":[{"href":"https:\/\/pablocarpintero.es\/es\/wp-json\/wp\/v2\/types\/product"}],"replies":[{"embeddable":true,"href":"https:\/\/pablocarpintero.es\/es\/wp-json\/wp\/v2\/comments?post=403"}],"wp:featuredmedia":[{"embeddable":true,"href":"https:\/\/pablocarpintero.es\/es\/wp-json\/wp\/v2\/media\/683"}],"wp:attachment":[{"href":"https:\/\/pablocarpintero.es\/es\/wp-json\/wp\/v2\/media?parent=403"}],"wp:term":[{"taxonomy":"product_brand","embeddable":true,"href":"https:\/\/pablocarpintero.es\/es\/wp-json\/wp\/v2\/product_brand?post=403"},{"taxonomy":"product_cat","embeddable":true,"href":"https:\/\/pablocarpintero.es\/es\/wp-json\/wp\/v2\/product_cat?post=403"},{"taxonomy":"product_tag","embeddable":true,"href":"https:\/\/pablocarpintero.es\/es\/wp-json\/wp\/v2\/product_tag?post=403"}],"curies":[{"name":"wp","href":"https:\/\/api.w.org\/{rel}","templated":true}]}}