{"id":463,"date":"2021-10-23T16:44:59","date_gmt":"2021-10-23T16:44:59","guid":{"rendered":"https:\/\/pablocarpintero.es\/?post_type=product&#038;p=463"},"modified":"2023-11-26T15:35:52","modified_gmt":"2023-11-26T15:35:52","slug":"gaita-dos-maquilos-dadrales","status":"publish","type":"product","link":"https:\/\/pablocarpintero.es\/es\/producto\/gaita-dos-maquilos-dadrales\/","title":{"rendered":"Gaita de los Maquilos d\u2019Adral\u00e9s"},"content":{"rendered":"<p class=\"p1\">R\u00e9plica de una gaita construida por los Maquilos d\u2019Adral\u00e9s (Cangas, Asturias) conservada en el Museo de la gaita de Gij\u00f3n. En esta casa hubo dos hermanos artesanos y gaiteros muy famosos: Jos\u00e9 Mart\u00ednez Gonz\u00e1lez (1873-1958) y Urbano Mart\u00ednez Gonz\u00e1lez. Como grandes gaiteros que eran, tambi\u00e9n construyeron gaitas muy buenas. Sus gaitas forman, en nuestra opini\u00f3n, el l\u00edmite oriental de las gaitas Eo-naviegas, pues aparte de su morfolog\u00eda, que claramente las coloca en esta tipolog\u00eda, los gaiteros de esta zona (como Clemente de Ibias) ten\u00edan en gran estima y tocaban las gaitas fabricadas por los Maquilos, pero nunca tocaron con gaitas asturianas del centro o del oriente, pues apreciaban en ellas una diferencia de timbre clara con las Eo-naviegas. <span class=\"Apple-converted-space\">\u00a0<\/span><\/p>\n<p class=\"p1\">Se trata de una fenomenal gaita tumbal, con un enorme y potente ronc\u00f3n; el puntero es \u00e1gil, f\u00e1cil de tocar, con un sonido claro y potente; toca con una escala en modo de Sol con la t\u00f3nica en altura de Si y usa digitaci\u00f3n cerrada.<span class=\"Apple-converted-space\">\u00a0<\/span><\/p>\n<p>Como podeis ver en las im\u00e1genes, la fabricamos con el vestido al estilo asturiano, en este caso confeccionado con la t\u00e9cnica de los remiendos, o tambi\u00e9n con la forma Eo-naviega, mucho m\u00e1s redonda.<\/p>\n<div  class='avia-video av-gs7wf-06401d1336b291ebb78ed23fdc46bce7 avia-video-16-9 av-no-preview-image avia-video-load-always av-lazyload-immediate av-lazyload-video-embed'  itemprop=\"video\" itemtype=\"https:\/\/schema.org\/VideoObject\"  data-original_url='https:\/\/www.youtube.com\/watch?v=D3xXfj5a0EY'><script type='text\/html' class='av-video-tmpl'><div class='avia-iframe-wrap'><iframe loading=\"lazy\" title=\"Gaita do Maquilo-Xota de Jos\u00e9 Marentes\" width=\"1500\" height=\"844\" src=\"https:\/\/www.youtube.com\/embed\/D3xXfj5a0EY?feature=oembed&autoplay=0&loop=0&controls=1&mute=0\" frameborder=\"0\" allow=\"accelerometer; autoplay; clipboard-write; encrypted-media; gyroscope; picture-in-picture\" allowfullscreen><\/iframe><\/div><\/script><div class='av-click-to-play-overlay'><div class=\"avia_playpause_icon\"><\/div><\/div><\/div>\n<div  class='avia-video av-9u1q7-c8e27cfcc2bd4e8461e52e777babe922 avia-video-16-9 av-no-preview-image avia-video-load-always av-lazyload-immediate av-lazyload-video-embed'  itemprop=\"video\" itemtype=\"https:\/\/schema.org\/VideoObject\"  data-original_url='https:\/\/www.youtube.com\/watch?v=Ym9W-6-4X8Y'><script type='text\/html' class='av-video-tmpl'><div class='avia-iframe-wrap'><iframe loading=\"lazy\" title=\"Gaita do Maquilo D&#039;Adral\u00e9s\" width=\"1500\" height=\"844\" src=\"https:\/\/www.youtube.com\/embed\/Ym9W-6-4X8Y?feature=oembed&autoplay=0&loop=0&controls=1&mute=0\" frameborder=\"0\" allow=\"accelerometer; autoplay; clipboard-write; encrypted-media; gyroscope; picture-in-picture\" allowfullscreen><\/iframe><\/div><\/script><div class='av-click-to-play-overlay'><div class=\"avia_playpause_icon\"><\/div><\/div><\/div>\n<p class=\"p1\"><b>Compra por encargo<\/b><\/p>\n<p class=\"p1\">Debido a las caracter\u00edsticas de las gaitas de fuelle antiguas, estas no tienen un precio fijo asignado, que depender\u00e1 del tipo de madera y de otras caracter\u00edsticas est\u00e9ticas que puedes escoger como anillados en diferentes materiales, flecos o ribeteados de los vestidos. Todas las r\u00e9plicas de gaitas de fuelle tienen una demora que depende de nuestra lista de espera. Consulta con nosotros para saber m\u00e1s.<\/p>\n<p class=\"p1\"><div  class='avia-button-wrap av-7w2e1-2cfff7366207172118f91cc6d7012c90-wrap avia-button-center  avia-builder-el-2  el_after_av_video  avia-builder-el-last'><a href='https:\/\/pablocarpintero.es\/es\/contactar\/'  class='avia-button av-7w2e1-2cfff7366207172118f91cc6d7012c90 avia-icon_select-yes-left-icon avia-size-small avia-position-center avia-color-theme-color'  ><span class='avia_button_icon avia_button_icon_left' aria-hidden='true' data-av_icon='\ue81f' data-av_iconfont='entypo-fontello'><\/span><span class='avia_iconbox_title' >Solicita informaci\u00f3n de precios<\/span><\/a><\/div><\/p>","protected":false},"excerpt":{"rendered":"<p>R\u00e9plica dunha gaita constru\u00edda polos Maquilos d\u2019Adral\u00e9s (Cangas, Asturias) conservada no Museo da gaita de Xix\u00f3n. Nesta casa houbo dous irm\u00e1ns artes\u00e1ns e gaiteiros moi famosos: Jos\u00e9 Mart\u00ednez Gonz\u00e1lez (1873-1958) e Urbano Mart\u00ednez Gonz\u00e1lez. As s\u00faas gaitas forman, na nosa opini\u00f3n, o l\u00edmite oriental das gaitas Eo-naviegas, pois ademais da s\u00faa morfolox\u00eda que claramente as [&hellip;]<\/p>\n","protected":false},"featured_media":666,"comment_status":"open","ping_status":"closed","template":"","meta":{"give_campaign_id":0,"_joinchat":[]},"product_brand":[],"product_cat":[20,18,21,23],"product_tag":[],"class_list":{"0":"post-463","1":"product","2":"type-product","3":"status-publish","4":"has-post-thumbnail","6":"product_cat-gaitas-de-fol","7":"product_cat-instrumentos-musicales","8":"product_cat-replicas-de-gaitas-de-fol-antigas","9":"product_cat-replicas-de-gaitas-eo-naviegas","11":"first","12":"instock","13":"taxable","14":"shipping-taxable","15":"product-type-simple"},"yoast_head":"<!-- This site is optimized with the Yoast SEO plugin v27.2 - https:\/\/yoast.com\/product\/yoast-seo-wordpress\/ -->\n<title>Gaita dos Maquilos d\u2019Adral\u00e9s - Pablo Carpintero<\/title>\n<meta name=\"robots\" content=\"index, follow, max-snippet:-1, max-image-preview:large, max-video-preview:-1\" \/>\n<link rel=\"canonical\" href=\"https:\/\/pablocarpintero.es\/es\/producto\/gaita-dos-maquilos-dadrales\/\" \/>\n<meta property=\"og:locale\" content=\"es_ES\" \/>\n<meta property=\"og:type\" content=\"article\" \/>\n<meta property=\"og:title\" content=\"Gaita dos Maquilos d\u2019Adral\u00e9s - Pablo Carpintero\" \/>\n<meta property=\"og:description\" content=\"R\u00e9plica dunha gaita constru\u00edda polos Maquilos d\u2019Adral\u00e9s (Cangas, Asturias) conservada no Museo da gaita de Xix\u00f3n. Nesta casa houbo dous irm\u00e1ns artes\u00e1ns e gaiteiros moi famosos: Jos\u00e9 Mart\u00ednez Gonz\u00e1lez (1873-1958) e Urbano Mart\u00ednez Gonz\u00e1lez. As s\u00faas gaitas forman, na nosa opini\u00f3n, o l\u00edmite oriental das gaitas Eo-naviegas, pois ademais da s\u00faa morfolox\u00eda que claramente as [&hellip;]\" \/>\n<meta property=\"og:url\" content=\"https:\/\/pablocarpintero.es\/es\/producto\/gaita-dos-maquilos-dadrales\/\" \/>\n<meta property=\"og:site_name\" content=\"Pablo Carpintero\" \/>\n<meta property=\"article:modified_time\" content=\"2023-11-26T15:35:52+00:00\" \/>\n<meta property=\"og:image\" content=\"https:\/\/pablocarpintero.es\/wp-content\/uploads\/2021\/10\/DSC_0087.jpg\" \/>\n\t<meta property=\"og:image:width\" content=\"2144\" \/>\n\t<meta property=\"og:image:height\" content=\"1424\" \/>\n\t<meta property=\"og:image:type\" content=\"image\/jpeg\" \/>\n<meta name=\"twitter:card\" content=\"summary_large_image\" \/>\n<meta name=\"twitter:label1\" content=\"Tiempo de lectura\" \/>\n\t<meta name=\"twitter:data1\" content=\"3 minutos\" \/>\n<script type=\"application\/ld+json\" class=\"yoast-schema-graph\">{\"@context\":\"https:\/\/schema.org\",\"@graph\":[{\"@type\":\"WebPage\",\"@id\":\"https:\/\/pablocarpintero.es\/producto\/gaita-dos-maquilos-dadrales\/\",\"url\":\"https:\/\/pablocarpintero.es\/producto\/gaita-dos-maquilos-dadrales\/\",\"name\":\"Gaita dos Maquilos d\u2019Adral\u00e9s - Pablo Carpintero\",\"isPartOf\":{\"@id\":\"https:\/\/pablocarpintero.es\/#website\"},\"primaryImageOfPage\":{\"@id\":\"https:\/\/pablocarpintero.es\/producto\/gaita-dos-maquilos-dadrales\/#primaryimage\"},\"image\":{\"@id\":\"https:\/\/pablocarpintero.es\/producto\/gaita-dos-maquilos-dadrales\/#primaryimage\"},\"thumbnailUrl\":\"https:\/\/pablocarpintero.es\/wp-content\/uploads\/2021\/10\/DSC_0087.jpg\",\"datePublished\":\"2021-10-23T16:44:59+00:00\",\"dateModified\":\"2023-11-26T15:35:52+00:00\",\"breadcrumb\":{\"@id\":\"https:\/\/pablocarpintero.es\/producto\/gaita-dos-maquilos-dadrales\/#breadcrumb\"},\"inLanguage\":\"es\",\"potentialAction\":[{\"@type\":\"ReadAction\",\"target\":[\"https:\/\/pablocarpintero.es\/producto\/gaita-dos-maquilos-dadrales\/\"]}]},{\"@type\":\"ImageObject\",\"inLanguage\":\"es\",\"@id\":\"https:\/\/pablocarpintero.es\/producto\/gaita-dos-maquilos-dadrales\/#primaryimage\",\"url\":\"https:\/\/pablocarpintero.es\/wp-content\/uploads\/2021\/10\/DSC_0087.jpg\",\"contentUrl\":\"https:\/\/pablocarpintero.es\/wp-content\/uploads\/2021\/10\/DSC_0087.jpg\",\"width\":2144,\"height\":1424},{\"@type\":\"BreadcrumbList\",\"@id\":\"https:\/\/pablocarpintero.es\/producto\/gaita-dos-maquilos-dadrales\/#breadcrumb\",\"itemListElement\":[{\"@type\":\"ListItem\",\"position\":1,\"name\":\"Portada\",\"item\":\"https:\/\/pablocarpintero.es\/inicio\/\"},{\"@type\":\"ListItem\",\"position\":2,\"name\":\"Tienda\",\"item\":\"https:\/\/pablocarpintero.es\/tienda\/\"},{\"@type\":\"ListItem\",\"position\":3,\"name\":\"Gaita dos Maquilos d\u2019Adral\u00e9s\"}]},{\"@type\":\"WebSite\",\"@id\":\"https:\/\/pablocarpintero.es\/#website\",\"url\":\"https:\/\/pablocarpintero.es\/\",\"name\":\"Pablo Carpintero\",\"description\":\"Otro sitio realizado con WordPress\",\"potentialAction\":[{\"@type\":\"SearchAction\",\"target\":{\"@type\":\"EntryPoint\",\"urlTemplate\":\"https:\/\/pablocarpintero.es\/?s={search_term_string}\"},\"query-input\":{\"@type\":\"PropertyValueSpecification\",\"valueRequired\":true,\"valueName\":\"search_term_string\"}}],\"inLanguage\":\"es\"}]}<\/script>\n<!-- \/ Yoast SEO plugin. -->","yoast_head_json":{"title":"Gaita dos Maquilos d\u2019Adral\u00e9s - Pablo Carpintero","robots":{"index":"index","follow":"follow","max-snippet":"max-snippet:-1","max-image-preview":"max-image-preview:large","max-video-preview":"max-video-preview:-1"},"canonical":"https:\/\/pablocarpintero.es\/es\/producto\/gaita-dos-maquilos-dadrales\/","og_locale":"es_ES","og_type":"article","og_title":"Gaita dos Maquilos d\u2019Adral\u00e9s - Pablo Carpintero","og_description":"R\u00e9plica dunha gaita constru\u00edda polos Maquilos d\u2019Adral\u00e9s (Cangas, Asturias) conservada no Museo da gaita de Xix\u00f3n. Nesta casa houbo dous irm\u00e1ns artes\u00e1ns e gaiteiros moi famosos: Jos\u00e9 Mart\u00ednez Gonz\u00e1lez (1873-1958) e Urbano Mart\u00ednez Gonz\u00e1lez. As s\u00faas gaitas forman, na nosa opini\u00f3n, o l\u00edmite oriental das gaitas Eo-naviegas, pois ademais da s\u00faa morfolox\u00eda que claramente as [&hellip;]","og_url":"https:\/\/pablocarpintero.es\/es\/producto\/gaita-dos-maquilos-dadrales\/","og_site_name":"Pablo Carpintero","article_modified_time":"2023-11-26T15:35:52+00:00","og_image":[{"width":2144,"height":1424,"url":"https:\/\/pablocarpintero.es\/wp-content\/uploads\/2021\/10\/DSC_0087.jpg","type":"image\/jpeg"}],"twitter_card":"summary_large_image","twitter_misc":{"Tiempo de lectura":"3 minutos"},"schema":{"@context":"https:\/\/schema.org","@graph":[{"@type":"WebPage","@id":"https:\/\/pablocarpintero.es\/producto\/gaita-dos-maquilos-dadrales\/","url":"https:\/\/pablocarpintero.es\/producto\/gaita-dos-maquilos-dadrales\/","name":"Gaita dos Maquilos d\u2019Adral\u00e9s - Pablo Carpintero","isPartOf":{"@id":"https:\/\/pablocarpintero.es\/#website"},"primaryImageOfPage":{"@id":"https:\/\/pablocarpintero.es\/producto\/gaita-dos-maquilos-dadrales\/#primaryimage"},"image":{"@id":"https:\/\/pablocarpintero.es\/producto\/gaita-dos-maquilos-dadrales\/#primaryimage"},"thumbnailUrl":"https:\/\/pablocarpintero.es\/wp-content\/uploads\/2021\/10\/DSC_0087.jpg","datePublished":"2021-10-23T16:44:59+00:00","dateModified":"2023-11-26T15:35:52+00:00","breadcrumb":{"@id":"https:\/\/pablocarpintero.es\/producto\/gaita-dos-maquilos-dadrales\/#breadcrumb"},"inLanguage":"es","potentialAction":[{"@type":"ReadAction","target":["https:\/\/pablocarpintero.es\/producto\/gaita-dos-maquilos-dadrales\/"]}]},{"@type":"ImageObject","inLanguage":"es","@id":"https:\/\/pablocarpintero.es\/producto\/gaita-dos-maquilos-dadrales\/#primaryimage","url":"https:\/\/pablocarpintero.es\/wp-content\/uploads\/2021\/10\/DSC_0087.jpg","contentUrl":"https:\/\/pablocarpintero.es\/wp-content\/uploads\/2021\/10\/DSC_0087.jpg","width":2144,"height":1424},{"@type":"BreadcrumbList","@id":"https:\/\/pablocarpintero.es\/producto\/gaita-dos-maquilos-dadrales\/#breadcrumb","itemListElement":[{"@type":"ListItem","position":1,"name":"Portada","item":"https:\/\/pablocarpintero.es\/inicio\/"},{"@type":"ListItem","position":2,"name":"Tienda","item":"https:\/\/pablocarpintero.es\/tienda\/"},{"@type":"ListItem","position":3,"name":"Gaita dos Maquilos d\u2019Adral\u00e9s"}]},{"@type":"WebSite","@id":"https:\/\/pablocarpintero.es\/#website","url":"https:\/\/pablocarpintero.es\/","name":"Pablo Carpintero","description":"Otro sitio realizado con WordPress","potentialAction":[{"@type":"SearchAction","target":{"@type":"EntryPoint","urlTemplate":"https:\/\/pablocarpintero.es\/?s={search_term_string}"},"query-input":{"@type":"PropertyValueSpecification","valueRequired":true,"valueName":"search_term_string"}}],"inLanguage":"es"}]}},"_links":{"self":[{"href":"https:\/\/pablocarpintero.es\/es\/wp-json\/wp\/v2\/product\/463","targetHints":{"allow":["GET"]}}],"collection":[{"href":"https:\/\/pablocarpintero.es\/es\/wp-json\/wp\/v2\/product"}],"about":[{"href":"https:\/\/pablocarpintero.es\/es\/wp-json\/wp\/v2\/types\/product"}],"replies":[{"embeddable":true,"href":"https:\/\/pablocarpintero.es\/es\/wp-json\/wp\/v2\/comments?post=463"}],"wp:featuredmedia":[{"embeddable":true,"href":"https:\/\/pablocarpintero.es\/es\/wp-json\/wp\/v2\/media\/666"}],"wp:attachment":[{"href":"https:\/\/pablocarpintero.es\/es\/wp-json\/wp\/v2\/media?parent=463"}],"wp:term":[{"taxonomy":"product_brand","embeddable":true,"href":"https:\/\/pablocarpintero.es\/es\/wp-json\/wp\/v2\/product_brand?post=463"},{"taxonomy":"product_cat","embeddable":true,"href":"https:\/\/pablocarpintero.es\/es\/wp-json\/wp\/v2\/product_cat?post=463"},{"taxonomy":"product_tag","embeddable":true,"href":"https:\/\/pablocarpintero.es\/es\/wp-json\/wp\/v2\/product_tag?post=463"}],"curies":[{"name":"wp","href":"https:\/\/api.w.org\/{rel}","templated":true}]}}