{"id":464,"date":"2021-10-23T16:51:20","date_gmt":"2021-10-23T16:51:20","guid":{"rendered":"https:\/\/pablocarpintero.es\/?post_type=product&#038;p=464"},"modified":"2021-10-23T16:51:20","modified_gmt":"2021-10-23T16:51:20","slug":"gaita-de-doble-bordon","status":"publish","type":"product","link":"https:\/\/pablocarpintero.es\/es\/producto\/gaita-de-doble-bordon\/","title":{"rendered":"Gaita de doble bord\u00f3n"},"content":{"rendered":"<p class=\"p1\">Esta curios\u00edsima gaita, pertencente \u00e1 tipolox\u00eda das gaitas de fol con dous bord\u00f3ns no ombreiro, foi achada na Maragater\u00eda por Lu\u00eds Mondelo. Reproduc\u00edmola baixo a hip\u00f3tese do seu uso cun soprete. <span class=\"Apple-converted-space\">\u00a0<\/span><\/p>\n<p class=\"p1\"><b>Compra por encargo<\/b><\/p>\n<p class=\"p1\">Debido a las caracter\u00edsticas de las gaitas de fuelle antiguas, estas no tienen un precio fijo asignado, que depender\u00e1 del tipo de madera y de otras caracter\u00edsticas est\u00e9ticas que puedes escoger como anillados en diferentes materiales, flecos o ribeteados de los vestidos. Todas las r\u00e9plicas de gaitas de fuelle tienen una demora que depende de nuestra lista de espera. Consulta con nosotros para saber m\u00e1s.<\/p>\n<p class=\"p1\"><div  class='avia-button-wrap av-7w2e1-2cfff7366207172118f91cc6d7012c90-wrap avia-button-center  avia-builder-el-0  avia-builder-el-no-sibling'><a href='https:\/\/pablocarpintero.es\/es\/contactar\/'  class='avia-button av-7w2e1-2cfff7366207172118f91cc6d7012c90 avia-icon_select-yes-left-icon avia-size-small avia-position-center avia-color-theme-color'  ><span class='avia_button_icon avia_button_icon_left' aria-hidden='true' data-av_icon='\ue81f' data-av_iconfont='entypo-fontello'><\/span><span class='avia_iconbox_title' >Solicita informaci\u00f3n de precios<\/span><\/a><\/div><\/p>","protected":false},"excerpt":{"rendered":"<p>Esta curios\u00edsima gaita, pertencente \u00e1 tipolox\u00eda das gaitas de fol con dous bord\u00f3ns no ombreiro, foi achada na Maragater\u00eda por Lu\u00eds Mondelo. Reproduc\u00edmola baixo a hip\u00f3tese do seu uso cun soprete. \u00a0 Compra por encomenda Debido \u00e1s caracter\u00edsticas das r\u00e9plicas das gaitas de fol antigas, estas non te\u00f1en un prezo fixo asignado, que depender\u00e1 do [&hellip;]<\/p>\n","protected":false},"featured_media":0,"comment_status":"open","ping_status":"closed","template":"","meta":{"give_campaign_id":0,"_joinchat":[]},"product_brand":[],"product_cat":[20,18,21,44],"product_tag":[],"class_list":{"0":"post-464","1":"product","2":"type-product","3":"status-publish","5":"product_cat-gaitas-de-fol","6":"product_cat-instrumentos-musicales","7":"product_cat-replicas-de-gaitas-de-fol-antigas","8":"product_cat-replicas-de-gaitas-leonesas","10":"first","11":"instock","12":"taxable","13":"shipping-taxable","14":"product-type-simple"},"yoast_head":"<!-- This site is optimized with the Yoast SEO plugin v27.2 - https:\/\/yoast.com\/product\/yoast-seo-wordpress\/ -->\n<title>Gaita de doble bord\u00f3n - Pablo Carpintero<\/title>\n<meta name=\"robots\" content=\"index, follow, max-snippet:-1, max-image-preview:large, max-video-preview:-1\" \/>\n<link rel=\"canonical\" href=\"https:\/\/pablocarpintero.es\/es\/producto\/gaita-de-doble-bordon\/\" \/>\n<meta property=\"og:locale\" content=\"es_ES\" \/>\n<meta property=\"og:type\" content=\"article\" \/>\n<meta property=\"og:title\" content=\"Gaita de doble bord\u00f3n - Pablo Carpintero\" \/>\n<meta property=\"og:description\" content=\"Esta curios\u00edsima gaita, pertencente \u00e1 tipolox\u00eda das gaitas de fol con dous bord\u00f3ns no ombreiro, foi achada na Maragater\u00eda por Lu\u00eds Mondelo. Reproduc\u00edmola baixo a hip\u00f3tese do seu uso cun soprete. \u00a0 Compra por encomenda Debido \u00e1s caracter\u00edsticas das r\u00e9plicas das gaitas de fol antigas, estas non te\u00f1en un prezo fixo asignado, que depender\u00e1 do [&hellip;]\" \/>\n<meta property=\"og:url\" content=\"https:\/\/pablocarpintero.es\/es\/producto\/gaita-de-doble-bordon\/\" \/>\n<meta property=\"og:site_name\" content=\"Pablo Carpintero\" \/>\n<meta name=\"twitter:card\" content=\"summary_large_image\" \/>\n<meta name=\"twitter:label1\" content=\"Tiempo de lectura\" \/>\n\t<meta name=\"twitter:data1\" content=\"2 minutos\" \/>\n<script type=\"application\/ld+json\" class=\"yoast-schema-graph\">{\"@context\":\"https:\/\/schema.org\",\"@graph\":[{\"@type\":\"WebPage\",\"@id\":\"https:\/\/pablocarpintero.es\/producto\/gaita-de-doble-bordon\/\",\"url\":\"https:\/\/pablocarpintero.es\/producto\/gaita-de-doble-bordon\/\",\"name\":\"Gaita de doble bord\u00f3n - Pablo Carpintero\",\"isPartOf\":{\"@id\":\"https:\/\/pablocarpintero.es\/#website\"},\"datePublished\":\"2021-10-23T16:51:20+00:00\",\"breadcrumb\":{\"@id\":\"https:\/\/pablocarpintero.es\/producto\/gaita-de-doble-bordon\/#breadcrumb\"},\"inLanguage\":\"es\",\"potentialAction\":[{\"@type\":\"ReadAction\",\"target\":[\"https:\/\/pablocarpintero.es\/producto\/gaita-de-doble-bordon\/\"]}]},{\"@type\":\"BreadcrumbList\",\"@id\":\"https:\/\/pablocarpintero.es\/producto\/gaita-de-doble-bordon\/#breadcrumb\",\"itemListElement\":[{\"@type\":\"ListItem\",\"position\":1,\"name\":\"Portada\",\"item\":\"https:\/\/pablocarpintero.es\/inicio\/\"},{\"@type\":\"ListItem\",\"position\":2,\"name\":\"Tienda\",\"item\":\"https:\/\/pablocarpintero.es\/tienda\/\"},{\"@type\":\"ListItem\",\"position\":3,\"name\":\"Gaita de doble bord\u00f3n\"}]},{\"@type\":\"WebSite\",\"@id\":\"https:\/\/pablocarpintero.es\/#website\",\"url\":\"https:\/\/pablocarpintero.es\/\",\"name\":\"Pablo Carpintero\",\"description\":\"Otro sitio realizado con WordPress\",\"potentialAction\":[{\"@type\":\"SearchAction\",\"target\":{\"@type\":\"EntryPoint\",\"urlTemplate\":\"https:\/\/pablocarpintero.es\/?s={search_term_string}\"},\"query-input\":{\"@type\":\"PropertyValueSpecification\",\"valueRequired\":true,\"valueName\":\"search_term_string\"}}],\"inLanguage\":\"es\"}]}<\/script>\n<!-- \/ Yoast SEO plugin. -->","yoast_head_json":{"title":"Gaita de doble bord\u00f3n - Pablo Carpintero","robots":{"index":"index","follow":"follow","max-snippet":"max-snippet:-1","max-image-preview":"max-image-preview:large","max-video-preview":"max-video-preview:-1"},"canonical":"https:\/\/pablocarpintero.es\/es\/producto\/gaita-de-doble-bordon\/","og_locale":"es_ES","og_type":"article","og_title":"Gaita de doble bord\u00f3n - Pablo Carpintero","og_description":"Esta curios\u00edsima gaita, pertencente \u00e1 tipolox\u00eda das gaitas de fol con dous bord\u00f3ns no ombreiro, foi achada na Maragater\u00eda por Lu\u00eds Mondelo. Reproduc\u00edmola baixo a hip\u00f3tese do seu uso cun soprete. \u00a0 Compra por encomenda Debido \u00e1s caracter\u00edsticas das r\u00e9plicas das gaitas de fol antigas, estas non te\u00f1en un prezo fixo asignado, que depender\u00e1 do [&hellip;]","og_url":"https:\/\/pablocarpintero.es\/es\/producto\/gaita-de-doble-bordon\/","og_site_name":"Pablo Carpintero","twitter_card":"summary_large_image","twitter_misc":{"Tiempo de lectura":"2 minutos"},"schema":{"@context":"https:\/\/schema.org","@graph":[{"@type":"WebPage","@id":"https:\/\/pablocarpintero.es\/producto\/gaita-de-doble-bordon\/","url":"https:\/\/pablocarpintero.es\/producto\/gaita-de-doble-bordon\/","name":"Gaita de doble bord\u00f3n - Pablo Carpintero","isPartOf":{"@id":"https:\/\/pablocarpintero.es\/#website"},"datePublished":"2021-10-23T16:51:20+00:00","breadcrumb":{"@id":"https:\/\/pablocarpintero.es\/producto\/gaita-de-doble-bordon\/#breadcrumb"},"inLanguage":"es","potentialAction":[{"@type":"ReadAction","target":["https:\/\/pablocarpintero.es\/producto\/gaita-de-doble-bordon\/"]}]},{"@type":"BreadcrumbList","@id":"https:\/\/pablocarpintero.es\/producto\/gaita-de-doble-bordon\/#breadcrumb","itemListElement":[{"@type":"ListItem","position":1,"name":"Portada","item":"https:\/\/pablocarpintero.es\/inicio\/"},{"@type":"ListItem","position":2,"name":"Tienda","item":"https:\/\/pablocarpintero.es\/tienda\/"},{"@type":"ListItem","position":3,"name":"Gaita de doble bord\u00f3n"}]},{"@type":"WebSite","@id":"https:\/\/pablocarpintero.es\/#website","url":"https:\/\/pablocarpintero.es\/","name":"Pablo Carpintero","description":"Otro sitio realizado con WordPress","potentialAction":[{"@type":"SearchAction","target":{"@type":"EntryPoint","urlTemplate":"https:\/\/pablocarpintero.es\/?s={search_term_string}"},"query-input":{"@type":"PropertyValueSpecification","valueRequired":true,"valueName":"search_term_string"}}],"inLanguage":"es"}]}},"_links":{"self":[{"href":"https:\/\/pablocarpintero.es\/es\/wp-json\/wp\/v2\/product\/464","targetHints":{"allow":["GET"]}}],"collection":[{"href":"https:\/\/pablocarpintero.es\/es\/wp-json\/wp\/v2\/product"}],"about":[{"href":"https:\/\/pablocarpintero.es\/es\/wp-json\/wp\/v2\/types\/product"}],"replies":[{"embeddable":true,"href":"https:\/\/pablocarpintero.es\/es\/wp-json\/wp\/v2\/comments?post=464"}],"wp:attachment":[{"href":"https:\/\/pablocarpintero.es\/es\/wp-json\/wp\/v2\/media?parent=464"}],"wp:term":[{"taxonomy":"product_brand","embeddable":true,"href":"https:\/\/pablocarpintero.es\/es\/wp-json\/wp\/v2\/product_brand?post=464"},{"taxonomy":"product_cat","embeddable":true,"href":"https:\/\/pablocarpintero.es\/es\/wp-json\/wp\/v2\/product_cat?post=464"},{"taxonomy":"product_tag","embeddable":true,"href":"https:\/\/pablocarpintero.es\/es\/wp-json\/wp\/v2\/product_tag?post=464"}],"curies":[{"name":"wp","href":"https:\/\/api.w.org\/{rel}","templated":true}]}}