{"id":466,"date":"2021-10-23T16:54:37","date_gmt":"2021-10-23T16:54:37","guid":{"rendered":"https:\/\/pablocarpintero.es\/?post_type=product&#038;p=466"},"modified":"2021-11-05T05:57:17","modified_gmt":"2021-11-05T05:57:17","slug":"gaita-de-mario-quaresma-sesimbra","status":"publish","type":"product","link":"https:\/\/pablocarpintero.es\/es\/producto\/gaita-de-mario-quaresma-sesimbra\/","title":{"rendered":"Gaita de Mario Quaresma (Sesimbra)"},"content":{"rendered":"<p class=\"p1\">Mario Quaresma Carram\u00e3o fue gaitero en Sesimbra, descendiente de una familia con una larga tradici\u00f3n, pues tres gaiteros lo precedieron a lo largo del tiempo. Su gaita, probablemente ya tocada por su padre, fue fabricada por el artesano Manuel Ant\u00f3nio da Silva de Lisboa alrededor de mediados del siglo XIX. Es una gaita de fuelle aguda, con un sonido excelente, gran volumen sonoro y una rapidez en la emisi\u00f3n de las notas muy destacable; la t\u00f3nica est\u00e1 muy cerca del Re y su escala se acerca al modo de Do, es decir, con todos los grados casi temperados, excepto por la sensible y el tercer grado algo graves. Este puntero toca con digitaci\u00f3n abierta o cerrada, que parece que es la que Mario empleaba.<\/p>\n<p class=\"p1\"><span class=\"Apple-converted-space\">Una de las r\u00e9plicas de esta gaita fue para nuestro amigo Tiago Morais, aqu\u00ed lo tienes tocando una tocata navide\u00f1a con ella. <\/span><\/p>\n<p>&nbsp;<\/p>\n<div  class='avia-video av-95baq-85c900492adfbf0b4504f4af7ff4a534 avia-video-16-9 av-no-preview-image avia-video-load-always av-lazyload-immediate av-lazyload-video-embed'  itemprop=\"video\" itemtype=\"https:\/\/schema.org\/VideoObject\"  data-original_url='https:\/\/www.facebook.com\/watch\/?v=183678406810911'><script type='text\/html' class='av-video-tmpl'><a href=\"https:\/\/www.facebook.com\/watch\/?v=183678406810911\">https:\/\/www.facebook.com\/watch\/?v=183678406810911<\/a><\/script><div class='av-click-to-play-overlay'><div class=\"avia_playpause_icon\"><\/div><\/div><\/div>\n<p class=\"p1\"><span class=\"Apple-converted-space\">\u00a0\u00a0<\/span><\/p>\n<p class=\"p1\"><strong>Compra por encargo<\/strong><\/p>\n<p class=\"p1\">Debido a las caracter\u00edsticas de las gaitas de fuelle antiguas, estas no tienen un precio fijo asignado, que depender\u00e1 del tipo de madera y de otras caracter\u00edsticas est\u00e9ticas que puedes escoger como anillados en diferentes materiales, flecos o ribeteados de los vestidos. Todas las r\u00e9plicas de gaitas de fuelle tienen una demora que depende de nuestra lista de espera. Consulta con nosotros para saber m\u00e1s.<\/p>\n<div  class='avia-button-wrap av-7w2e1-2cfff7366207172118f91cc6d7012c90-wrap avia-button-center  avia-builder-el-1  el_after_av_video  avia-builder-el-last'><a href='https:\/\/pablocarpintero.es\/es\/contactar\/'  class='avia-button av-7w2e1-2cfff7366207172118f91cc6d7012c90 avia-icon_select-yes-left-icon avia-size-small avia-position-center avia-color-theme-color'  ><span class='avia_button_icon avia_button_icon_left' aria-hidden='true' data-av_icon='\ue81f' data-av_iconfont='entypo-fontello'><\/span><span class='avia_iconbox_title' >Solicita informaci\u00f3n de precios<\/span><\/a><\/div>","protected":false},"excerpt":{"rendered":"<p>Mario Quaresma Carram\u00e3o foi gaiteiro en Sesimbra, descendente dunha familia cunha longa tradici\u00f3n, tres gaiteiros o precederon ao longo do tempo. A s\u00faa gaita, probablemente xa tocada polo seu pai, foi fabricada polo artes\u00e1n Manuel da Silva de Lisboa arredor de mediados do s\u00e9culo XIX. \u00c9 unha gaita de fol grileira, cun son excelente, grande [&hellip;]<\/p>\n","protected":false},"featured_media":750,"comment_status":"open","ping_status":"closed","template":"","meta":{"give_campaign_id":0,"_joinchat":[]},"product_brand":[],"product_cat":[20,18,21,25],"product_tag":[],"class_list":{"0":"post-466","1":"product","2":"type-product","3":"status-publish","4":"has-post-thumbnail","6":"product_cat-gaitas-de-fol","7":"product_cat-instrumentos-musicales","8":"product_cat-replicas-de-gaitas-de-fol-antigas","9":"product_cat-replicas-de-gaitas-portuguesas","11":"first","12":"instock","13":"taxable","14":"shipping-taxable","15":"product-type-simple"},"yoast_head":"<!-- This site is optimized with the Yoast SEO plugin v27.2 - https:\/\/yoast.com\/product\/yoast-seo-wordpress\/ -->\n<title>Gaita de Mario Quaresma (Sesimbra) - Pablo Carpintero<\/title>\n<meta name=\"robots\" content=\"index, follow, max-snippet:-1, max-image-preview:large, max-video-preview:-1\" \/>\n<link rel=\"canonical\" href=\"https:\/\/pablocarpintero.es\/es\/producto\/gaita-de-mario-quaresma-sesimbra\/\" \/>\n<meta property=\"og:locale\" content=\"es_ES\" \/>\n<meta property=\"og:type\" content=\"article\" \/>\n<meta property=\"og:title\" content=\"Gaita de Mario Quaresma (Sesimbra) - Pablo Carpintero\" \/>\n<meta property=\"og:description\" content=\"Mario Quaresma Carram\u00e3o foi gaiteiro en Sesimbra, descendente dunha familia cunha longa tradici\u00f3n, tres gaiteiros o precederon ao longo do tempo. A s\u00faa gaita, probablemente xa tocada polo seu pai, foi fabricada polo artes\u00e1n Manuel da Silva de Lisboa arredor de mediados do s\u00e9culo XIX. \u00c9 unha gaita de fol grileira, cun son excelente, grande [&hellip;]\" \/>\n<meta property=\"og:url\" content=\"https:\/\/pablocarpintero.es\/es\/producto\/gaita-de-mario-quaresma-sesimbra\/\" \/>\n<meta property=\"og:site_name\" content=\"Pablo Carpintero\" \/>\n<meta property=\"article:modified_time\" content=\"2021-11-05T05:57:17+00:00\" \/>\n<meta property=\"og:image\" content=\"https:\/\/pablocarpintero.es\/wp-content\/uploads\/2021\/10\/Gaita-de-Mario-Quaresma-Pablo-Carpintero-1.jpg\" \/>\n\t<meta property=\"og:image:width\" content=\"2005\" \/>\n\t<meta property=\"og:image:height\" content=\"1339\" \/>\n\t<meta property=\"og:image:type\" content=\"image\/jpeg\" \/>\n<meta name=\"twitter:card\" content=\"summary_large_image\" \/>\n<meta name=\"twitter:label1\" content=\"Tiempo de lectura\" \/>\n\t<meta name=\"twitter:data1\" content=\"2 minutos\" \/>\n<script type=\"application\/ld+json\" class=\"yoast-schema-graph\">{\"@context\":\"https:\/\/schema.org\",\"@graph\":[{\"@type\":\"WebPage\",\"@id\":\"https:\/\/pablocarpintero.es\/producto\/gaita-de-mario-quaresma-sesimbra\/\",\"url\":\"https:\/\/pablocarpintero.es\/producto\/gaita-de-mario-quaresma-sesimbra\/\",\"name\":\"Gaita de Mario Quaresma (Sesimbra) - Pablo Carpintero\",\"isPartOf\":{\"@id\":\"https:\/\/pablocarpintero.es\/#website\"},\"primaryImageOfPage\":{\"@id\":\"https:\/\/pablocarpintero.es\/producto\/gaita-de-mario-quaresma-sesimbra\/#primaryimage\"},\"image\":{\"@id\":\"https:\/\/pablocarpintero.es\/producto\/gaita-de-mario-quaresma-sesimbra\/#primaryimage\"},\"thumbnailUrl\":\"https:\/\/pablocarpintero.es\/wp-content\/uploads\/2021\/10\/Gaita-de-Mario-Quaresma-Pablo-Carpintero-1.jpg\",\"datePublished\":\"2021-10-23T16:54:37+00:00\",\"dateModified\":\"2021-11-05T05:57:17+00:00\",\"breadcrumb\":{\"@id\":\"https:\/\/pablocarpintero.es\/producto\/gaita-de-mario-quaresma-sesimbra\/#breadcrumb\"},\"inLanguage\":\"es\",\"potentialAction\":[{\"@type\":\"ReadAction\",\"target\":[\"https:\/\/pablocarpintero.es\/producto\/gaita-de-mario-quaresma-sesimbra\/\"]}]},{\"@type\":\"ImageObject\",\"inLanguage\":\"es\",\"@id\":\"https:\/\/pablocarpintero.es\/producto\/gaita-de-mario-quaresma-sesimbra\/#primaryimage\",\"url\":\"https:\/\/pablocarpintero.es\/wp-content\/uploads\/2021\/10\/Gaita-de-Mario-Quaresma-Pablo-Carpintero-1.jpg\",\"contentUrl\":\"https:\/\/pablocarpintero.es\/wp-content\/uploads\/2021\/10\/Gaita-de-Mario-Quaresma-Pablo-Carpintero-1.jpg\",\"width\":2005,\"height\":1339},{\"@type\":\"BreadcrumbList\",\"@id\":\"https:\/\/pablocarpintero.es\/producto\/gaita-de-mario-quaresma-sesimbra\/#breadcrumb\",\"itemListElement\":[{\"@type\":\"ListItem\",\"position\":1,\"name\":\"Portada\",\"item\":\"https:\/\/pablocarpintero.es\/inicio\/\"},{\"@type\":\"ListItem\",\"position\":2,\"name\":\"Tienda\",\"item\":\"https:\/\/pablocarpintero.es\/tienda\/\"},{\"@type\":\"ListItem\",\"position\":3,\"name\":\"Gaita de Mario Quaresma (Sesimbra)\"}]},{\"@type\":\"WebSite\",\"@id\":\"https:\/\/pablocarpintero.es\/#website\",\"url\":\"https:\/\/pablocarpintero.es\/\",\"name\":\"Pablo Carpintero\",\"description\":\"Otro sitio realizado con WordPress\",\"potentialAction\":[{\"@type\":\"SearchAction\",\"target\":{\"@type\":\"EntryPoint\",\"urlTemplate\":\"https:\/\/pablocarpintero.es\/?s={search_term_string}\"},\"query-input\":{\"@type\":\"PropertyValueSpecification\",\"valueRequired\":true,\"valueName\":\"search_term_string\"}}],\"inLanguage\":\"es\"}]}<\/script>\n<!-- \/ Yoast SEO plugin. -->","yoast_head_json":{"title":"Gaita de Mario Quaresma (Sesimbra) - Pablo Carpintero","robots":{"index":"index","follow":"follow","max-snippet":"max-snippet:-1","max-image-preview":"max-image-preview:large","max-video-preview":"max-video-preview:-1"},"canonical":"https:\/\/pablocarpintero.es\/es\/producto\/gaita-de-mario-quaresma-sesimbra\/","og_locale":"es_ES","og_type":"article","og_title":"Gaita de Mario Quaresma (Sesimbra) - Pablo Carpintero","og_description":"Mario Quaresma Carram\u00e3o foi gaiteiro en Sesimbra, descendente dunha familia cunha longa tradici\u00f3n, tres gaiteiros o precederon ao longo do tempo. A s\u00faa gaita, probablemente xa tocada polo seu pai, foi fabricada polo artes\u00e1n Manuel da Silva de Lisboa arredor de mediados do s\u00e9culo XIX. \u00c9 unha gaita de fol grileira, cun son excelente, grande [&hellip;]","og_url":"https:\/\/pablocarpintero.es\/es\/producto\/gaita-de-mario-quaresma-sesimbra\/","og_site_name":"Pablo Carpintero","article_modified_time":"2021-11-05T05:57:17+00:00","og_image":[{"width":2005,"height":1339,"url":"https:\/\/pablocarpintero.es\/wp-content\/uploads\/2021\/10\/Gaita-de-Mario-Quaresma-Pablo-Carpintero-1.jpg","type":"image\/jpeg"}],"twitter_card":"summary_large_image","twitter_misc":{"Tiempo de lectura":"2 minutos"},"schema":{"@context":"https:\/\/schema.org","@graph":[{"@type":"WebPage","@id":"https:\/\/pablocarpintero.es\/producto\/gaita-de-mario-quaresma-sesimbra\/","url":"https:\/\/pablocarpintero.es\/producto\/gaita-de-mario-quaresma-sesimbra\/","name":"Gaita de Mario Quaresma (Sesimbra) - Pablo Carpintero","isPartOf":{"@id":"https:\/\/pablocarpintero.es\/#website"},"primaryImageOfPage":{"@id":"https:\/\/pablocarpintero.es\/producto\/gaita-de-mario-quaresma-sesimbra\/#primaryimage"},"image":{"@id":"https:\/\/pablocarpintero.es\/producto\/gaita-de-mario-quaresma-sesimbra\/#primaryimage"},"thumbnailUrl":"https:\/\/pablocarpintero.es\/wp-content\/uploads\/2021\/10\/Gaita-de-Mario-Quaresma-Pablo-Carpintero-1.jpg","datePublished":"2021-10-23T16:54:37+00:00","dateModified":"2021-11-05T05:57:17+00:00","breadcrumb":{"@id":"https:\/\/pablocarpintero.es\/producto\/gaita-de-mario-quaresma-sesimbra\/#breadcrumb"},"inLanguage":"es","potentialAction":[{"@type":"ReadAction","target":["https:\/\/pablocarpintero.es\/producto\/gaita-de-mario-quaresma-sesimbra\/"]}]},{"@type":"ImageObject","inLanguage":"es","@id":"https:\/\/pablocarpintero.es\/producto\/gaita-de-mario-quaresma-sesimbra\/#primaryimage","url":"https:\/\/pablocarpintero.es\/wp-content\/uploads\/2021\/10\/Gaita-de-Mario-Quaresma-Pablo-Carpintero-1.jpg","contentUrl":"https:\/\/pablocarpintero.es\/wp-content\/uploads\/2021\/10\/Gaita-de-Mario-Quaresma-Pablo-Carpintero-1.jpg","width":2005,"height":1339},{"@type":"BreadcrumbList","@id":"https:\/\/pablocarpintero.es\/producto\/gaita-de-mario-quaresma-sesimbra\/#breadcrumb","itemListElement":[{"@type":"ListItem","position":1,"name":"Portada","item":"https:\/\/pablocarpintero.es\/inicio\/"},{"@type":"ListItem","position":2,"name":"Tienda","item":"https:\/\/pablocarpintero.es\/tienda\/"},{"@type":"ListItem","position":3,"name":"Gaita de Mario Quaresma (Sesimbra)"}]},{"@type":"WebSite","@id":"https:\/\/pablocarpintero.es\/#website","url":"https:\/\/pablocarpintero.es\/","name":"Pablo Carpintero","description":"Otro sitio realizado con WordPress","potentialAction":[{"@type":"SearchAction","target":{"@type":"EntryPoint","urlTemplate":"https:\/\/pablocarpintero.es\/?s={search_term_string}"},"query-input":{"@type":"PropertyValueSpecification","valueRequired":true,"valueName":"search_term_string"}}],"inLanguage":"es"}]}},"_links":{"self":[{"href":"https:\/\/pablocarpintero.es\/es\/wp-json\/wp\/v2\/product\/466","targetHints":{"allow":["GET"]}}],"collection":[{"href":"https:\/\/pablocarpintero.es\/es\/wp-json\/wp\/v2\/product"}],"about":[{"href":"https:\/\/pablocarpintero.es\/es\/wp-json\/wp\/v2\/types\/product"}],"replies":[{"embeddable":true,"href":"https:\/\/pablocarpintero.es\/es\/wp-json\/wp\/v2\/comments?post=466"}],"wp:featuredmedia":[{"embeddable":true,"href":"https:\/\/pablocarpintero.es\/es\/wp-json\/wp\/v2\/media\/750"}],"wp:attachment":[{"href":"https:\/\/pablocarpintero.es\/es\/wp-json\/wp\/v2\/media?parent=466"}],"wp:term":[{"taxonomy":"product_brand","embeddable":true,"href":"https:\/\/pablocarpintero.es\/es\/wp-json\/wp\/v2\/product_brand?post=466"},{"taxonomy":"product_cat","embeddable":true,"href":"https:\/\/pablocarpintero.es\/es\/wp-json\/wp\/v2\/product_cat?post=466"},{"taxonomy":"product_tag","embeddable":true,"href":"https:\/\/pablocarpintero.es\/es\/wp-json\/wp\/v2\/product_tag?post=466"}],"curies":[{"name":"wp","href":"https:\/\/api.w.org\/{rel}","templated":true}]}}