{"id":467,"date":"2021-10-23T16:55:23","date_gmt":"2021-10-23T16:55:23","guid":{"rendered":"https:\/\/pablocarpintero.es\/?post_type=product&#038;p=467"},"modified":"2021-11-05T05:28:35","modified_gmt":"2021-11-05T05:28:35","slug":"gaita-de-etelvino-ferraria-sesimbra","status":"publish","type":"product","link":"https:\/\/pablocarpintero.es\/es\/producto\/gaita-de-etelvino-ferraria-sesimbra\/","title":{"rendered":"Puntera de Etelvino Ferrar\u00eda (Sesimbra)"},"content":{"rendered":"<p class=\"p1\">Etelvino Ferrar\u00eda fue gaitero en el ayuntamiento de Sesimbra. Toc\u00f3 en una hermosa gaita que posee un fant\u00e1stico puntero, fabricado en \u00e9bano y con una llave para la emisi\u00f3n del segundo grado sobreagudo. Este puntero es muy agudo, toca de una manera excelente y con mucha ligereza, tiene la t\u00f3nica algo por encima del Re y una escala afinada en modo de Do, es decir, con todos los grados casi temperados excepto la sensible y el tercer grado que se encuentran algo rebajados.<span class=\"Apple-converted-space\">\u00a0<\/span><\/p>\n<p class=\"p1\"><strong>Compra por encargo<\/strong><\/p>\n<p class=\"p1\">Debido a las caracter\u00edsticas de las gaitas de fuelle antiguas, estas no tienen un precio fijo asignado, que depender\u00e1 del tipo de madera y de otras caracter\u00edsticas est\u00e9ticas que puedes escoger como anillados en diferentes materiales, flecos o ribeteados de los vestidos. Todas las r\u00e9plicas de gaitas de fuelle tienen una demora que depende de nuestra lista de espera. Consulta con nosotros para saber m\u00e1s.<\/p>\n<div  class='avia-button-wrap av-7w2e1-2cfff7366207172118f91cc6d7012c90-wrap avia-button-center  avia-builder-el-0  avia-builder-el-no-sibling'><a href='https:\/\/pablocarpintero.es\/es\/contactar\/'  class='avia-button av-7w2e1-2cfff7366207172118f91cc6d7012c90 avia-icon_select-yes-left-icon avia-size-small avia-position-center avia-color-theme-color'  ><span class='avia_button_icon avia_button_icon_left' aria-hidden='true' data-av_icon='\ue81f' data-av_iconfont='entypo-fontello'><\/span><span class='avia_iconbox_title' >Solicita informaci\u00f3n de precios<\/span><\/a><\/div>","protected":false},"excerpt":{"rendered":"<p>Etelvino Ferrar\u00eda foi gaiteiro no concello de Sesimbra. Tocou nunha fermosa gaita que pos\u00fae un fant\u00e1stico punteiro, fabricado en \u00e9bano e cunha chave para a emisi\u00f3n do segundo grao sobreagudo. Este punteiro \u00e9 moi grileiro, ten a t\u00f3nica algo por riba do Re e a s\u00faa escala est\u00e1 afinada en modo de Do, \u00e9 dicir, [&hellip;]<\/p>\n","protected":false},"featured_media":741,"comment_status":"open","ping_status":"closed","template":"","meta":{"give_campaign_id":0,"_joinchat":[]},"product_brand":[],"product_cat":[20,18,21,25],"product_tag":[],"class_list":{"0":"post-467","1":"product","2":"type-product","3":"status-publish","4":"has-post-thumbnail","6":"product_cat-gaitas-de-fol","7":"product_cat-instrumentos-musicales","8":"product_cat-replicas-de-gaitas-de-fol-antigas","9":"product_cat-replicas-de-gaitas-portuguesas","11":"first","12":"instock","13":"taxable","14":"shipping-taxable","15":"product-type-simple"},"yoast_head":"<!-- This site is optimized with the Yoast SEO plugin v27.2 - https:\/\/yoast.com\/product\/yoast-seo-wordpress\/ -->\n<title>Punteiro de Etelvino Ferrar\u00eda (Sesimbra) - Pablo Carpintero<\/title>\n<meta name=\"robots\" content=\"index, follow, max-snippet:-1, max-image-preview:large, max-video-preview:-1\" \/>\n<link rel=\"canonical\" href=\"https:\/\/pablocarpintero.es\/es\/producto\/gaita-de-etelvino-ferraria-sesimbra\/\" \/>\n<meta property=\"og:locale\" content=\"es_ES\" \/>\n<meta property=\"og:type\" content=\"article\" \/>\n<meta property=\"og:title\" content=\"Punteiro de Etelvino Ferrar\u00eda (Sesimbra) - Pablo Carpintero\" \/>\n<meta property=\"og:description\" content=\"Etelvino Ferrar\u00eda foi gaiteiro no concello de Sesimbra. Tocou nunha fermosa gaita que pos\u00fae un fant\u00e1stico punteiro, fabricado en \u00e9bano e cunha chave para a emisi\u00f3n do segundo grao sobreagudo. Este punteiro \u00e9 moi grileiro, ten a t\u00f3nica algo por riba do Re e a s\u00faa escala est\u00e1 afinada en modo de Do, \u00e9 dicir, [&hellip;]\" \/>\n<meta property=\"og:url\" content=\"https:\/\/pablocarpintero.es\/es\/producto\/gaita-de-etelvino-ferraria-sesimbra\/\" \/>\n<meta property=\"og:site_name\" content=\"Pablo Carpintero\" \/>\n<meta property=\"article:modified_time\" content=\"2021-11-05T05:28:35+00:00\" \/>\n<meta property=\"og:image\" content=\"https:\/\/pablocarpintero.es\/wp-content\/uploads\/2021\/10\/Punteiro-Pablo-carpintero-1-1-scaled.jpg\" \/>\n\t<meta property=\"og:image:width\" content=\"1264\" \/>\n\t<meta property=\"og:image:height\" content=\"2560\" \/>\n\t<meta property=\"og:image:type\" content=\"image\/jpeg\" \/>\n<meta name=\"twitter:card\" content=\"summary_large_image\" \/>\n<meta name=\"twitter:label1\" content=\"Tiempo de lectura\" \/>\n\t<meta name=\"twitter:data1\" content=\"2 minutos\" \/>\n<script type=\"application\/ld+json\" class=\"yoast-schema-graph\">{\"@context\":\"https:\/\/schema.org\",\"@graph\":[{\"@type\":\"WebPage\",\"@id\":\"https:\/\/pablocarpintero.es\/producto\/gaita-de-etelvino-ferraria-sesimbra\/\",\"url\":\"https:\/\/pablocarpintero.es\/producto\/gaita-de-etelvino-ferraria-sesimbra\/\",\"name\":\"Punteiro de Etelvino Ferrar\u00eda (Sesimbra) - Pablo Carpintero\",\"isPartOf\":{\"@id\":\"https:\/\/pablocarpintero.es\/#website\"},\"primaryImageOfPage\":{\"@id\":\"https:\/\/pablocarpintero.es\/producto\/gaita-de-etelvino-ferraria-sesimbra\/#primaryimage\"},\"image\":{\"@id\":\"https:\/\/pablocarpintero.es\/producto\/gaita-de-etelvino-ferraria-sesimbra\/#primaryimage\"},\"thumbnailUrl\":\"https:\/\/pablocarpintero.es\/wp-content\/uploads\/2021\/10\/Punteiro-Pablo-carpintero-1-1-scaled.jpg\",\"datePublished\":\"2021-10-23T16:55:23+00:00\",\"dateModified\":\"2021-11-05T05:28:35+00:00\",\"breadcrumb\":{\"@id\":\"https:\/\/pablocarpintero.es\/producto\/gaita-de-etelvino-ferraria-sesimbra\/#breadcrumb\"},\"inLanguage\":\"es\",\"potentialAction\":[{\"@type\":\"ReadAction\",\"target\":[\"https:\/\/pablocarpintero.es\/producto\/gaita-de-etelvino-ferraria-sesimbra\/\"]}]},{\"@type\":\"ImageObject\",\"inLanguage\":\"es\",\"@id\":\"https:\/\/pablocarpintero.es\/producto\/gaita-de-etelvino-ferraria-sesimbra\/#primaryimage\",\"url\":\"https:\/\/pablocarpintero.es\/wp-content\/uploads\/2021\/10\/Punteiro-Pablo-carpintero-1-1-scaled.jpg\",\"contentUrl\":\"https:\/\/pablocarpintero.es\/wp-content\/uploads\/2021\/10\/Punteiro-Pablo-carpintero-1-1-scaled.jpg\",\"width\":1264,\"height\":2560},{\"@type\":\"BreadcrumbList\",\"@id\":\"https:\/\/pablocarpintero.es\/producto\/gaita-de-etelvino-ferraria-sesimbra\/#breadcrumb\",\"itemListElement\":[{\"@type\":\"ListItem\",\"position\":1,\"name\":\"Portada\",\"item\":\"https:\/\/pablocarpintero.es\/inicio\/\"},{\"@type\":\"ListItem\",\"position\":2,\"name\":\"Tienda\",\"item\":\"https:\/\/pablocarpintero.es\/tienda\/\"},{\"@type\":\"ListItem\",\"position\":3,\"name\":\"Punteiro de Etelvino Ferrar\u00eda (Sesimbra)\"}]},{\"@type\":\"WebSite\",\"@id\":\"https:\/\/pablocarpintero.es\/#website\",\"url\":\"https:\/\/pablocarpintero.es\/\",\"name\":\"Pablo Carpintero\",\"description\":\"Otro sitio realizado con WordPress\",\"potentialAction\":[{\"@type\":\"SearchAction\",\"target\":{\"@type\":\"EntryPoint\",\"urlTemplate\":\"https:\/\/pablocarpintero.es\/?s={search_term_string}\"},\"query-input\":{\"@type\":\"PropertyValueSpecification\",\"valueRequired\":true,\"valueName\":\"search_term_string\"}}],\"inLanguage\":\"es\"}]}<\/script>\n<!-- \/ Yoast SEO plugin. -->","yoast_head_json":{"title":"Punteiro de Etelvino Ferrar\u00eda (Sesimbra) - Pablo Carpintero","robots":{"index":"index","follow":"follow","max-snippet":"max-snippet:-1","max-image-preview":"max-image-preview:large","max-video-preview":"max-video-preview:-1"},"canonical":"https:\/\/pablocarpintero.es\/es\/producto\/gaita-de-etelvino-ferraria-sesimbra\/","og_locale":"es_ES","og_type":"article","og_title":"Punteiro de Etelvino Ferrar\u00eda (Sesimbra) - Pablo Carpintero","og_description":"Etelvino Ferrar\u00eda foi gaiteiro no concello de Sesimbra. Tocou nunha fermosa gaita que pos\u00fae un fant\u00e1stico punteiro, fabricado en \u00e9bano e cunha chave para a emisi\u00f3n do segundo grao sobreagudo. Este punteiro \u00e9 moi grileiro, ten a t\u00f3nica algo por riba do Re e a s\u00faa escala est\u00e1 afinada en modo de Do, \u00e9 dicir, [&hellip;]","og_url":"https:\/\/pablocarpintero.es\/es\/producto\/gaita-de-etelvino-ferraria-sesimbra\/","og_site_name":"Pablo Carpintero","article_modified_time":"2021-11-05T05:28:35+00:00","og_image":[{"width":1264,"height":2560,"url":"https:\/\/pablocarpintero.es\/wp-content\/uploads\/2021\/10\/Punteiro-Pablo-carpintero-1-1-scaled.jpg","type":"image\/jpeg"}],"twitter_card":"summary_large_image","twitter_misc":{"Tiempo de lectura":"2 minutos"},"schema":{"@context":"https:\/\/schema.org","@graph":[{"@type":"WebPage","@id":"https:\/\/pablocarpintero.es\/producto\/gaita-de-etelvino-ferraria-sesimbra\/","url":"https:\/\/pablocarpintero.es\/producto\/gaita-de-etelvino-ferraria-sesimbra\/","name":"Punteiro de Etelvino Ferrar\u00eda (Sesimbra) - Pablo Carpintero","isPartOf":{"@id":"https:\/\/pablocarpintero.es\/#website"},"primaryImageOfPage":{"@id":"https:\/\/pablocarpintero.es\/producto\/gaita-de-etelvino-ferraria-sesimbra\/#primaryimage"},"image":{"@id":"https:\/\/pablocarpintero.es\/producto\/gaita-de-etelvino-ferraria-sesimbra\/#primaryimage"},"thumbnailUrl":"https:\/\/pablocarpintero.es\/wp-content\/uploads\/2021\/10\/Punteiro-Pablo-carpintero-1-1-scaled.jpg","datePublished":"2021-10-23T16:55:23+00:00","dateModified":"2021-11-05T05:28:35+00:00","breadcrumb":{"@id":"https:\/\/pablocarpintero.es\/producto\/gaita-de-etelvino-ferraria-sesimbra\/#breadcrumb"},"inLanguage":"es","potentialAction":[{"@type":"ReadAction","target":["https:\/\/pablocarpintero.es\/producto\/gaita-de-etelvino-ferraria-sesimbra\/"]}]},{"@type":"ImageObject","inLanguage":"es","@id":"https:\/\/pablocarpintero.es\/producto\/gaita-de-etelvino-ferraria-sesimbra\/#primaryimage","url":"https:\/\/pablocarpintero.es\/wp-content\/uploads\/2021\/10\/Punteiro-Pablo-carpintero-1-1-scaled.jpg","contentUrl":"https:\/\/pablocarpintero.es\/wp-content\/uploads\/2021\/10\/Punteiro-Pablo-carpintero-1-1-scaled.jpg","width":1264,"height":2560},{"@type":"BreadcrumbList","@id":"https:\/\/pablocarpintero.es\/producto\/gaita-de-etelvino-ferraria-sesimbra\/#breadcrumb","itemListElement":[{"@type":"ListItem","position":1,"name":"Portada","item":"https:\/\/pablocarpintero.es\/inicio\/"},{"@type":"ListItem","position":2,"name":"Tienda","item":"https:\/\/pablocarpintero.es\/tienda\/"},{"@type":"ListItem","position":3,"name":"Punteiro de Etelvino Ferrar\u00eda (Sesimbra)"}]},{"@type":"WebSite","@id":"https:\/\/pablocarpintero.es\/#website","url":"https:\/\/pablocarpintero.es\/","name":"Pablo Carpintero","description":"Otro sitio realizado con WordPress","potentialAction":[{"@type":"SearchAction","target":{"@type":"EntryPoint","urlTemplate":"https:\/\/pablocarpintero.es\/?s={search_term_string}"},"query-input":{"@type":"PropertyValueSpecification","valueRequired":true,"valueName":"search_term_string"}}],"inLanguage":"es"}]}},"_links":{"self":[{"href":"https:\/\/pablocarpintero.es\/es\/wp-json\/wp\/v2\/product\/467","targetHints":{"allow":["GET"]}}],"collection":[{"href":"https:\/\/pablocarpintero.es\/es\/wp-json\/wp\/v2\/product"}],"about":[{"href":"https:\/\/pablocarpintero.es\/es\/wp-json\/wp\/v2\/types\/product"}],"replies":[{"embeddable":true,"href":"https:\/\/pablocarpintero.es\/es\/wp-json\/wp\/v2\/comments?post=467"}],"wp:featuredmedia":[{"embeddable":true,"href":"https:\/\/pablocarpintero.es\/es\/wp-json\/wp\/v2\/media\/741"}],"wp:attachment":[{"href":"https:\/\/pablocarpintero.es\/es\/wp-json\/wp\/v2\/media?parent=467"}],"wp:term":[{"taxonomy":"product_brand","embeddable":true,"href":"https:\/\/pablocarpintero.es\/es\/wp-json\/wp\/v2\/product_brand?post=467"},{"taxonomy":"product_cat","embeddable":true,"href":"https:\/\/pablocarpintero.es\/es\/wp-json\/wp\/v2\/product_cat?post=467"},{"taxonomy":"product_tag","embeddable":true,"href":"https:\/\/pablocarpintero.es\/es\/wp-json\/wp\/v2\/product_tag?post=467"}],"curies":[{"name":"wp","href":"https:\/\/api.w.org\/{rel}","templated":true}]}}