{"id":468,"date":"2021-10-23T16:56:15","date_gmt":"2021-10-23T16:56:15","guid":{"rendered":"https:\/\/pablocarpintero.es\/?post_type=product&#038;p=468"},"modified":"2022-02-04T04:52:34","modified_gmt":"2022-02-04T04:52:34","slug":"ponteira-de-joaquim-pereira-ti-carrico","status":"publish","type":"product","link":"https:\/\/pablocarpintero.es\/es\/producto\/ponteira-de-joaquim-pereira-ti-carrico\/","title":{"rendered":"Puntera de Joaquim Pereira \"Ti Carri\u00e7o\""},"content":{"rendered":"<p class=\"p1\">Joaquim Pereira, o Ti Carri\u00e7o, \u00e9 un dos m\u00edticos gaiteiros da zona de Coimbra, un referente vivo que tocou unha parte importante da s\u00faa vida neste punteiro fabricado polo artes\u00e1n coimbr\u00e1 Jos\u00e9 Mendes Seco. \u00c9 un punteiro coa t\u00f3nica practicamente en Sib e cunha escala afinada en modo portugu\u00e9s, \u00e9 dicir, co terceiro grao rebaixado, a sensible baixa e o resto de graos practicamente temperados. O seu timbre \u00e9 moi caracter\u00edstico cunha nasalidade e dozura destacables. Emprega palletas propias da zona de Coimbra, \u00e9 dicir, fabricadas coa parte interior e branda da cana e sen xugo. P\u00f3dese fabricar tam\u00e9n para obter unha escala temperada e crom\u00e1tica en Sib.<\/p>\n<p>&nbsp;<\/p>\n<p class=\"p1\">Neste v\u00eddeo podedes escoitar este punteiro, tocado polo Ant\u00f3nio Freire, acompa\u00f1ado por unha r\u00e9plica dunha <a href=\"https:\/\/pablocarpintero.es\/producto\/caixa-coimbra\/\">caixa coimbr\u00e1<\/a> tam\u00e9n feita por n\u00f3s, tocada por Paulo Jesus. O tocador do bombo \u00e9 Roger Lee.<\/p>\n<p>&nbsp;<\/p>\n<div  class='avia-video av-9exr0-a428c6792ee3b448454f98ffecca047f avia-video-16-9 av-no-preview-image avia-video-load-always av-lazyload-immediate av-lazyload-video-embed'  itemprop=\"video\" itemtype=\"https:\/\/schema.org\/VideoObject\"  data-original_url='https:\/\/www.youtube.com\/watch?v=4jQobInGdxQ'><script type='text\/html' class='av-video-tmpl'><div class='avia-iframe-wrap'><iframe loading=\"lazy\" title=\"R\u00e9plica da ponteira do Ti Carri\u00e7o. Marcha por Ant\u00f3nio Freire, Paulo Jesus e Riger Lee\" width=\"1333\" height=\"1000\" src=\"https:\/\/www.youtube.com\/embed\/4jQobInGdxQ?feature=oembed&autoplay=0&loop=0&controls=1&mute=0\" frameborder=\"0\" allow=\"accelerometer; autoplay; clipboard-write; encrypted-media; gyroscope; picture-in-picture\" allowfullscreen><\/iframe><\/div><\/script><div class='av-click-to-play-overlay'><div class=\"avia_playpause_icon\"><\/div><\/div><\/div>\n<p>&nbsp;<\/p>\n<p>O Ti Carri\u00e7o<\/p>\n<p>&nbsp;<\/p>\n<div  class='avia-video av-au6no-b69793954f567c7b58b4cac83f3e57eb avia-video-16-9 av-no-preview-image avia-video-load-always av-lazyload-immediate av-lazyload-video-embed'  itemprop=\"video\" itemtype=\"https:\/\/schema.org\/VideoObject\"  data-original_url='https:\/\/www.youtube.com\/watch?v=WJbR44UHdL4'><script type='text\/html' class='av-video-tmpl'><div class='avia-iframe-wrap'><iframe loading=\"lazy\" title=\"[COMPILA\u00c7\u00c3O] - Ultimo CD do Ti Carri\u00e7o #Tradicional\" width=\"1500\" height=\"844\" src=\"https:\/\/www.youtube.com\/embed\/WJbR44UHdL4?feature=oembed&autoplay=0&loop=0&controls=1&mute=0\" frameborder=\"0\" allow=\"accelerometer; autoplay; clipboard-write; encrypted-media; gyroscope; picture-in-picture\" allowfullscreen><\/iframe><\/div><\/script><div class='av-click-to-play-overlay'><div class=\"avia_playpause_icon\"><\/div><\/div><\/div>\n<p>&nbsp;<\/p>\n<p class=\"p1\"><strong>Compra por encomenda<\/strong><\/p>\n<p class=\"p1\">Debido \u00e1s caracter\u00edsticas das r\u00e9plicas das gaitas de fol antigas, estas non te\u00f1en un prezo fixo asignado, que depender\u00e1 do tipo de madeira e outras caracter\u00edsticas est\u00e9ticas que podes escoller como anelados en diferentes materiais,\u00a0 freques ou reberetados dos vestidos. Todas as r\u00e9plicas de gaitas de fol te\u00f1en unha demora que depende da nosa lista de espera. Consulta con n\u00f3s para saber m\u00e1is.<\/p>\n<div  class='avia-button-wrap av-7w2e1-2cfff7366207172118f91cc6d7012c90-wrap avia-button-center  avia-builder-el-2  el_after_av_video  avia-builder-el-last '><a href='https:\/\/pablocarpintero.es\/contactar\/'  class='avia-button av-7w2e1-2cfff7366207172118f91cc6d7012c90 avia-icon_select-yes-left-icon avia-size-small avia-position-center avia-color-theme-color'  ><span class='avia_button_icon avia_button_icon_left' aria-hidden='true' data-av_icon='\ue81f' data-av_iconfont='entypo-fontello'><\/span><span class='avia_iconbox_title' >Consulte a informaci\u00f3n de prezos<\/span><\/a><\/div>\n","protected":false},"excerpt":{"rendered":"<p>Joaquim Pereira, o Ti Carri\u00e7o, \u00e9 un dos m\u00edticos gaiteiros da zona de Coimbra, un referente vivo que tocou unha parte importante da s\u00faa vida neste punteiro fabricado polo artes\u00e1n coimbr\u00e1 Jos\u00e9 Mendes Seco. \u00c9 un punteiro coa t\u00f3nica practicamente en Sib e cunha escala afinada en modo portugu\u00e9s, \u00e9 dicir, co terceiro grao rebaixado, [&hellip;]<\/p>\n","protected":false},"featured_media":763,"comment_status":"open","ping_status":"closed","template":"","meta":{"give_campaign_id":0,"_joinchat":[]},"product_brand":[],"product_cat":[20,18,21,25],"product_tag":[],"class_list":{"0":"post-468","1":"product","2":"type-product","3":"status-publish","4":"has-post-thumbnail","6":"product_cat-gaitas-de-fol","7":"product_cat-instrumentos-musicales","8":"product_cat-replicas-de-gaitas-de-fol-antigas","9":"product_cat-replicas-de-gaitas-portuguesas","11":"first","12":"instock","13":"taxable","14":"shipping-taxable","15":"product-type-simple"},"yoast_head":"<!-- This site is optimized with the Yoast SEO plugin v27.2 - https:\/\/yoast.com\/product\/yoast-seo-wordpress\/ -->\n<title>Ponteira de Joaquim Pereira &quot;Ti Carri\u00e7o&quot; - Pablo Carpintero<\/title>\n<meta name=\"robots\" content=\"index, follow, max-snippet:-1, max-image-preview:large, max-video-preview:-1\" \/>\n<link rel=\"canonical\" href=\"https:\/\/pablocarpintero.es\/es\/producto\/ponteira-de-joaquim-pereira-ti-carrico\/\" \/>\n<meta property=\"og:locale\" content=\"es_ES\" \/>\n<meta property=\"og:type\" content=\"article\" \/>\n<meta property=\"og:title\" content=\"Ponteira de Joaquim Pereira &quot;Ti Carri\u00e7o&quot; - Pablo Carpintero\" \/>\n<meta property=\"og:description\" content=\"Joaquim Pereira, o Ti Carri\u00e7o, \u00e9 un dos m\u00edticos gaiteiros da zona de Coimbra, un referente vivo que tocou unha parte importante da s\u00faa vida neste punteiro fabricado polo artes\u00e1n coimbr\u00e1 Jos\u00e9 Mendes Seco. \u00c9 un punteiro coa t\u00f3nica practicamente en Sib e cunha escala afinada en modo portugu\u00e9s, \u00e9 dicir, co terceiro grao rebaixado, [&hellip;]\" \/>\n<meta property=\"og:url\" content=\"https:\/\/pablocarpintero.es\/es\/producto\/ponteira-de-joaquim-pereira-ti-carrico\/\" \/>\n<meta property=\"og:site_name\" content=\"Pablo Carpintero\" \/>\n<meta property=\"article:modified_time\" content=\"2022-02-04T04:52:34+00:00\" \/>\n<meta property=\"og:image\" content=\"https:\/\/pablocarpintero.es\/wp-content\/uploads\/2021\/10\/Gaita-Coimbra-em-Sib-Pablo-carpintero.jpg\" \/>\n\t<meta property=\"og:image:width\" content=\"2144\" \/>\n\t<meta property=\"og:image:height\" content=\"1424\" \/>\n\t<meta property=\"og:image:type\" content=\"image\/jpeg\" \/>\n<meta name=\"twitter:card\" content=\"summary_large_image\" \/>\n<meta name=\"twitter:label1\" content=\"Tiempo de lectura\" \/>\n\t<meta name=\"twitter:data1\" content=\"2 minutos\" \/>\n<script type=\"application\/ld+json\" class=\"yoast-schema-graph\">{\"@context\":\"https:\/\/schema.org\",\"@graph\":[{\"@type\":\"WebPage\",\"@id\":\"https:\/\/pablocarpintero.es\/producto\/ponteira-de-joaquim-pereira-ti-carrico\/\",\"url\":\"https:\/\/pablocarpintero.es\/producto\/ponteira-de-joaquim-pereira-ti-carrico\/\",\"name\":\"Ponteira de Joaquim Pereira \\\"Ti Carri\u00e7o\\\" - Pablo Carpintero\",\"isPartOf\":{\"@id\":\"https:\/\/pablocarpintero.es\/#website\"},\"primaryImageOfPage\":{\"@id\":\"https:\/\/pablocarpintero.es\/producto\/ponteira-de-joaquim-pereira-ti-carrico\/#primaryimage\"},\"image\":{\"@id\":\"https:\/\/pablocarpintero.es\/producto\/ponteira-de-joaquim-pereira-ti-carrico\/#primaryimage\"},\"thumbnailUrl\":\"https:\/\/pablocarpintero.es\/wp-content\/uploads\/2021\/10\/Gaita-Coimbra-em-Sib-Pablo-carpintero.jpg\",\"datePublished\":\"2021-10-23T16:56:15+00:00\",\"dateModified\":\"2022-02-04T04:52:34+00:00\",\"breadcrumb\":{\"@id\":\"https:\/\/pablocarpintero.es\/producto\/ponteira-de-joaquim-pereira-ti-carrico\/#breadcrumb\"},\"inLanguage\":\"es\",\"potentialAction\":[{\"@type\":\"ReadAction\",\"target\":[\"https:\/\/pablocarpintero.es\/producto\/ponteira-de-joaquim-pereira-ti-carrico\/\"]}]},{\"@type\":\"ImageObject\",\"inLanguage\":\"es\",\"@id\":\"https:\/\/pablocarpintero.es\/producto\/ponteira-de-joaquim-pereira-ti-carrico\/#primaryimage\",\"url\":\"https:\/\/pablocarpintero.es\/wp-content\/uploads\/2021\/10\/Gaita-Coimbra-em-Sib-Pablo-carpintero.jpg\",\"contentUrl\":\"https:\/\/pablocarpintero.es\/wp-content\/uploads\/2021\/10\/Gaita-Coimbra-em-Sib-Pablo-carpintero.jpg\",\"width\":2144,\"height\":1424},{\"@type\":\"BreadcrumbList\",\"@id\":\"https:\/\/pablocarpintero.es\/producto\/ponteira-de-joaquim-pereira-ti-carrico\/#breadcrumb\",\"itemListElement\":[{\"@type\":\"ListItem\",\"position\":1,\"name\":\"Portada\",\"item\":\"https:\/\/pablocarpintero.es\/inicio\/\"},{\"@type\":\"ListItem\",\"position\":2,\"name\":\"Tienda\",\"item\":\"https:\/\/pablocarpintero.es\/tienda\/\"},{\"@type\":\"ListItem\",\"position\":3,\"name\":\"Ponteira de Joaquim Pereira \u00abTi Carri\u00e7o\u00bb\"}]},{\"@type\":\"WebSite\",\"@id\":\"https:\/\/pablocarpintero.es\/#website\",\"url\":\"https:\/\/pablocarpintero.es\/\",\"name\":\"Pablo Carpintero\",\"description\":\"Otro sitio realizado con WordPress\",\"potentialAction\":[{\"@type\":\"SearchAction\",\"target\":{\"@type\":\"EntryPoint\",\"urlTemplate\":\"https:\/\/pablocarpintero.es\/?s={search_term_string}\"},\"query-input\":{\"@type\":\"PropertyValueSpecification\",\"valueRequired\":true,\"valueName\":\"search_term_string\"}}],\"inLanguage\":\"es\"}]}<\/script>\n<!-- \/ Yoast SEO plugin. -->","yoast_head_json":{"title":"Ponteira de Joaquim Pereira \"Ti Carri\u00e7o\" - Pablo Carpintero","robots":{"index":"index","follow":"follow","max-snippet":"max-snippet:-1","max-image-preview":"max-image-preview:large","max-video-preview":"max-video-preview:-1"},"canonical":"https:\/\/pablocarpintero.es\/es\/producto\/ponteira-de-joaquim-pereira-ti-carrico\/","og_locale":"es_ES","og_type":"article","og_title":"Ponteira de Joaquim Pereira \"Ti Carri\u00e7o\" - Pablo Carpintero","og_description":"Joaquim Pereira, o Ti Carri\u00e7o, \u00e9 un dos m\u00edticos gaiteiros da zona de Coimbra, un referente vivo que tocou unha parte importante da s\u00faa vida neste punteiro fabricado polo artes\u00e1n coimbr\u00e1 Jos\u00e9 Mendes Seco. \u00c9 un punteiro coa t\u00f3nica practicamente en Sib e cunha escala afinada en modo portugu\u00e9s, \u00e9 dicir, co terceiro grao rebaixado, [&hellip;]","og_url":"https:\/\/pablocarpintero.es\/es\/producto\/ponteira-de-joaquim-pereira-ti-carrico\/","og_site_name":"Pablo Carpintero","article_modified_time":"2022-02-04T04:52:34+00:00","og_image":[{"width":2144,"height":1424,"url":"https:\/\/pablocarpintero.es\/wp-content\/uploads\/2021\/10\/Gaita-Coimbra-em-Sib-Pablo-carpintero.jpg","type":"image\/jpeg"}],"twitter_card":"summary_large_image","twitter_misc":{"Tiempo de lectura":"2 minutos"},"schema":{"@context":"https:\/\/schema.org","@graph":[{"@type":"WebPage","@id":"https:\/\/pablocarpintero.es\/producto\/ponteira-de-joaquim-pereira-ti-carrico\/","url":"https:\/\/pablocarpintero.es\/producto\/ponteira-de-joaquim-pereira-ti-carrico\/","name":"Ponteira de Joaquim Pereira \"Ti Carri\u00e7o\" - Pablo Carpintero","isPartOf":{"@id":"https:\/\/pablocarpintero.es\/#website"},"primaryImageOfPage":{"@id":"https:\/\/pablocarpintero.es\/producto\/ponteira-de-joaquim-pereira-ti-carrico\/#primaryimage"},"image":{"@id":"https:\/\/pablocarpintero.es\/producto\/ponteira-de-joaquim-pereira-ti-carrico\/#primaryimage"},"thumbnailUrl":"https:\/\/pablocarpintero.es\/wp-content\/uploads\/2021\/10\/Gaita-Coimbra-em-Sib-Pablo-carpintero.jpg","datePublished":"2021-10-23T16:56:15+00:00","dateModified":"2022-02-04T04:52:34+00:00","breadcrumb":{"@id":"https:\/\/pablocarpintero.es\/producto\/ponteira-de-joaquim-pereira-ti-carrico\/#breadcrumb"},"inLanguage":"es","potentialAction":[{"@type":"ReadAction","target":["https:\/\/pablocarpintero.es\/producto\/ponteira-de-joaquim-pereira-ti-carrico\/"]}]},{"@type":"ImageObject","inLanguage":"es","@id":"https:\/\/pablocarpintero.es\/producto\/ponteira-de-joaquim-pereira-ti-carrico\/#primaryimage","url":"https:\/\/pablocarpintero.es\/wp-content\/uploads\/2021\/10\/Gaita-Coimbra-em-Sib-Pablo-carpintero.jpg","contentUrl":"https:\/\/pablocarpintero.es\/wp-content\/uploads\/2021\/10\/Gaita-Coimbra-em-Sib-Pablo-carpintero.jpg","width":2144,"height":1424},{"@type":"BreadcrumbList","@id":"https:\/\/pablocarpintero.es\/producto\/ponteira-de-joaquim-pereira-ti-carrico\/#breadcrumb","itemListElement":[{"@type":"ListItem","position":1,"name":"Portada","item":"https:\/\/pablocarpintero.es\/inicio\/"},{"@type":"ListItem","position":2,"name":"Tienda","item":"https:\/\/pablocarpintero.es\/tienda\/"},{"@type":"ListItem","position":3,"name":"Ponteira de Joaquim Pereira \u00abTi Carri\u00e7o\u00bb"}]},{"@type":"WebSite","@id":"https:\/\/pablocarpintero.es\/#website","url":"https:\/\/pablocarpintero.es\/","name":"Pablo Carpintero","description":"Otro sitio realizado con WordPress","potentialAction":[{"@type":"SearchAction","target":{"@type":"EntryPoint","urlTemplate":"https:\/\/pablocarpintero.es\/?s={search_term_string}"},"query-input":{"@type":"PropertyValueSpecification","valueRequired":true,"valueName":"search_term_string"}}],"inLanguage":"es"}]}},"_links":{"self":[{"href":"https:\/\/pablocarpintero.es\/es\/wp-json\/wp\/v2\/product\/468","targetHints":{"allow":["GET"]}}],"collection":[{"href":"https:\/\/pablocarpintero.es\/es\/wp-json\/wp\/v2\/product"}],"about":[{"href":"https:\/\/pablocarpintero.es\/es\/wp-json\/wp\/v2\/types\/product"}],"replies":[{"embeddable":true,"href":"https:\/\/pablocarpintero.es\/es\/wp-json\/wp\/v2\/comments?post=468"}],"wp:featuredmedia":[{"embeddable":true,"href":"https:\/\/pablocarpintero.es\/es\/wp-json\/wp\/v2\/media\/763"}],"wp:attachment":[{"href":"https:\/\/pablocarpintero.es\/es\/wp-json\/wp\/v2\/media?parent=468"}],"wp:term":[{"taxonomy":"product_brand","embeddable":true,"href":"https:\/\/pablocarpintero.es\/es\/wp-json\/wp\/v2\/product_brand?post=468"},{"taxonomy":"product_cat","embeddable":true,"href":"https:\/\/pablocarpintero.es\/es\/wp-json\/wp\/v2\/product_cat?post=468"},{"taxonomy":"product_tag","embeddable":true,"href":"https:\/\/pablocarpintero.es\/es\/wp-json\/wp\/v2\/product_tag?post=468"}],"curies":[{"name":"wp","href":"https:\/\/api.w.org\/{rel}","templated":true}]}}