{"id":470,"date":"2021-10-23T16:57:52","date_gmt":"2021-10-23T16:57:52","guid":{"rendered":"https:\/\/pablocarpintero.es\/?post_type=product&#038;p=470"},"modified":"2021-11-06T18:48:58","modified_gmt":"2021-11-06T18:48:58","slug":"punterio-de-palmaces","status":"publish","type":"product","link":"https:\/\/pablocarpintero.es\/es\/producto\/punterio-de-palmaces\/","title":{"rendered":"Puntera de Palmaces"},"content":{"rendered":"<p class=\"p1\">El original de este puntero pertenece a Armandino Alves de Casal de Sto. Amaro (Penacova) y perteneci\u00f3 a su abuelo Ant\u00f3nio Sim\u00f5es, que fue gaitero en Palmaces. Es sin duda uno de los mejores punteros que hemos hallado en esta zona. Su t\u00f3nica est\u00e1 cerca del Do y el modo de su escala es t\u00edpicamente portugu\u00e9s, con el segundo grado algo bajo, el tercero totalmente neutro y una subt\u00f3nica algo aguda, siendo el resto de la escala pr\u00e1cticamente temperada. Tiene, como muchos punteros en este modo, la posibilidad de emitir el s\u00e9ptimo grado rebajado empleando una digitaci\u00f3n de horquilla interponiendo el dedo coraz\u00f3n.<span class=\"Apple-converted-space\">\u00a0<\/span><\/p>\n<p>&nbsp;<\/p>\n<p class=\"p1\"><strong>Compra por encargo<\/strong><\/p>\n<p class=\"p1\">Debido a las caracter\u00edsticas de las gaitas de fuelle antiguas, estas no tienen un precio fijo asignado, que depender\u00e1 del tipo de madera y de otras caracter\u00edsticas est\u00e9ticas que puedes escoger como anillados en diferentes materiales, flecos o ribeteados de los vestidos. Todas las r\u00e9plicas de gaitas de fuelle tienen una demora que depende de nuestra lista de espera. Consulta con nosotros para saber m\u00e1s.<\/p>\n<div  class='avia-button-wrap av-7w2e1-2cfff7366207172118f91cc6d7012c90-wrap avia-button-center  avia-builder-el-0  avia-builder-el-no-sibling'><a href='https:\/\/pablocarpintero.es\/es\/contactar\/'  class='avia-button av-7w2e1-2cfff7366207172118f91cc6d7012c90 avia-icon_select-yes-left-icon avia-size-small avia-position-center avia-color-theme-color'  ><span class='avia_button_icon avia_button_icon_left' aria-hidden='true' data-av_icon='\ue81f' data-av_iconfont='entypo-fontello'><\/span><span class='avia_iconbox_title' >Solicita informaci\u00f3n de precios<\/span><\/a><\/div>","protected":false},"excerpt":{"rendered":"<p>O orixinal deste punteiro pertence a Armandino Alves de Casal de Sto. Amaro (Penacova) e foi empregado polo seu av\u00f3 Ant\u00f3nio Sim\u00f5es, gaiteiro de Palmaces. \u00c9 sen d\u00fabida un dos mellores punteiros que temos achado nesta zona, a s\u00faa t\u00f3nica est\u00e1 preto do Do e o modo da s\u00faa escala \u00e9 tipicamente portugu\u00e9s, coa terceira [&hellip;]<\/p>\n","protected":false},"featured_media":781,"comment_status":"open","ping_status":"closed","template":"","meta":{"give_campaign_id":0,"_joinchat":[]},"product_brand":[],"product_cat":[20,18,21,25],"product_tag":[],"class_list":{"0":"post-470","1":"product","2":"type-product","3":"status-publish","4":"has-post-thumbnail","6":"product_cat-gaitas-de-fol","7":"product_cat-instrumentos-musicales","8":"product_cat-replicas-de-gaitas-de-fol-antigas","9":"product_cat-replicas-de-gaitas-portuguesas","11":"first","12":"instock","13":"taxable","14":"shipping-taxable","15":"product-type-simple"},"yoast_head":"<!-- This site is optimized with the Yoast SEO plugin v27.2 - https:\/\/yoast.com\/product\/yoast-seo-wordpress\/ -->\n<title>Punteiro de Palmaces - Pablo Carpintero<\/title>\n<meta name=\"robots\" content=\"index, follow, max-snippet:-1, max-image-preview:large, max-video-preview:-1\" \/>\n<link rel=\"canonical\" href=\"https:\/\/pablocarpintero.es\/es\/producto\/punterio-de-palmaces\/\" \/>\n<meta property=\"og:locale\" content=\"es_ES\" \/>\n<meta property=\"og:type\" content=\"article\" \/>\n<meta property=\"og:title\" content=\"Punteiro de Palmaces - Pablo Carpintero\" \/>\n<meta property=\"og:description\" content=\"O orixinal deste punteiro pertence a Armandino Alves de Casal de Sto. Amaro (Penacova) e foi empregado polo seu av\u00f3 Ant\u00f3nio Sim\u00f5es, gaiteiro de Palmaces. \u00c9 sen d\u00fabida un dos mellores punteiros que temos achado nesta zona, a s\u00faa t\u00f3nica est\u00e1 preto do Do e o modo da s\u00faa escala \u00e9 tipicamente portugu\u00e9s, coa terceira [&hellip;]\" \/>\n<meta property=\"og:url\" content=\"https:\/\/pablocarpintero.es\/es\/producto\/punterio-de-palmaces\/\" \/>\n<meta property=\"og:site_name\" content=\"Pablo Carpintero\" \/>\n<meta property=\"article:modified_time\" content=\"2021-11-06T18:48:58+00:00\" \/>\n<meta property=\"og:image\" content=\"https:\/\/pablocarpintero.es\/wp-content\/uploads\/2021\/10\/DSC_0094-scaled.jpg\" \/>\n\t<meta property=\"og:image:width\" content=\"988\" \/>\n\t<meta property=\"og:image:height\" content=\"2560\" \/>\n\t<meta property=\"og:image:type\" content=\"image\/jpeg\" \/>\n<meta name=\"twitter:card\" content=\"summary_large_image\" \/>\n<meta name=\"twitter:label1\" content=\"Tiempo de lectura\" \/>\n\t<meta name=\"twitter:data1\" content=\"2 minutos\" \/>\n<script type=\"application\/ld+json\" class=\"yoast-schema-graph\">{\"@context\":\"https:\/\/schema.org\",\"@graph\":[{\"@type\":\"WebPage\",\"@id\":\"https:\/\/pablocarpintero.es\/producto\/punterio-de-palmaces\/\",\"url\":\"https:\/\/pablocarpintero.es\/producto\/punterio-de-palmaces\/\",\"name\":\"Punteiro de Palmaces - Pablo Carpintero\",\"isPartOf\":{\"@id\":\"https:\/\/pablocarpintero.es\/#website\"},\"primaryImageOfPage\":{\"@id\":\"https:\/\/pablocarpintero.es\/producto\/punterio-de-palmaces\/#primaryimage\"},\"image\":{\"@id\":\"https:\/\/pablocarpintero.es\/producto\/punterio-de-palmaces\/#primaryimage\"},\"thumbnailUrl\":\"https:\/\/pablocarpintero.es\/wp-content\/uploads\/2021\/10\/DSC_0094-scaled.jpg\",\"datePublished\":\"2021-10-23T16:57:52+00:00\",\"dateModified\":\"2021-11-06T18:48:58+00:00\",\"breadcrumb\":{\"@id\":\"https:\/\/pablocarpintero.es\/producto\/punterio-de-palmaces\/#breadcrumb\"},\"inLanguage\":\"es\",\"potentialAction\":[{\"@type\":\"ReadAction\",\"target\":[\"https:\/\/pablocarpintero.es\/producto\/punterio-de-palmaces\/\"]}]},{\"@type\":\"ImageObject\",\"inLanguage\":\"es\",\"@id\":\"https:\/\/pablocarpintero.es\/producto\/punterio-de-palmaces\/#primaryimage\",\"url\":\"https:\/\/pablocarpintero.es\/wp-content\/uploads\/2021\/10\/DSC_0094-scaled.jpg\",\"contentUrl\":\"https:\/\/pablocarpintero.es\/wp-content\/uploads\/2021\/10\/DSC_0094-scaled.jpg\",\"width\":988,\"height\":2560},{\"@type\":\"BreadcrumbList\",\"@id\":\"https:\/\/pablocarpintero.es\/producto\/punterio-de-palmaces\/#breadcrumb\",\"itemListElement\":[{\"@type\":\"ListItem\",\"position\":1,\"name\":\"Portada\",\"item\":\"https:\/\/pablocarpintero.es\/inicio\/\"},{\"@type\":\"ListItem\",\"position\":2,\"name\":\"Tienda\",\"item\":\"https:\/\/pablocarpintero.es\/tienda\/\"},{\"@type\":\"ListItem\",\"position\":3,\"name\":\"Punteiro de Palmaces\"}]},{\"@type\":\"WebSite\",\"@id\":\"https:\/\/pablocarpintero.es\/#website\",\"url\":\"https:\/\/pablocarpintero.es\/\",\"name\":\"Pablo Carpintero\",\"description\":\"Otro sitio realizado con WordPress\",\"potentialAction\":[{\"@type\":\"SearchAction\",\"target\":{\"@type\":\"EntryPoint\",\"urlTemplate\":\"https:\/\/pablocarpintero.es\/?s={search_term_string}\"},\"query-input\":{\"@type\":\"PropertyValueSpecification\",\"valueRequired\":true,\"valueName\":\"search_term_string\"}}],\"inLanguage\":\"es\"}]}<\/script>\n<!-- \/ Yoast SEO plugin. -->","yoast_head_json":{"title":"Punteiro de Palmaces - Pablo Carpintero","robots":{"index":"index","follow":"follow","max-snippet":"max-snippet:-1","max-image-preview":"max-image-preview:large","max-video-preview":"max-video-preview:-1"},"canonical":"https:\/\/pablocarpintero.es\/es\/producto\/punterio-de-palmaces\/","og_locale":"es_ES","og_type":"article","og_title":"Punteiro de Palmaces - Pablo Carpintero","og_description":"O orixinal deste punteiro pertence a Armandino Alves de Casal de Sto. Amaro (Penacova) e foi empregado polo seu av\u00f3 Ant\u00f3nio Sim\u00f5es, gaiteiro de Palmaces. \u00c9 sen d\u00fabida un dos mellores punteiros que temos achado nesta zona, a s\u00faa t\u00f3nica est\u00e1 preto do Do e o modo da s\u00faa escala \u00e9 tipicamente portugu\u00e9s, coa terceira [&hellip;]","og_url":"https:\/\/pablocarpintero.es\/es\/producto\/punterio-de-palmaces\/","og_site_name":"Pablo Carpintero","article_modified_time":"2021-11-06T18:48:58+00:00","og_image":[{"width":988,"height":2560,"url":"https:\/\/pablocarpintero.es\/wp-content\/uploads\/2021\/10\/DSC_0094-scaled.jpg","type":"image\/jpeg"}],"twitter_card":"summary_large_image","twitter_misc":{"Tiempo de lectura":"2 minutos"},"schema":{"@context":"https:\/\/schema.org","@graph":[{"@type":"WebPage","@id":"https:\/\/pablocarpintero.es\/producto\/punterio-de-palmaces\/","url":"https:\/\/pablocarpintero.es\/producto\/punterio-de-palmaces\/","name":"Punteiro de Palmaces - Pablo Carpintero","isPartOf":{"@id":"https:\/\/pablocarpintero.es\/#website"},"primaryImageOfPage":{"@id":"https:\/\/pablocarpintero.es\/producto\/punterio-de-palmaces\/#primaryimage"},"image":{"@id":"https:\/\/pablocarpintero.es\/producto\/punterio-de-palmaces\/#primaryimage"},"thumbnailUrl":"https:\/\/pablocarpintero.es\/wp-content\/uploads\/2021\/10\/DSC_0094-scaled.jpg","datePublished":"2021-10-23T16:57:52+00:00","dateModified":"2021-11-06T18:48:58+00:00","breadcrumb":{"@id":"https:\/\/pablocarpintero.es\/producto\/punterio-de-palmaces\/#breadcrumb"},"inLanguage":"es","potentialAction":[{"@type":"ReadAction","target":["https:\/\/pablocarpintero.es\/producto\/punterio-de-palmaces\/"]}]},{"@type":"ImageObject","inLanguage":"es","@id":"https:\/\/pablocarpintero.es\/producto\/punterio-de-palmaces\/#primaryimage","url":"https:\/\/pablocarpintero.es\/wp-content\/uploads\/2021\/10\/DSC_0094-scaled.jpg","contentUrl":"https:\/\/pablocarpintero.es\/wp-content\/uploads\/2021\/10\/DSC_0094-scaled.jpg","width":988,"height":2560},{"@type":"BreadcrumbList","@id":"https:\/\/pablocarpintero.es\/producto\/punterio-de-palmaces\/#breadcrumb","itemListElement":[{"@type":"ListItem","position":1,"name":"Portada","item":"https:\/\/pablocarpintero.es\/inicio\/"},{"@type":"ListItem","position":2,"name":"Tienda","item":"https:\/\/pablocarpintero.es\/tienda\/"},{"@type":"ListItem","position":3,"name":"Punteiro de Palmaces"}]},{"@type":"WebSite","@id":"https:\/\/pablocarpintero.es\/#website","url":"https:\/\/pablocarpintero.es\/","name":"Pablo Carpintero","description":"Otro sitio realizado con WordPress","potentialAction":[{"@type":"SearchAction","target":{"@type":"EntryPoint","urlTemplate":"https:\/\/pablocarpintero.es\/?s={search_term_string}"},"query-input":{"@type":"PropertyValueSpecification","valueRequired":true,"valueName":"search_term_string"}}],"inLanguage":"es"}]}},"_links":{"self":[{"href":"https:\/\/pablocarpintero.es\/es\/wp-json\/wp\/v2\/product\/470","targetHints":{"allow":["GET"]}}],"collection":[{"href":"https:\/\/pablocarpintero.es\/es\/wp-json\/wp\/v2\/product"}],"about":[{"href":"https:\/\/pablocarpintero.es\/es\/wp-json\/wp\/v2\/types\/product"}],"replies":[{"embeddable":true,"href":"https:\/\/pablocarpintero.es\/es\/wp-json\/wp\/v2\/comments?post=470"}],"wp:featuredmedia":[{"embeddable":true,"href":"https:\/\/pablocarpintero.es\/es\/wp-json\/wp\/v2\/media\/781"}],"wp:attachment":[{"href":"https:\/\/pablocarpintero.es\/es\/wp-json\/wp\/v2\/media?parent=470"}],"wp:term":[{"taxonomy":"product_brand","embeddable":true,"href":"https:\/\/pablocarpintero.es\/es\/wp-json\/wp\/v2\/product_brand?post=470"},{"taxonomy":"product_cat","embeddable":true,"href":"https:\/\/pablocarpintero.es\/es\/wp-json\/wp\/v2\/product_cat?post=470"},{"taxonomy":"product_tag","embeddable":true,"href":"https:\/\/pablocarpintero.es\/es\/wp-json\/wp\/v2\/product_tag?post=470"}],"curies":[{"name":"wp","href":"https:\/\/api.w.org\/{rel}","templated":true}]}}