{"id":471,"date":"2021-10-23T16:58:23","date_gmt":"2021-10-23T16:58:23","guid":{"rendered":"https:\/\/pablocarpintero.es\/?post_type=product&#038;p=471"},"modified":"2023-11-30T00:58:03","modified_gmt":"2023-11-30T00:58:03","slug":"gaita-dos-melos-rancho-da-eira-pedrinha-coimbra","status":"publish","type":"product","link":"https:\/\/pablocarpintero.es\/es\/producto\/gaita-dos-melos-rancho-da-eira-pedrinha-coimbra\/","title":{"rendered":"Gaita de los Melos (Rancho Folcl\u00f3rico da Eira Pedrinha, Co\u00edmbra)"},"content":{"rendered":"<p class=\"p1\">En el museo del Rancho Folcl\u00f3rico da Eira Pedrinha (Coimbra) se conserva una gaita de fuelle, un tambor y un bombo que pertenecieron al famoso grupo Os Melos da Barreira, de Condeixa-a-Nova. Para resucitar el sonido de este conjunto, reproducimos estos tres instrumentos. La gaita result\u00f3 tener la t\u00f3nica en Do, con la escala en modo portugu\u00e9s, es decir, con el tercer grado y la sensible bajos. Sin embargo, este puntero fue lo suficientemente flexible c\u00f3mo para, con ligeras variaciones en el di\u00e1metro de los agujeros, convertir su escala en temperada y crom\u00e1tica con la t\u00f3nica en Do, manteniendo el uso de pajuelas fabricadas de la forma antigua de esta zona, es decir, con la parte interior y blanda de la ca\u00f1a, de forma que, si bien la escala ha sido actualizada, el timbre es propiamente de Coimbra. Un instrumento notable.<\/p>\n<p>&nbsp;<\/p>\n<p>En este video pod\u00e9is escuchar el puntero original y la r\u00e9plica adaptada a Do temperado y crom\u00e1tico.<\/p>\n<p>&nbsp;<\/p>\n<div  class='avia-video av-7v59j-1254391056cf5392cf65c4f5b888727a avia-video-16-9 av-no-preview-image avia-video-load-always av-lazyload-immediate av-lazyload-video-embed'  itemprop=\"video\" itemtype=\"https:\/\/schema.org\/VideoObject\"  data-original_url='https:\/\/www.youtube.com\/watch?v=WqwTYkOzvyI'><script type='text\/html' class='av-video-tmpl'><div class='avia-iframe-wrap'><iframe loading=\"lazy\" title=\"A ponteira Coimbr\u00e1 em Do com escala crom\u00e1tica e tres terceiras\" width=\"1500\" height=\"844\" src=\"https:\/\/www.youtube.com\/embed\/WqwTYkOzvyI?feature=oembed&autoplay=0&loop=0&controls=1&mute=0\" frameborder=\"0\" allow=\"accelerometer; autoplay; clipboard-write; encrypted-media; gyroscope; picture-in-picture\" allowfullscreen><\/iframe><\/div><\/script><div class='av-click-to-play-overlay'><div class=\"avia_playpause_icon\"><\/div><\/div><\/div>\n<p>&nbsp;<\/p>\n<p>Nesta outra gravaci\u00f3n podedes escoitar este punteiro montado xa nunha gaita.<\/p>\n<p>&nbsp;<\/p>\n<div  class='avia-video av-78t93-68350b48881bc8824e6dd4bec45b0091 avia-video-16-9 av-no-preview-image avia-video-load-always av-lazyload-immediate av-lazyload-video-embed'  itemprop=\"video\" itemtype=\"https:\/\/schema.org\/VideoObject\"  data-original_url='https:\/\/www.youtube.com\/watch?v=MpQua-gNoXI'><script type='text\/html' class='av-video-tmpl'><div class='avia-iframe-wrap'><iframe loading=\"lazy\" title=\"Mui\u00f1eira de Cabana com punteira de Coimbra em Do crom\u00e1tico\" width=\"1500\" height=\"844\" src=\"https:\/\/www.youtube.com\/embed\/MpQua-gNoXI?feature=oembed&autoplay=0&loop=0&controls=1&mute=0\" frameborder=\"0\" allow=\"accelerometer; autoplay; clipboard-write; encrypted-media; gyroscope; picture-in-picture\" allowfullscreen><\/iframe><\/div><\/script><div class='av-click-to-play-overlay'><div class=\"avia_playpause_icon\"><\/div><\/div><\/div>\n<p>&nbsp;<\/p>\n<p class=\"p1\"><strong>Compra por encargo<\/strong><\/p>\n<p class=\"p1\">Debido a las caracter\u00edsticas de las gaitas de fuelle antiguas, estas no tienen un precio fijo asignado, que depender\u00e1 del tipo de madera y de otras caracter\u00edsticas est\u00e9ticas que puedes escoger como anillados en diferentes materiales, flecos o ribeteados de los vestidos. Todas las r\u00e9plicas de gaitas de fuelle tienen una demora que depende de nuestra lista de espera. Consulta con nosotros para saber m\u00e1s.<\/p>\n<div  class='avia-button-wrap av-7w2e1-2cfff7366207172118f91cc6d7012c90-wrap avia-button-center  avia-builder-el-2  el_after_av_video  avia-builder-el-last'><a href='https:\/\/pablocarpintero.es\/es\/contactar\/'  class='avia-button av-7w2e1-2cfff7366207172118f91cc6d7012c90 avia-icon_select-yes-left-icon avia-size-small avia-position-center avia-color-theme-color'  ><span class='avia_button_icon avia_button_icon_left' aria-hidden='true' data-av_icon='\ue81f' data-av_iconfont='entypo-fontello'><\/span><span class='avia_iconbox_title' >Solicita informaci\u00f3n de precios<\/span><\/a><\/div>","protected":false},"excerpt":{"rendered":"<p>O Rancho Folcl\u00f3rico da Eira Pedrinha conserva no seu museo unha gaita de fol, un tambor e un bombo que foron tocados polo famoso grupo Os Melos da Barreira, de Condeixa-a-Nova. Para voltar o son deste conxunto \u00e1 vida, reproducimos os tres instrumentos. A gaita resultou ter a t\u00f3nica en Do, coa escala en modo [&hellip;]<\/p>\n","protected":false},"featured_media":775,"comment_status":"open","ping_status":"closed","template":"","meta":{"give_campaign_id":0,"_joinchat":[]},"product_brand":[],"product_cat":[20,18,21,25],"product_tag":[],"class_list":{"0":"post-471","1":"product","2":"type-product","3":"status-publish","4":"has-post-thumbnail","6":"product_cat-gaitas-de-fol","7":"product_cat-instrumentos-musicales","8":"product_cat-replicas-de-gaitas-de-fol-antigas","9":"product_cat-replicas-de-gaitas-portuguesas","11":"first","12":"instock","13":"taxable","14":"shipping-taxable","15":"product-type-simple"},"yoast_head":"<!-- This site is optimized with the Yoast SEO plugin v27.2 - https:\/\/yoast.com\/product\/yoast-seo-wordpress\/ -->\n<title>Gaita dos Melos (Rancho da Eira Pedrinha, Coimbra) - Pablo Carpintero<\/title>\n<meta name=\"robots\" content=\"index, follow, max-snippet:-1, max-image-preview:large, max-video-preview:-1\" \/>\n<link rel=\"canonical\" href=\"https:\/\/pablocarpintero.es\/es\/producto\/gaita-dos-melos-rancho-da-eira-pedrinha-coimbra\/\" \/>\n<meta property=\"og:locale\" content=\"es_ES\" \/>\n<meta property=\"og:type\" content=\"article\" \/>\n<meta property=\"og:title\" content=\"Gaita dos Melos (Rancho da Eira Pedrinha, Coimbra) - Pablo Carpintero\" \/>\n<meta property=\"og:description\" content=\"O Rancho Folcl\u00f3rico da Eira Pedrinha conserva no seu museo unha gaita de fol, un tambor e un bombo que foron tocados polo famoso grupo Os Melos da Barreira, de Condeixa-a-Nova. Para voltar o son deste conxunto \u00e1 vida, reproducimos os tres instrumentos. A gaita resultou ter a t\u00f3nica en Do, coa escala en modo [&hellip;]\" \/>\n<meta property=\"og:url\" content=\"https:\/\/pablocarpintero.es\/es\/producto\/gaita-dos-melos-rancho-da-eira-pedrinha-coimbra\/\" \/>\n<meta property=\"og:site_name\" content=\"Pablo Carpintero\" \/>\n<meta property=\"article:modified_time\" content=\"2023-11-30T00:58:03+00:00\" \/>\n<meta property=\"og:image\" content=\"https:\/\/pablocarpintero.es\/wp-content\/uploads\/2021\/10\/Gaita-Coimbra-Pablo-Carpintero-1.jpg\" \/>\n\t<meta property=\"og:image:width\" content=\"1424\" \/>\n\t<meta property=\"og:image:height\" content=\"2144\" \/>\n\t<meta property=\"og:image:type\" content=\"image\/jpeg\" \/>\n<meta name=\"twitter:card\" content=\"summary_large_image\" \/>\n<meta name=\"twitter:label1\" content=\"Tiempo de lectura\" \/>\n\t<meta name=\"twitter:data1\" content=\"3 minutos\" \/>\n<script type=\"application\/ld+json\" class=\"yoast-schema-graph\">{\"@context\":\"https:\/\/schema.org\",\"@graph\":[{\"@type\":\"WebPage\",\"@id\":\"https:\/\/pablocarpintero.es\/producto\/gaita-dos-melos-rancho-da-eira-pedrinha-coimbra\/\",\"url\":\"https:\/\/pablocarpintero.es\/producto\/gaita-dos-melos-rancho-da-eira-pedrinha-coimbra\/\",\"name\":\"Gaita dos Melos (Rancho da Eira Pedrinha, Coimbra) - Pablo Carpintero\",\"isPartOf\":{\"@id\":\"https:\/\/pablocarpintero.es\/#website\"},\"primaryImageOfPage\":{\"@id\":\"https:\/\/pablocarpintero.es\/producto\/gaita-dos-melos-rancho-da-eira-pedrinha-coimbra\/#primaryimage\"},\"image\":{\"@id\":\"https:\/\/pablocarpintero.es\/producto\/gaita-dos-melos-rancho-da-eira-pedrinha-coimbra\/#primaryimage\"},\"thumbnailUrl\":\"https:\/\/pablocarpintero.es\/wp-content\/uploads\/2021\/10\/Gaita-Coimbra-Pablo-Carpintero-1.jpg\",\"datePublished\":\"2021-10-23T16:58:23+00:00\",\"dateModified\":\"2023-11-30T00:58:03+00:00\",\"breadcrumb\":{\"@id\":\"https:\/\/pablocarpintero.es\/producto\/gaita-dos-melos-rancho-da-eira-pedrinha-coimbra\/#breadcrumb\"},\"inLanguage\":\"es\",\"potentialAction\":[{\"@type\":\"ReadAction\",\"target\":[\"https:\/\/pablocarpintero.es\/producto\/gaita-dos-melos-rancho-da-eira-pedrinha-coimbra\/\"]}]},{\"@type\":\"ImageObject\",\"inLanguage\":\"es\",\"@id\":\"https:\/\/pablocarpintero.es\/producto\/gaita-dos-melos-rancho-da-eira-pedrinha-coimbra\/#primaryimage\",\"url\":\"https:\/\/pablocarpintero.es\/wp-content\/uploads\/2021\/10\/Gaita-Coimbra-Pablo-Carpintero-1.jpg\",\"contentUrl\":\"https:\/\/pablocarpintero.es\/wp-content\/uploads\/2021\/10\/Gaita-Coimbra-Pablo-Carpintero-1.jpg\",\"width\":1424,\"height\":2144},{\"@type\":\"BreadcrumbList\",\"@id\":\"https:\/\/pablocarpintero.es\/producto\/gaita-dos-melos-rancho-da-eira-pedrinha-coimbra\/#breadcrumb\",\"itemListElement\":[{\"@type\":\"ListItem\",\"position\":1,\"name\":\"Portada\",\"item\":\"https:\/\/pablocarpintero.es\/inicio\/\"},{\"@type\":\"ListItem\",\"position\":2,\"name\":\"Tienda\",\"item\":\"https:\/\/pablocarpintero.es\/tienda\/\"},{\"@type\":\"ListItem\",\"position\":3,\"name\":\"Gaita dos Melos (Rancho da Eira Pedrinha, Coimbra)\"}]},{\"@type\":\"WebSite\",\"@id\":\"https:\/\/pablocarpintero.es\/#website\",\"url\":\"https:\/\/pablocarpintero.es\/\",\"name\":\"Pablo Carpintero\",\"description\":\"Otro sitio realizado con WordPress\",\"potentialAction\":[{\"@type\":\"SearchAction\",\"target\":{\"@type\":\"EntryPoint\",\"urlTemplate\":\"https:\/\/pablocarpintero.es\/?s={search_term_string}\"},\"query-input\":{\"@type\":\"PropertyValueSpecification\",\"valueRequired\":true,\"valueName\":\"search_term_string\"}}],\"inLanguage\":\"es\"}]}<\/script>\n<!-- \/ Yoast SEO plugin. -->","yoast_head_json":{"title":"Gaita dos Melos (Rancho da Eira Pedrinha, Coimbra) - Pablo Carpintero","robots":{"index":"index","follow":"follow","max-snippet":"max-snippet:-1","max-image-preview":"max-image-preview:large","max-video-preview":"max-video-preview:-1"},"canonical":"https:\/\/pablocarpintero.es\/es\/producto\/gaita-dos-melos-rancho-da-eira-pedrinha-coimbra\/","og_locale":"es_ES","og_type":"article","og_title":"Gaita dos Melos (Rancho da Eira Pedrinha, Coimbra) - Pablo Carpintero","og_description":"O Rancho Folcl\u00f3rico da Eira Pedrinha conserva no seu museo unha gaita de fol, un tambor e un bombo que foron tocados polo famoso grupo Os Melos da Barreira, de Condeixa-a-Nova. Para voltar o son deste conxunto \u00e1 vida, reproducimos os tres instrumentos. A gaita resultou ter a t\u00f3nica en Do, coa escala en modo [&hellip;]","og_url":"https:\/\/pablocarpintero.es\/es\/producto\/gaita-dos-melos-rancho-da-eira-pedrinha-coimbra\/","og_site_name":"Pablo Carpintero","article_modified_time":"2023-11-30T00:58:03+00:00","og_image":[{"width":1424,"height":2144,"url":"https:\/\/pablocarpintero.es\/wp-content\/uploads\/2021\/10\/Gaita-Coimbra-Pablo-Carpintero-1.jpg","type":"image\/jpeg"}],"twitter_card":"summary_large_image","twitter_misc":{"Tiempo de lectura":"3 minutos"},"schema":{"@context":"https:\/\/schema.org","@graph":[{"@type":"WebPage","@id":"https:\/\/pablocarpintero.es\/producto\/gaita-dos-melos-rancho-da-eira-pedrinha-coimbra\/","url":"https:\/\/pablocarpintero.es\/producto\/gaita-dos-melos-rancho-da-eira-pedrinha-coimbra\/","name":"Gaita dos Melos (Rancho da Eira Pedrinha, Coimbra) - Pablo Carpintero","isPartOf":{"@id":"https:\/\/pablocarpintero.es\/#website"},"primaryImageOfPage":{"@id":"https:\/\/pablocarpintero.es\/producto\/gaita-dos-melos-rancho-da-eira-pedrinha-coimbra\/#primaryimage"},"image":{"@id":"https:\/\/pablocarpintero.es\/producto\/gaita-dos-melos-rancho-da-eira-pedrinha-coimbra\/#primaryimage"},"thumbnailUrl":"https:\/\/pablocarpintero.es\/wp-content\/uploads\/2021\/10\/Gaita-Coimbra-Pablo-Carpintero-1.jpg","datePublished":"2021-10-23T16:58:23+00:00","dateModified":"2023-11-30T00:58:03+00:00","breadcrumb":{"@id":"https:\/\/pablocarpintero.es\/producto\/gaita-dos-melos-rancho-da-eira-pedrinha-coimbra\/#breadcrumb"},"inLanguage":"es","potentialAction":[{"@type":"ReadAction","target":["https:\/\/pablocarpintero.es\/producto\/gaita-dos-melos-rancho-da-eira-pedrinha-coimbra\/"]}]},{"@type":"ImageObject","inLanguage":"es","@id":"https:\/\/pablocarpintero.es\/producto\/gaita-dos-melos-rancho-da-eira-pedrinha-coimbra\/#primaryimage","url":"https:\/\/pablocarpintero.es\/wp-content\/uploads\/2021\/10\/Gaita-Coimbra-Pablo-Carpintero-1.jpg","contentUrl":"https:\/\/pablocarpintero.es\/wp-content\/uploads\/2021\/10\/Gaita-Coimbra-Pablo-Carpintero-1.jpg","width":1424,"height":2144},{"@type":"BreadcrumbList","@id":"https:\/\/pablocarpintero.es\/producto\/gaita-dos-melos-rancho-da-eira-pedrinha-coimbra\/#breadcrumb","itemListElement":[{"@type":"ListItem","position":1,"name":"Portada","item":"https:\/\/pablocarpintero.es\/inicio\/"},{"@type":"ListItem","position":2,"name":"Tienda","item":"https:\/\/pablocarpintero.es\/tienda\/"},{"@type":"ListItem","position":3,"name":"Gaita dos Melos (Rancho da Eira Pedrinha, Coimbra)"}]},{"@type":"WebSite","@id":"https:\/\/pablocarpintero.es\/#website","url":"https:\/\/pablocarpintero.es\/","name":"Pablo Carpintero","description":"Otro sitio realizado con WordPress","potentialAction":[{"@type":"SearchAction","target":{"@type":"EntryPoint","urlTemplate":"https:\/\/pablocarpintero.es\/?s={search_term_string}"},"query-input":{"@type":"PropertyValueSpecification","valueRequired":true,"valueName":"search_term_string"}}],"inLanguage":"es"}]}},"_links":{"self":[{"href":"https:\/\/pablocarpintero.es\/es\/wp-json\/wp\/v2\/product\/471","targetHints":{"allow":["GET"]}}],"collection":[{"href":"https:\/\/pablocarpintero.es\/es\/wp-json\/wp\/v2\/product"}],"about":[{"href":"https:\/\/pablocarpintero.es\/es\/wp-json\/wp\/v2\/types\/product"}],"replies":[{"embeddable":true,"href":"https:\/\/pablocarpintero.es\/es\/wp-json\/wp\/v2\/comments?post=471"}],"wp:featuredmedia":[{"embeddable":true,"href":"https:\/\/pablocarpintero.es\/es\/wp-json\/wp\/v2\/media\/775"}],"wp:attachment":[{"href":"https:\/\/pablocarpintero.es\/es\/wp-json\/wp\/v2\/media?parent=471"}],"wp:term":[{"taxonomy":"product_brand","embeddable":true,"href":"https:\/\/pablocarpintero.es\/es\/wp-json\/wp\/v2\/product_brand?post=471"},{"taxonomy":"product_cat","embeddable":true,"href":"https:\/\/pablocarpintero.es\/es\/wp-json\/wp\/v2\/product_cat?post=471"},{"taxonomy":"product_tag","embeddable":true,"href":"https:\/\/pablocarpintero.es\/es\/wp-json\/wp\/v2\/product_tag?post=471"}],"curies":[{"name":"wp","href":"https:\/\/api.w.org\/{rel}","templated":true}]}}