{"id":475,"date":"2021-10-23T17:01:11","date_gmt":"2021-10-23T17:01:11","guid":{"rendered":"https:\/\/pablocarpintero.es\/?post_type=product&#038;p=475"},"modified":"2024-03-13T00:39:12","modified_gmt":"2024-03-13T00:39:12","slug":"gaita-do-gil-do-cubo-de-sao-juliao-braganca","status":"publish","type":"product","link":"https:\/\/pablocarpintero.es\/es\/producto\/gaita-do-gil-do-cubo-de-sao-juliao-braganca\/","title":{"rendered":"Gaita de Gil do Cubo de S\u00e3o Juli\u00e3o (Bragan\u00e7a)"},"content":{"rendered":"<p class=\"p1\">En la aldea de S\u00e3o Juli\u00e3o de Palacios, en Bragan\u00e7a, vivi\u00f3 el gaitero Ant\u00f3nio Gil do Cubo (1918-1990), su gaita es conservada con esmero por su hija Irene que nos cont\u00f3 que su padre no fue el primer gaitero que la toc\u00f3, pues por lo visto perteneci\u00f3 con anterioridad al Tiu Pastor, maestro de Ant\u00f3nio, quien le dej\u00f3 esta gaita a su muerte. Por los grandes desgastes digitales que presenta es tambi\u00e9n posible que a\u00fan otro gaitero anterior al Tiu Pastor empleara este instrumento. Es un hermoso ejemplar de gaita brigantina, con un bonito sonido. El puntero emplea pajuelas antiguas mirandesas, fabricadas con la parte interior y blanda de la ca\u00f1a. Su t\u00f3nica est\u00e1 un poco m\u00e1s baja de Do y posee una escala en modo portugu\u00e9s, es decir, con el tercero grado pr\u00e1cticamente neutro y con una hermosa subt\u00f3nica a 180 cents de la t\u00f3nica. El ronc\u00f3n suena claro y fuerte. Es un instrumento de notable calidad. <span class=\"Apple-converted-space\">\u00a0<\/span><\/p>\n<p class=\"p1\"><strong>Compra por encargo<\/strong><\/p>\n<p class=\"p1\">Debido a las caracter\u00edsticas de las gaitas de fuelle antiguas, estas no tienen un precio fijo asignado, que depender\u00e1 del tipo de madera y de otras caracter\u00edsticas est\u00e9ticas que puedes escoger como anillados en diferentes materiales, flecos o ribeteados de los vestidos. Todas las r\u00e9plicas de gaitas de fuelle tienen una demora que depende de nuestra lista de espera. Consulta con nosotros para saber m\u00e1s.<\/p>\n<div  class='avia-button-wrap av-7w2e1-2cfff7366207172118f91cc6d7012c90-wrap avia-button-center  avia-builder-el-0  avia-builder-el-no-sibling'><a href='https:\/\/pablocarpintero.es\/es\/contactar\/'  class='avia-button av-7w2e1-2cfff7366207172118f91cc6d7012c90 avia-icon_select-yes-left-icon avia-size-small avia-position-center avia-color-theme-color'  ><span class='avia_button_icon avia_button_icon_left' aria-hidden='true' data-av_icon='\ue81f' data-av_iconfont='entypo-fontello'><\/span><span class='avia_iconbox_title' >Solicita informaci\u00f3n de precios<\/span><\/a><\/div>","protected":false},"excerpt":{"rendered":"<p>Na aldea de S\u00e3o Juli\u00e3o de Palacios, en Bragan\u00e7a, viviu o gaiteiro Ant\u00f3nio Gil do Cubo (1918-1990), a s\u00faa gaita \u00e9 conservada con esmero pola s\u00faa filla Irene que nos contou que seu pai non foi o primeiro gaiteiro que a tocou, pois polo visto pertenceu con anterioridade ao Tiu Cabreiro, mestre de Ant\u00f3nio, quen [&hellip;]<\/p>\n","protected":false},"featured_media":2347,"comment_status":"open","ping_status":"closed","template":"","meta":{"give_campaign_id":0,"_joinchat":[]},"product_brand":[],"product_cat":[20,18,21,25],"product_tag":[],"class_list":{"0":"post-475","1":"product","2":"type-product","3":"status-publish","4":"has-post-thumbnail","6":"product_cat-gaitas-de-fol","7":"product_cat-instrumentos-musicales","8":"product_cat-replicas-de-gaitas-de-fol-antigas","9":"product_cat-replicas-de-gaitas-portuguesas","11":"first","12":"instock","13":"taxable","14":"shipping-taxable","15":"product-type-simple"},"yoast_head":"<!-- This site is optimized with the Yoast SEO plugin v27.2 - https:\/\/yoast.com\/product\/yoast-seo-wordpress\/ -->\n<title>Gaita do Gil do Cubo de S\u00e3o Juli\u00e3o (Bragan\u00e7a) - Pablo Carpintero<\/title>\n<meta name=\"robots\" content=\"index, follow, max-snippet:-1, max-image-preview:large, max-video-preview:-1\" \/>\n<link rel=\"canonical\" href=\"https:\/\/pablocarpintero.es\/es\/producto\/gaita-do-gil-do-cubo-de-sao-juliao-braganca\/\" \/>\n<meta property=\"og:locale\" content=\"es_ES\" \/>\n<meta property=\"og:type\" content=\"article\" \/>\n<meta property=\"og:title\" content=\"Gaita do Gil do Cubo de S\u00e3o Juli\u00e3o (Bragan\u00e7a) - Pablo Carpintero\" \/>\n<meta property=\"og:description\" content=\"Na aldea de S\u00e3o Juli\u00e3o de Palacios, en Bragan\u00e7a, viviu o gaiteiro Ant\u00f3nio Gil do Cubo (1918-1990), a s\u00faa gaita \u00e9 conservada con esmero pola s\u00faa filla Irene que nos contou que seu pai non foi o primeiro gaiteiro que a tocou, pois polo visto pertenceu con anterioridade ao Tiu Cabreiro, mestre de Ant\u00f3nio, quen [&hellip;]\" \/>\n<meta property=\"og:url\" content=\"https:\/\/pablocarpintero.es\/es\/producto\/gaita-do-gil-do-cubo-de-sao-juliao-braganca\/\" \/>\n<meta property=\"og:site_name\" content=\"Pablo Carpintero\" \/>\n<meta property=\"article:modified_time\" content=\"2024-03-13T00:39:12+00:00\" \/>\n<meta property=\"og:image\" content=\"https:\/\/pablocarpintero.es\/wp-content\/uploads\/2021\/10\/DSC_7590.jpg\" \/>\n\t<meta property=\"og:image:width\" content=\"1604\" \/>\n\t<meta property=\"og:image:height\" content=\"1071\" \/>\n\t<meta property=\"og:image:type\" content=\"image\/jpeg\" \/>\n<meta name=\"twitter:card\" content=\"summary_large_image\" \/>\n<meta name=\"twitter:label1\" content=\"Tiempo de lectura\" \/>\n\t<meta name=\"twitter:data1\" content=\"2 minutos\" \/>\n<script type=\"application\/ld+json\" class=\"yoast-schema-graph\">{\"@context\":\"https:\/\/schema.org\",\"@graph\":[{\"@type\":\"WebPage\",\"@id\":\"https:\/\/pablocarpintero.es\/producto\/gaita-do-gil-do-cubo-de-sao-juliao-braganca\/\",\"url\":\"https:\/\/pablocarpintero.es\/producto\/gaita-do-gil-do-cubo-de-sao-juliao-braganca\/\",\"name\":\"Gaita do Gil do Cubo de S\u00e3o Juli\u00e3o (Bragan\u00e7a) - Pablo Carpintero\",\"isPartOf\":{\"@id\":\"https:\/\/pablocarpintero.es\/#website\"},\"primaryImageOfPage\":{\"@id\":\"https:\/\/pablocarpintero.es\/producto\/gaita-do-gil-do-cubo-de-sao-juliao-braganca\/#primaryimage\"},\"image\":{\"@id\":\"https:\/\/pablocarpintero.es\/producto\/gaita-do-gil-do-cubo-de-sao-juliao-braganca\/#primaryimage\"},\"thumbnailUrl\":\"https:\/\/pablocarpintero.es\/wp-content\/uploads\/2021\/10\/DSC_7590.jpg\",\"datePublished\":\"2021-10-23T17:01:11+00:00\",\"dateModified\":\"2024-03-13T00:39:12+00:00\",\"breadcrumb\":{\"@id\":\"https:\/\/pablocarpintero.es\/producto\/gaita-do-gil-do-cubo-de-sao-juliao-braganca\/#breadcrumb\"},\"inLanguage\":\"es\",\"potentialAction\":[{\"@type\":\"ReadAction\",\"target\":[\"https:\/\/pablocarpintero.es\/producto\/gaita-do-gil-do-cubo-de-sao-juliao-braganca\/\"]}]},{\"@type\":\"ImageObject\",\"inLanguage\":\"es\",\"@id\":\"https:\/\/pablocarpintero.es\/producto\/gaita-do-gil-do-cubo-de-sao-juliao-braganca\/#primaryimage\",\"url\":\"https:\/\/pablocarpintero.es\/wp-content\/uploads\/2021\/10\/DSC_7590.jpg\",\"contentUrl\":\"https:\/\/pablocarpintero.es\/wp-content\/uploads\/2021\/10\/DSC_7590.jpg\",\"width\":1604,\"height\":1071},{\"@type\":\"BreadcrumbList\",\"@id\":\"https:\/\/pablocarpintero.es\/producto\/gaita-do-gil-do-cubo-de-sao-juliao-braganca\/#breadcrumb\",\"itemListElement\":[{\"@type\":\"ListItem\",\"position\":1,\"name\":\"Portada\",\"item\":\"https:\/\/pablocarpintero.es\/inicio\/\"},{\"@type\":\"ListItem\",\"position\":2,\"name\":\"Tienda\",\"item\":\"https:\/\/pablocarpintero.es\/tienda\/\"},{\"@type\":\"ListItem\",\"position\":3,\"name\":\"Gaita do Gil do Cubo de S\u00e3o Juli\u00e3o (Bragan\u00e7a)\"}]},{\"@type\":\"WebSite\",\"@id\":\"https:\/\/pablocarpintero.es\/#website\",\"url\":\"https:\/\/pablocarpintero.es\/\",\"name\":\"Pablo Carpintero\",\"description\":\"Otro sitio realizado con WordPress\",\"potentialAction\":[{\"@type\":\"SearchAction\",\"target\":{\"@type\":\"EntryPoint\",\"urlTemplate\":\"https:\/\/pablocarpintero.es\/?s={search_term_string}\"},\"query-input\":{\"@type\":\"PropertyValueSpecification\",\"valueRequired\":true,\"valueName\":\"search_term_string\"}}],\"inLanguage\":\"es\"}]}<\/script>\n<!-- \/ Yoast SEO plugin. -->","yoast_head_json":{"title":"Gaita do Gil do Cubo de S\u00e3o Juli\u00e3o (Bragan\u00e7a) - Pablo Carpintero","robots":{"index":"index","follow":"follow","max-snippet":"max-snippet:-1","max-image-preview":"max-image-preview:large","max-video-preview":"max-video-preview:-1"},"canonical":"https:\/\/pablocarpintero.es\/es\/producto\/gaita-do-gil-do-cubo-de-sao-juliao-braganca\/","og_locale":"es_ES","og_type":"article","og_title":"Gaita do Gil do Cubo de S\u00e3o Juli\u00e3o (Bragan\u00e7a) - Pablo Carpintero","og_description":"Na aldea de S\u00e3o Juli\u00e3o de Palacios, en Bragan\u00e7a, viviu o gaiteiro Ant\u00f3nio Gil do Cubo (1918-1990), a s\u00faa gaita \u00e9 conservada con esmero pola s\u00faa filla Irene que nos contou que seu pai non foi o primeiro gaiteiro que a tocou, pois polo visto pertenceu con anterioridade ao Tiu Cabreiro, mestre de Ant\u00f3nio, quen [&hellip;]","og_url":"https:\/\/pablocarpintero.es\/es\/producto\/gaita-do-gil-do-cubo-de-sao-juliao-braganca\/","og_site_name":"Pablo Carpintero","article_modified_time":"2024-03-13T00:39:12+00:00","og_image":[{"width":1604,"height":1071,"url":"https:\/\/pablocarpintero.es\/wp-content\/uploads\/2021\/10\/DSC_7590.jpg","type":"image\/jpeg"}],"twitter_card":"summary_large_image","twitter_misc":{"Tiempo de lectura":"2 minutos"},"schema":{"@context":"https:\/\/schema.org","@graph":[{"@type":"WebPage","@id":"https:\/\/pablocarpintero.es\/producto\/gaita-do-gil-do-cubo-de-sao-juliao-braganca\/","url":"https:\/\/pablocarpintero.es\/producto\/gaita-do-gil-do-cubo-de-sao-juliao-braganca\/","name":"Gaita do Gil do Cubo de S\u00e3o Juli\u00e3o (Bragan\u00e7a) - Pablo Carpintero","isPartOf":{"@id":"https:\/\/pablocarpintero.es\/#website"},"primaryImageOfPage":{"@id":"https:\/\/pablocarpintero.es\/producto\/gaita-do-gil-do-cubo-de-sao-juliao-braganca\/#primaryimage"},"image":{"@id":"https:\/\/pablocarpintero.es\/producto\/gaita-do-gil-do-cubo-de-sao-juliao-braganca\/#primaryimage"},"thumbnailUrl":"https:\/\/pablocarpintero.es\/wp-content\/uploads\/2021\/10\/DSC_7590.jpg","datePublished":"2021-10-23T17:01:11+00:00","dateModified":"2024-03-13T00:39:12+00:00","breadcrumb":{"@id":"https:\/\/pablocarpintero.es\/producto\/gaita-do-gil-do-cubo-de-sao-juliao-braganca\/#breadcrumb"},"inLanguage":"es","potentialAction":[{"@type":"ReadAction","target":["https:\/\/pablocarpintero.es\/producto\/gaita-do-gil-do-cubo-de-sao-juliao-braganca\/"]}]},{"@type":"ImageObject","inLanguage":"es","@id":"https:\/\/pablocarpintero.es\/producto\/gaita-do-gil-do-cubo-de-sao-juliao-braganca\/#primaryimage","url":"https:\/\/pablocarpintero.es\/wp-content\/uploads\/2021\/10\/DSC_7590.jpg","contentUrl":"https:\/\/pablocarpintero.es\/wp-content\/uploads\/2021\/10\/DSC_7590.jpg","width":1604,"height":1071},{"@type":"BreadcrumbList","@id":"https:\/\/pablocarpintero.es\/producto\/gaita-do-gil-do-cubo-de-sao-juliao-braganca\/#breadcrumb","itemListElement":[{"@type":"ListItem","position":1,"name":"Portada","item":"https:\/\/pablocarpintero.es\/inicio\/"},{"@type":"ListItem","position":2,"name":"Tienda","item":"https:\/\/pablocarpintero.es\/tienda\/"},{"@type":"ListItem","position":3,"name":"Gaita do Gil do Cubo de S\u00e3o Juli\u00e3o (Bragan\u00e7a)"}]},{"@type":"WebSite","@id":"https:\/\/pablocarpintero.es\/#website","url":"https:\/\/pablocarpintero.es\/","name":"Pablo Carpintero","description":"Otro sitio realizado con WordPress","potentialAction":[{"@type":"SearchAction","target":{"@type":"EntryPoint","urlTemplate":"https:\/\/pablocarpintero.es\/?s={search_term_string}"},"query-input":{"@type":"PropertyValueSpecification","valueRequired":true,"valueName":"search_term_string"}}],"inLanguage":"es"}]}},"_links":{"self":[{"href":"https:\/\/pablocarpintero.es\/es\/wp-json\/wp\/v2\/product\/475","targetHints":{"allow":["GET"]}}],"collection":[{"href":"https:\/\/pablocarpintero.es\/es\/wp-json\/wp\/v2\/product"}],"about":[{"href":"https:\/\/pablocarpintero.es\/es\/wp-json\/wp\/v2\/types\/product"}],"replies":[{"embeddable":true,"href":"https:\/\/pablocarpintero.es\/es\/wp-json\/wp\/v2\/comments?post=475"}],"wp:featuredmedia":[{"embeddable":true,"href":"https:\/\/pablocarpintero.es\/es\/wp-json\/wp\/v2\/media\/2347"}],"wp:attachment":[{"href":"https:\/\/pablocarpintero.es\/es\/wp-json\/wp\/v2\/media?parent=475"}],"wp:term":[{"taxonomy":"product_brand","embeddable":true,"href":"https:\/\/pablocarpintero.es\/es\/wp-json\/wp\/v2\/product_brand?post=475"},{"taxonomy":"product_cat","embeddable":true,"href":"https:\/\/pablocarpintero.es\/es\/wp-json\/wp\/v2\/product_cat?post=475"},{"taxonomy":"product_tag","embeddable":true,"href":"https:\/\/pablocarpintero.es\/es\/wp-json\/wp\/v2\/product_tag?post=475"}],"curies":[{"name":"wp","href":"https:\/\/api.w.org\/{rel}","templated":true}]}}