{"id":477,"date":"2021-10-23T17:05:02","date_gmt":"2021-10-23T17:05:02","guid":{"rendered":"https:\/\/pablocarpintero.es\/?post_type=product&#038;p=477"},"modified":"2025-12-02T08:39:08","modified_gmt":"2025-12-02T08:39:08","slug":"punteiro-no-59-do-museu-da-terra-de-miranda","status":"publish","type":"product","link":"https:\/\/pablocarpintero.es\/es\/producto\/punteiro-no-59-do-museu-da-terra-de-miranda\/","title":{"rendered":"Puntera n\u00ba 59 del Museu da Terra de Miranda"},"content":{"rendered":"<p class=\"p1\">El original de este puntero se custodia en el Museu da Terra de Miranda con el n\u00famero de inventario 59. Es un antiguo instrumento, de una fant\u00e1stica factura, que posee la rara caracter\u00edstica de tener la mesa desmontable y hecha en \u00e9bano. Tiene la t\u00f3nica muy cerca de Do, por cuanto, lo aprovechamos para desarrollar un puntero mirand\u00e9s temperado y crom\u00e1tico en esta tonalidad [enlace a este producto]. Funciona estupendamente con pajuelas hechas al estilo antiguo trasmontano, es decir, empleando solamente la parte blanda de la ca\u00f1a. Tiene una escala propiamente mirandesa, es decir, un modo portugu\u00e9s con subt\u00f3nica a 150 cents de la t\u00f3nica, el segundo grado algo rebajado y el tercero neutro, correspondiendo el resto de grados de la escala con el temperamento igual y permitiendo emitir un s\u00e9ptimo grado rebajado interponiendo el dedo coraz\u00f3n.<span class=\"Apple-converted-space\">\u00a0<\/span><\/p>\n<p>&nbsp;<\/p>\n<p>En este v\u00eddeo pod\u00e9is escuchar la r\u00e9plica de la puntera original.<\/p>\n<p>&nbsp;<\/p>\n<div  class='avia-video av-22shx-020ba806015a78aaaa06f17c36810f83 avia-video-16-9 av-no-preview-image avia-video-load-always av-lazyload-immediate av-lazyload-video-embed'  itemprop=\"video\" itemtype=\"https:\/\/schema.org\/VideoObject\"  data-original_url='https:\/\/www.youtube.com\/watch?v=Vueq2TXC_-M'><script type='text\/html' class='av-video-tmpl'><div class='avia-iframe-wrap'><iframe loading=\"lazy\" title=\"R\u00e9plica da ponteira mIrandesa n\u00ba 59 do Museu da Terra de Miranda\" width=\"1500\" height=\"844\" src=\"https:\/\/www.youtube.com\/embed\/Vueq2TXC_-M?feature=oembed&autoplay=0&loop=0&controls=1&mute=0\" frameborder=\"0\" allow=\"accelerometer; autoplay; clipboard-write; encrypted-media; gyroscope; picture-in-picture\" allowfullscreen><\/iframe><\/div><\/script><div class='av-click-to-play-overlay'><div class=\"avia_playpause_icon\"><\/div><\/div><\/div>\n<p>&nbsp;<\/p>\n<p>Aqu\u00ed explicamos un pouco o proceso polo que obtivemos a partires del un punteiro en Do temperado e crom\u00e1tico con tres terceiras: mirandesa, menor e xusta.<\/p>\n<p>&nbsp;<\/p>\n<div  class='avia-video av-eeofp-469a81b47e9ab21db656a05fb80ef80a avia-video-16-9 av-no-preview-image avia-video-load-always av-lazyload-immediate av-lazyload-video-embed'  itemprop=\"video\" itemtype=\"https:\/\/schema.org\/VideoObject\"  data-original_url='https:\/\/www.youtube.com\/watch?v=en0MdPCuwag'><script type='text\/html' class='av-video-tmpl'><div class='avia-iframe-wrap'><iframe loading=\"lazy\" title=\"R\u00e9plicas de d\u00faas punteiras mirandesas do Museu da Terra de Miranda e a ponteira em Do\" width=\"1500\" height=\"844\" src=\"https:\/\/www.youtube.com\/embed\/en0MdPCuwag?feature=oembed&autoplay=0&loop=0&controls=1&mute=0\" frameborder=\"0\" allow=\"accelerometer; autoplay; clipboard-write; encrypted-media; gyroscope; picture-in-picture\" allowfullscreen><\/iframe><\/div><\/script><div class='av-click-to-play-overlay'><div class=\"avia_playpause_icon\"><\/div><\/div><\/div>\n<p>&nbsp;<\/p>\n<p>E por fin, aqu\u00ed tedes a Mui\u00f1eira de Chantada tocada con este punteiro.<\/p>\n<p>&nbsp;<\/p>\n<div  class='avia-video av-b3w79-076604899b2b4a894715029236c0e00d avia-video-16-9 av-no-preview-image avia-video-load-always av-lazyload-immediate av-lazyload-video-embed'  itemprop=\"video\" itemtype=\"https:\/\/schema.org\/VideoObject\"  data-original_url='https:\/\/www.youtube.com\/watch?v=8_vjzgzB378'><script type='text\/html' class='av-video-tmpl'><div class='avia-iframe-wrap'><iframe loading=\"lazy\" title=\"Mui\u00f1eira de Chantada interpretada com a ponteira mirandesa em Do temperado e crom\u00e1tico\" width=\"1500\" height=\"844\" src=\"https:\/\/www.youtube.com\/embed\/8_vjzgzB378?feature=oembed&autoplay=0&loop=0&controls=1&mute=0\" frameborder=\"0\" allow=\"accelerometer; autoplay; clipboard-write; encrypted-media; gyroscope; picture-in-picture\" allowfullscreen><\/iframe><\/div><\/script><div class='av-click-to-play-overlay'><div class=\"avia_playpause_icon\"><\/div><\/div><\/div>\n<p>&nbsp;<\/p>","protected":false},"excerpt":{"rendered":"<p>O orixinal deste punteiro g\u00e1rdase no Museu da Terra de Miranda nunha gaita de fol de orixe desco\u00f1ecida co n\u00famero de inventario 59. \u00c9 un antigo instrumento, dunha fant\u00e1stica factura, que posue a rara caracter\u00edstica de ter a mesa desmontable e feita en \u00e9bano. Ten a t\u00f3nica moi preto de Do polo que, \u00e1 parte [&hellip;]<\/p>\n","protected":false},"featured_media":1189,"comment_status":"open","ping_status":"closed","template":"","meta":{"give_campaign_id":0,"_joinchat":[]},"product_brand":[],"product_cat":[20,18,21,25],"product_tag":[],"class_list":{"0":"post-477","1":"product","2":"type-product","3":"status-publish","4":"has-post-thumbnail","6":"product_cat-gaitas-de-fol","7":"product_cat-instrumentos-musicales","8":"product_cat-replicas-de-gaitas-de-fol-antigas","9":"product_cat-replicas-de-gaitas-portuguesas","11":"first","12":"instock","13":"taxable","14":"shipping-taxable","15":"purchasable","16":"product-type-simple"},"yoast_head":"<!-- This site is optimized with the Yoast SEO plugin v27.2 - https:\/\/yoast.com\/product\/yoast-seo-wordpress\/ -->\n<title>Punteiro n\u00ba 59 do Museu da Terra de Miranda - Pablo Carpintero<\/title>\n<meta name=\"robots\" content=\"index, follow, max-snippet:-1, max-image-preview:large, max-video-preview:-1\" \/>\n<link rel=\"canonical\" href=\"https:\/\/pablocarpintero.es\/es\/producto\/punteiro-no-59-do-museu-da-terra-de-miranda\/\" \/>\n<meta property=\"og:locale\" content=\"es_ES\" \/>\n<meta property=\"og:type\" content=\"article\" \/>\n<meta property=\"og:title\" content=\"Punteiro n\u00ba 59 do Museu da Terra de Miranda - Pablo Carpintero\" \/>\n<meta property=\"og:description\" content=\"O orixinal deste punteiro g\u00e1rdase no Museu da Terra de Miranda nunha gaita de fol de orixe desco\u00f1ecida co n\u00famero de inventario 59. \u00c9 un antigo instrumento, dunha fant\u00e1stica factura, que posue a rara caracter\u00edstica de ter a mesa desmontable e feita en \u00e9bano. Ten a t\u00f3nica moi preto de Do polo que, \u00e1 parte [&hellip;]\" \/>\n<meta property=\"og:url\" content=\"https:\/\/pablocarpintero.es\/es\/producto\/punteiro-no-59-do-museu-da-terra-de-miranda\/\" \/>\n<meta property=\"og:site_name\" content=\"Pablo Carpintero\" \/>\n<meta property=\"article:modified_time\" content=\"2025-12-02T08:39:08+00:00\" \/>\n<meta property=\"og:image\" content=\"https:\/\/pablocarpintero.es\/wp-content\/uploads\/2021\/10\/DSC_5883.jpg\" \/>\n\t<meta property=\"og:image:width\" content=\"2005\" \/>\n\t<meta property=\"og:image:height\" content=\"1339\" \/>\n\t<meta property=\"og:image:type\" content=\"image\/jpeg\" \/>\n<meta name=\"twitter:card\" content=\"summary_large_image\" \/>\n<meta name=\"twitter:label1\" content=\"Tiempo de lectura\" \/>\n\t<meta name=\"twitter:data1\" content=\"2 minutos\" \/>\n<script type=\"application\/ld+json\" class=\"yoast-schema-graph\">{\"@context\":\"https:\/\/schema.org\",\"@graph\":[{\"@type\":\"WebPage\",\"@id\":\"https:\/\/pablocarpintero.es\/producto\/punteiro-no-59-do-museu-da-terra-de-miranda\/\",\"url\":\"https:\/\/pablocarpintero.es\/producto\/punteiro-no-59-do-museu-da-terra-de-miranda\/\",\"name\":\"Punteiro n\u00ba 59 do Museu da Terra de Miranda - Pablo Carpintero\",\"isPartOf\":{\"@id\":\"https:\/\/pablocarpintero.es\/#website\"},\"primaryImageOfPage\":{\"@id\":\"https:\/\/pablocarpintero.es\/producto\/punteiro-no-59-do-museu-da-terra-de-miranda\/#primaryimage\"},\"image\":{\"@id\":\"https:\/\/pablocarpintero.es\/producto\/punteiro-no-59-do-museu-da-terra-de-miranda\/#primaryimage\"},\"thumbnailUrl\":\"https:\/\/pablocarpintero.es\/wp-content\/uploads\/2021\/10\/DSC_5883.jpg\",\"datePublished\":\"2021-10-23T17:05:02+00:00\",\"dateModified\":\"2025-12-02T08:39:08+00:00\",\"breadcrumb\":{\"@id\":\"https:\/\/pablocarpintero.es\/producto\/punteiro-no-59-do-museu-da-terra-de-miranda\/#breadcrumb\"},\"inLanguage\":\"es\",\"potentialAction\":[{\"@type\":\"ReadAction\",\"target\":[\"https:\/\/pablocarpintero.es\/producto\/punteiro-no-59-do-museu-da-terra-de-miranda\/\"]}]},{\"@type\":\"ImageObject\",\"inLanguage\":\"es\",\"@id\":\"https:\/\/pablocarpintero.es\/producto\/punteiro-no-59-do-museu-da-terra-de-miranda\/#primaryimage\",\"url\":\"https:\/\/pablocarpintero.es\/wp-content\/uploads\/2021\/10\/DSC_5883.jpg\",\"contentUrl\":\"https:\/\/pablocarpintero.es\/wp-content\/uploads\/2021\/10\/DSC_5883.jpg\",\"width\":2005,\"height\":1339},{\"@type\":\"BreadcrumbList\",\"@id\":\"https:\/\/pablocarpintero.es\/producto\/punteiro-no-59-do-museu-da-terra-de-miranda\/#breadcrumb\",\"itemListElement\":[{\"@type\":\"ListItem\",\"position\":1,\"name\":\"Portada\",\"item\":\"https:\/\/pablocarpintero.es\/inicio\/\"},{\"@type\":\"ListItem\",\"position\":2,\"name\":\"Tienda\",\"item\":\"https:\/\/pablocarpintero.es\/tienda\/\"},{\"@type\":\"ListItem\",\"position\":3,\"name\":\"Punteiro n\u00ba 59 do Museu da Terra de Miranda\"}]},{\"@type\":\"WebSite\",\"@id\":\"https:\/\/pablocarpintero.es\/#website\",\"url\":\"https:\/\/pablocarpintero.es\/\",\"name\":\"Pablo Carpintero\",\"description\":\"Otro sitio realizado con WordPress\",\"potentialAction\":[{\"@type\":\"SearchAction\",\"target\":{\"@type\":\"EntryPoint\",\"urlTemplate\":\"https:\/\/pablocarpintero.es\/?s={search_term_string}\"},\"query-input\":{\"@type\":\"PropertyValueSpecification\",\"valueRequired\":true,\"valueName\":\"search_term_string\"}}],\"inLanguage\":\"es\"}]}<\/script>\n<!-- \/ Yoast SEO plugin. -->","yoast_head_json":{"title":"Punteiro n\u00ba 59 do Museu da Terra de Miranda - Pablo Carpintero","robots":{"index":"index","follow":"follow","max-snippet":"max-snippet:-1","max-image-preview":"max-image-preview:large","max-video-preview":"max-video-preview:-1"},"canonical":"https:\/\/pablocarpintero.es\/es\/producto\/punteiro-no-59-do-museu-da-terra-de-miranda\/","og_locale":"es_ES","og_type":"article","og_title":"Punteiro n\u00ba 59 do Museu da Terra de Miranda - Pablo Carpintero","og_description":"O orixinal deste punteiro g\u00e1rdase no Museu da Terra de Miranda nunha gaita de fol de orixe desco\u00f1ecida co n\u00famero de inventario 59. \u00c9 un antigo instrumento, dunha fant\u00e1stica factura, que posue a rara caracter\u00edstica de ter a mesa desmontable e feita en \u00e9bano. Ten a t\u00f3nica moi preto de Do polo que, \u00e1 parte [&hellip;]","og_url":"https:\/\/pablocarpintero.es\/es\/producto\/punteiro-no-59-do-museu-da-terra-de-miranda\/","og_site_name":"Pablo Carpintero","article_modified_time":"2025-12-02T08:39:08+00:00","og_image":[{"width":2005,"height":1339,"url":"https:\/\/pablocarpintero.es\/wp-content\/uploads\/2021\/10\/DSC_5883.jpg","type":"image\/jpeg"}],"twitter_card":"summary_large_image","twitter_misc":{"Tiempo de lectura":"2 minutos"},"schema":{"@context":"https:\/\/schema.org","@graph":[{"@type":"WebPage","@id":"https:\/\/pablocarpintero.es\/producto\/punteiro-no-59-do-museu-da-terra-de-miranda\/","url":"https:\/\/pablocarpintero.es\/producto\/punteiro-no-59-do-museu-da-terra-de-miranda\/","name":"Punteiro n\u00ba 59 do Museu da Terra de Miranda - Pablo Carpintero","isPartOf":{"@id":"https:\/\/pablocarpintero.es\/#website"},"primaryImageOfPage":{"@id":"https:\/\/pablocarpintero.es\/producto\/punteiro-no-59-do-museu-da-terra-de-miranda\/#primaryimage"},"image":{"@id":"https:\/\/pablocarpintero.es\/producto\/punteiro-no-59-do-museu-da-terra-de-miranda\/#primaryimage"},"thumbnailUrl":"https:\/\/pablocarpintero.es\/wp-content\/uploads\/2021\/10\/DSC_5883.jpg","datePublished":"2021-10-23T17:05:02+00:00","dateModified":"2025-12-02T08:39:08+00:00","breadcrumb":{"@id":"https:\/\/pablocarpintero.es\/producto\/punteiro-no-59-do-museu-da-terra-de-miranda\/#breadcrumb"},"inLanguage":"es","potentialAction":[{"@type":"ReadAction","target":["https:\/\/pablocarpintero.es\/producto\/punteiro-no-59-do-museu-da-terra-de-miranda\/"]}]},{"@type":"ImageObject","inLanguage":"es","@id":"https:\/\/pablocarpintero.es\/producto\/punteiro-no-59-do-museu-da-terra-de-miranda\/#primaryimage","url":"https:\/\/pablocarpintero.es\/wp-content\/uploads\/2021\/10\/DSC_5883.jpg","contentUrl":"https:\/\/pablocarpintero.es\/wp-content\/uploads\/2021\/10\/DSC_5883.jpg","width":2005,"height":1339},{"@type":"BreadcrumbList","@id":"https:\/\/pablocarpintero.es\/producto\/punteiro-no-59-do-museu-da-terra-de-miranda\/#breadcrumb","itemListElement":[{"@type":"ListItem","position":1,"name":"Portada","item":"https:\/\/pablocarpintero.es\/inicio\/"},{"@type":"ListItem","position":2,"name":"Tienda","item":"https:\/\/pablocarpintero.es\/tienda\/"},{"@type":"ListItem","position":3,"name":"Punteiro n\u00ba 59 do Museu da Terra de Miranda"}]},{"@type":"WebSite","@id":"https:\/\/pablocarpintero.es\/#website","url":"https:\/\/pablocarpintero.es\/","name":"Pablo Carpintero","description":"Otro sitio realizado con WordPress","potentialAction":[{"@type":"SearchAction","target":{"@type":"EntryPoint","urlTemplate":"https:\/\/pablocarpintero.es\/?s={search_term_string}"},"query-input":{"@type":"PropertyValueSpecification","valueRequired":true,"valueName":"search_term_string"}}],"inLanguage":"es"}]}},"_links":{"self":[{"href":"https:\/\/pablocarpintero.es\/es\/wp-json\/wp\/v2\/product\/477","targetHints":{"allow":["GET"]}}],"collection":[{"href":"https:\/\/pablocarpintero.es\/es\/wp-json\/wp\/v2\/product"}],"about":[{"href":"https:\/\/pablocarpintero.es\/es\/wp-json\/wp\/v2\/types\/product"}],"replies":[{"embeddable":true,"href":"https:\/\/pablocarpintero.es\/es\/wp-json\/wp\/v2\/comments?post=477"}],"wp:featuredmedia":[{"embeddable":true,"href":"https:\/\/pablocarpintero.es\/es\/wp-json\/wp\/v2\/media\/1189"}],"wp:attachment":[{"href":"https:\/\/pablocarpintero.es\/es\/wp-json\/wp\/v2\/media?parent=477"}],"wp:term":[{"taxonomy":"product_brand","embeddable":true,"href":"https:\/\/pablocarpintero.es\/es\/wp-json\/wp\/v2\/product_brand?post=477"},{"taxonomy":"product_cat","embeddable":true,"href":"https:\/\/pablocarpintero.es\/es\/wp-json\/wp\/v2\/product_cat?post=477"},{"taxonomy":"product_tag","embeddable":true,"href":"https:\/\/pablocarpintero.es\/es\/wp-json\/wp\/v2\/product_tag?post=477"}],"curies":[{"name":"wp","href":"https:\/\/api.w.org\/{rel}","templated":true}]}}