{"id":478,"date":"2021-10-23T17:07:08","date_gmt":"2021-10-23T17:07:08","guid":{"rendered":"https:\/\/pablocarpintero.es\/?post_type=product&#038;p=478"},"modified":"2023-11-30T10:30:08","modified_gmt":"2023-11-30T10:30:08","slug":"gaita-de-boto-de-bestue","status":"publish","type":"product","link":"https:\/\/pablocarpintero.es\/es\/producto\/gaita-de-boto-de-bestue\/","title":{"rendered":"Gaita de boto de Bestu\u00e9 (s. XVII)"},"content":{"rendered":"<p class=\"p1\">Una de las legendarias gaitas aragonesas, conservada en el municipio de A\u00ednsa (Huesca) y que parece ser utilizada por el gaitero Juan Cazcarra Ses\u00e9. El trabajo de reconstrucci\u00f3n de su sonoridad fue considerable, pues el clar\u00edn tiene la caracter\u00edstica de emitir tonos considerablemente altos. Utilizando r\u00e9plicas de las pitas fabricadas por Juan Cazcarra, la octava aguda se colocar\u00eda en la digitaci\u00f3n con la que normalmente se emite el s\u00e9ptimo grado, es decir, con todos los agujeros frontales abiertos; interponiendo el dedo mayor obtendr\u00edamos el s\u00e9ptimo grado, mientras que la posici\u00f3n con todos los agujeros del clar\u00edn abiertos emitir\u00eda un segundo grado agudo. Esta es una escala y una digitaci\u00f3n poco comunes.<\/p>\n<p>Utilizando pitas como las que fabricaba Sime\u00f3n Serrate, triangulares y con un tudel largo, finalmente conseguimos que este clar\u00edn emitiera todos los grados perfectamente equilibrados con una digitaci\u00f3n normal. El timbre es ahora claro y brillante, quedando la t\u00f3nica en Do + 20 cents.<\/p>\n<p>As\u00ed pues, podemos ahora ofrecerte una r\u00e9plica de esta fant\u00e1stica gaita del siglo XVII que puedes escuchar en el v\u00eddeo de esta secci\u00f3n de gaitas.<\/p>\n<p class=\"p1\">\n<p class=\"p1\"><strong>Compra por encargo<\/strong><\/p>\n<p class=\"p1\">Debido a las caracter\u00edsticas de las gaitas de fuelle antiguas, estas no tienen un precio fijo asignado, que depender\u00e1 del tipo de madera y de otras caracter\u00edsticas est\u00e9ticas que puedes escoger como anillados en diferentes materiales, flecos o ribeteados de los vestidos. Todas las r\u00e9plicas de gaitas de fuelle tienen una demora que depende de nuestra lista de espera. Consulta con nosotros para saber m\u00e1s.<\/p>\n<div  class='avia-button-wrap av-7w2e1-2cfff7366207172118f91cc6d7012c90-wrap avia-button-center  avia-builder-el-0  avia-builder-el-no-sibling'><a href='https:\/\/pablocarpintero.es\/es\/contactar\/'  class='avia-button av-7w2e1-2cfff7366207172118f91cc6d7012c90 avia-icon_select-yes-left-icon avia-size-small avia-position-center avia-color-theme-color'  ><span class='avia_button_icon avia_button_icon_left' aria-hidden='true' data-av_icon='\ue81f' data-av_iconfont='entypo-fontello'><\/span><span class='avia_iconbox_title' >Solicita informaci\u00f3n de precios<\/span><\/a><\/div>","protected":false},"excerpt":{"rendered":"<p>Unha das m\u00edticas gaitas de boto aragonesas, conservada no Concello de A\u00ednsa (Huesca) e que semella foi empregada polo gaiteiro Juan Cazcarra Ses\u00e9. O traballo de reconstruci\u00f3n da s\u00faa sonoridade foi considerable, pois o clar\u00edn (punteiro) ten a caracter\u00edstica de emitir uns graos agudos considerablemente elevados. Empregando r\u00e9plicas das pitas (palletas) que fabricaba Juan Cazcarra, [&hellip;]<\/p>\n","protected":false},"featured_media":923,"comment_status":"open","ping_status":"closed","template":"","meta":{"give_campaign_id":0,"_joinchat":[]},"product_brand":[],"product_cat":[20,18,28,21],"product_tag":[],"class_list":{"0":"post-478","1":"product","2":"type-product","3":"status-publish","4":"has-post-thumbnail","6":"product_cat-gaitas-de-fol","7":"product_cat-instrumentos-musicales","8":"product_cat-replicas-de-gaitas-aragonesas","9":"product_cat-replicas-de-gaitas-de-fol-antigas","11":"first","12":"instock","13":"taxable","14":"shipping-taxable","15":"product-type-simple"},"yoast_head":"<!-- This site is optimized with the Yoast SEO plugin v27.2 - https:\/\/yoast.com\/product\/yoast-seo-wordpress\/ -->\n<title>Gaita de boto de Bestu\u00e9 (s. XVII) - Pablo Carpintero<\/title>\n<meta name=\"robots\" content=\"index, follow, max-snippet:-1, max-image-preview:large, max-video-preview:-1\" \/>\n<link rel=\"canonical\" href=\"https:\/\/pablocarpintero.es\/es\/producto\/gaita-de-boto-de-bestue\/\" \/>\n<meta property=\"og:locale\" content=\"es_ES\" \/>\n<meta property=\"og:type\" content=\"article\" \/>\n<meta property=\"og:title\" content=\"Gaita de boto de Bestu\u00e9 (s. XVII) - Pablo Carpintero\" \/>\n<meta property=\"og:description\" content=\"Unha das m\u00edticas gaitas de boto aragonesas, conservada no Concello de A\u00ednsa (Huesca) e que semella foi empregada polo gaiteiro Juan Cazcarra Ses\u00e9. O traballo de reconstruci\u00f3n da s\u00faa sonoridade foi considerable, pois o clar\u00edn (punteiro) ten a caracter\u00edstica de emitir uns graos agudos considerablemente elevados. Empregando r\u00e9plicas das pitas (palletas) que fabricaba Juan Cazcarra, [&hellip;]\" \/>\n<meta property=\"og:url\" content=\"https:\/\/pablocarpintero.es\/es\/producto\/gaita-de-boto-de-bestue\/\" \/>\n<meta property=\"og:site_name\" content=\"Pablo Carpintero\" \/>\n<meta property=\"article:modified_time\" content=\"2023-11-30T10:30:08+00:00\" \/>\n<meta property=\"og:image\" content=\"https:\/\/pablocarpintero.es\/wp-content\/uploads\/2021\/10\/DSC_5789.jpg\" \/>\n\t<meta property=\"og:image:width\" content=\"2005\" \/>\n\t<meta property=\"og:image:height\" content=\"1339\" \/>\n\t<meta property=\"og:image:type\" content=\"image\/jpeg\" \/>\n<meta name=\"twitter:card\" content=\"summary_large_image\" \/>\n<meta name=\"twitter:label1\" content=\"Tiempo de lectura\" \/>\n\t<meta name=\"twitter:data1\" content=\"2 minutos\" \/>\n<script type=\"application\/ld+json\" class=\"yoast-schema-graph\">{\"@context\":\"https:\/\/schema.org\",\"@graph\":[{\"@type\":\"WebPage\",\"@id\":\"https:\/\/pablocarpintero.es\/producto\/gaita-de-boto-de-bestue\/\",\"url\":\"https:\/\/pablocarpintero.es\/producto\/gaita-de-boto-de-bestue\/\",\"name\":\"Gaita de boto de Bestu\u00e9 (s. XVII) - Pablo Carpintero\",\"isPartOf\":{\"@id\":\"https:\/\/pablocarpintero.es\/#website\"},\"primaryImageOfPage\":{\"@id\":\"https:\/\/pablocarpintero.es\/producto\/gaita-de-boto-de-bestue\/#primaryimage\"},\"image\":{\"@id\":\"https:\/\/pablocarpintero.es\/producto\/gaita-de-boto-de-bestue\/#primaryimage\"},\"thumbnailUrl\":\"https:\/\/pablocarpintero.es\/wp-content\/uploads\/2021\/10\/DSC_5789.jpg\",\"datePublished\":\"2021-10-23T17:07:08+00:00\",\"dateModified\":\"2023-11-30T10:30:08+00:00\",\"breadcrumb\":{\"@id\":\"https:\/\/pablocarpintero.es\/producto\/gaita-de-boto-de-bestue\/#breadcrumb\"},\"inLanguage\":\"es\",\"potentialAction\":[{\"@type\":\"ReadAction\",\"target\":[\"https:\/\/pablocarpintero.es\/producto\/gaita-de-boto-de-bestue\/\"]}]},{\"@type\":\"ImageObject\",\"inLanguage\":\"es\",\"@id\":\"https:\/\/pablocarpintero.es\/producto\/gaita-de-boto-de-bestue\/#primaryimage\",\"url\":\"https:\/\/pablocarpintero.es\/wp-content\/uploads\/2021\/10\/DSC_5789.jpg\",\"contentUrl\":\"https:\/\/pablocarpintero.es\/wp-content\/uploads\/2021\/10\/DSC_5789.jpg\",\"width\":2005,\"height\":1339},{\"@type\":\"BreadcrumbList\",\"@id\":\"https:\/\/pablocarpintero.es\/producto\/gaita-de-boto-de-bestue\/#breadcrumb\",\"itemListElement\":[{\"@type\":\"ListItem\",\"position\":1,\"name\":\"Portada\",\"item\":\"https:\/\/pablocarpintero.es\/inicio\/\"},{\"@type\":\"ListItem\",\"position\":2,\"name\":\"Tienda\",\"item\":\"https:\/\/pablocarpintero.es\/tienda\/\"},{\"@type\":\"ListItem\",\"position\":3,\"name\":\"Gaita de boto de Bestu\u00e9 (s. XVII)\"}]},{\"@type\":\"WebSite\",\"@id\":\"https:\/\/pablocarpintero.es\/#website\",\"url\":\"https:\/\/pablocarpintero.es\/\",\"name\":\"Pablo Carpintero\",\"description\":\"Otro sitio realizado con WordPress\",\"potentialAction\":[{\"@type\":\"SearchAction\",\"target\":{\"@type\":\"EntryPoint\",\"urlTemplate\":\"https:\/\/pablocarpintero.es\/?s={search_term_string}\"},\"query-input\":{\"@type\":\"PropertyValueSpecification\",\"valueRequired\":true,\"valueName\":\"search_term_string\"}}],\"inLanguage\":\"es\"}]}<\/script>\n<!-- \/ Yoast SEO plugin. -->","yoast_head_json":{"title":"Gaita de boto de Bestu\u00e9 (s. XVII) - Pablo Carpintero","robots":{"index":"index","follow":"follow","max-snippet":"max-snippet:-1","max-image-preview":"max-image-preview:large","max-video-preview":"max-video-preview:-1"},"canonical":"https:\/\/pablocarpintero.es\/es\/producto\/gaita-de-boto-de-bestue\/","og_locale":"es_ES","og_type":"article","og_title":"Gaita de boto de Bestu\u00e9 (s. XVII) - Pablo Carpintero","og_description":"Unha das m\u00edticas gaitas de boto aragonesas, conservada no Concello de A\u00ednsa (Huesca) e que semella foi empregada polo gaiteiro Juan Cazcarra Ses\u00e9. O traballo de reconstruci\u00f3n da s\u00faa sonoridade foi considerable, pois o clar\u00edn (punteiro) ten a caracter\u00edstica de emitir uns graos agudos considerablemente elevados. Empregando r\u00e9plicas das pitas (palletas) que fabricaba Juan Cazcarra, [&hellip;]","og_url":"https:\/\/pablocarpintero.es\/es\/producto\/gaita-de-boto-de-bestue\/","og_site_name":"Pablo Carpintero","article_modified_time":"2023-11-30T10:30:08+00:00","og_image":[{"width":2005,"height":1339,"url":"https:\/\/pablocarpintero.es\/wp-content\/uploads\/2021\/10\/DSC_5789.jpg","type":"image\/jpeg"}],"twitter_card":"summary_large_image","twitter_misc":{"Tiempo de lectura":"2 minutos"},"schema":{"@context":"https:\/\/schema.org","@graph":[{"@type":"WebPage","@id":"https:\/\/pablocarpintero.es\/producto\/gaita-de-boto-de-bestue\/","url":"https:\/\/pablocarpintero.es\/producto\/gaita-de-boto-de-bestue\/","name":"Gaita de boto de Bestu\u00e9 (s. XVII) - Pablo Carpintero","isPartOf":{"@id":"https:\/\/pablocarpintero.es\/#website"},"primaryImageOfPage":{"@id":"https:\/\/pablocarpintero.es\/producto\/gaita-de-boto-de-bestue\/#primaryimage"},"image":{"@id":"https:\/\/pablocarpintero.es\/producto\/gaita-de-boto-de-bestue\/#primaryimage"},"thumbnailUrl":"https:\/\/pablocarpintero.es\/wp-content\/uploads\/2021\/10\/DSC_5789.jpg","datePublished":"2021-10-23T17:07:08+00:00","dateModified":"2023-11-30T10:30:08+00:00","breadcrumb":{"@id":"https:\/\/pablocarpintero.es\/producto\/gaita-de-boto-de-bestue\/#breadcrumb"},"inLanguage":"es","potentialAction":[{"@type":"ReadAction","target":["https:\/\/pablocarpintero.es\/producto\/gaita-de-boto-de-bestue\/"]}]},{"@type":"ImageObject","inLanguage":"es","@id":"https:\/\/pablocarpintero.es\/producto\/gaita-de-boto-de-bestue\/#primaryimage","url":"https:\/\/pablocarpintero.es\/wp-content\/uploads\/2021\/10\/DSC_5789.jpg","contentUrl":"https:\/\/pablocarpintero.es\/wp-content\/uploads\/2021\/10\/DSC_5789.jpg","width":2005,"height":1339},{"@type":"BreadcrumbList","@id":"https:\/\/pablocarpintero.es\/producto\/gaita-de-boto-de-bestue\/#breadcrumb","itemListElement":[{"@type":"ListItem","position":1,"name":"Portada","item":"https:\/\/pablocarpintero.es\/inicio\/"},{"@type":"ListItem","position":2,"name":"Tienda","item":"https:\/\/pablocarpintero.es\/tienda\/"},{"@type":"ListItem","position":3,"name":"Gaita de boto de Bestu\u00e9 (s. XVII)"}]},{"@type":"WebSite","@id":"https:\/\/pablocarpintero.es\/#website","url":"https:\/\/pablocarpintero.es\/","name":"Pablo Carpintero","description":"Otro sitio realizado con WordPress","potentialAction":[{"@type":"SearchAction","target":{"@type":"EntryPoint","urlTemplate":"https:\/\/pablocarpintero.es\/?s={search_term_string}"},"query-input":{"@type":"PropertyValueSpecification","valueRequired":true,"valueName":"search_term_string"}}],"inLanguage":"es"}]}},"_links":{"self":[{"href":"https:\/\/pablocarpintero.es\/es\/wp-json\/wp\/v2\/product\/478","targetHints":{"allow":["GET"]}}],"collection":[{"href":"https:\/\/pablocarpintero.es\/es\/wp-json\/wp\/v2\/product"}],"about":[{"href":"https:\/\/pablocarpintero.es\/es\/wp-json\/wp\/v2\/types\/product"}],"replies":[{"embeddable":true,"href":"https:\/\/pablocarpintero.es\/es\/wp-json\/wp\/v2\/comments?post=478"}],"wp:featuredmedia":[{"embeddable":true,"href":"https:\/\/pablocarpintero.es\/es\/wp-json\/wp\/v2\/media\/923"}],"wp:attachment":[{"href":"https:\/\/pablocarpintero.es\/es\/wp-json\/wp\/v2\/media?parent=478"}],"wp:term":[{"taxonomy":"product_brand","embeddable":true,"href":"https:\/\/pablocarpintero.es\/es\/wp-json\/wp\/v2\/product_brand?post=478"},{"taxonomy":"product_cat","embeddable":true,"href":"https:\/\/pablocarpintero.es\/es\/wp-json\/wp\/v2\/product_cat?post=478"},{"taxonomy":"product_tag","embeddable":true,"href":"https:\/\/pablocarpintero.es\/es\/wp-json\/wp\/v2\/product_tag?post=478"}],"curies":[{"name":"wp","href":"https:\/\/api.w.org\/{rel}","templated":true}]}}