{"id":481,"date":"2021-10-23T17:12:50","date_gmt":"2021-10-23T17:12:50","guid":{"rendered":"https:\/\/pablocarpintero.es\/?post_type=product&#038;p=481"},"modified":"2021-11-09T05:36:20","modified_gmt":"2021-11-09T05:36:20","slug":"gaita-en-sogaita-en-sol","status":"publish","type":"product","link":"https:\/\/pablocarpintero.es\/es\/producto\/gaita-en-sogaita-en-sol\/","title":{"rendered":"Gaita de fol en Sol"},"content":{"rendered":"<p class=\"p1\">Esta gaita est\u00e1 basada en las gaitas de fuelle antiguas de A Terra Cha, su puntero emplea pajuelas mucho m\u00e1s grandes que las de Sol est\u00e1ndar y que nosotros mismos desarrollamos, es por eso que tiene un sonido mucho m\u00e1s potente y rico en harm\u00f3nicos que las gaitas en Sol derivadas del modelo que constru\u00eda Basilio Carril. Su escala es temperada y perfectamente crom\u00e1tica, es ligero en la emisi\u00f3n de las notas y f\u00e1cil de tocar. El ronc\u00f3n est\u00e1 tambi\u00e9n redimensionado respecto a un original antiguo, por cuanto emite un sonido pleno y potente. La fabricamos tambi\u00e9n equipada con un ronquillo de pajuela en Sol. <span class=\"Apple-converted-space\">\u00a0<\/span><\/p>\n<p>&nbsp;<\/p>\n<div  class='avia-video av-d0jnl-edec86241f0f27adc4080293a581bcaf avia-video-16-9 av-no-preview-image avia-video-load-always av-lazyload-immediate av-lazyload-video-embed'  itemprop=\"video\" itemtype=\"https:\/\/schema.org\/VideoObject\"  data-original_url='https:\/\/www.youtube.com\/watch?v=4uL8xUrJ0N8'><script type='text\/html' class='av-video-tmpl'><div class='avia-iframe-wrap'><iframe loading=\"lazy\" title=\"Mui\u00f1eira dos Barrios de Chantada con gaita en sol.\" width=\"1500\" height=\"844\" src=\"https:\/\/www.youtube.com\/embed\/4uL8xUrJ0N8?feature=oembed&autoplay=0&loop=0&controls=1&mute=0\" frameborder=\"0\" allow=\"accelerometer; autoplay; clipboard-write; encrypted-media; gyroscope; picture-in-picture\" allowfullscreen><\/iframe><\/div><\/script><div class='av-click-to-play-overlay'><div class=\"avia_playpause_icon\"><\/div><\/div><\/div>\n<p>&nbsp;<\/p>\n<div  class='avia-video av-9az0h-e5b2790ca1877fcbaeb5a1a04dd985e4 avia-video-16-9 av-no-preview-image avia-video-load-always av-lazyload-immediate av-lazyload-video-embed'  itemprop=\"video\" itemtype=\"https:\/\/schema.org\/VideoObject\"  data-original_url='https:\/\/www.youtube.com\/watch?v=8XYhuJPFblM'><script type='text\/html' class='av-video-tmpl'><div class='avia-iframe-wrap'><iframe loading=\"lazy\" title=\"Mui\u00f1eira de Barcala con gaita en sol con ronquillo\" width=\"1500\" height=\"844\" src=\"https:\/\/www.youtube.com\/embed\/8XYhuJPFblM?feature=oembed&autoplay=0&loop=0&controls=1&mute=0\" frameborder=\"0\" allow=\"accelerometer; autoplay; clipboard-write; encrypted-media; gyroscope; picture-in-picture\" allowfullscreen><\/iframe><\/div><\/script><div class='av-click-to-play-overlay'><div class=\"avia_playpause_icon\"><\/div><\/div><\/div>\n<p>&nbsp;<\/p>\n<p class=\"p1\"><strong>Compra por encargo<\/strong><\/p>\n<p class=\"p1\">Debido a las caracter\u00edsticas de las gaitas de fuelle antiguas, estas no tienen un precio fijo asignado, que depender\u00e1 del tipo de madera y de otras caracter\u00edsticas est\u00e9ticas que puedes escoger como anillados en diferentes materiales, flecos o ribeteados de los vestidos. Todas las r\u00e9plicas de gaitas de fuelle tienen una demora que depende de nuestra lista de espera. Consulta con nosotros para saber m\u00e1s.<\/p>\n<div  class='avia-button-wrap av-7w2e1-2cfff7366207172118f91cc6d7012c90-wrap avia-button-center  avia-builder-el-2  el_after_av_video  avia-builder-el-last'><a href='https:\/\/pablocarpintero.es\/es\/contactar\/'  class='avia-button av-7w2e1-2cfff7366207172118f91cc6d7012c90 avia-icon_select-yes-left-icon avia-size-small avia-position-center avia-color-theme-color'  ><span class='avia_button_icon avia_button_icon_left' aria-hidden='true' data-av_icon='\ue81f' data-av_iconfont='entypo-fontello'><\/span><span class='avia_iconbox_title' >Solicita informaci\u00f3n de precios<\/span><\/a><\/div>","protected":false},"excerpt":{"rendered":"<p>Esta gaita est\u00e1 baseada nas gaitas das Terra Cha, o seu punteiro emprega palletas moito m\u00e1is grandes que as palletas de Sol est\u00e1ndar, unhas palletas que n\u00f3s mesmos desenvolvemos, \u00e9 por iso que ten un son moito m\u00e1is potente e rico en harm\u00f3nicos que as gaitas en Sol derivadas do modelo que constru\u00eda Basilio Carril. [&hellip;]<\/p>\n","protected":false},"featured_media":847,"comment_status":"open","ping_status":"closed","template":"","meta":{"give_campaign_id":0,"_joinchat":[]},"product_brand":[],"product_cat":[20,29,18],"product_tag":[],"class_list":{"0":"post-481","1":"product","2":"type-product","3":"status-publish","4":"has-post-thumbnail","6":"product_cat-gaitas-de-fol","7":"product_cat-gaitas-de-fol-e-punteiros-galegos-con-escalas-temperadas-e-cromaticas","8":"product_cat-instrumentos-musicales","10":"first","11":"instock","12":"taxable","13":"shipping-taxable","14":"product-type-simple"},"yoast_head":"<!-- This site is optimized with the Yoast SEO plugin v27.2 - https:\/\/yoast.com\/product\/yoast-seo-wordpress\/ -->\n<title>Gaita de fol en Sol - Pablo Carpintero<\/title>\n<meta name=\"robots\" content=\"index, follow, max-snippet:-1, max-image-preview:large, max-video-preview:-1\" \/>\n<link rel=\"canonical\" href=\"https:\/\/pablocarpintero.es\/es\/producto\/gaita-en-sogaita-en-sol\/\" \/>\n<meta property=\"og:locale\" content=\"es_ES\" \/>\n<meta property=\"og:type\" content=\"article\" \/>\n<meta property=\"og:title\" content=\"Gaita de fol en Sol - Pablo Carpintero\" \/>\n<meta property=\"og:description\" content=\"Esta gaita est\u00e1 baseada nas gaitas das Terra Cha, o seu punteiro emprega palletas moito m\u00e1is grandes que as palletas de Sol est\u00e1ndar, unhas palletas que n\u00f3s mesmos desenvolvemos, \u00e9 por iso que ten un son moito m\u00e1is potente e rico en harm\u00f3nicos que as gaitas en Sol derivadas do modelo que constru\u00eda Basilio Carril. [&hellip;]\" \/>\n<meta property=\"og:url\" content=\"https:\/\/pablocarpintero.es\/es\/producto\/gaita-en-sogaita-en-sol\/\" \/>\n<meta property=\"og:site_name\" content=\"Pablo Carpintero\" \/>\n<meta property=\"article:modified_time\" content=\"2021-11-09T05:36:20+00:00\" \/>\n<meta property=\"og:image\" content=\"https:\/\/pablocarpintero.es\/wp-content\/uploads\/2021\/10\/Gaita-en-Sol-Pablp-Carpintero.jpg\" \/>\n\t<meta property=\"og:image:width\" content=\"2144\" \/>\n\t<meta property=\"og:image:height\" content=\"1424\" \/>\n\t<meta property=\"og:image:type\" content=\"image\/jpeg\" \/>\n<meta name=\"twitter:card\" content=\"summary_large_image\" \/>\n<meta name=\"twitter:label1\" content=\"Tiempo de lectura\" \/>\n\t<meta name=\"twitter:data1\" content=\"3 minutos\" \/>\n<script type=\"application\/ld+json\" class=\"yoast-schema-graph\">{\"@context\":\"https:\/\/schema.org\",\"@graph\":[{\"@type\":\"WebPage\",\"@id\":\"https:\/\/pablocarpintero.es\/producto\/gaita-en-sogaita-en-sol\/\",\"url\":\"https:\/\/pablocarpintero.es\/producto\/gaita-en-sogaita-en-sol\/\",\"name\":\"Gaita de fol en Sol - Pablo Carpintero\",\"isPartOf\":{\"@id\":\"https:\/\/pablocarpintero.es\/#website\"},\"primaryImageOfPage\":{\"@id\":\"https:\/\/pablocarpintero.es\/producto\/gaita-en-sogaita-en-sol\/#primaryimage\"},\"image\":{\"@id\":\"https:\/\/pablocarpintero.es\/producto\/gaita-en-sogaita-en-sol\/#primaryimage\"},\"thumbnailUrl\":\"https:\/\/pablocarpintero.es\/wp-content\/uploads\/2021\/10\/Gaita-en-Sol-Pablp-Carpintero.jpg\",\"datePublished\":\"2021-10-23T17:12:50+00:00\",\"dateModified\":\"2021-11-09T05:36:20+00:00\",\"breadcrumb\":{\"@id\":\"https:\/\/pablocarpintero.es\/producto\/gaita-en-sogaita-en-sol\/#breadcrumb\"},\"inLanguage\":\"es\",\"potentialAction\":[{\"@type\":\"ReadAction\",\"target\":[\"https:\/\/pablocarpintero.es\/producto\/gaita-en-sogaita-en-sol\/\"]}]},{\"@type\":\"ImageObject\",\"inLanguage\":\"es\",\"@id\":\"https:\/\/pablocarpintero.es\/producto\/gaita-en-sogaita-en-sol\/#primaryimage\",\"url\":\"https:\/\/pablocarpintero.es\/wp-content\/uploads\/2021\/10\/Gaita-en-Sol-Pablp-Carpintero.jpg\",\"contentUrl\":\"https:\/\/pablocarpintero.es\/wp-content\/uploads\/2021\/10\/Gaita-en-Sol-Pablp-Carpintero.jpg\",\"width\":2144,\"height\":1424},{\"@type\":\"BreadcrumbList\",\"@id\":\"https:\/\/pablocarpintero.es\/producto\/gaita-en-sogaita-en-sol\/#breadcrumb\",\"itemListElement\":[{\"@type\":\"ListItem\",\"position\":1,\"name\":\"Portada\",\"item\":\"https:\/\/pablocarpintero.es\/inicio\/\"},{\"@type\":\"ListItem\",\"position\":2,\"name\":\"Tienda\",\"item\":\"https:\/\/pablocarpintero.es\/tienda\/\"},{\"@type\":\"ListItem\",\"position\":3,\"name\":\"Gaita de fol en Sol\"}]},{\"@type\":\"WebSite\",\"@id\":\"https:\/\/pablocarpintero.es\/#website\",\"url\":\"https:\/\/pablocarpintero.es\/\",\"name\":\"Pablo Carpintero\",\"description\":\"Otro sitio realizado con WordPress\",\"potentialAction\":[{\"@type\":\"SearchAction\",\"target\":{\"@type\":\"EntryPoint\",\"urlTemplate\":\"https:\/\/pablocarpintero.es\/?s={search_term_string}\"},\"query-input\":{\"@type\":\"PropertyValueSpecification\",\"valueRequired\":true,\"valueName\":\"search_term_string\"}}],\"inLanguage\":\"es\"}]}<\/script>\n<!-- \/ Yoast SEO plugin. -->","yoast_head_json":{"title":"Gaita de fol en Sol - Pablo Carpintero","robots":{"index":"index","follow":"follow","max-snippet":"max-snippet:-1","max-image-preview":"max-image-preview:large","max-video-preview":"max-video-preview:-1"},"canonical":"https:\/\/pablocarpintero.es\/es\/producto\/gaita-en-sogaita-en-sol\/","og_locale":"es_ES","og_type":"article","og_title":"Gaita de fol en Sol - Pablo Carpintero","og_description":"Esta gaita est\u00e1 baseada nas gaitas das Terra Cha, o seu punteiro emprega palletas moito m\u00e1is grandes que as palletas de Sol est\u00e1ndar, unhas palletas que n\u00f3s mesmos desenvolvemos, \u00e9 por iso que ten un son moito m\u00e1is potente e rico en harm\u00f3nicos que as gaitas en Sol derivadas do modelo que constru\u00eda Basilio Carril. [&hellip;]","og_url":"https:\/\/pablocarpintero.es\/es\/producto\/gaita-en-sogaita-en-sol\/","og_site_name":"Pablo Carpintero","article_modified_time":"2021-11-09T05:36:20+00:00","og_image":[{"width":2144,"height":1424,"url":"https:\/\/pablocarpintero.es\/wp-content\/uploads\/2021\/10\/Gaita-en-Sol-Pablp-Carpintero.jpg","type":"image\/jpeg"}],"twitter_card":"summary_large_image","twitter_misc":{"Tiempo de lectura":"3 minutos"},"schema":{"@context":"https:\/\/schema.org","@graph":[{"@type":"WebPage","@id":"https:\/\/pablocarpintero.es\/producto\/gaita-en-sogaita-en-sol\/","url":"https:\/\/pablocarpintero.es\/producto\/gaita-en-sogaita-en-sol\/","name":"Gaita de fol en Sol - Pablo Carpintero","isPartOf":{"@id":"https:\/\/pablocarpintero.es\/#website"},"primaryImageOfPage":{"@id":"https:\/\/pablocarpintero.es\/producto\/gaita-en-sogaita-en-sol\/#primaryimage"},"image":{"@id":"https:\/\/pablocarpintero.es\/producto\/gaita-en-sogaita-en-sol\/#primaryimage"},"thumbnailUrl":"https:\/\/pablocarpintero.es\/wp-content\/uploads\/2021\/10\/Gaita-en-Sol-Pablp-Carpintero.jpg","datePublished":"2021-10-23T17:12:50+00:00","dateModified":"2021-11-09T05:36:20+00:00","breadcrumb":{"@id":"https:\/\/pablocarpintero.es\/producto\/gaita-en-sogaita-en-sol\/#breadcrumb"},"inLanguage":"es","potentialAction":[{"@type":"ReadAction","target":["https:\/\/pablocarpintero.es\/producto\/gaita-en-sogaita-en-sol\/"]}]},{"@type":"ImageObject","inLanguage":"es","@id":"https:\/\/pablocarpintero.es\/producto\/gaita-en-sogaita-en-sol\/#primaryimage","url":"https:\/\/pablocarpintero.es\/wp-content\/uploads\/2021\/10\/Gaita-en-Sol-Pablp-Carpintero.jpg","contentUrl":"https:\/\/pablocarpintero.es\/wp-content\/uploads\/2021\/10\/Gaita-en-Sol-Pablp-Carpintero.jpg","width":2144,"height":1424},{"@type":"BreadcrumbList","@id":"https:\/\/pablocarpintero.es\/producto\/gaita-en-sogaita-en-sol\/#breadcrumb","itemListElement":[{"@type":"ListItem","position":1,"name":"Portada","item":"https:\/\/pablocarpintero.es\/inicio\/"},{"@type":"ListItem","position":2,"name":"Tienda","item":"https:\/\/pablocarpintero.es\/tienda\/"},{"@type":"ListItem","position":3,"name":"Gaita de fol en Sol"}]},{"@type":"WebSite","@id":"https:\/\/pablocarpintero.es\/#website","url":"https:\/\/pablocarpintero.es\/","name":"Pablo Carpintero","description":"Otro sitio realizado con WordPress","potentialAction":[{"@type":"SearchAction","target":{"@type":"EntryPoint","urlTemplate":"https:\/\/pablocarpintero.es\/?s={search_term_string}"},"query-input":{"@type":"PropertyValueSpecification","valueRequired":true,"valueName":"search_term_string"}}],"inLanguage":"es"}]}},"_links":{"self":[{"href":"https:\/\/pablocarpintero.es\/es\/wp-json\/wp\/v2\/product\/481","targetHints":{"allow":["GET"]}}],"collection":[{"href":"https:\/\/pablocarpintero.es\/es\/wp-json\/wp\/v2\/product"}],"about":[{"href":"https:\/\/pablocarpintero.es\/es\/wp-json\/wp\/v2\/types\/product"}],"replies":[{"embeddable":true,"href":"https:\/\/pablocarpintero.es\/es\/wp-json\/wp\/v2\/comments?post=481"}],"wp:featuredmedia":[{"embeddable":true,"href":"https:\/\/pablocarpintero.es\/es\/wp-json\/wp\/v2\/media\/847"}],"wp:attachment":[{"href":"https:\/\/pablocarpintero.es\/es\/wp-json\/wp\/v2\/media?parent=481"}],"wp:term":[{"taxonomy":"product_brand","embeddable":true,"href":"https:\/\/pablocarpintero.es\/es\/wp-json\/wp\/v2\/product_brand?post=481"},{"taxonomy":"product_cat","embeddable":true,"href":"https:\/\/pablocarpintero.es\/es\/wp-json\/wp\/v2\/product_cat?post=481"},{"taxonomy":"product_tag","embeddable":true,"href":"https:\/\/pablocarpintero.es\/es\/wp-json\/wp\/v2\/product_tag?post=481"}],"curies":[{"name":"wp","href":"https:\/\/api.w.org\/{rel}","templated":true}]}}