{"id":488,"date":"2021-10-23T17:38:10","date_gmt":"2021-10-23T17:38:10","guid":{"rendered":"https:\/\/pablocarpintero.es\/?post_type=product&#038;p=488"},"modified":"2025-12-02T08:40:31","modified_gmt":"2025-12-02T08:40:31","slug":"punteiro-mirandes-en-sib-temperado-e-cromatico","status":"publish","type":"product","link":"https:\/\/pablocarpintero.es\/es\/producto\/punteiro-mirandes-en-sib-temperado-e-cromatico\/","title":{"rendered":"Puntero mirand\u00e9s en Sib temperado y crom\u00e1tico"},"content":{"rendered":"<p class=\"p1\">Desarrollado en base a la puntera n\u00ba 64 de la colecci\u00f3n del Museu da Terra de Miranda que puedes ver <a href=\"https:\/\/pablocarpintero.es\/es\/producto\/punteiro-no-64-do-museu-da-terra-de-miranda\/\">aqu\u00ed<\/a>. Utiliza ca\u00f1as antiguas, una puntera de sonido amplio y potente que emite una escala temperada y crom\u00e1tica con la t\u00f3nica en Sib. Tiene la posibilidad de dar tres terceros grados distintos: uno exactamente temperado, emitido con la postura del cuarto grado pero interponiendo el dedocoraz\u00f3n; otro ajustado al bord\u00f3n (15 cents grave respecto al temperado) emitido con la postura normal del tercer grado abierto; y otro de tercer grado rebajado, que se consigue con esta misma postura pero interponiendo el dedo anular.<span class=\"Apple-converted-space\">\u00a0<\/span><\/p>\n<p class=\"p1\">Debido al uso de ca\u00f1as construidas de la forma antigua trasmontana, es decir, solo con la parte blanda de la ca\u00f1a, esta puntera conserva el timbre propiamente mirand\u00e9s. Aqu\u00ed hay algunos videos que explican ciertos aspectos del cambio de la escala mirandesa a una escala temperada y crom\u00e1tica.<\/p>\n<p>&nbsp;<\/p>\n<div  class='avia-video av-hf2fw-f7af19e325c35c866a2d5bee8c656a44 avia-video-16-9 av-no-preview-image avia-video-load-always av-lazyload-immediate av-lazyload-video-embed'  itemprop=\"video\" itemtype=\"https:\/\/schema.org\/VideoObject\"  data-original_url='https:\/\/www.youtube.com\/watch?v=en0MdPCuwag&amp;t=136s'><script type='text\/html' class='av-video-tmpl'><div class='avia-iframe-wrap'><iframe loading=\"lazy\" title=\"R\u00e9plicas de d\u00faas punteiras mirandesas do Museu da Terra de Miranda e a ponteira em Do\" width=\"1500\" height=\"844\" src=\"https:\/\/www.youtube.com\/embed\/en0MdPCuwag?start=136&feature=oembed&autoplay=0&loop=0&controls=1&mute=0\" frameborder=\"0\" allow=\"accelerometer; autoplay; clipboard-write; encrypted-media; gyroscope; picture-in-picture\" allowfullscreen><\/iframe><\/div><\/script><div class='av-click-to-play-overlay'><div class=\"avia_playpause_icon\"><\/div><\/div><\/div>","protected":false},"excerpt":{"rendered":"<p>Desenvolvido en base ao punteiro n\u00ba 64 da colecci\u00f3n do Museu da Terra de Miranda que podedes ver aqu\u00ed. Emprega palletas mirandesas antigas, un punteiro de son amplo e potente que emite unha escala temperada e crom\u00e1tica coa t\u00f3nica en Sib. Ten a posibilidade de dar tres terceiros graos diferentes: un exactamente temperado, emitido coa [&hellip;]<\/p>\n","protected":false},"featured_media":933,"comment_status":"open","ping_status":"closed","template":"","meta":{"give_campaign_id":0,"_joinchat":[]},"product_brand":[],"product_cat":[20,18,45],"product_tag":[],"class_list":{"0":"post-488","1":"product","2":"type-product","3":"status-publish","4":"has-post-thumbnail","6":"product_cat-gaitas-de-fol","7":"product_cat-instrumentos-musicales","8":"product_cat-outras-gaitas-de-fol-e-punteiros-do-noroeste-con-escalas-temperadas-e-cromaticas","10":"first","11":"instock","12":"taxable","13":"shipping-taxable","14":"purchasable","15":"product-type-simple"},"yoast_head":"<!-- This site is optimized with the Yoast SEO plugin v27.2 - https:\/\/yoast.com\/product\/yoast-seo-wordpress\/ -->\n<title>Punteiro mirand\u00e9s en Sib temperado e crom\u00e1tico - Pablo Carpintero<\/title>\n<meta name=\"robots\" content=\"index, follow, max-snippet:-1, max-image-preview:large, max-video-preview:-1\" \/>\n<link rel=\"canonical\" href=\"https:\/\/pablocarpintero.es\/es\/producto\/punteiro-mirandes-en-sib-temperado-e-cromatico\/\" \/>\n<meta property=\"og:locale\" content=\"es_ES\" \/>\n<meta property=\"og:type\" content=\"article\" \/>\n<meta property=\"og:title\" content=\"Punteiro mirand\u00e9s en Sib temperado e crom\u00e1tico - Pablo Carpintero\" \/>\n<meta property=\"og:description\" content=\"Desenvolvido en base ao punteiro n\u00ba 64 da colecci\u00f3n do Museu da Terra de Miranda que podedes ver aqu\u00ed. Emprega palletas mirandesas antigas, un punteiro de son amplo e potente que emite unha escala temperada e crom\u00e1tica coa t\u00f3nica en Sib. Ten a posibilidade de dar tres terceiros graos diferentes: un exactamente temperado, emitido coa [&hellip;]\" \/>\n<meta property=\"og:url\" content=\"https:\/\/pablocarpintero.es\/es\/producto\/punteiro-mirandes-en-sib-temperado-e-cromatico\/\" \/>\n<meta property=\"og:site_name\" content=\"Pablo Carpintero\" \/>\n<meta property=\"article:modified_time\" content=\"2025-12-02T08:40:31+00:00\" \/>\n<meta property=\"og:image\" content=\"https:\/\/pablocarpintero.es\/wp-content\/uploads\/2021\/10\/DSC_5880.jpg\" \/>\n\t<meta property=\"og:image:width\" content=\"2005\" \/>\n\t<meta property=\"og:image:height\" content=\"1339\" \/>\n\t<meta property=\"og:image:type\" content=\"image\/jpeg\" \/>\n<meta name=\"twitter:card\" content=\"summary_large_image\" \/>\n<meta name=\"twitter:label1\" content=\"Tiempo de lectura\" \/>\n\t<meta name=\"twitter:data1\" content=\"1 minuto\" \/>\n<script type=\"application\/ld+json\" class=\"yoast-schema-graph\">{\"@context\":\"https:\/\/schema.org\",\"@graph\":[{\"@type\":\"WebPage\",\"@id\":\"https:\/\/pablocarpintero.es\/producto\/punteiro-mirandes-en-sib-temperado-e-cromatico\/\",\"url\":\"https:\/\/pablocarpintero.es\/producto\/punteiro-mirandes-en-sib-temperado-e-cromatico\/\",\"name\":\"Punteiro mirand\u00e9s en Sib temperado e crom\u00e1tico - Pablo Carpintero\",\"isPartOf\":{\"@id\":\"https:\/\/pablocarpintero.es\/#website\"},\"primaryImageOfPage\":{\"@id\":\"https:\/\/pablocarpintero.es\/producto\/punteiro-mirandes-en-sib-temperado-e-cromatico\/#primaryimage\"},\"image\":{\"@id\":\"https:\/\/pablocarpintero.es\/producto\/punteiro-mirandes-en-sib-temperado-e-cromatico\/#primaryimage\"},\"thumbnailUrl\":\"https:\/\/pablocarpintero.es\/wp-content\/uploads\/2021\/10\/DSC_5880.jpg\",\"datePublished\":\"2021-10-23T17:38:10+00:00\",\"dateModified\":\"2025-12-02T08:40:31+00:00\",\"breadcrumb\":{\"@id\":\"https:\/\/pablocarpintero.es\/producto\/punteiro-mirandes-en-sib-temperado-e-cromatico\/#breadcrumb\"},\"inLanguage\":\"es\",\"potentialAction\":[{\"@type\":\"ReadAction\",\"target\":[\"https:\/\/pablocarpintero.es\/producto\/punteiro-mirandes-en-sib-temperado-e-cromatico\/\"]}]},{\"@type\":\"ImageObject\",\"inLanguage\":\"es\",\"@id\":\"https:\/\/pablocarpintero.es\/producto\/punteiro-mirandes-en-sib-temperado-e-cromatico\/#primaryimage\",\"url\":\"https:\/\/pablocarpintero.es\/wp-content\/uploads\/2021\/10\/DSC_5880.jpg\",\"contentUrl\":\"https:\/\/pablocarpintero.es\/wp-content\/uploads\/2021\/10\/DSC_5880.jpg\",\"width\":2005,\"height\":1339},{\"@type\":\"BreadcrumbList\",\"@id\":\"https:\/\/pablocarpintero.es\/producto\/punteiro-mirandes-en-sib-temperado-e-cromatico\/#breadcrumb\",\"itemListElement\":[{\"@type\":\"ListItem\",\"position\":1,\"name\":\"Portada\",\"item\":\"https:\/\/pablocarpintero.es\/inicio\/\"},{\"@type\":\"ListItem\",\"position\":2,\"name\":\"Tienda\",\"item\":\"https:\/\/pablocarpintero.es\/tienda\/\"},{\"@type\":\"ListItem\",\"position\":3,\"name\":\"Punteiro mirand\u00e9s en Sib temperado e crom\u00e1tico\"}]},{\"@type\":\"WebSite\",\"@id\":\"https:\/\/pablocarpintero.es\/#website\",\"url\":\"https:\/\/pablocarpintero.es\/\",\"name\":\"Pablo Carpintero\",\"description\":\"Otro sitio realizado con WordPress\",\"potentialAction\":[{\"@type\":\"SearchAction\",\"target\":{\"@type\":\"EntryPoint\",\"urlTemplate\":\"https:\/\/pablocarpintero.es\/?s={search_term_string}\"},\"query-input\":{\"@type\":\"PropertyValueSpecification\",\"valueRequired\":true,\"valueName\":\"search_term_string\"}}],\"inLanguage\":\"es\"}]}<\/script>\n<!-- \/ Yoast SEO plugin. -->","yoast_head_json":{"title":"Punteiro mirand\u00e9s en Sib temperado e crom\u00e1tico - Pablo Carpintero","robots":{"index":"index","follow":"follow","max-snippet":"max-snippet:-1","max-image-preview":"max-image-preview:large","max-video-preview":"max-video-preview:-1"},"canonical":"https:\/\/pablocarpintero.es\/es\/producto\/punteiro-mirandes-en-sib-temperado-e-cromatico\/","og_locale":"es_ES","og_type":"article","og_title":"Punteiro mirand\u00e9s en Sib temperado e crom\u00e1tico - Pablo Carpintero","og_description":"Desenvolvido en base ao punteiro n\u00ba 64 da colecci\u00f3n do Museu da Terra de Miranda que podedes ver aqu\u00ed. Emprega palletas mirandesas antigas, un punteiro de son amplo e potente que emite unha escala temperada e crom\u00e1tica coa t\u00f3nica en Sib. Ten a posibilidade de dar tres terceiros graos diferentes: un exactamente temperado, emitido coa [&hellip;]","og_url":"https:\/\/pablocarpintero.es\/es\/producto\/punteiro-mirandes-en-sib-temperado-e-cromatico\/","og_site_name":"Pablo Carpintero","article_modified_time":"2025-12-02T08:40:31+00:00","og_image":[{"width":2005,"height":1339,"url":"https:\/\/pablocarpintero.es\/wp-content\/uploads\/2021\/10\/DSC_5880.jpg","type":"image\/jpeg"}],"twitter_card":"summary_large_image","twitter_misc":{"Tiempo de lectura":"1 minuto"},"schema":{"@context":"https:\/\/schema.org","@graph":[{"@type":"WebPage","@id":"https:\/\/pablocarpintero.es\/producto\/punteiro-mirandes-en-sib-temperado-e-cromatico\/","url":"https:\/\/pablocarpintero.es\/producto\/punteiro-mirandes-en-sib-temperado-e-cromatico\/","name":"Punteiro mirand\u00e9s en Sib temperado e crom\u00e1tico - Pablo Carpintero","isPartOf":{"@id":"https:\/\/pablocarpintero.es\/#website"},"primaryImageOfPage":{"@id":"https:\/\/pablocarpintero.es\/producto\/punteiro-mirandes-en-sib-temperado-e-cromatico\/#primaryimage"},"image":{"@id":"https:\/\/pablocarpintero.es\/producto\/punteiro-mirandes-en-sib-temperado-e-cromatico\/#primaryimage"},"thumbnailUrl":"https:\/\/pablocarpintero.es\/wp-content\/uploads\/2021\/10\/DSC_5880.jpg","datePublished":"2021-10-23T17:38:10+00:00","dateModified":"2025-12-02T08:40:31+00:00","breadcrumb":{"@id":"https:\/\/pablocarpintero.es\/producto\/punteiro-mirandes-en-sib-temperado-e-cromatico\/#breadcrumb"},"inLanguage":"es","potentialAction":[{"@type":"ReadAction","target":["https:\/\/pablocarpintero.es\/producto\/punteiro-mirandes-en-sib-temperado-e-cromatico\/"]}]},{"@type":"ImageObject","inLanguage":"es","@id":"https:\/\/pablocarpintero.es\/producto\/punteiro-mirandes-en-sib-temperado-e-cromatico\/#primaryimage","url":"https:\/\/pablocarpintero.es\/wp-content\/uploads\/2021\/10\/DSC_5880.jpg","contentUrl":"https:\/\/pablocarpintero.es\/wp-content\/uploads\/2021\/10\/DSC_5880.jpg","width":2005,"height":1339},{"@type":"BreadcrumbList","@id":"https:\/\/pablocarpintero.es\/producto\/punteiro-mirandes-en-sib-temperado-e-cromatico\/#breadcrumb","itemListElement":[{"@type":"ListItem","position":1,"name":"Portada","item":"https:\/\/pablocarpintero.es\/inicio\/"},{"@type":"ListItem","position":2,"name":"Tienda","item":"https:\/\/pablocarpintero.es\/tienda\/"},{"@type":"ListItem","position":3,"name":"Punteiro mirand\u00e9s en Sib temperado e crom\u00e1tico"}]},{"@type":"WebSite","@id":"https:\/\/pablocarpintero.es\/#website","url":"https:\/\/pablocarpintero.es\/","name":"Pablo Carpintero","description":"Otro sitio realizado con WordPress","potentialAction":[{"@type":"SearchAction","target":{"@type":"EntryPoint","urlTemplate":"https:\/\/pablocarpintero.es\/?s={search_term_string}"},"query-input":{"@type":"PropertyValueSpecification","valueRequired":true,"valueName":"search_term_string"}}],"inLanguage":"es"}]}},"_links":{"self":[{"href":"https:\/\/pablocarpintero.es\/es\/wp-json\/wp\/v2\/product\/488","targetHints":{"allow":["GET"]}}],"collection":[{"href":"https:\/\/pablocarpintero.es\/es\/wp-json\/wp\/v2\/product"}],"about":[{"href":"https:\/\/pablocarpintero.es\/es\/wp-json\/wp\/v2\/types\/product"}],"replies":[{"embeddable":true,"href":"https:\/\/pablocarpintero.es\/es\/wp-json\/wp\/v2\/comments?post=488"}],"wp:featuredmedia":[{"embeddable":true,"href":"https:\/\/pablocarpintero.es\/es\/wp-json\/wp\/v2\/media\/933"}],"wp:attachment":[{"href":"https:\/\/pablocarpintero.es\/es\/wp-json\/wp\/v2\/media?parent=488"}],"wp:term":[{"taxonomy":"product_brand","embeddable":true,"href":"https:\/\/pablocarpintero.es\/es\/wp-json\/wp\/v2\/product_brand?post=488"},{"taxonomy":"product_cat","embeddable":true,"href":"https:\/\/pablocarpintero.es\/es\/wp-json\/wp\/v2\/product_cat?post=488"},{"taxonomy":"product_tag","embeddable":true,"href":"https:\/\/pablocarpintero.es\/es\/wp-json\/wp\/v2\/product_tag?post=488"}],"curies":[{"name":"wp","href":"https:\/\/api.w.org\/{rel}","templated":true}]}}