{"id":495,"date":"2021-10-24T19:18:23","date_gmt":"2021-10-24T19:18:23","guid":{"rendered":"https:\/\/pablocarpintero.es\/?post_type=product&#038;p=495"},"modified":"2025-12-02T08:36:18","modified_gmt":"2025-12-02T08:36:18","slug":"grall-mallorquin-en-do-temperado-e-cromatico","status":"publish","type":"product","link":"https:\/\/pablocarpintero.es\/es\/producto\/grall-mallorquin-en-do-temperado-e-cromatico\/","title":{"rendered":"Grall mallorqu\u00edn en Do# temperado y crom\u00e1tico"},"content":{"rendered":"<p class=\"p1\">En base al cono interno da xeremie antigua de Tugores que pod\u00e9is ver <a href=\"https:\/\/pablocarpintero.es\/es\/instrumentos-musicais\/gaitas-de-fol\/replicas-de-gaitas-de-fol-antigas\/replicas-de-gaitas-mallorquinas\/\">aqu\u00ed<\/a>, desarrollamos este grall en Do# con una escala temperada y crom\u00e1tica que utiliza ca\u00f1as gallegas modernas, por lo que tiene un timbre ligeramente modificado respecto a los antiguos mallorquines. Tambi\u00e9n podemos hacerlo sonar con ca\u00f1as tradicionales mallorquinas, cuadradas y con el tudel hecho con la propia ca\u00f1a, para que conserve el timbre mallorqu\u00edn original.<span class=\"Apple-converted-space\">\u00a0<\/span><\/p>","protected":false},"excerpt":{"rendered":"<p>En base ao cono interno da xeremie antiga de Tugores que podedes ver aqu\u00ed, \u00a0desenvolvemos este grall en Do# con escala temperada e crom\u00e1tica que emprega palletas modernas galegas, e polo tanto ten o timbre lixeiramente modificado. Podemos fabricalo tam\u00e9n para sonar con palletas tradicionais mallorquinas, cadradas e co tudel feito coa propia cana, de [&hellip;]<\/p>\n","protected":false},"featured_media":931,"comment_status":"open","ping_status":"closed","template":"","meta":{"give_campaign_id":0,"_joinchat":[]},"product_brand":[],"product_cat":[20,18,45],"product_tag":[],"class_list":{"0":"post-495","1":"product","2":"type-product","3":"status-publish","4":"has-post-thumbnail","6":"product_cat-gaitas-de-fol","7":"product_cat-instrumentos-musicales","8":"product_cat-outras-gaitas-de-fol-e-punteiros-do-noroeste-con-escalas-temperadas-e-cromaticas","10":"first","11":"instock","12":"taxable","13":"shipping-taxable","14":"purchasable","15":"product-type-simple"},"yoast_head":"<!-- This site is optimized with the Yoast SEO plugin v27.2 - https:\/\/yoast.com\/product\/yoast-seo-wordpress\/ -->\n<title>Grall mallorqu\u00edn en Do# temperado e crom\u00e1tico - Pablo Carpintero<\/title>\n<meta name=\"robots\" content=\"index, follow, max-snippet:-1, max-image-preview:large, max-video-preview:-1\" \/>\n<link rel=\"canonical\" href=\"https:\/\/pablocarpintero.es\/es\/producto\/grall-mallorquin-en-do-temperado-e-cromatico\/\" \/>\n<meta property=\"og:locale\" content=\"es_ES\" \/>\n<meta property=\"og:type\" content=\"article\" \/>\n<meta property=\"og:title\" content=\"Grall mallorqu\u00edn en Do# temperado e crom\u00e1tico - Pablo Carpintero\" \/>\n<meta property=\"og:description\" content=\"En base ao cono interno da xeremie antiga de Tugores que podedes ver aqu\u00ed, \u00a0desenvolvemos este grall en Do# con escala temperada e crom\u00e1tica que emprega palletas modernas galegas, e polo tanto ten o timbre lixeiramente modificado. Podemos fabricalo tam\u00e9n para sonar con palletas tradicionais mallorquinas, cadradas e co tudel feito coa propia cana, de [&hellip;]\" \/>\n<meta property=\"og:url\" content=\"https:\/\/pablocarpintero.es\/es\/producto\/grall-mallorquin-en-do-temperado-e-cromatico\/\" \/>\n<meta property=\"og:site_name\" content=\"Pablo Carpintero\" \/>\n<meta property=\"article:modified_time\" content=\"2025-12-02T08:36:18+00:00\" \/>\n<meta property=\"og:image\" content=\"https:\/\/pablocarpintero.es\/wp-content\/uploads\/2021\/10\/DSC_5895.jpg\" \/>\n\t<meta property=\"og:image:width\" content=\"2005\" \/>\n\t<meta property=\"og:image:height\" content=\"1339\" \/>\n\t<meta property=\"og:image:type\" content=\"image\/jpeg\" \/>\n<meta name=\"twitter:card\" content=\"summary_large_image\" \/>\n<script type=\"application\/ld+json\" class=\"yoast-schema-graph\">{\"@context\":\"https:\/\/schema.org\",\"@graph\":[{\"@type\":\"WebPage\",\"@id\":\"https:\/\/pablocarpintero.es\/producto\/grall-mallorquin-en-do-temperado-e-cromatico\/\",\"url\":\"https:\/\/pablocarpintero.es\/producto\/grall-mallorquin-en-do-temperado-e-cromatico\/\",\"name\":\"Grall mallorqu\u00edn en Do# temperado e crom\u00e1tico - Pablo Carpintero\",\"isPartOf\":{\"@id\":\"https:\/\/pablocarpintero.es\/#website\"},\"primaryImageOfPage\":{\"@id\":\"https:\/\/pablocarpintero.es\/producto\/grall-mallorquin-en-do-temperado-e-cromatico\/#primaryimage\"},\"image\":{\"@id\":\"https:\/\/pablocarpintero.es\/producto\/grall-mallorquin-en-do-temperado-e-cromatico\/#primaryimage\"},\"thumbnailUrl\":\"https:\/\/pablocarpintero.es\/wp-content\/uploads\/2021\/10\/DSC_5895.jpg\",\"datePublished\":\"2021-10-24T19:18:23+00:00\",\"dateModified\":\"2025-12-02T08:36:18+00:00\",\"breadcrumb\":{\"@id\":\"https:\/\/pablocarpintero.es\/producto\/grall-mallorquin-en-do-temperado-e-cromatico\/#breadcrumb\"},\"inLanguage\":\"es\",\"potentialAction\":[{\"@type\":\"ReadAction\",\"target\":[\"https:\/\/pablocarpintero.es\/producto\/grall-mallorquin-en-do-temperado-e-cromatico\/\"]}]},{\"@type\":\"ImageObject\",\"inLanguage\":\"es\",\"@id\":\"https:\/\/pablocarpintero.es\/producto\/grall-mallorquin-en-do-temperado-e-cromatico\/#primaryimage\",\"url\":\"https:\/\/pablocarpintero.es\/wp-content\/uploads\/2021\/10\/DSC_5895.jpg\",\"contentUrl\":\"https:\/\/pablocarpintero.es\/wp-content\/uploads\/2021\/10\/DSC_5895.jpg\",\"width\":2005,\"height\":1339},{\"@type\":\"BreadcrumbList\",\"@id\":\"https:\/\/pablocarpintero.es\/producto\/grall-mallorquin-en-do-temperado-e-cromatico\/#breadcrumb\",\"itemListElement\":[{\"@type\":\"ListItem\",\"position\":1,\"name\":\"Portada\",\"item\":\"https:\/\/pablocarpintero.es\/inicio\/\"},{\"@type\":\"ListItem\",\"position\":2,\"name\":\"Tienda\",\"item\":\"https:\/\/pablocarpintero.es\/tienda\/\"},{\"@type\":\"ListItem\",\"position\":3,\"name\":\"Grall mallorqu\u00edn en Do# temperado e crom\u00e1tico\"}]},{\"@type\":\"WebSite\",\"@id\":\"https:\/\/pablocarpintero.es\/#website\",\"url\":\"https:\/\/pablocarpintero.es\/\",\"name\":\"Pablo Carpintero\",\"description\":\"Otro sitio realizado con WordPress\",\"potentialAction\":[{\"@type\":\"SearchAction\",\"target\":{\"@type\":\"EntryPoint\",\"urlTemplate\":\"https:\/\/pablocarpintero.es\/?s={search_term_string}\"},\"query-input\":{\"@type\":\"PropertyValueSpecification\",\"valueRequired\":true,\"valueName\":\"search_term_string\"}}],\"inLanguage\":\"es\"}]}<\/script>\n<!-- \/ Yoast SEO plugin. -->","yoast_head_json":{"title":"Grall mallorqu\u00edn en Do# temperado e crom\u00e1tico - Pablo Carpintero","robots":{"index":"index","follow":"follow","max-snippet":"max-snippet:-1","max-image-preview":"max-image-preview:large","max-video-preview":"max-video-preview:-1"},"canonical":"https:\/\/pablocarpintero.es\/es\/producto\/grall-mallorquin-en-do-temperado-e-cromatico\/","og_locale":"es_ES","og_type":"article","og_title":"Grall mallorqu\u00edn en Do# temperado e crom\u00e1tico - Pablo Carpintero","og_description":"En base ao cono interno da xeremie antiga de Tugores que podedes ver aqu\u00ed, \u00a0desenvolvemos este grall en Do# con escala temperada e crom\u00e1tica que emprega palletas modernas galegas, e polo tanto ten o timbre lixeiramente modificado. Podemos fabricalo tam\u00e9n para sonar con palletas tradicionais mallorquinas, cadradas e co tudel feito coa propia cana, de [&hellip;]","og_url":"https:\/\/pablocarpintero.es\/es\/producto\/grall-mallorquin-en-do-temperado-e-cromatico\/","og_site_name":"Pablo Carpintero","article_modified_time":"2025-12-02T08:36:18+00:00","og_image":[{"width":2005,"height":1339,"url":"https:\/\/pablocarpintero.es\/wp-content\/uploads\/2021\/10\/DSC_5895.jpg","type":"image\/jpeg"}],"twitter_card":"summary_large_image","schema":{"@context":"https:\/\/schema.org","@graph":[{"@type":"WebPage","@id":"https:\/\/pablocarpintero.es\/producto\/grall-mallorquin-en-do-temperado-e-cromatico\/","url":"https:\/\/pablocarpintero.es\/producto\/grall-mallorquin-en-do-temperado-e-cromatico\/","name":"Grall mallorqu\u00edn en Do# temperado e crom\u00e1tico - Pablo Carpintero","isPartOf":{"@id":"https:\/\/pablocarpintero.es\/#website"},"primaryImageOfPage":{"@id":"https:\/\/pablocarpintero.es\/producto\/grall-mallorquin-en-do-temperado-e-cromatico\/#primaryimage"},"image":{"@id":"https:\/\/pablocarpintero.es\/producto\/grall-mallorquin-en-do-temperado-e-cromatico\/#primaryimage"},"thumbnailUrl":"https:\/\/pablocarpintero.es\/wp-content\/uploads\/2021\/10\/DSC_5895.jpg","datePublished":"2021-10-24T19:18:23+00:00","dateModified":"2025-12-02T08:36:18+00:00","breadcrumb":{"@id":"https:\/\/pablocarpintero.es\/producto\/grall-mallorquin-en-do-temperado-e-cromatico\/#breadcrumb"},"inLanguage":"es","potentialAction":[{"@type":"ReadAction","target":["https:\/\/pablocarpintero.es\/producto\/grall-mallorquin-en-do-temperado-e-cromatico\/"]}]},{"@type":"ImageObject","inLanguage":"es","@id":"https:\/\/pablocarpintero.es\/producto\/grall-mallorquin-en-do-temperado-e-cromatico\/#primaryimage","url":"https:\/\/pablocarpintero.es\/wp-content\/uploads\/2021\/10\/DSC_5895.jpg","contentUrl":"https:\/\/pablocarpintero.es\/wp-content\/uploads\/2021\/10\/DSC_5895.jpg","width":2005,"height":1339},{"@type":"BreadcrumbList","@id":"https:\/\/pablocarpintero.es\/producto\/grall-mallorquin-en-do-temperado-e-cromatico\/#breadcrumb","itemListElement":[{"@type":"ListItem","position":1,"name":"Portada","item":"https:\/\/pablocarpintero.es\/inicio\/"},{"@type":"ListItem","position":2,"name":"Tienda","item":"https:\/\/pablocarpintero.es\/tienda\/"},{"@type":"ListItem","position":3,"name":"Grall mallorqu\u00edn en Do# temperado e crom\u00e1tico"}]},{"@type":"WebSite","@id":"https:\/\/pablocarpintero.es\/#website","url":"https:\/\/pablocarpintero.es\/","name":"Pablo Carpintero","description":"Otro sitio realizado con WordPress","potentialAction":[{"@type":"SearchAction","target":{"@type":"EntryPoint","urlTemplate":"https:\/\/pablocarpintero.es\/?s={search_term_string}"},"query-input":{"@type":"PropertyValueSpecification","valueRequired":true,"valueName":"search_term_string"}}],"inLanguage":"es"}]}},"_links":{"self":[{"href":"https:\/\/pablocarpintero.es\/es\/wp-json\/wp\/v2\/product\/495","targetHints":{"allow":["GET"]}}],"collection":[{"href":"https:\/\/pablocarpintero.es\/es\/wp-json\/wp\/v2\/product"}],"about":[{"href":"https:\/\/pablocarpintero.es\/es\/wp-json\/wp\/v2\/types\/product"}],"replies":[{"embeddable":true,"href":"https:\/\/pablocarpintero.es\/es\/wp-json\/wp\/v2\/comments?post=495"}],"wp:featuredmedia":[{"embeddable":true,"href":"https:\/\/pablocarpintero.es\/es\/wp-json\/wp\/v2\/media\/931"}],"wp:attachment":[{"href":"https:\/\/pablocarpintero.es\/es\/wp-json\/wp\/v2\/media?parent=495"}],"wp:term":[{"taxonomy":"product_brand","embeddable":true,"href":"https:\/\/pablocarpintero.es\/es\/wp-json\/wp\/v2\/product_brand?post=495"},{"taxonomy":"product_cat","embeddable":true,"href":"https:\/\/pablocarpintero.es\/es\/wp-json\/wp\/v2\/product_cat?post=495"},{"taxonomy":"product_tag","embeddable":true,"href":"https:\/\/pablocarpintero.es\/es\/wp-json\/wp\/v2\/product_tag?post=495"}],"curies":[{"name":"wp","href":"https:\/\/api.w.org\/{rel}","templated":true}]}}