{"id":496,"date":"2021-10-24T19:25:18","date_gmt":"2021-10-24T19:25:18","guid":{"rendered":"https:\/\/pablocarpintero.es\/?post_type=product&#038;p=496"},"modified":"2025-12-11T08:31:01","modified_gmt":"2025-12-11T08:31:01","slug":"gaita-de-sabugueiro","status":"publish","type":"product","link":"https:\/\/pablocarpintero.es\/es\/producto\/gaita-de-sabugueiro\/","title":{"rendered":"Gaita de sa\u00faco"},"content":{"rendered":"<p class=\"p1\">Gaita de fuelle con puntero de pall\u00f3n construida \u00edntegramente en sa\u00faco y con fuelle de piel de cabra. No se fabrica en un tono concreto. La afinaci\u00f3n es estable solo durante unos 20 minutos, despu\u00e9s hay que dejarla reposar hasta el d\u00eda siguiente cuando vuelve a estar perfectamente afinada. Bord\u00f3n grave dos octavas por debajo de la t\u00f3nica del puntero.<\/p>\n<p>Aqu\u00ed est\u00e1 el magn\u00edfico gaitero David Bellas tocando una carballesa del Sr. Lodeiro de Boimorto con ella.<\/p>\n<p>&nbsp;<\/p>\n<p>&nbsp;<\/p>\n<div  class='avia-video av-7tpl4-ed193008674cb2c289ea1e49cbd4c245 avia-video-16-9 av-no-preview-image avia-video-load-always av-lazyload-immediate av-lazyload-video-embed'  itemprop=\"video\" itemtype=\"https:\/\/schema.org\/VideoObject\"  data-original_url='https:\/\/www.youtube.com\/watch?v=hdMImImUb04'><script type='text\/html' class='av-video-tmpl'><div class='avia-iframe-wrap'><iframe loading=\"lazy\" title=\"Carballesa de Boimorto (Trad.) En Gaita de cana\" width=\"1500\" height=\"844\" src=\"https:\/\/www.youtube.com\/embed\/hdMImImUb04?feature=oembed&autoplay=0&loop=0&controls=1&mute=0\" frameborder=\"0\" allow=\"accelerometer; autoplay; clipboard-write; encrypted-media; gyroscope; picture-in-picture\" allowfullscreen><\/iframe><\/div><\/script><div class='av-click-to-play-overlay'><div class=\"avia_playpause_icon\"><\/div><\/div><\/div>","protected":false},"excerpt":{"rendered":"<p>Gaita de fol con punteiro de pall\u00f3n constru\u00edda integramente en sabugueiro e con fol de pel de cabra. Non se fabrica nun ton concreto. A afinaci\u00f3n \u00e9 estable s\u00f3 durante uns 20 minutos, despois hai que deixala repousar ata o d\u00eda seguinte. Bord\u00f3n grave d\u00faas oitavas por baixo da t\u00f3nica do punteiro. Aqu\u00ed tedes ao [&hellip;]<\/p>\n","protected":false},"featured_media":646,"comment_status":"open","ping_status":"closed","template":"","meta":{"give_campaign_id":0,"_joinchat":[]},"product_brand":[],"product_cat":[31,20,18],"product_tag":[],"class_list":{"0":"post-496","1":"product","2":"type-product","3":"status-publish","4":"has-post-thumbnail","6":"product_cat-gaitas-de-cana-gaitas-de-pallon-lingueta-sinxela-actualizadas","7":"product_cat-gaitas-de-fol","8":"product_cat-instrumentos-musicales","10":"first","11":"instock","12":"taxable","13":"shipping-taxable","14":"purchasable","15":"product-type-simple"},"yoast_head":"<!-- This site is optimized with the Yoast SEO plugin v27.2 - https:\/\/yoast.com\/product\/yoast-seo-wordpress\/ -->\n<title>Gaita de sabugueiro - Pablo Carpintero<\/title>\n<meta name=\"robots\" content=\"index, follow, max-snippet:-1, max-image-preview:large, max-video-preview:-1\" \/>\n<link rel=\"canonical\" href=\"https:\/\/pablocarpintero.es\/es\/producto\/gaita-de-sabugueiro\/\" \/>\n<meta property=\"og:locale\" content=\"es_ES\" \/>\n<meta property=\"og:type\" content=\"article\" \/>\n<meta property=\"og:title\" content=\"Gaita de sabugueiro - Pablo Carpintero\" \/>\n<meta property=\"og:description\" content=\"Gaita de fol con punteiro de pall\u00f3n constru\u00edda integramente en sabugueiro e con fol de pel de cabra. Non se fabrica nun ton concreto. A afinaci\u00f3n \u00e9 estable s\u00f3 durante uns 20 minutos, despois hai que deixala repousar ata o d\u00eda seguinte. Bord\u00f3n grave d\u00faas oitavas por baixo da t\u00f3nica do punteiro. Aqu\u00ed tedes ao [&hellip;]\" \/>\n<meta property=\"og:url\" content=\"https:\/\/pablocarpintero.es\/es\/producto\/gaita-de-sabugueiro\/\" \/>\n<meta property=\"og:site_name\" content=\"Pablo Carpintero\" \/>\n<meta property=\"article:modified_time\" content=\"2025-12-11T08:31:01+00:00\" \/>\n<meta property=\"og:image\" content=\"https:\/\/pablocarpintero.es\/wp-content\/uploads\/2021\/10\/L_004656.jpg\" \/>\n\t<meta property=\"og:image:width\" content=\"984\" \/>\n\t<meta property=\"og:image:height\" content=\"737\" \/>\n\t<meta property=\"og:image:type\" content=\"image\/jpeg\" \/>\n<meta name=\"twitter:card\" content=\"summary_large_image\" \/>\n<meta name=\"twitter:label1\" content=\"Tiempo de lectura\" \/>\n\t<meta name=\"twitter:data1\" content=\"1 minuto\" \/>\n<script type=\"application\/ld+json\" class=\"yoast-schema-graph\">{\"@context\":\"https:\/\/schema.org\",\"@graph\":[{\"@type\":\"WebPage\",\"@id\":\"https:\/\/pablocarpintero.es\/producto\/gaita-de-sabugueiro\/\",\"url\":\"https:\/\/pablocarpintero.es\/producto\/gaita-de-sabugueiro\/\",\"name\":\"Gaita de sabugueiro - Pablo Carpintero\",\"isPartOf\":{\"@id\":\"https:\/\/pablocarpintero.es\/#website\"},\"primaryImageOfPage\":{\"@id\":\"https:\/\/pablocarpintero.es\/producto\/gaita-de-sabugueiro\/#primaryimage\"},\"image\":{\"@id\":\"https:\/\/pablocarpintero.es\/producto\/gaita-de-sabugueiro\/#primaryimage\"},\"thumbnailUrl\":\"https:\/\/pablocarpintero.es\/wp-content\/uploads\/2021\/10\/L_004656.jpg\",\"datePublished\":\"2021-10-24T19:25:18+00:00\",\"dateModified\":\"2025-12-11T08:31:01+00:00\",\"breadcrumb\":{\"@id\":\"https:\/\/pablocarpintero.es\/producto\/gaita-de-sabugueiro\/#breadcrumb\"},\"inLanguage\":\"es\",\"potentialAction\":[{\"@type\":\"ReadAction\",\"target\":[\"https:\/\/pablocarpintero.es\/producto\/gaita-de-sabugueiro\/\"]}]},{\"@type\":\"ImageObject\",\"inLanguage\":\"es\",\"@id\":\"https:\/\/pablocarpintero.es\/producto\/gaita-de-sabugueiro\/#primaryimage\",\"url\":\"https:\/\/pablocarpintero.es\/wp-content\/uploads\/2021\/10\/L_004656.jpg\",\"contentUrl\":\"https:\/\/pablocarpintero.es\/wp-content\/uploads\/2021\/10\/L_004656.jpg\",\"width\":984,\"height\":737},{\"@type\":\"BreadcrumbList\",\"@id\":\"https:\/\/pablocarpintero.es\/producto\/gaita-de-sabugueiro\/#breadcrumb\",\"itemListElement\":[{\"@type\":\"ListItem\",\"position\":1,\"name\":\"Portada\",\"item\":\"https:\/\/pablocarpintero.es\/inicio\/\"},{\"@type\":\"ListItem\",\"position\":2,\"name\":\"Tienda\",\"item\":\"https:\/\/pablocarpintero.es\/tienda\/\"},{\"@type\":\"ListItem\",\"position\":3,\"name\":\"Gaita de sabugueiro\"}]},{\"@type\":\"WebSite\",\"@id\":\"https:\/\/pablocarpintero.es\/#website\",\"url\":\"https:\/\/pablocarpintero.es\/\",\"name\":\"Pablo Carpintero\",\"description\":\"Otro sitio realizado con WordPress\",\"potentialAction\":[{\"@type\":\"SearchAction\",\"target\":{\"@type\":\"EntryPoint\",\"urlTemplate\":\"https:\/\/pablocarpintero.es\/?s={search_term_string}\"},\"query-input\":{\"@type\":\"PropertyValueSpecification\",\"valueRequired\":true,\"valueName\":\"search_term_string\"}}],\"inLanguage\":\"es\"}]}<\/script>\n<!-- \/ Yoast SEO plugin. -->","yoast_head_json":{"title":"Gaita de sabugueiro - Pablo Carpintero","robots":{"index":"index","follow":"follow","max-snippet":"max-snippet:-1","max-image-preview":"max-image-preview:large","max-video-preview":"max-video-preview:-1"},"canonical":"https:\/\/pablocarpintero.es\/es\/producto\/gaita-de-sabugueiro\/","og_locale":"es_ES","og_type":"article","og_title":"Gaita de sabugueiro - Pablo Carpintero","og_description":"Gaita de fol con punteiro de pall\u00f3n constru\u00edda integramente en sabugueiro e con fol de pel de cabra. Non se fabrica nun ton concreto. A afinaci\u00f3n \u00e9 estable s\u00f3 durante uns 20 minutos, despois hai que deixala repousar ata o d\u00eda seguinte. Bord\u00f3n grave d\u00faas oitavas por baixo da t\u00f3nica do punteiro. Aqu\u00ed tedes ao [&hellip;]","og_url":"https:\/\/pablocarpintero.es\/es\/producto\/gaita-de-sabugueiro\/","og_site_name":"Pablo Carpintero","article_modified_time":"2025-12-11T08:31:01+00:00","og_image":[{"width":984,"height":737,"url":"https:\/\/pablocarpintero.es\/wp-content\/uploads\/2021\/10\/L_004656.jpg","type":"image\/jpeg"}],"twitter_card":"summary_large_image","twitter_misc":{"Tiempo de lectura":"1 minuto"},"schema":{"@context":"https:\/\/schema.org","@graph":[{"@type":"WebPage","@id":"https:\/\/pablocarpintero.es\/producto\/gaita-de-sabugueiro\/","url":"https:\/\/pablocarpintero.es\/producto\/gaita-de-sabugueiro\/","name":"Gaita de sabugueiro - Pablo Carpintero","isPartOf":{"@id":"https:\/\/pablocarpintero.es\/#website"},"primaryImageOfPage":{"@id":"https:\/\/pablocarpintero.es\/producto\/gaita-de-sabugueiro\/#primaryimage"},"image":{"@id":"https:\/\/pablocarpintero.es\/producto\/gaita-de-sabugueiro\/#primaryimage"},"thumbnailUrl":"https:\/\/pablocarpintero.es\/wp-content\/uploads\/2021\/10\/L_004656.jpg","datePublished":"2021-10-24T19:25:18+00:00","dateModified":"2025-12-11T08:31:01+00:00","breadcrumb":{"@id":"https:\/\/pablocarpintero.es\/producto\/gaita-de-sabugueiro\/#breadcrumb"},"inLanguage":"es","potentialAction":[{"@type":"ReadAction","target":["https:\/\/pablocarpintero.es\/producto\/gaita-de-sabugueiro\/"]}]},{"@type":"ImageObject","inLanguage":"es","@id":"https:\/\/pablocarpintero.es\/producto\/gaita-de-sabugueiro\/#primaryimage","url":"https:\/\/pablocarpintero.es\/wp-content\/uploads\/2021\/10\/L_004656.jpg","contentUrl":"https:\/\/pablocarpintero.es\/wp-content\/uploads\/2021\/10\/L_004656.jpg","width":984,"height":737},{"@type":"BreadcrumbList","@id":"https:\/\/pablocarpintero.es\/producto\/gaita-de-sabugueiro\/#breadcrumb","itemListElement":[{"@type":"ListItem","position":1,"name":"Portada","item":"https:\/\/pablocarpintero.es\/inicio\/"},{"@type":"ListItem","position":2,"name":"Tienda","item":"https:\/\/pablocarpintero.es\/tienda\/"},{"@type":"ListItem","position":3,"name":"Gaita de sabugueiro"}]},{"@type":"WebSite","@id":"https:\/\/pablocarpintero.es\/#website","url":"https:\/\/pablocarpintero.es\/","name":"Pablo Carpintero","description":"Otro sitio realizado con WordPress","potentialAction":[{"@type":"SearchAction","target":{"@type":"EntryPoint","urlTemplate":"https:\/\/pablocarpintero.es\/?s={search_term_string}"},"query-input":{"@type":"PropertyValueSpecification","valueRequired":true,"valueName":"search_term_string"}}],"inLanguage":"es"}]}},"_links":{"self":[{"href":"https:\/\/pablocarpintero.es\/es\/wp-json\/wp\/v2\/product\/496","targetHints":{"allow":["GET"]}}],"collection":[{"href":"https:\/\/pablocarpintero.es\/es\/wp-json\/wp\/v2\/product"}],"about":[{"href":"https:\/\/pablocarpintero.es\/es\/wp-json\/wp\/v2\/types\/product"}],"replies":[{"embeddable":true,"href":"https:\/\/pablocarpintero.es\/es\/wp-json\/wp\/v2\/comments?post=496"}],"wp:featuredmedia":[{"embeddable":true,"href":"https:\/\/pablocarpintero.es\/es\/wp-json\/wp\/v2\/media\/646"}],"wp:attachment":[{"href":"https:\/\/pablocarpintero.es\/es\/wp-json\/wp\/v2\/media?parent=496"}],"wp:term":[{"taxonomy":"product_brand","embeddable":true,"href":"https:\/\/pablocarpintero.es\/es\/wp-json\/wp\/v2\/product_brand?post=496"},{"taxonomy":"product_cat","embeddable":true,"href":"https:\/\/pablocarpintero.es\/es\/wp-json\/wp\/v2\/product_cat?post=496"},{"taxonomy":"product_tag","embeddable":true,"href":"https:\/\/pablocarpintero.es\/es\/wp-json\/wp\/v2\/product_tag?post=496"}],"curies":[{"name":"wp","href":"https:\/\/api.w.org\/{rel}","templated":true}]}}