{"id":497,"date":"2021-10-24T19:25:52","date_gmt":"2021-10-24T19:25:52","guid":{"rendered":"https:\/\/pablocarpintero.es\/?post_type=product&#038;p=497"},"modified":"2025-12-11T08:11:04","modified_gmt":"2025-12-11T08:11:04","slug":"rosca-do-baixo-mino","status":"publish","type":"product","link":"https:\/\/pablocarpintero.es\/es\/producto\/rosca-do-baixo-mino\/","title":{"rendered":"Rosca de O Baixo Mi\u00f1o"},"content":{"rendered":"<p class=\"p1\">Gaita de fuelle tradicional del Baixo Mi\u00f1o sin bord\u00f3n, con puntero de leng\u00fceta sencilla con resonador de cuerno. Se fabrica en madera de boj, en el tono original y pall\u00f3n de ca\u00f1a (aproximadamente Re sin temperar y con subt\u00f3nica), o bien en boj con escala crom\u00e1tica en Do, vestido de tela y fuelle de goretex.<\/p>\n<p>&nbsp;<\/p>\n<p>Aqu\u00ed pod\u00e9is escuchar una mui\u00f1eira interpretada con una rosca temperada afinada en Do mayor.<\/p>\n<p>&nbsp;<\/p>\n<div  class='avia-video av-gt9qh-f4ebfd3602208dc566f4d8ddee07313b avia-video-16-9 av-no-preview-image avia-video-load-always av-lazyload-immediate av-lazyload-video-embed'  itemprop=\"video\" itemtype=\"https:\/\/schema.org\/VideoObject\"  data-original_url='https:\/\/www.youtube.com\/watch?v=FxzyQkwRxq8'><script type='text\/html' class='av-video-tmpl'><div class='avia-iframe-wrap'><iframe loading=\"lazy\" title=\"ROSCA-mui\u00f1eira\" width=\"1500\" height=\"844\" src=\"https:\/\/www.youtube.com\/embed\/FxzyQkwRxq8?feature=oembed&autoplay=0&loop=0&controls=1&mute=0\" frameborder=\"0\" allow=\"accelerometer; autoplay; clipboard-write; encrypted-media; gyroscope; picture-in-picture\" allowfullscreen><\/iframe><\/div><\/script><div class='av-click-to-play-overlay'><div class=\"avia_playpause_icon\"><\/div><\/div><\/div>\n<p>&nbsp;<\/p>\n<p>En este v\u00eddeo pod\u00e9is escuchar como se puede tocar en modo menor con la versi\u00f3n crom\u00e1tica de este instrumento.<\/p>\n<p>&nbsp;<\/p>\n<div  class='avia-video av-bv2m1-1ab6d66ea75595a1aa81959b408a1819 avia-video-16-9 av-no-preview-image avia-video-load-always av-lazyload-immediate av-lazyload-video-embed'  itemprop=\"video\" itemtype=\"https:\/\/schema.org\/VideoObject\"  data-original_url='https:\/\/www.youtube.com\/watch?v=sUsoxczkGFU'><script type='text\/html' class='av-video-tmpl'><div class='avia-iframe-wrap'><iframe loading=\"lazy\" title=\"ROSCA-xota\" width=\"1500\" height=\"844\" src=\"https:\/\/www.youtube.com\/embed\/sUsoxczkGFU?feature=oembed&autoplay=0&loop=0&controls=1&mute=0\" frameborder=\"0\" allow=\"accelerometer; autoplay; clipboard-write; encrypted-media; gyroscope; picture-in-picture\" allowfullscreen><\/iframe><\/div><\/script><div class='av-click-to-play-overlay'><div class=\"avia_playpause_icon\"><\/div><\/div><\/div>\n<p>&nbsp;<\/p>","protected":false},"excerpt":{"rendered":"<p>Gaita de fol tradicional do Baixo Mi\u00f1o, sen bord\u00f3n, co punteiro de ling\u00fceta sinxela rematado nun resoador de corno. Fabr\u00edcase en madeira de buxo, no ton orixinal e con pall\u00f3n de cana (aproximadamente Re sen temperar e con subt\u00f3nica), ou ben en buxo con escala crom\u00e1tica en Do, vestido de tela e fol de goretex. [&hellip;]<\/p>\n","protected":false},"featured_media":789,"comment_status":"open","ping_status":"closed","template":"","meta":{"give_campaign_id":0,"_joinchat":[]},"product_brand":[],"product_cat":[31,20,18],"product_tag":[],"class_list":{"0":"post-497","1":"product","2":"type-product","3":"status-publish","4":"has-post-thumbnail","6":"product_cat-gaitas-de-cana-gaitas-de-pallon-lingueta-sinxela-actualizadas","7":"product_cat-gaitas-de-fol","8":"product_cat-instrumentos-musicales","10":"first","11":"instock","12":"taxable","13":"shipping-taxable","14":"purchasable","15":"product-type-simple"},"yoast_head":"<!-- This site is optimized with the Yoast SEO plugin v27.2 - https:\/\/yoast.com\/product\/yoast-seo-wordpress\/ -->\n<title>Rosca do Baixo Mi\u00f1o - Pablo Carpintero<\/title>\n<meta name=\"robots\" content=\"index, follow, max-snippet:-1, max-image-preview:large, max-video-preview:-1\" \/>\n<link rel=\"canonical\" href=\"https:\/\/pablocarpintero.es\/es\/producto\/rosca-do-baixo-mino\/\" \/>\n<meta property=\"og:locale\" content=\"es_ES\" \/>\n<meta property=\"og:type\" content=\"article\" \/>\n<meta property=\"og:title\" content=\"Rosca do Baixo Mi\u00f1o - Pablo Carpintero\" \/>\n<meta property=\"og:description\" content=\"Gaita de fol tradicional do Baixo Mi\u00f1o, sen bord\u00f3n, co punteiro de ling\u00fceta sinxela rematado nun resoador de corno. Fabr\u00edcase en madeira de buxo, no ton orixinal e con pall\u00f3n de cana (aproximadamente Re sen temperar e con subt\u00f3nica), ou ben en buxo con escala crom\u00e1tica en Do, vestido de tela e fol de goretex. [&hellip;]\" \/>\n<meta property=\"og:url\" content=\"https:\/\/pablocarpintero.es\/es\/producto\/rosca-do-baixo-mino\/\" \/>\n<meta property=\"og:site_name\" content=\"Pablo Carpintero\" \/>\n<meta property=\"article:modified_time\" content=\"2025-12-11T08:11:04+00:00\" \/>\n<meta property=\"og:image\" content=\"https:\/\/pablocarpintero.es\/wp-content\/uploads\/2021\/10\/Rosca-Pablo-Carpintero-3.jpg\" \/>\n\t<meta property=\"og:image:width\" content=\"1424\" \/>\n\t<meta property=\"og:image:height\" content=\"2144\" \/>\n\t<meta property=\"og:image:type\" content=\"image\/jpeg\" \/>\n<meta name=\"twitter:card\" content=\"summary_large_image\" \/>\n<meta name=\"twitter:label1\" content=\"Tiempo de lectura\" \/>\n\t<meta name=\"twitter:data1\" content=\"1 minuto\" \/>\n<script type=\"application\/ld+json\" class=\"yoast-schema-graph\">{\"@context\":\"https:\/\/schema.org\",\"@graph\":[{\"@type\":\"WebPage\",\"@id\":\"https:\/\/pablocarpintero.es\/producto\/rosca-do-baixo-mino\/\",\"url\":\"https:\/\/pablocarpintero.es\/producto\/rosca-do-baixo-mino\/\",\"name\":\"Rosca do Baixo Mi\u00f1o - Pablo Carpintero\",\"isPartOf\":{\"@id\":\"https:\/\/pablocarpintero.es\/#website\"},\"primaryImageOfPage\":{\"@id\":\"https:\/\/pablocarpintero.es\/producto\/rosca-do-baixo-mino\/#primaryimage\"},\"image\":{\"@id\":\"https:\/\/pablocarpintero.es\/producto\/rosca-do-baixo-mino\/#primaryimage\"},\"thumbnailUrl\":\"https:\/\/pablocarpintero.es\/wp-content\/uploads\/2021\/10\/Rosca-Pablo-Carpintero-3.jpg\",\"datePublished\":\"2021-10-24T19:25:52+00:00\",\"dateModified\":\"2025-12-11T08:11:04+00:00\",\"breadcrumb\":{\"@id\":\"https:\/\/pablocarpintero.es\/producto\/rosca-do-baixo-mino\/#breadcrumb\"},\"inLanguage\":\"es\",\"potentialAction\":[{\"@type\":\"ReadAction\",\"target\":[\"https:\/\/pablocarpintero.es\/producto\/rosca-do-baixo-mino\/\"]}]},{\"@type\":\"ImageObject\",\"inLanguage\":\"es\",\"@id\":\"https:\/\/pablocarpintero.es\/producto\/rosca-do-baixo-mino\/#primaryimage\",\"url\":\"https:\/\/pablocarpintero.es\/wp-content\/uploads\/2021\/10\/Rosca-Pablo-Carpintero-3.jpg\",\"contentUrl\":\"https:\/\/pablocarpintero.es\/wp-content\/uploads\/2021\/10\/Rosca-Pablo-Carpintero-3.jpg\",\"width\":1424,\"height\":2144},{\"@type\":\"BreadcrumbList\",\"@id\":\"https:\/\/pablocarpintero.es\/producto\/rosca-do-baixo-mino\/#breadcrumb\",\"itemListElement\":[{\"@type\":\"ListItem\",\"position\":1,\"name\":\"Portada\",\"item\":\"https:\/\/pablocarpintero.es\/inicio\/\"},{\"@type\":\"ListItem\",\"position\":2,\"name\":\"Tienda\",\"item\":\"https:\/\/pablocarpintero.es\/tienda\/\"},{\"@type\":\"ListItem\",\"position\":3,\"name\":\"Rosca do Baixo Mi\u00f1o\"}]},{\"@type\":\"WebSite\",\"@id\":\"https:\/\/pablocarpintero.es\/#website\",\"url\":\"https:\/\/pablocarpintero.es\/\",\"name\":\"Pablo Carpintero\",\"description\":\"Otro sitio realizado con WordPress\",\"potentialAction\":[{\"@type\":\"SearchAction\",\"target\":{\"@type\":\"EntryPoint\",\"urlTemplate\":\"https:\/\/pablocarpintero.es\/?s={search_term_string}\"},\"query-input\":{\"@type\":\"PropertyValueSpecification\",\"valueRequired\":true,\"valueName\":\"search_term_string\"}}],\"inLanguage\":\"es\"}]}<\/script>\n<!-- \/ Yoast SEO plugin. -->","yoast_head_json":{"title":"Rosca do Baixo Mi\u00f1o - Pablo Carpintero","robots":{"index":"index","follow":"follow","max-snippet":"max-snippet:-1","max-image-preview":"max-image-preview:large","max-video-preview":"max-video-preview:-1"},"canonical":"https:\/\/pablocarpintero.es\/es\/producto\/rosca-do-baixo-mino\/","og_locale":"es_ES","og_type":"article","og_title":"Rosca do Baixo Mi\u00f1o - Pablo Carpintero","og_description":"Gaita de fol tradicional do Baixo Mi\u00f1o, sen bord\u00f3n, co punteiro de ling\u00fceta sinxela rematado nun resoador de corno. Fabr\u00edcase en madeira de buxo, no ton orixinal e con pall\u00f3n de cana (aproximadamente Re sen temperar e con subt\u00f3nica), ou ben en buxo con escala crom\u00e1tica en Do, vestido de tela e fol de goretex. [&hellip;]","og_url":"https:\/\/pablocarpintero.es\/es\/producto\/rosca-do-baixo-mino\/","og_site_name":"Pablo Carpintero","article_modified_time":"2025-12-11T08:11:04+00:00","og_image":[{"width":1424,"height":2144,"url":"https:\/\/pablocarpintero.es\/wp-content\/uploads\/2021\/10\/Rosca-Pablo-Carpintero-3.jpg","type":"image\/jpeg"}],"twitter_card":"summary_large_image","twitter_misc":{"Tiempo de lectura":"1 minuto"},"schema":{"@context":"https:\/\/schema.org","@graph":[{"@type":"WebPage","@id":"https:\/\/pablocarpintero.es\/producto\/rosca-do-baixo-mino\/","url":"https:\/\/pablocarpintero.es\/producto\/rosca-do-baixo-mino\/","name":"Rosca do Baixo Mi\u00f1o - Pablo Carpintero","isPartOf":{"@id":"https:\/\/pablocarpintero.es\/#website"},"primaryImageOfPage":{"@id":"https:\/\/pablocarpintero.es\/producto\/rosca-do-baixo-mino\/#primaryimage"},"image":{"@id":"https:\/\/pablocarpintero.es\/producto\/rosca-do-baixo-mino\/#primaryimage"},"thumbnailUrl":"https:\/\/pablocarpintero.es\/wp-content\/uploads\/2021\/10\/Rosca-Pablo-Carpintero-3.jpg","datePublished":"2021-10-24T19:25:52+00:00","dateModified":"2025-12-11T08:11:04+00:00","breadcrumb":{"@id":"https:\/\/pablocarpintero.es\/producto\/rosca-do-baixo-mino\/#breadcrumb"},"inLanguage":"es","potentialAction":[{"@type":"ReadAction","target":["https:\/\/pablocarpintero.es\/producto\/rosca-do-baixo-mino\/"]}]},{"@type":"ImageObject","inLanguage":"es","@id":"https:\/\/pablocarpintero.es\/producto\/rosca-do-baixo-mino\/#primaryimage","url":"https:\/\/pablocarpintero.es\/wp-content\/uploads\/2021\/10\/Rosca-Pablo-Carpintero-3.jpg","contentUrl":"https:\/\/pablocarpintero.es\/wp-content\/uploads\/2021\/10\/Rosca-Pablo-Carpintero-3.jpg","width":1424,"height":2144},{"@type":"BreadcrumbList","@id":"https:\/\/pablocarpintero.es\/producto\/rosca-do-baixo-mino\/#breadcrumb","itemListElement":[{"@type":"ListItem","position":1,"name":"Portada","item":"https:\/\/pablocarpintero.es\/inicio\/"},{"@type":"ListItem","position":2,"name":"Tienda","item":"https:\/\/pablocarpintero.es\/tienda\/"},{"@type":"ListItem","position":3,"name":"Rosca do Baixo Mi\u00f1o"}]},{"@type":"WebSite","@id":"https:\/\/pablocarpintero.es\/#website","url":"https:\/\/pablocarpintero.es\/","name":"Pablo Carpintero","description":"Otro sitio realizado con WordPress","potentialAction":[{"@type":"SearchAction","target":{"@type":"EntryPoint","urlTemplate":"https:\/\/pablocarpintero.es\/?s={search_term_string}"},"query-input":{"@type":"PropertyValueSpecification","valueRequired":true,"valueName":"search_term_string"}}],"inLanguage":"es"}]}},"_links":{"self":[{"href":"https:\/\/pablocarpintero.es\/es\/wp-json\/wp\/v2\/product\/497","targetHints":{"allow":["GET"]}}],"collection":[{"href":"https:\/\/pablocarpintero.es\/es\/wp-json\/wp\/v2\/product"}],"about":[{"href":"https:\/\/pablocarpintero.es\/es\/wp-json\/wp\/v2\/types\/product"}],"replies":[{"embeddable":true,"href":"https:\/\/pablocarpintero.es\/es\/wp-json\/wp\/v2\/comments?post=497"}],"wp:featuredmedia":[{"embeddable":true,"href":"https:\/\/pablocarpintero.es\/es\/wp-json\/wp\/v2\/media\/789"}],"wp:attachment":[{"href":"https:\/\/pablocarpintero.es\/es\/wp-json\/wp\/v2\/media?parent=497"}],"wp:term":[{"taxonomy":"product_brand","embeddable":true,"href":"https:\/\/pablocarpintero.es\/es\/wp-json\/wp\/v2\/product_brand?post=497"},{"taxonomy":"product_cat","embeddable":true,"href":"https:\/\/pablocarpintero.es\/es\/wp-json\/wp\/v2\/product_cat?post=497"},{"taxonomy":"product_tag","embeddable":true,"href":"https:\/\/pablocarpintero.es\/es\/wp-json\/wp\/v2\/product_tag?post=497"}],"curies":[{"name":"wp","href":"https:\/\/api.w.org\/{rel}","templated":true}]}}