{"id":506,"date":"2021-10-24T19:46:23","date_gmt":"2021-10-24T19:46:23","guid":{"rendered":"https:\/\/pablocarpintero.es\/?post_type=product&#038;p=506"},"modified":"2023-01-03T10:44:52","modified_gmt":"2023-01-03T10:44:52","slug":"pipa-galega","status":"publish","type":"product","link":"https:\/\/pablocarpintero.es\/es\/producto\/pipa-galega\/","title":{"rendered":"Pipa galega"},"content":{"rendered":"<p>Gaita de fuelle con puntero cil\u00edndrico de leng\u00fceta doble, basado en las pipas gallegas de casta\u00f1o o sa\u00faco. Puede llevar entre uno y cuatro bordones, todos tambi\u00e9n de leng\u00fceta doble. Afinada en Re mayor o menor, con subt\u00f3nica o sensible. No tiene posibilidad de cromatismos con digitaci\u00f3n de horquilla, s\u00f3lo con llaves. Precio con cuatro bordones,  pero se puede fabricar con menos.<\/p>\n<p>Aqu\u00ed os dejamos un v\u00eddeo donde explicamos todas las posibles combinaciones de bordones de este nuevo instrumento.<\/p>\n<p>&nbsp;<\/p>\n<div  class='avia-video av-7nr36-dd4178b0af47cb35a916c55714e6e001 avia-video-16-9 av-no-preview-image avia-video-load-always av-lazyload-immediate av-lazyload-video-embed'  itemprop=\"video\" itemtype=\"https:\/\/schema.org\/VideoObject\"  data-original_url='https:\/\/www.youtube.com\/watch?v=xuCIQznm3wU'><script type='text\/html' class='av-video-tmpl'><div class='avia-iframe-wrap'><iframe loading=\"lazy\" title=\"Pipa galega de catro bord\u00f3ns\" width=\"1500\" height=\"844\" src=\"https:\/\/www.youtube.com\/embed\/xuCIQznm3wU?feature=oembed&autoplay=0&loop=0&controls=1&mute=0\" frameborder=\"0\" allow=\"accelerometer; autoplay; clipboard-write; encrypted-media; gyroscope; picture-in-picture\" allowfullscreen><\/iframe><\/div><\/script><div class='av-click-to-play-overlay'><div class=\"avia_playpause_icon\"><\/div><\/div><\/div>\n<p>&nbsp;<\/p>\n<p>&nbsp;<\/p>\n<p>&nbsp;<\/p>","protected":false},"excerpt":{"rendered":"<p>Esta nova gaita de fol galega \u00e9 outro froito da nosa teima por ir convertendo instrumentos musicais que se empregaban antigamente en novas opci\u00f3ns adaptadas \u00e1 m\u00fasica actual. Tr\u00e1tase neste caso dunha gaita de fol con punteiro cil\u00edndrico de ling\u00fceta dobre, baseado nas pipas galegas de casti\u00f1eiro ou sabugueiro que fabricaban os nenos, pero tam\u00e9n [&hellip;]<\/p>\n","protected":false},"featured_media":797,"comment_status":"open","ping_status":"closed","template":"","meta":{"give_campaign_id":0,"_joinchat":[]},"product_brand":[],"product_cat":[20,18,33],"product_tag":[],"class_list":{"0":"post-506","1":"product","2":"type-product","3":"status-publish","4":"has-post-thumbnail","6":"product_cat-gaitas-de-fol","7":"product_cat-instrumentos-musicales","8":"product_cat-novos-modelos-de-gaitas","10":"first","11":"instock","12":"taxable","13":"shipping-taxable","14":"purchasable","15":"product-type-simple"},"yoast_head":"<!-- This site is optimized with the Yoast SEO plugin v27.2 - https:\/\/yoast.com\/product\/yoast-seo-wordpress\/ -->\n<title>Pipa galega - Pablo Carpintero<\/title>\n<meta name=\"robots\" content=\"index, follow, max-snippet:-1, max-image-preview:large, max-video-preview:-1\" \/>\n<link rel=\"canonical\" href=\"https:\/\/pablocarpintero.es\/es\/producto\/pipa-galega\/\" \/>\n<meta property=\"og:locale\" content=\"es_ES\" \/>\n<meta property=\"og:type\" content=\"article\" \/>\n<meta property=\"og:title\" content=\"Pipa galega - Pablo Carpintero\" \/>\n<meta property=\"og:description\" content=\"Esta nova gaita de fol galega \u00e9 outro froito da nosa teima por ir convertendo instrumentos musicais que se empregaban antigamente en novas opci\u00f3ns adaptadas \u00e1 m\u00fasica actual. Tr\u00e1tase neste caso dunha gaita de fol con punteiro cil\u00edndrico de ling\u00fceta dobre, baseado nas pipas galegas de casti\u00f1eiro ou sabugueiro que fabricaban os nenos, pero tam\u00e9n [&hellip;]\" \/>\n<meta property=\"og:url\" content=\"https:\/\/pablocarpintero.es\/es\/producto\/pipa-galega\/\" \/>\n<meta property=\"og:site_name\" content=\"Pablo Carpintero\" \/>\n<meta property=\"article:modified_time\" content=\"2023-01-03T10:44:52+00:00\" \/>\n<meta property=\"og:image\" content=\"https:\/\/pablocarpintero.es\/wp-content\/uploads\/2021\/10\/Gaita-de-cuatro-bordones-pablo-carpintero.jpg\" \/>\n\t<meta property=\"og:image:width\" content=\"2005\" \/>\n\t<meta property=\"og:image:height\" content=\"1339\" \/>\n\t<meta property=\"og:image:type\" content=\"image\/jpeg\" \/>\n<meta name=\"twitter:card\" content=\"summary_large_image\" \/>\n<meta name=\"twitter:label1\" content=\"Tiempo de lectura\" \/>\n\t<meta name=\"twitter:data1\" content=\"1 minuto\" \/>\n<script type=\"application\/ld+json\" class=\"yoast-schema-graph\">{\"@context\":\"https:\/\/schema.org\",\"@graph\":[{\"@type\":\"WebPage\",\"@id\":\"https:\/\/pablocarpintero.es\/producto\/pipa-galega\/\",\"url\":\"https:\/\/pablocarpintero.es\/producto\/pipa-galega\/\",\"name\":\"Pipa galega - Pablo Carpintero\",\"isPartOf\":{\"@id\":\"https:\/\/pablocarpintero.es\/#website\"},\"primaryImageOfPage\":{\"@id\":\"https:\/\/pablocarpintero.es\/producto\/pipa-galega\/#primaryimage\"},\"image\":{\"@id\":\"https:\/\/pablocarpintero.es\/producto\/pipa-galega\/#primaryimage\"},\"thumbnailUrl\":\"https:\/\/pablocarpintero.es\/wp-content\/uploads\/2021\/10\/Gaita-de-cuatro-bordones-pablo-carpintero.jpg\",\"datePublished\":\"2021-10-24T19:46:23+00:00\",\"dateModified\":\"2023-01-03T10:44:52+00:00\",\"breadcrumb\":{\"@id\":\"https:\/\/pablocarpintero.es\/producto\/pipa-galega\/#breadcrumb\"},\"inLanguage\":\"es\",\"potentialAction\":[{\"@type\":\"ReadAction\",\"target\":[\"https:\/\/pablocarpintero.es\/producto\/pipa-galega\/\"]}]},{\"@type\":\"ImageObject\",\"inLanguage\":\"es\",\"@id\":\"https:\/\/pablocarpintero.es\/producto\/pipa-galega\/#primaryimage\",\"url\":\"https:\/\/pablocarpintero.es\/wp-content\/uploads\/2021\/10\/Gaita-de-cuatro-bordones-pablo-carpintero.jpg\",\"contentUrl\":\"https:\/\/pablocarpintero.es\/wp-content\/uploads\/2021\/10\/Gaita-de-cuatro-bordones-pablo-carpintero.jpg\",\"width\":2005,\"height\":1339},{\"@type\":\"BreadcrumbList\",\"@id\":\"https:\/\/pablocarpintero.es\/producto\/pipa-galega\/#breadcrumb\",\"itemListElement\":[{\"@type\":\"ListItem\",\"position\":1,\"name\":\"Portada\",\"item\":\"https:\/\/pablocarpintero.es\/inicio\/\"},{\"@type\":\"ListItem\",\"position\":2,\"name\":\"Tienda\",\"item\":\"https:\/\/pablocarpintero.es\/tienda\/\"},{\"@type\":\"ListItem\",\"position\":3,\"name\":\"Pipa galega\"}]},{\"@type\":\"WebSite\",\"@id\":\"https:\/\/pablocarpintero.es\/#website\",\"url\":\"https:\/\/pablocarpintero.es\/\",\"name\":\"Pablo Carpintero\",\"description\":\"Otro sitio realizado con WordPress\",\"potentialAction\":[{\"@type\":\"SearchAction\",\"target\":{\"@type\":\"EntryPoint\",\"urlTemplate\":\"https:\/\/pablocarpintero.es\/?s={search_term_string}\"},\"query-input\":{\"@type\":\"PropertyValueSpecification\",\"valueRequired\":true,\"valueName\":\"search_term_string\"}}],\"inLanguage\":\"es\"}]}<\/script>\n<!-- \/ Yoast SEO plugin. -->","yoast_head_json":{"title":"Pipa galega - Pablo Carpintero","robots":{"index":"index","follow":"follow","max-snippet":"max-snippet:-1","max-image-preview":"max-image-preview:large","max-video-preview":"max-video-preview:-1"},"canonical":"https:\/\/pablocarpintero.es\/es\/producto\/pipa-galega\/","og_locale":"es_ES","og_type":"article","og_title":"Pipa galega - Pablo Carpintero","og_description":"Esta nova gaita de fol galega \u00e9 outro froito da nosa teima por ir convertendo instrumentos musicais que se empregaban antigamente en novas opci\u00f3ns adaptadas \u00e1 m\u00fasica actual. Tr\u00e1tase neste caso dunha gaita de fol con punteiro cil\u00edndrico de ling\u00fceta dobre, baseado nas pipas galegas de casti\u00f1eiro ou sabugueiro que fabricaban os nenos, pero tam\u00e9n [&hellip;]","og_url":"https:\/\/pablocarpintero.es\/es\/producto\/pipa-galega\/","og_site_name":"Pablo Carpintero","article_modified_time":"2023-01-03T10:44:52+00:00","og_image":[{"width":2005,"height":1339,"url":"https:\/\/pablocarpintero.es\/wp-content\/uploads\/2021\/10\/Gaita-de-cuatro-bordones-pablo-carpintero.jpg","type":"image\/jpeg"}],"twitter_card":"summary_large_image","twitter_misc":{"Tiempo de lectura":"1 minuto"},"schema":{"@context":"https:\/\/schema.org","@graph":[{"@type":"WebPage","@id":"https:\/\/pablocarpintero.es\/producto\/pipa-galega\/","url":"https:\/\/pablocarpintero.es\/producto\/pipa-galega\/","name":"Pipa galega - Pablo Carpintero","isPartOf":{"@id":"https:\/\/pablocarpintero.es\/#website"},"primaryImageOfPage":{"@id":"https:\/\/pablocarpintero.es\/producto\/pipa-galega\/#primaryimage"},"image":{"@id":"https:\/\/pablocarpintero.es\/producto\/pipa-galega\/#primaryimage"},"thumbnailUrl":"https:\/\/pablocarpintero.es\/wp-content\/uploads\/2021\/10\/Gaita-de-cuatro-bordones-pablo-carpintero.jpg","datePublished":"2021-10-24T19:46:23+00:00","dateModified":"2023-01-03T10:44:52+00:00","breadcrumb":{"@id":"https:\/\/pablocarpintero.es\/producto\/pipa-galega\/#breadcrumb"},"inLanguage":"es","potentialAction":[{"@type":"ReadAction","target":["https:\/\/pablocarpintero.es\/producto\/pipa-galega\/"]}]},{"@type":"ImageObject","inLanguage":"es","@id":"https:\/\/pablocarpintero.es\/producto\/pipa-galega\/#primaryimage","url":"https:\/\/pablocarpintero.es\/wp-content\/uploads\/2021\/10\/Gaita-de-cuatro-bordones-pablo-carpintero.jpg","contentUrl":"https:\/\/pablocarpintero.es\/wp-content\/uploads\/2021\/10\/Gaita-de-cuatro-bordones-pablo-carpintero.jpg","width":2005,"height":1339},{"@type":"BreadcrumbList","@id":"https:\/\/pablocarpintero.es\/producto\/pipa-galega\/#breadcrumb","itemListElement":[{"@type":"ListItem","position":1,"name":"Portada","item":"https:\/\/pablocarpintero.es\/inicio\/"},{"@type":"ListItem","position":2,"name":"Tienda","item":"https:\/\/pablocarpintero.es\/tienda\/"},{"@type":"ListItem","position":3,"name":"Pipa galega"}]},{"@type":"WebSite","@id":"https:\/\/pablocarpintero.es\/#website","url":"https:\/\/pablocarpintero.es\/","name":"Pablo Carpintero","description":"Otro sitio realizado con WordPress","potentialAction":[{"@type":"SearchAction","target":{"@type":"EntryPoint","urlTemplate":"https:\/\/pablocarpintero.es\/?s={search_term_string}"},"query-input":{"@type":"PropertyValueSpecification","valueRequired":true,"valueName":"search_term_string"}}],"inLanguage":"es"}]}},"_links":{"self":[{"href":"https:\/\/pablocarpintero.es\/es\/wp-json\/wp\/v2\/product\/506","targetHints":{"allow":["GET"]}}],"collection":[{"href":"https:\/\/pablocarpintero.es\/es\/wp-json\/wp\/v2\/product"}],"about":[{"href":"https:\/\/pablocarpintero.es\/es\/wp-json\/wp\/v2\/types\/product"}],"replies":[{"embeddable":true,"href":"https:\/\/pablocarpintero.es\/es\/wp-json\/wp\/v2\/comments?post=506"}],"wp:featuredmedia":[{"embeddable":true,"href":"https:\/\/pablocarpintero.es\/es\/wp-json\/wp\/v2\/media\/797"}],"wp:attachment":[{"href":"https:\/\/pablocarpintero.es\/es\/wp-json\/wp\/v2\/media?parent=506"}],"wp:term":[{"taxonomy":"product_brand","embeddable":true,"href":"https:\/\/pablocarpintero.es\/es\/wp-json\/wp\/v2\/product_brand?post=506"},{"taxonomy":"product_cat","embeddable":true,"href":"https:\/\/pablocarpintero.es\/es\/wp-json\/wp\/v2\/product_cat?post=506"},{"taxonomy":"product_tag","embeddable":true,"href":"https:\/\/pablocarpintero.es\/es\/wp-json\/wp\/v2\/product_tag?post=506"}],"curies":[{"name":"wp","href":"https:\/\/api.w.org\/{rel}","templated":true}]}}