{"id":512,"date":"2021-10-24T19:52:51","date_gmt":"2021-10-24T19:52:51","guid":{"rendered":"https:\/\/pablocarpintero.es\/?post_type=product&#038;p=512"},"modified":"2025-12-11T08:07:42","modified_gmt":"2025-12-11T08:07:42","slug":"gaita-monoxila-de-tres-tubos-sonoros","status":"publish","type":"product","link":"https:\/\/pablocarpintero.es\/es\/producto\/gaita-monoxila-de-tres-tubos-sonoros\/","title":{"rendered":"Gaita triple medieval"},"content":{"rendered":"<p>Se trata de una gaita de fuelle monoxila con tres perforaciones en la misma madera, es decir tiene tres tubos sonoros hechos en el mismo bloque de madera.\nCada uno de los tres tubos funciona con una leng\u00fceta simple, con un pallon. El tubo de la mano derecha emite desde la subt\u00f3nica hasta el quinto grado, el de la mano izquierda desde el cuarto grado hasta la t\u00f3nica superior. El tubo trasero se utiliza para emitir un bord\u00f3n que puede alternar entre la t\u00f3nica y la quinta.<span class=\"Apple-converted-space\">\u00a0<\/span><\/p>\n<p>En la Edad Media peninsular encontramos muchos modelos diferentes de gaitas que probablemente funcionaban con leng\u00fcetas simples, a juzgar por sus tubos cil\u00edndricos. Tenemos gaitas con la misma escala en los dos tubos mel\u00f3dicos, como las representadas en las catedrales de Burgos y Le\u00f3n; tenemos gaitas con tubo mel\u00f3dico y bord\u00f3n como la de la Cantiga 280, e incluso tenemos gaitas, como el alboka vasco, en la que obtenemos diferentes escalas en ambos tubos. Vemos tambi\u00e9n en algunas representaciones ib\u00e9ricas, como las de la gaita de la Colegiata de Toro o la de Santa Mar\u00eda Laguardia, unos punteros cuadrados muy anchos que bien podr\u00edan albergar bordones ocultos, dada la tendencia medieval a fabricar instrumentos con este recurso. <span class=\"Apple-converted-space\">\u00a0 \u00a0 \u00a0<\/span><\/p>\n<p>La idea de esta gaita triple proviene de la gaita encontrada en los estratos del siglo XIV en Staraya (Rusia), que tiene un peque\u00f1o puntero con un triple orificio. La aparici\u00f3n de una gaita sumamente similar en una iconograf\u00eda de N\u00f4tre Dame de Sanit L\u00f4 seguramente significa que esta idea de los tubos triples estuvo extendida por toda Europa en la Edad Media. Hemos querido hacer una gaita partiendo de esta misma idea, pero dot\u00e1ndola de la posibilidad de emitir una escala completa repartida entre las dos manos.<span class=\"Apple-converted-space\">\u00a0<\/span><\/p>\n<p>&nbsp;<\/p>\n<p>La escala est\u00e1 afinada en modo de Sol con la t\u00f3nica en altura de Re a 440Hz, pero la escala se puede afinar en otros modos.<\/p>\n<p>&nbsp;<\/p>\n<p>Pod\u00e9is escuchar esta gaita triple en este v\u00eddeo:<\/p>\n<div  class='avia-video av-a8dyw-d52a70d2e409bbbc5f351eab1375b49d avia-video-16-9 av-no-preview-image avia-video-load-always av-lazyload-immediate av-lazyload-video-embed'  itemprop=\"video\" itemtype=\"https:\/\/schema.org\/VideoObject\"  data-original_url='https:\/\/www.youtube.com\/watch?v=WqNniKvl7Fk'><script type='text\/html' class='av-video-tmpl'><div class='avia-iframe-wrap'><iframe loading=\"lazy\" title=\"Gaita medieval de triple tubo\" width=\"1500\" height=\"844\" src=\"https:\/\/www.youtube.com\/embed\/WqNniKvl7Fk?feature=oembed&autoplay=0&loop=0&controls=1&mute=0\" frameborder=\"0\" allow=\"accelerometer; autoplay; clipboard-write; encrypted-media; gyroscope; picture-in-picture\" allowfullscreen><\/iframe><\/div><\/script><div class='av-click-to-play-overlay'><div class=\"avia_playpause_icon\"><\/div><\/div><\/div>\n<p>&nbsp;<\/p>\n<p>&nbsp;<\/p>\n<p><span class=\"Apple-converted-space\">\u00a0<\/span><\/p>","protected":false},"excerpt":{"rendered":"<p>Tr\u00e1tase dunha gaita de fol monoxila con tres perforaci\u00f3ns na mesma madeira, \u00e9 dicir, ten tres tubos sonoros feitos no mesmo taco de madeira. Cada un dos tres tubos funciona cunha ling\u00fceta sinxela, cun pall\u00f3n. O tubo da man dereita emite dende unha subt\u00f3nica a un quinto grao, o da man esquerda dende o cuarto [&hellip;]<\/p>\n","protected":false},"featured_media":2203,"comment_status":"open","ping_status":"closed","template":"","meta":{"give_campaign_id":0,"_joinchat":[]},"product_brand":[],"product_cat":[31,20,32,34,18,33],"product_tag":[],"class_list":{"0":"post-512","1":"product","2":"type-product","3":"status-publish","4":"has-post-thumbnail","6":"product_cat-gaitas-de-cana-gaitas-de-pallon-lingueta-sinxela-actualizadas","7":"product_cat-gaitas-de-fol","8":"product_cat-gaitas-medievais","9":"product_cat-instrumentos-medievais","10":"product_cat-instrumentos-musicales","11":"product_cat-novos-modelos-de-gaitas","13":"first","14":"instock","15":"taxable","16":"shipping-taxable","17":"purchasable","18":"product-type-simple"},"yoast_head":"<!-- This site is optimized with the Yoast SEO plugin v27.2 - https:\/\/yoast.com\/product\/yoast-seo-wordpress\/ -->\n<title>Gaita triple medieval - Pablo Carpintero<\/title>\n<meta name=\"robots\" content=\"index, follow, max-snippet:-1, max-image-preview:large, max-video-preview:-1\" \/>\n<link rel=\"canonical\" href=\"https:\/\/pablocarpintero.es\/es\/producto\/gaita-monoxila-de-tres-tubos-sonoros\/\" \/>\n<meta property=\"og:locale\" content=\"es_ES\" \/>\n<meta property=\"og:type\" content=\"article\" \/>\n<meta property=\"og:title\" content=\"Gaita triple medieval - Pablo Carpintero\" \/>\n<meta property=\"og:description\" content=\"Tr\u00e1tase dunha gaita de fol monoxila con tres perforaci\u00f3ns na mesma madeira, \u00e9 dicir, ten tres tubos sonoros feitos no mesmo taco de madeira. Cada un dos tres tubos funciona cunha ling\u00fceta sinxela, cun pall\u00f3n. O tubo da man dereita emite dende unha subt\u00f3nica a un quinto grao, o da man esquerda dende o cuarto [&hellip;]\" \/>\n<meta property=\"og:url\" content=\"https:\/\/pablocarpintero.es\/es\/producto\/gaita-monoxila-de-tres-tubos-sonoros\/\" \/>\n<meta property=\"og:site_name\" content=\"Pablo Carpintero\" \/>\n<meta property=\"article:modified_time\" content=\"2025-12-11T08:07:42+00:00\" \/>\n<meta property=\"og:image\" content=\"https:\/\/pablocarpintero.es\/wp-content\/uploads\/2021\/10\/gaita-medieval-triple-Pablo-carpintero.jpg\" \/>\n\t<meta property=\"og:image:width\" content=\"2005\" \/>\n\t<meta property=\"og:image:height\" content=\"1339\" \/>\n\t<meta property=\"og:image:type\" content=\"image\/jpeg\" \/>\n<meta name=\"twitter:card\" content=\"summary_large_image\" \/>\n<meta name=\"twitter:label1\" content=\"Tiempo de lectura\" \/>\n\t<meta name=\"twitter:data1\" content=\"2 minutos\" \/>\n<script type=\"application\/ld+json\" class=\"yoast-schema-graph\">{\"@context\":\"https:\/\/schema.org\",\"@graph\":[{\"@type\":\"WebPage\",\"@id\":\"https:\/\/pablocarpintero.es\/producto\/gaita-monoxila-de-tres-tubos-sonoros\/\",\"url\":\"https:\/\/pablocarpintero.es\/producto\/gaita-monoxila-de-tres-tubos-sonoros\/\",\"name\":\"Gaita triple medieval - Pablo Carpintero\",\"isPartOf\":{\"@id\":\"https:\/\/pablocarpintero.es\/#website\"},\"primaryImageOfPage\":{\"@id\":\"https:\/\/pablocarpintero.es\/producto\/gaita-monoxila-de-tres-tubos-sonoros\/#primaryimage\"},\"image\":{\"@id\":\"https:\/\/pablocarpintero.es\/producto\/gaita-monoxila-de-tres-tubos-sonoros\/#primaryimage\"},\"thumbnailUrl\":\"https:\/\/pablocarpintero.es\/wp-content\/uploads\/2021\/10\/gaita-medieval-triple-Pablo-carpintero.jpg\",\"datePublished\":\"2021-10-24T19:52:51+00:00\",\"dateModified\":\"2025-12-11T08:07:42+00:00\",\"breadcrumb\":{\"@id\":\"https:\/\/pablocarpintero.es\/producto\/gaita-monoxila-de-tres-tubos-sonoros\/#breadcrumb\"},\"inLanguage\":\"es\",\"potentialAction\":[{\"@type\":\"ReadAction\",\"target\":[\"https:\/\/pablocarpintero.es\/producto\/gaita-monoxila-de-tres-tubos-sonoros\/\"]}]},{\"@type\":\"ImageObject\",\"inLanguage\":\"es\",\"@id\":\"https:\/\/pablocarpintero.es\/producto\/gaita-monoxila-de-tres-tubos-sonoros\/#primaryimage\",\"url\":\"https:\/\/pablocarpintero.es\/wp-content\/uploads\/2021\/10\/gaita-medieval-triple-Pablo-carpintero.jpg\",\"contentUrl\":\"https:\/\/pablocarpintero.es\/wp-content\/uploads\/2021\/10\/gaita-medieval-triple-Pablo-carpintero.jpg\",\"width\":2005,\"height\":1339},{\"@type\":\"BreadcrumbList\",\"@id\":\"https:\/\/pablocarpintero.es\/producto\/gaita-monoxila-de-tres-tubos-sonoros\/#breadcrumb\",\"itemListElement\":[{\"@type\":\"ListItem\",\"position\":1,\"name\":\"Portada\",\"item\":\"https:\/\/pablocarpintero.es\/inicio\/\"},{\"@type\":\"ListItem\",\"position\":2,\"name\":\"Tienda\",\"item\":\"https:\/\/pablocarpintero.es\/tienda\/\"},{\"@type\":\"ListItem\",\"position\":3,\"name\":\"Gaita triple medieval\"}]},{\"@type\":\"WebSite\",\"@id\":\"https:\/\/pablocarpintero.es\/#website\",\"url\":\"https:\/\/pablocarpintero.es\/\",\"name\":\"Pablo Carpintero\",\"description\":\"Otro sitio realizado con WordPress\",\"potentialAction\":[{\"@type\":\"SearchAction\",\"target\":{\"@type\":\"EntryPoint\",\"urlTemplate\":\"https:\/\/pablocarpintero.es\/?s={search_term_string}\"},\"query-input\":{\"@type\":\"PropertyValueSpecification\",\"valueRequired\":true,\"valueName\":\"search_term_string\"}}],\"inLanguage\":\"es\"}]}<\/script>\n<!-- \/ Yoast SEO plugin. -->","yoast_head_json":{"title":"Gaita triple medieval - Pablo Carpintero","robots":{"index":"index","follow":"follow","max-snippet":"max-snippet:-1","max-image-preview":"max-image-preview:large","max-video-preview":"max-video-preview:-1"},"canonical":"https:\/\/pablocarpintero.es\/es\/producto\/gaita-monoxila-de-tres-tubos-sonoros\/","og_locale":"es_ES","og_type":"article","og_title":"Gaita triple medieval - Pablo Carpintero","og_description":"Tr\u00e1tase dunha gaita de fol monoxila con tres perforaci\u00f3ns na mesma madeira, \u00e9 dicir, ten tres tubos sonoros feitos no mesmo taco de madeira. Cada un dos tres tubos funciona cunha ling\u00fceta sinxela, cun pall\u00f3n. O tubo da man dereita emite dende unha subt\u00f3nica a un quinto grao, o da man esquerda dende o cuarto [&hellip;]","og_url":"https:\/\/pablocarpintero.es\/es\/producto\/gaita-monoxila-de-tres-tubos-sonoros\/","og_site_name":"Pablo Carpintero","article_modified_time":"2025-12-11T08:07:42+00:00","og_image":[{"width":2005,"height":1339,"url":"https:\/\/pablocarpintero.es\/wp-content\/uploads\/2021\/10\/gaita-medieval-triple-Pablo-carpintero.jpg","type":"image\/jpeg"}],"twitter_card":"summary_large_image","twitter_misc":{"Tiempo de lectura":"2 minutos"},"schema":{"@context":"https:\/\/schema.org","@graph":[{"@type":"WebPage","@id":"https:\/\/pablocarpintero.es\/producto\/gaita-monoxila-de-tres-tubos-sonoros\/","url":"https:\/\/pablocarpintero.es\/producto\/gaita-monoxila-de-tres-tubos-sonoros\/","name":"Gaita triple medieval - Pablo Carpintero","isPartOf":{"@id":"https:\/\/pablocarpintero.es\/#website"},"primaryImageOfPage":{"@id":"https:\/\/pablocarpintero.es\/producto\/gaita-monoxila-de-tres-tubos-sonoros\/#primaryimage"},"image":{"@id":"https:\/\/pablocarpintero.es\/producto\/gaita-monoxila-de-tres-tubos-sonoros\/#primaryimage"},"thumbnailUrl":"https:\/\/pablocarpintero.es\/wp-content\/uploads\/2021\/10\/gaita-medieval-triple-Pablo-carpintero.jpg","datePublished":"2021-10-24T19:52:51+00:00","dateModified":"2025-12-11T08:07:42+00:00","breadcrumb":{"@id":"https:\/\/pablocarpintero.es\/producto\/gaita-monoxila-de-tres-tubos-sonoros\/#breadcrumb"},"inLanguage":"es","potentialAction":[{"@type":"ReadAction","target":["https:\/\/pablocarpintero.es\/producto\/gaita-monoxila-de-tres-tubos-sonoros\/"]}]},{"@type":"ImageObject","inLanguage":"es","@id":"https:\/\/pablocarpintero.es\/producto\/gaita-monoxila-de-tres-tubos-sonoros\/#primaryimage","url":"https:\/\/pablocarpintero.es\/wp-content\/uploads\/2021\/10\/gaita-medieval-triple-Pablo-carpintero.jpg","contentUrl":"https:\/\/pablocarpintero.es\/wp-content\/uploads\/2021\/10\/gaita-medieval-triple-Pablo-carpintero.jpg","width":2005,"height":1339},{"@type":"BreadcrumbList","@id":"https:\/\/pablocarpintero.es\/producto\/gaita-monoxila-de-tres-tubos-sonoros\/#breadcrumb","itemListElement":[{"@type":"ListItem","position":1,"name":"Portada","item":"https:\/\/pablocarpintero.es\/inicio\/"},{"@type":"ListItem","position":2,"name":"Tienda","item":"https:\/\/pablocarpintero.es\/tienda\/"},{"@type":"ListItem","position":3,"name":"Gaita triple medieval"}]},{"@type":"WebSite","@id":"https:\/\/pablocarpintero.es\/#website","url":"https:\/\/pablocarpintero.es\/","name":"Pablo Carpintero","description":"Otro sitio realizado con WordPress","potentialAction":[{"@type":"SearchAction","target":{"@type":"EntryPoint","urlTemplate":"https:\/\/pablocarpintero.es\/?s={search_term_string}"},"query-input":{"@type":"PropertyValueSpecification","valueRequired":true,"valueName":"search_term_string"}}],"inLanguage":"es"}]}},"_links":{"self":[{"href":"https:\/\/pablocarpintero.es\/es\/wp-json\/wp\/v2\/product\/512","targetHints":{"allow":["GET"]}}],"collection":[{"href":"https:\/\/pablocarpintero.es\/es\/wp-json\/wp\/v2\/product"}],"about":[{"href":"https:\/\/pablocarpintero.es\/es\/wp-json\/wp\/v2\/types\/product"}],"replies":[{"embeddable":true,"href":"https:\/\/pablocarpintero.es\/es\/wp-json\/wp\/v2\/comments?post=512"}],"wp:featuredmedia":[{"embeddable":true,"href":"https:\/\/pablocarpintero.es\/es\/wp-json\/wp\/v2\/media\/2203"}],"wp:attachment":[{"href":"https:\/\/pablocarpintero.es\/es\/wp-json\/wp\/v2\/media?parent=512"}],"wp:term":[{"taxonomy":"product_brand","embeddable":true,"href":"https:\/\/pablocarpintero.es\/es\/wp-json\/wp\/v2\/product_brand?post=512"},{"taxonomy":"product_cat","embeddable":true,"href":"https:\/\/pablocarpintero.es\/es\/wp-json\/wp\/v2\/product_cat?post=512"},{"taxonomy":"product_tag","embeddable":true,"href":"https:\/\/pablocarpintero.es\/es\/wp-json\/wp\/v2\/product_tag?post=512"}],"curies":[{"name":"wp","href":"https:\/\/api.w.org\/{rel}","templated":true}]}}