{"id":518,"date":"2021-10-24T20:03:06","date_gmt":"2021-10-24T20:03:06","guid":{"rendered":"https:\/\/pablocarpintero.es\/?post_type=product&#038;p=518"},"modified":"2022-09-22T06:06:51","modified_gmt":"2022-09-22T06:06:51","slug":"palletas-tradicionais-mirandesas","status":"publish","type":"product","link":"https:\/\/pablocarpintero.es\/es\/producto\/palletas-tradicionais-mirandesas\/","title":{"rendered":"Pajuelas tradicionales mirandesas"},"content":{"rendered":"<p>Aptas para punteiros modernos mirandeses en Sib. Son palletas fabricadas ao estilo mirand\u00e9s tradicional, \u00e9 dicir, empregando s\u00f3 a parte interior e branda da cana, por canto conservan a esencia do timbre propiamente mirand\u00e9s. Este modelo de palleta, o m\u00e1is antigo a xulgar pola s\u00faa presenza no resto do vello mundo, foi o m\u00e1is empregado en todo o noroeste ib\u00e9rico, excepto na Galiza central e occidental onde se fabricaban as palletas coa parte dura da cana e con xugo met\u00e1lico.<\/p>","protected":false},"excerpt":{"rendered":"<p>Aptas para punteiros modernos mirandeses en Sib. Son palletas fabricadas ao estilo mirand\u00e9s tradicional, \u00e9 dicir, empregando s\u00f3 a parte interior e branda da cana, por canto conservan a esencia do timbre propiamente mirand\u00e9s. Este modelo de palleta, o m\u00e1is antigo a xulgar pola s\u00faa presenza no resto do vello mundo, foi o m\u00e1is empregado [&hellip;]<\/p>\n","protected":false},"featured_media":1414,"comment_status":"open","ping_status":"closed","template":"","meta":{"give_campaign_id":0,"_joinchat":[]},"product_brand":[],"product_cat":[50,18,46],"product_tag":[],"class_list":{"0":"post-518","1":"product","2":"type-product","3":"status-publish","4":"has-post-thumbnail","6":"product_cat-complementos","7":"product_cat-instrumentos-musicales","8":"product_cat-palletas","9":"product_shipping_class-gratuito","11":"first","12":"instock","13":"taxable","14":"shipping-taxable","15":"purchasable","16":"product-type-simple"},"yoast_head":"<!-- This site is optimized with the Yoast SEO plugin v27.2 - https:\/\/yoast.com\/product\/yoast-seo-wordpress\/ -->\n<title>Palletas tradicionais mirandesas - Pablo Carpintero<\/title>\n<meta name=\"robots\" content=\"index, follow, max-snippet:-1, max-image-preview:large, max-video-preview:-1\" \/>\n<link rel=\"canonical\" href=\"https:\/\/pablocarpintero.es\/es\/producto\/palletas-tradicionais-mirandesas\/\" \/>\n<meta property=\"og:locale\" content=\"es_ES\" \/>\n<meta property=\"og:type\" content=\"article\" \/>\n<meta property=\"og:title\" content=\"Palletas tradicionais mirandesas - Pablo Carpintero\" \/>\n<meta property=\"og:description\" content=\"Aptas para punteiros modernos mirandeses en Sib. Son palletas fabricadas ao estilo mirand\u00e9s tradicional, \u00e9 dicir, empregando s\u00f3 a parte interior e branda da cana, por canto conservan a esencia do timbre propiamente mirand\u00e9s. Este modelo de palleta, o m\u00e1is antigo a xulgar pola s\u00faa presenza no resto do vello mundo, foi o m\u00e1is empregado [&hellip;]\" \/>\n<meta property=\"og:url\" content=\"https:\/\/pablocarpintero.es\/es\/producto\/palletas-tradicionais-mirandesas\/\" \/>\n<meta property=\"og:site_name\" content=\"Pablo Carpintero\" \/>\n<meta property=\"article:modified_time\" content=\"2022-09-22T06:06:51+00:00\" \/>\n<meta property=\"og:image\" content=\"https:\/\/pablocarpintero.es\/wp-content\/uploads\/2021\/10\/palleta-mirandesa.jpg\" \/>\n\t<meta property=\"og:image:width\" content=\"2201\" \/>\n\t<meta property=\"og:image:height\" content=\"1551\" \/>\n\t<meta property=\"og:image:type\" content=\"image\/jpeg\" \/>\n<meta name=\"twitter:card\" content=\"summary_large_image\" \/>\n<script type=\"application\/ld+json\" class=\"yoast-schema-graph\">{\"@context\":\"https:\/\/schema.org\",\"@graph\":[{\"@type\":\"WebPage\",\"@id\":\"https:\/\/pablocarpintero.es\/producto\/palletas-tradicionais-mirandesas\/\",\"url\":\"https:\/\/pablocarpintero.es\/producto\/palletas-tradicionais-mirandesas\/\",\"name\":\"Palletas tradicionais mirandesas - Pablo Carpintero\",\"isPartOf\":{\"@id\":\"https:\/\/pablocarpintero.es\/#website\"},\"primaryImageOfPage\":{\"@id\":\"https:\/\/pablocarpintero.es\/producto\/palletas-tradicionais-mirandesas\/#primaryimage\"},\"image\":{\"@id\":\"https:\/\/pablocarpintero.es\/producto\/palletas-tradicionais-mirandesas\/#primaryimage\"},\"thumbnailUrl\":\"https:\/\/pablocarpintero.es\/wp-content\/uploads\/2021\/10\/palleta-mirandesa.jpg\",\"datePublished\":\"2021-10-24T20:03:06+00:00\",\"dateModified\":\"2022-09-22T06:06:51+00:00\",\"breadcrumb\":{\"@id\":\"https:\/\/pablocarpintero.es\/producto\/palletas-tradicionais-mirandesas\/#breadcrumb\"},\"inLanguage\":\"es\",\"potentialAction\":[{\"@type\":\"ReadAction\",\"target\":[\"https:\/\/pablocarpintero.es\/producto\/palletas-tradicionais-mirandesas\/\"]}]},{\"@type\":\"ImageObject\",\"inLanguage\":\"es\",\"@id\":\"https:\/\/pablocarpintero.es\/producto\/palletas-tradicionais-mirandesas\/#primaryimage\",\"url\":\"https:\/\/pablocarpintero.es\/wp-content\/uploads\/2021\/10\/palleta-mirandesa.jpg\",\"contentUrl\":\"https:\/\/pablocarpintero.es\/wp-content\/uploads\/2021\/10\/palleta-mirandesa.jpg\",\"width\":2201,\"height\":1551},{\"@type\":\"BreadcrumbList\",\"@id\":\"https:\/\/pablocarpintero.es\/producto\/palletas-tradicionais-mirandesas\/#breadcrumb\",\"itemListElement\":[{\"@type\":\"ListItem\",\"position\":1,\"name\":\"Portada\",\"item\":\"https:\/\/pablocarpintero.es\/inicio\/\"},{\"@type\":\"ListItem\",\"position\":2,\"name\":\"Tienda\",\"item\":\"https:\/\/pablocarpintero.es\/tienda\/\"},{\"@type\":\"ListItem\",\"position\":3,\"name\":\"Palletas tradicionais mirandesas\"}]},{\"@type\":\"WebSite\",\"@id\":\"https:\/\/pablocarpintero.es\/#website\",\"url\":\"https:\/\/pablocarpintero.es\/\",\"name\":\"Pablo Carpintero\",\"description\":\"Otro sitio realizado con WordPress\",\"potentialAction\":[{\"@type\":\"SearchAction\",\"target\":{\"@type\":\"EntryPoint\",\"urlTemplate\":\"https:\/\/pablocarpintero.es\/?s={search_term_string}\"},\"query-input\":{\"@type\":\"PropertyValueSpecification\",\"valueRequired\":true,\"valueName\":\"search_term_string\"}}],\"inLanguage\":\"es\"}]}<\/script>\n<!-- \/ Yoast SEO plugin. -->","yoast_head_json":{"title":"Palletas tradicionais mirandesas - Pablo Carpintero","robots":{"index":"index","follow":"follow","max-snippet":"max-snippet:-1","max-image-preview":"max-image-preview:large","max-video-preview":"max-video-preview:-1"},"canonical":"https:\/\/pablocarpintero.es\/es\/producto\/palletas-tradicionais-mirandesas\/","og_locale":"es_ES","og_type":"article","og_title":"Palletas tradicionais mirandesas - Pablo Carpintero","og_description":"Aptas para punteiros modernos mirandeses en Sib. Son palletas fabricadas ao estilo mirand\u00e9s tradicional, \u00e9 dicir, empregando s\u00f3 a parte interior e branda da cana, por canto conservan a esencia do timbre propiamente mirand\u00e9s. Este modelo de palleta, o m\u00e1is antigo a xulgar pola s\u00faa presenza no resto do vello mundo, foi o m\u00e1is empregado [&hellip;]","og_url":"https:\/\/pablocarpintero.es\/es\/producto\/palletas-tradicionais-mirandesas\/","og_site_name":"Pablo Carpintero","article_modified_time":"2022-09-22T06:06:51+00:00","og_image":[{"width":2201,"height":1551,"url":"https:\/\/pablocarpintero.es\/wp-content\/uploads\/2021\/10\/palleta-mirandesa.jpg","type":"image\/jpeg"}],"twitter_card":"summary_large_image","schema":{"@context":"https:\/\/schema.org","@graph":[{"@type":"WebPage","@id":"https:\/\/pablocarpintero.es\/producto\/palletas-tradicionais-mirandesas\/","url":"https:\/\/pablocarpintero.es\/producto\/palletas-tradicionais-mirandesas\/","name":"Palletas tradicionais mirandesas - Pablo Carpintero","isPartOf":{"@id":"https:\/\/pablocarpintero.es\/#website"},"primaryImageOfPage":{"@id":"https:\/\/pablocarpintero.es\/producto\/palletas-tradicionais-mirandesas\/#primaryimage"},"image":{"@id":"https:\/\/pablocarpintero.es\/producto\/palletas-tradicionais-mirandesas\/#primaryimage"},"thumbnailUrl":"https:\/\/pablocarpintero.es\/wp-content\/uploads\/2021\/10\/palleta-mirandesa.jpg","datePublished":"2021-10-24T20:03:06+00:00","dateModified":"2022-09-22T06:06:51+00:00","breadcrumb":{"@id":"https:\/\/pablocarpintero.es\/producto\/palletas-tradicionais-mirandesas\/#breadcrumb"},"inLanguage":"es","potentialAction":[{"@type":"ReadAction","target":["https:\/\/pablocarpintero.es\/producto\/palletas-tradicionais-mirandesas\/"]}]},{"@type":"ImageObject","inLanguage":"es","@id":"https:\/\/pablocarpintero.es\/producto\/palletas-tradicionais-mirandesas\/#primaryimage","url":"https:\/\/pablocarpintero.es\/wp-content\/uploads\/2021\/10\/palleta-mirandesa.jpg","contentUrl":"https:\/\/pablocarpintero.es\/wp-content\/uploads\/2021\/10\/palleta-mirandesa.jpg","width":2201,"height":1551},{"@type":"BreadcrumbList","@id":"https:\/\/pablocarpintero.es\/producto\/palletas-tradicionais-mirandesas\/#breadcrumb","itemListElement":[{"@type":"ListItem","position":1,"name":"Portada","item":"https:\/\/pablocarpintero.es\/inicio\/"},{"@type":"ListItem","position":2,"name":"Tienda","item":"https:\/\/pablocarpintero.es\/tienda\/"},{"@type":"ListItem","position":3,"name":"Palletas tradicionais mirandesas"}]},{"@type":"WebSite","@id":"https:\/\/pablocarpintero.es\/#website","url":"https:\/\/pablocarpintero.es\/","name":"Pablo Carpintero","description":"Otro sitio realizado con WordPress","potentialAction":[{"@type":"SearchAction","target":{"@type":"EntryPoint","urlTemplate":"https:\/\/pablocarpintero.es\/?s={search_term_string}"},"query-input":{"@type":"PropertyValueSpecification","valueRequired":true,"valueName":"search_term_string"}}],"inLanguage":"es"}]}},"_links":{"self":[{"href":"https:\/\/pablocarpintero.es\/es\/wp-json\/wp\/v2\/product\/518","targetHints":{"allow":["GET"]}}],"collection":[{"href":"https:\/\/pablocarpintero.es\/es\/wp-json\/wp\/v2\/product"}],"about":[{"href":"https:\/\/pablocarpintero.es\/es\/wp-json\/wp\/v2\/types\/product"}],"replies":[{"embeddable":true,"href":"https:\/\/pablocarpintero.es\/es\/wp-json\/wp\/v2\/comments?post=518"}],"wp:featuredmedia":[{"embeddable":true,"href":"https:\/\/pablocarpintero.es\/es\/wp-json\/wp\/v2\/media\/1414"}],"wp:attachment":[{"href":"https:\/\/pablocarpintero.es\/es\/wp-json\/wp\/v2\/media?parent=518"}],"wp:term":[{"taxonomy":"product_brand","embeddable":true,"href":"https:\/\/pablocarpintero.es\/es\/wp-json\/wp\/v2\/product_brand?post=518"},{"taxonomy":"product_cat","embeddable":true,"href":"https:\/\/pablocarpintero.es\/es\/wp-json\/wp\/v2\/product_cat?post=518"},{"taxonomy":"product_tag","embeddable":true,"href":"https:\/\/pablocarpintero.es\/es\/wp-json\/wp\/v2\/product_tag?post=518"}],"curies":[{"name":"wp","href":"https:\/\/api.w.org\/{rel}","templated":true}]}}