{"id":521,"date":"2021-10-24T20:06:37","date_gmt":"2021-10-24T20:06:37","guid":{"rendered":"https:\/\/pablocarpintero.es\/?post_type=product&#038;p=521"},"modified":"2022-05-14T05:11:38","modified_gmt":"2022-05-14T05:11:38","slug":"tambor-das-cantigas-de-santa-maria","status":"publish","type":"product","link":"https:\/\/pablocarpintero.es\/es\/producto\/tambor-das-cantigas-de-santa-maria\/","title":{"rendered":"Tambor de las Cantigas de Santa Mar\u00eda"},"content":{"rendered":"<p>En la Cantiga 370 del C\u00f3dice de los M\u00fasicos (s. XIII) vemos representados dos tocadores de flauta y tambor. Este tipo de tambor colgado con una correa del cuello del tocador aparece tambi\u00e9n en otras iconograf\u00edas de la \u00e9poca, siendo un modelo que parece haberse perdido al substituirse por tambores militares.<\/p>\n<p>El precio incluye la correa y la maza de boj.<\/p>","protected":false},"excerpt":{"rendered":"<p>Na Cantiga 370 do C\u00f3dice dos M\u00fasicos (s. XIII) vemos representados dous tocadores de frauta e tambor. Este tipo de tambor pendurado cunha correa do pescozo do tocador aparece tam\u00e9n noutras iconograf\u00edas da \u00e9poca, sendo un modelo que parece terse perdido ao seren substitu\u00eddo polos tambores de tipo militar. O prezo incl\u00fae a correa e [&hellip;]<\/p>\n","protected":false},"featured_media":1659,"comment_status":"open","ping_status":"closed","template":"","meta":{"give_campaign_id":0,"_joinchat":[]},"product_brand":[],"product_cat":[34,18],"product_tag":[],"class_list":{"0":"post-521","1":"product","2":"type-product","3":"status-publish","4":"has-post-thumbnail","6":"product_cat-instrumentos-medievais","7":"product_cat-instrumentos-musicales","9":"first","10":"instock","11":"taxable","12":"shipping-taxable","13":"purchasable","14":"product-type-simple"},"yoast_head":"<!-- This site is optimized with the Yoast SEO plugin v27.2 - https:\/\/yoast.com\/product\/yoast-seo-wordpress\/ -->\n<title>Tambor das Cantigas de Santa Mar\u00eda - Pablo Carpintero<\/title>\n<meta name=\"robots\" content=\"index, follow, max-snippet:-1, max-image-preview:large, max-video-preview:-1\" \/>\n<link rel=\"canonical\" href=\"https:\/\/pablocarpintero.es\/es\/producto\/tambor-das-cantigas-de-santa-maria\/\" \/>\n<meta property=\"og:locale\" content=\"es_ES\" \/>\n<meta property=\"og:type\" content=\"article\" \/>\n<meta property=\"og:title\" content=\"Tambor das Cantigas de Santa Mar\u00eda - Pablo Carpintero\" \/>\n<meta property=\"og:description\" content=\"Na Cantiga 370 do C\u00f3dice dos M\u00fasicos (s. XIII) vemos representados dous tocadores de frauta e tambor. Este tipo de tambor pendurado cunha correa do pescozo do tocador aparece tam\u00e9n noutras iconograf\u00edas da \u00e9poca, sendo un modelo que parece terse perdido ao seren substitu\u00eddo polos tambores de tipo militar. O prezo incl\u00fae a correa e [&hellip;]\" \/>\n<meta property=\"og:url\" content=\"https:\/\/pablocarpintero.es\/es\/producto\/tambor-das-cantigas-de-santa-maria\/\" \/>\n<meta property=\"og:site_name\" content=\"Pablo Carpintero\" \/>\n<meta property=\"article:modified_time\" content=\"2022-05-14T05:11:38+00:00\" \/>\n<meta property=\"og:image\" content=\"https:\/\/pablocarpintero.es\/wp-content\/uploads\/2021\/10\/Tambor-de-las-Cantigas-de-Santa-Maria-Pablo-Carpintero.jpg\" \/>\n\t<meta property=\"og:image:width\" content=\"2059\" \/>\n\t<meta property=\"og:image:height\" content=\"1570\" \/>\n\t<meta property=\"og:image:type\" content=\"image\/jpeg\" \/>\n<meta name=\"twitter:card\" content=\"summary_large_image\" \/>\n<script type=\"application\/ld+json\" class=\"yoast-schema-graph\">{\"@context\":\"https:\/\/schema.org\",\"@graph\":[{\"@type\":\"WebPage\",\"@id\":\"https:\/\/pablocarpintero.es\/producto\/tambor-das-cantigas-de-santa-maria\/\",\"url\":\"https:\/\/pablocarpintero.es\/producto\/tambor-das-cantigas-de-santa-maria\/\",\"name\":\"Tambor das Cantigas de Santa Mar\u00eda - Pablo Carpintero\",\"isPartOf\":{\"@id\":\"https:\/\/pablocarpintero.es\/#website\"},\"primaryImageOfPage\":{\"@id\":\"https:\/\/pablocarpintero.es\/producto\/tambor-das-cantigas-de-santa-maria\/#primaryimage\"},\"image\":{\"@id\":\"https:\/\/pablocarpintero.es\/producto\/tambor-das-cantigas-de-santa-maria\/#primaryimage\"},\"thumbnailUrl\":\"https:\/\/pablocarpintero.es\/wp-content\/uploads\/2021\/10\/Tambor-de-las-Cantigas-de-Santa-Maria-Pablo-Carpintero.jpg\",\"datePublished\":\"2021-10-24T20:06:37+00:00\",\"dateModified\":\"2022-05-14T05:11:38+00:00\",\"breadcrumb\":{\"@id\":\"https:\/\/pablocarpintero.es\/producto\/tambor-das-cantigas-de-santa-maria\/#breadcrumb\"},\"inLanguage\":\"es\",\"potentialAction\":[{\"@type\":\"ReadAction\",\"target\":[\"https:\/\/pablocarpintero.es\/producto\/tambor-das-cantigas-de-santa-maria\/\"]}]},{\"@type\":\"ImageObject\",\"inLanguage\":\"es\",\"@id\":\"https:\/\/pablocarpintero.es\/producto\/tambor-das-cantigas-de-santa-maria\/#primaryimage\",\"url\":\"https:\/\/pablocarpintero.es\/wp-content\/uploads\/2021\/10\/Tambor-de-las-Cantigas-de-Santa-Maria-Pablo-Carpintero.jpg\",\"contentUrl\":\"https:\/\/pablocarpintero.es\/wp-content\/uploads\/2021\/10\/Tambor-de-las-Cantigas-de-Santa-Maria-Pablo-Carpintero.jpg\",\"width\":2059,\"height\":1570},{\"@type\":\"BreadcrumbList\",\"@id\":\"https:\/\/pablocarpintero.es\/producto\/tambor-das-cantigas-de-santa-maria\/#breadcrumb\",\"itemListElement\":[{\"@type\":\"ListItem\",\"position\":1,\"name\":\"Portada\",\"item\":\"https:\/\/pablocarpintero.es\/inicio\/\"},{\"@type\":\"ListItem\",\"position\":2,\"name\":\"Tienda\",\"item\":\"https:\/\/pablocarpintero.es\/tienda\/\"},{\"@type\":\"ListItem\",\"position\":3,\"name\":\"Tambor das Cantigas de Santa Mar\u00eda\"}]},{\"@type\":\"WebSite\",\"@id\":\"https:\/\/pablocarpintero.es\/#website\",\"url\":\"https:\/\/pablocarpintero.es\/\",\"name\":\"Pablo Carpintero\",\"description\":\"Otro sitio realizado con WordPress\",\"potentialAction\":[{\"@type\":\"SearchAction\",\"target\":{\"@type\":\"EntryPoint\",\"urlTemplate\":\"https:\/\/pablocarpintero.es\/?s={search_term_string}\"},\"query-input\":{\"@type\":\"PropertyValueSpecification\",\"valueRequired\":true,\"valueName\":\"search_term_string\"}}],\"inLanguage\":\"es\"}]}<\/script>\n<!-- \/ Yoast SEO plugin. -->","yoast_head_json":{"title":"Tambor das Cantigas de Santa Mar\u00eda - Pablo Carpintero","robots":{"index":"index","follow":"follow","max-snippet":"max-snippet:-1","max-image-preview":"max-image-preview:large","max-video-preview":"max-video-preview:-1"},"canonical":"https:\/\/pablocarpintero.es\/es\/producto\/tambor-das-cantigas-de-santa-maria\/","og_locale":"es_ES","og_type":"article","og_title":"Tambor das Cantigas de Santa Mar\u00eda - Pablo Carpintero","og_description":"Na Cantiga 370 do C\u00f3dice dos M\u00fasicos (s. XIII) vemos representados dous tocadores de frauta e tambor. Este tipo de tambor pendurado cunha correa do pescozo do tocador aparece tam\u00e9n noutras iconograf\u00edas da \u00e9poca, sendo un modelo que parece terse perdido ao seren substitu\u00eddo polos tambores de tipo militar. O prezo incl\u00fae a correa e [&hellip;]","og_url":"https:\/\/pablocarpintero.es\/es\/producto\/tambor-das-cantigas-de-santa-maria\/","og_site_name":"Pablo Carpintero","article_modified_time":"2022-05-14T05:11:38+00:00","og_image":[{"width":2059,"height":1570,"url":"https:\/\/pablocarpintero.es\/wp-content\/uploads\/2021\/10\/Tambor-de-las-Cantigas-de-Santa-Maria-Pablo-Carpintero.jpg","type":"image\/jpeg"}],"twitter_card":"summary_large_image","schema":{"@context":"https:\/\/schema.org","@graph":[{"@type":"WebPage","@id":"https:\/\/pablocarpintero.es\/producto\/tambor-das-cantigas-de-santa-maria\/","url":"https:\/\/pablocarpintero.es\/producto\/tambor-das-cantigas-de-santa-maria\/","name":"Tambor das Cantigas de Santa Mar\u00eda - Pablo Carpintero","isPartOf":{"@id":"https:\/\/pablocarpintero.es\/#website"},"primaryImageOfPage":{"@id":"https:\/\/pablocarpintero.es\/producto\/tambor-das-cantigas-de-santa-maria\/#primaryimage"},"image":{"@id":"https:\/\/pablocarpintero.es\/producto\/tambor-das-cantigas-de-santa-maria\/#primaryimage"},"thumbnailUrl":"https:\/\/pablocarpintero.es\/wp-content\/uploads\/2021\/10\/Tambor-de-las-Cantigas-de-Santa-Maria-Pablo-Carpintero.jpg","datePublished":"2021-10-24T20:06:37+00:00","dateModified":"2022-05-14T05:11:38+00:00","breadcrumb":{"@id":"https:\/\/pablocarpintero.es\/producto\/tambor-das-cantigas-de-santa-maria\/#breadcrumb"},"inLanguage":"es","potentialAction":[{"@type":"ReadAction","target":["https:\/\/pablocarpintero.es\/producto\/tambor-das-cantigas-de-santa-maria\/"]}]},{"@type":"ImageObject","inLanguage":"es","@id":"https:\/\/pablocarpintero.es\/producto\/tambor-das-cantigas-de-santa-maria\/#primaryimage","url":"https:\/\/pablocarpintero.es\/wp-content\/uploads\/2021\/10\/Tambor-de-las-Cantigas-de-Santa-Maria-Pablo-Carpintero.jpg","contentUrl":"https:\/\/pablocarpintero.es\/wp-content\/uploads\/2021\/10\/Tambor-de-las-Cantigas-de-Santa-Maria-Pablo-Carpintero.jpg","width":2059,"height":1570},{"@type":"BreadcrumbList","@id":"https:\/\/pablocarpintero.es\/producto\/tambor-das-cantigas-de-santa-maria\/#breadcrumb","itemListElement":[{"@type":"ListItem","position":1,"name":"Portada","item":"https:\/\/pablocarpintero.es\/inicio\/"},{"@type":"ListItem","position":2,"name":"Tienda","item":"https:\/\/pablocarpintero.es\/tienda\/"},{"@type":"ListItem","position":3,"name":"Tambor das Cantigas de Santa Mar\u00eda"}]},{"@type":"WebSite","@id":"https:\/\/pablocarpintero.es\/#website","url":"https:\/\/pablocarpintero.es\/","name":"Pablo Carpintero","description":"Otro sitio realizado con WordPress","potentialAction":[{"@type":"SearchAction","target":{"@type":"EntryPoint","urlTemplate":"https:\/\/pablocarpintero.es\/?s={search_term_string}"},"query-input":{"@type":"PropertyValueSpecification","valueRequired":true,"valueName":"search_term_string"}}],"inLanguage":"es"}]}},"_links":{"self":[{"href":"https:\/\/pablocarpintero.es\/es\/wp-json\/wp\/v2\/product\/521","targetHints":{"allow":["GET"]}}],"collection":[{"href":"https:\/\/pablocarpintero.es\/es\/wp-json\/wp\/v2\/product"}],"about":[{"href":"https:\/\/pablocarpintero.es\/es\/wp-json\/wp\/v2\/types\/product"}],"replies":[{"embeddable":true,"href":"https:\/\/pablocarpintero.es\/es\/wp-json\/wp\/v2\/comments?post=521"}],"wp:featuredmedia":[{"embeddable":true,"href":"https:\/\/pablocarpintero.es\/es\/wp-json\/wp\/v2\/media\/1659"}],"wp:attachment":[{"href":"https:\/\/pablocarpintero.es\/es\/wp-json\/wp\/v2\/media?parent=521"}],"wp:term":[{"taxonomy":"product_brand","embeddable":true,"href":"https:\/\/pablocarpintero.es\/es\/wp-json\/wp\/v2\/product_brand?post=521"},{"taxonomy":"product_cat","embeddable":true,"href":"https:\/\/pablocarpintero.es\/es\/wp-json\/wp\/v2\/product_cat?post=521"},{"taxonomy":"product_tag","embeddable":true,"href":"https:\/\/pablocarpintero.es\/es\/wp-json\/wp\/v2\/product_tag?post=521"}],"curies":[{"name":"wp","href":"https:\/\/api.w.org\/{rel}","templated":true}]}}