{"id":522,"date":"2021-10-24T20:08:11","date_gmt":"2021-10-24T20:08:11","guid":{"rendered":"https:\/\/pablocarpintero.es\/?post_type=product&#038;p=522"},"modified":"2023-12-04T09:24:14","modified_gmt":"2023-12-04T09:24:14","slug":"frauta-traveseira-das-cantigas-de-santa-maria","status":"publish","type":"product","link":"https:\/\/pablocarpintero.es\/es\/producto\/frauta-traveseira-das-cantigas-de-santa-maria\/","title":{"rendered":"Flauta travesera de las Cantigas de Santa Mar\u00eda"},"content":{"rendered":"<p>En la iluminaci\u00f3n de la Cantiga 240 del C\u00f3dice de los M\u00fasicos (s. XIII) vemos representadas sendas flautas traveseras, uno de los primeros ejemplos iconogr\u00e1ficos de este instrumento. Suponiendo una representaci\u00f3n realista de los instrumentos y teniendo en cuenta la altura media de las personas en la edad media (cerca de 1.65 m), realizamos una reproducci\u00f3n de estas flautas. Fabricamos los instrumentos cil\u00edndricos y en dos piezas como parece apreciarse en las iconograf\u00edas. El resultado fue una flauta con la t\u00f3nica en altura de Si y con la escala en modo de Re. Se pueden fabricar a escala en otras alturas. Maderas de boj, arce o frutal.<\/p>\n\n<style type=\"text\/css\" data-created_by=\"avia_inline_auto\" id=\"style-css-av-2rz62-4406794665c91973af5f80dfce420f58\">\n.avia-image-container.av-2rz62-4406794665c91973af5f80dfce420f58 img.avia_image{\nbox-shadow:none;\n}\n.avia-image-container.av-2rz62-4406794665c91973af5f80dfce420f58 .av-image-caption-overlay-center{\ncolor:#ffffff;\n}\n<\/style>\n<div  class='avia-image-container av-2rz62-4406794665c91973af5f80dfce420f58 av-styling- avia-align-center  avia-builder-el-0  el_before_av_image  avia-builder-el-first'   itemprop=\"image\" itemscope=\"itemscope\" itemtype=\"https:\/\/schema.org\/ImageObject\" ><div class=\"avia-image-container-inner\"><div class=\"avia-image-overlay-wrap\"><img decoding=\"async\" class='wp-image-1998 avia-img-lazy-loading-not-1998 avia_image' src=\"https:\/\/pablocarpintero.es\/wp-content\/uploads\/2021\/10\/240-frauta-recortada-1-244x300.jpg\" alt='' title='240 frauta recortada'  height=\"300\" width=\"244\"  itemprop=\"thumbnailUrl\" srcset=\"https:\/\/pablocarpintero.es\/wp-content\/uploads\/2021\/10\/240-frauta-recortada-1-244x300.jpg 244w, https:\/\/pablocarpintero.es\/wp-content\/uploads\/2021\/10\/240-frauta-recortada-1-600x738.jpg 600w, https:\/\/pablocarpintero.es\/wp-content\/uploads\/2021\/10\/240-frauta-recortada-1-10x12.jpg 10w, https:\/\/pablocarpintero.es\/wp-content\/uploads\/2021\/10\/240-frauta-recortada-1-573x705.jpg 573w, https:\/\/pablocarpintero.es\/wp-content\/uploads\/2021\/10\/240-frauta-recortada-1.jpg 678w\" sizes=\"(max-width: 244px) 100vw, 244px\" \/><\/div><\/div><\/div>\n<p>&nbsp;<\/p>\n<p class=\"translation-block\">An\u00e1lisis posteriores han puesto de manifiesto que la estructura de esta flauta es bastante similar a un bansuri, una flauta travesera hind\u00fa ya representada en iconograf\u00edas de principios de nuestra era, es decir, m\u00e1s de mil a\u00f1os antes que la de las Cantigas. Todo en la iconograf\u00eda original y en la r\u00e9plica apunta a este extremo: el tama\u00f1o y las dimensiones de las flautas representadas en la iluminaci\u00f3n de las Cantigas son id\u00e9nticas a un bansuri, su afinaci\u00f3n en el 4\u00ba grado fue tambi\u00e9n la de los bansuris m\u00e1s comunes: Mi-20 cents en la r\u00e9plica, Mi en los bansuris m\u00e1s comunes. La posici\u00f3n de los dedos de los ejecutantes en la iconograf\u00eda es muy similar a la utilizada por los ejecutantes tradicionales de bansuri e incluso la formaci\u00f3n por parejas tambi\u00e9n aparece con mucha frecuencia en la tradici\u00f3n hind\u00fa. Por otro lado, sorprendentemente, tenemos en las Cantigas representados otros instrumentos musicales que tambi\u00e9n aparecen en la tradici\u00f3n musical hind\u00fa, como los oboes con pirueta de la Cantiga 310 o 330 donde tambi\u00e9n podemos ver a una mujer tocando unas casta\u00f1uelas id\u00e9nticas al khartal Rajasthan\u00ed, un instrumento musical que por ahora no hemos podido documentar en la tradici\u00f3n ib\u00e9rica sujetado de esta manera.<\/p>\n<p>&nbsp;<\/p>\n\n<style type=\"text\/css\" data-created_by=\"avia_inline_auto\" id=\"style-css-av-jvrdm-6f0abd81a1381b80d344b22a268f185b\">\n.avia-image-container.av-jvrdm-6f0abd81a1381b80d344b22a268f185b img.avia_image{\nbox-shadow:none;\n}\n.avia-image-container.av-jvrdm-6f0abd81a1381b80d344b22a268f185b .av-image-caption-overlay-center{\ncolor:#ffffff;\n}\n<\/style>\n<div  class='avia-image-container av-jvrdm-6f0abd81a1381b80d344b22a268f185b av-styling- avia-align-center  avia-builder-el-1  el_after_av_image  el_before_av_video'   itemprop=\"image\" itemscope=\"itemscope\" itemtype=\"https:\/\/schema.org\/ImageObject\" ><div class=\"avia-image-container-inner\"><div class=\"avia-image-overlay-wrap\"><img decoding=\"async\" class='wp-image-1997 avia-img-lazy-loading-not-1997 avia_image' src=\"https:\/\/pablocarpintero.es\/wp-content\/uploads\/2021\/10\/330-copia-300x297.jpg\" alt='' title='330 copia'  height=\"297\" width=\"300\"  itemprop=\"thumbnailUrl\" srcset=\"https:\/\/pablocarpintero.es\/wp-content\/uploads\/2021\/10\/330-copia-300x297.jpg 300w, https:\/\/pablocarpintero.es\/wp-content\/uploads\/2021\/10\/330-copia-100x100.jpg 100w, https:\/\/pablocarpintero.es\/wp-content\/uploads\/2021\/10\/330-copia-600x593.jpg 600w, https:\/\/pablocarpintero.es\/wp-content\/uploads\/2021\/10\/330-copia-80x80.jpg 80w, https:\/\/pablocarpintero.es\/wp-content\/uploads\/2021\/10\/330-copia-12x12.jpg 12w, https:\/\/pablocarpintero.es\/wp-content\/uploads\/2021\/10\/330-copia-36x36.jpg 36w, https:\/\/pablocarpintero.es\/wp-content\/uploads\/2021\/10\/330-copia-705x697.jpg 705w, https:\/\/pablocarpintero.es\/wp-content\/uploads\/2021\/10\/330-copia.jpg 710w\" sizes=\"(max-width: 300px) 100vw, 300px\" \/><\/div><\/div><\/div>\n<p>&nbsp;<\/p>\n<p class=\"translation-block\">As\u00ed, pensamos que la flauta representada en las Cantigas de Santa Mar\u00eda debe ser utilizada del mismo modo que un bansuri, es decir, realizando la t\u00f3nica de la escala en el 4\u00ba grado de la primera octava, lo que permite, como en el caso de la flauta hind\u00fa, cambiar f\u00e1cilmente de modo. Si te fijas bien, los modos disponibles en esta flauta, partiendo de la t\u00f3nica en el 1\u00ba grado, ser\u00edan: modo de Re en altura de Si, modo de Mi en altura de Do#, modo de Fa en altura de Re# y , finalmente, modo de Sol en altura de Mi y modo de La en altura de Fa #, es decir, cuatro de los modos m\u00e1s frecuentes en nuestra tradici\u00f3n (Re, Mi, Sol y La). Aqu\u00ed os dejo un video para que pod\u00e1is escuchar esta flauta usada de esta manera.<\/p>\n<p>&nbsp;<\/p>\n<div  class='avia-video av-hhjze-7148d7517c88663b27a831ce398b04e4 avia-video-16-9 av-no-preview-image avia-video-load-always av-lazyload-immediate av-lazyload-video-embed'  itemprop=\"video\" itemtype=\"https:\/\/schema.org\/VideoObject\"  data-original_url='https:\/\/www.youtube.com\/watch?v=Ykq7xiZdnxA'><script type='text\/html' class='av-video-tmpl'><div class='avia-iframe-wrap'><iframe loading=\"lazy\" title=\"Interpretaci\u00f3n de la flauta travesera de la Cantiga 240\" width=\"1500\" height=\"844\" src=\"https:\/\/www.youtube.com\/embed\/Ykq7xiZdnxA?feature=oembed&autoplay=0&loop=0&controls=1&mute=0\" frameborder=\"0\" allow=\"accelerometer; autoplay; clipboard-write; encrypted-media; gyroscope; picture-in-picture; web-share\" allowfullscreen><\/iframe><\/div><\/script><div class='av-click-to-play-overlay'><div class=\"avia_playpause_icon\"><\/div><\/div><\/div>\n<p>&nbsp;<\/p>\n<p class=\"translation-block\">En este v\u00eddeo tambi\u00e9n te explicamos c\u00f3mo es posible que un bansuri est\u00e9 representado en las Cantigas de Santa Mar\u00eda.Esta idea surge, adem\u00e1s de por sus similitudes morfol\u00f3gicas, de un art\u00edculo cient\u00edfico donde Isabel Mendiz\u00e1bal, y otros 22 autores, realizan un an\u00e1lisis del genoma del pueblo roman\u00ed, los gitanos del norte de la India, para intentar esclarecer su historia migratoria. Como sabes, el norte de la India es el lugar de origen del bansuri,\u00a0 donde aparece representado en la iconograf\u00eda hace unos 2000 a\u00f1os, m\u00e1s de 1200 a\u00f1os antes de cualquier iconograf\u00eda europea. El an\u00e1lisis gen\u00e9tico de Mendiz\u00e1bal y colaboradores se puede consultar en Current Biology 22, 2342-2349 (2012) bajo el t\u00edtulo \"Reconstrucci\u00f3n de la historia de la poblaci\u00f3n de los roman\u00edes europeos a partir de datos del genoma completo\". Los autores descifran la historia migratoria de este pueblo, e indican que llegaron a la Pen\u00ednsula Ib\u00e9rica hace unos 950 a\u00f1os, hacia el a\u00f1o 1050. Por supuesto, este pueblo, antepasados \u200b\u200bde nuestros gitanos, trajo consigo su m\u00fasica e instrumentos musicales. Es curiosa la coincidencia entre la fecha de su llegada a Europa Occidental y la teorizaci\u00f3n del sistema modal de Guido d'Arezzo, teorizaci\u00f3n que ya hab\u00edan hecho los hind\u00faes en el siglo II antes de nuestra era en el Nathyashastra, un tratado de hace 2200 a\u00f1os. Si te informas un poco sobre su sistema de modos (los antiguos yatis y los algo posteriores raags), podr\u00e1s ver f\u00e1cilmente que el sistema cl\u00e1sico hind\u00fa contiene completamente el sistema modal europeo medieval, adem\u00e1s de ser el precursor de los sistemas norteafricanos. Quiz\u00e1 haya que abrir un poco los ojos y tratar de empezar a ver nuestra m\u00fasica medieval tal y como era: fruto de una amalgama de culturas entre las que destacan la cristiana, la jud\u00eda, la \u00e1rabe e, intuyo que tambi\u00e9n, y de una manera muy decisiva, la de los gitanos que ahora practican el flamenco. Sobre este tema os recomiendo un precioso documental sobre la m\u00fasica del pueblo gitano, que tambi\u00e9n navega por las mismas aguas que Mendiz\u00e1bal y colaboradores: \"Latcho Drom\u201d de Tony Gatlif.<\/p>\n<p>&nbsp;<\/p>\n<div  class='avia-video av-8svt6-1c210fee5200e242d0cac3c8c1f18864 avia-video-16-9 av-no-preview-image avia-video-load-always av-lazyload-immediate av-lazyload-video-embed'  itemprop=\"video\" itemtype=\"https:\/\/schema.org\/VideoObject\"  data-original_url='https:\/\/www.youtube.com\/watch?v=Mwx0X4tAXn4'><script type='text\/html' class='av-video-tmpl'><div class='avia-iframe-wrap'><iframe loading=\"lazy\" title=\"Latcho Drom - Documental de Tony Gatlif   (1993) FULL MOVIE\" width=\"1500\" height=\"844\" src=\"https:\/\/www.youtube.com\/embed\/Mwx0X4tAXn4?feature=oembed&autoplay=0&loop=0&controls=1&mute=0\" frameborder=\"0\" allow=\"accelerometer; autoplay; clipboard-write; encrypted-media; gyroscope; picture-in-picture; web-share\" allowfullscreen><\/iframe><\/div><\/script><div class='av-click-to-play-overlay'><div class=\"avia_playpause_icon\"><\/div><\/div><\/div>","protected":false},"excerpt":{"rendered":"<p>Na iluminaci\u00f3n da Cantiga 240 do C\u00f3dice dos M\u00fasicos (s. XIII) vemos representadas sendas frautas traveseiras, un dos primeiros exemplos iconogr\u00e1ficos deste instrumento. Supo\u00f1endo unha representaci\u00f3n realista dos instrumentos e tendo en conta a altura media das persoas na idade media (cerca e 1.65 m), reproducimos estas frautas traveseiras. Fabricamos os instrumentos cil\u00edndricos e en [&hellip;]<\/p>\n","protected":false},"featured_media":2204,"comment_status":"open","ping_status":"closed","template":"","meta":{"give_campaign_id":0,"_joinchat":[]},"product_brand":[],"product_cat":[34,18],"product_tag":[],"class_list":{"0":"post-522","1":"product","2":"type-product","3":"status-publish","4":"has-post-thumbnail","6":"product_cat-instrumentos-medievais","7":"product_cat-instrumentos-musicales","9":"first","10":"instock","11":"taxable","12":"shipping-taxable","13":"purchasable","14":"product-type-simple"},"yoast_head":"<!-- This site is optimized with the Yoast SEO plugin v27.2 - https:\/\/yoast.com\/product\/yoast-seo-wordpress\/ -->\n<title>Frauta traveseira das Cantigas de Santa Mar\u00eda - Pablo Carpintero<\/title>\n<meta name=\"robots\" content=\"index, follow, max-snippet:-1, max-image-preview:large, max-video-preview:-1\" \/>\n<link rel=\"canonical\" href=\"https:\/\/pablocarpintero.es\/es\/producto\/frauta-traveseira-das-cantigas-de-santa-maria\/\" \/>\n<meta property=\"og:locale\" content=\"es_ES\" \/>\n<meta property=\"og:type\" content=\"article\" \/>\n<meta property=\"og:title\" content=\"Frauta traveseira das Cantigas de Santa Mar\u00eda - Pablo Carpintero\" \/>\n<meta property=\"og:description\" content=\"Na iluminaci\u00f3n da Cantiga 240 do C\u00f3dice dos M\u00fasicos (s. XIII) vemos representadas sendas frautas traveseiras, un dos primeiros exemplos iconogr\u00e1ficos deste instrumento. Supo\u00f1endo unha representaci\u00f3n realista dos instrumentos e tendo en conta a altura media das persoas na idade media (cerca e 1.65 m), reproducimos estas frautas traveseiras. Fabricamos os instrumentos cil\u00edndricos e en [&hellip;]\" \/>\n<meta property=\"og:url\" content=\"https:\/\/pablocarpintero.es\/es\/producto\/frauta-traveseira-das-cantigas-de-santa-maria\/\" \/>\n<meta property=\"og:site_name\" content=\"Pablo Carpintero\" \/>\n<meta property=\"article:modified_time\" content=\"2023-12-04T09:24:14+00:00\" \/>\n<meta property=\"og:image\" content=\"https:\/\/pablocarpintero.es\/wp-content\/uploads\/2021\/10\/Frauta-Cantiga-240-Carpintero-2.jpg\" \/>\n\t<meta property=\"og:image:width\" content=\"1829\" \/>\n\t<meta property=\"og:image:height\" content=\"722\" \/>\n\t<meta property=\"og:image:type\" content=\"image\/jpeg\" \/>\n<meta name=\"twitter:card\" content=\"summary_large_image\" \/>\n<meta name=\"twitter:label1\" content=\"Tiempo de lectura\" \/>\n\t<meta name=\"twitter:data1\" content=\"5 minutos\" \/>\n<script type=\"application\/ld+json\" class=\"yoast-schema-graph\">{\"@context\":\"https:\/\/schema.org\",\"@graph\":[{\"@type\":\"WebPage\",\"@id\":\"https:\/\/pablocarpintero.es\/producto\/frauta-traveseira-das-cantigas-de-santa-maria\/\",\"url\":\"https:\/\/pablocarpintero.es\/producto\/frauta-traveseira-das-cantigas-de-santa-maria\/\",\"name\":\"Frauta traveseira das Cantigas de Santa Mar\u00eda - Pablo Carpintero\",\"isPartOf\":{\"@id\":\"https:\/\/pablocarpintero.es\/#website\"},\"primaryImageOfPage\":{\"@id\":\"https:\/\/pablocarpintero.es\/producto\/frauta-traveseira-das-cantigas-de-santa-maria\/#primaryimage\"},\"image\":{\"@id\":\"https:\/\/pablocarpintero.es\/producto\/frauta-traveseira-das-cantigas-de-santa-maria\/#primaryimage\"},\"thumbnailUrl\":\"https:\/\/pablocarpintero.es\/wp-content\/uploads\/2021\/10\/Frauta-Cantiga-240-Carpintero-2.jpg\",\"datePublished\":\"2021-10-24T20:08:11+00:00\",\"dateModified\":\"2023-12-04T09:24:14+00:00\",\"breadcrumb\":{\"@id\":\"https:\/\/pablocarpintero.es\/producto\/frauta-traveseira-das-cantigas-de-santa-maria\/#breadcrumb\"},\"inLanguage\":\"es\",\"potentialAction\":[{\"@type\":\"ReadAction\",\"target\":[\"https:\/\/pablocarpintero.es\/producto\/frauta-traveseira-das-cantigas-de-santa-maria\/\"]}]},{\"@type\":\"ImageObject\",\"inLanguage\":\"es\",\"@id\":\"https:\/\/pablocarpintero.es\/producto\/frauta-traveseira-das-cantigas-de-santa-maria\/#primaryimage\",\"url\":\"https:\/\/pablocarpintero.es\/wp-content\/uploads\/2021\/10\/Frauta-Cantiga-240-Carpintero-2.jpg\",\"contentUrl\":\"https:\/\/pablocarpintero.es\/wp-content\/uploads\/2021\/10\/Frauta-Cantiga-240-Carpintero-2.jpg\",\"width\":1829,\"height\":722},{\"@type\":\"BreadcrumbList\",\"@id\":\"https:\/\/pablocarpintero.es\/producto\/frauta-traveseira-das-cantigas-de-santa-maria\/#breadcrumb\",\"itemListElement\":[{\"@type\":\"ListItem\",\"position\":1,\"name\":\"Portada\",\"item\":\"https:\/\/pablocarpintero.es\/inicio\/\"},{\"@type\":\"ListItem\",\"position\":2,\"name\":\"Tienda\",\"item\":\"https:\/\/pablocarpintero.es\/tienda\/\"},{\"@type\":\"ListItem\",\"position\":3,\"name\":\"Frauta traveseira das Cantigas de Santa Mar\u00eda\"}]},{\"@type\":\"WebSite\",\"@id\":\"https:\/\/pablocarpintero.es\/#website\",\"url\":\"https:\/\/pablocarpintero.es\/\",\"name\":\"Pablo Carpintero\",\"description\":\"Otro sitio realizado con WordPress\",\"potentialAction\":[{\"@type\":\"SearchAction\",\"target\":{\"@type\":\"EntryPoint\",\"urlTemplate\":\"https:\/\/pablocarpintero.es\/?s={search_term_string}\"},\"query-input\":{\"@type\":\"PropertyValueSpecification\",\"valueRequired\":true,\"valueName\":\"search_term_string\"}}],\"inLanguage\":\"es\"}]}<\/script>\n<!-- \/ Yoast SEO plugin. -->","yoast_head_json":{"title":"Frauta traveseira das Cantigas de Santa Mar\u00eda - Pablo Carpintero","robots":{"index":"index","follow":"follow","max-snippet":"max-snippet:-1","max-image-preview":"max-image-preview:large","max-video-preview":"max-video-preview:-1"},"canonical":"https:\/\/pablocarpintero.es\/es\/producto\/frauta-traveseira-das-cantigas-de-santa-maria\/","og_locale":"es_ES","og_type":"article","og_title":"Frauta traveseira das Cantigas de Santa Mar\u00eda - Pablo Carpintero","og_description":"Na iluminaci\u00f3n da Cantiga 240 do C\u00f3dice dos M\u00fasicos (s. XIII) vemos representadas sendas frautas traveseiras, un dos primeiros exemplos iconogr\u00e1ficos deste instrumento. Supo\u00f1endo unha representaci\u00f3n realista dos instrumentos e tendo en conta a altura media das persoas na idade media (cerca e 1.65 m), reproducimos estas frautas traveseiras. Fabricamos os instrumentos cil\u00edndricos e en [&hellip;]","og_url":"https:\/\/pablocarpintero.es\/es\/producto\/frauta-traveseira-das-cantigas-de-santa-maria\/","og_site_name":"Pablo Carpintero","article_modified_time":"2023-12-04T09:24:14+00:00","og_image":[{"width":1829,"height":722,"url":"https:\/\/pablocarpintero.es\/wp-content\/uploads\/2021\/10\/Frauta-Cantiga-240-Carpintero-2.jpg","type":"image\/jpeg"}],"twitter_card":"summary_large_image","twitter_misc":{"Tiempo de lectura":"5 minutos"},"schema":{"@context":"https:\/\/schema.org","@graph":[{"@type":"WebPage","@id":"https:\/\/pablocarpintero.es\/producto\/frauta-traveseira-das-cantigas-de-santa-maria\/","url":"https:\/\/pablocarpintero.es\/producto\/frauta-traveseira-das-cantigas-de-santa-maria\/","name":"Frauta traveseira das Cantigas de Santa Mar\u00eda - Pablo Carpintero","isPartOf":{"@id":"https:\/\/pablocarpintero.es\/#website"},"primaryImageOfPage":{"@id":"https:\/\/pablocarpintero.es\/producto\/frauta-traveseira-das-cantigas-de-santa-maria\/#primaryimage"},"image":{"@id":"https:\/\/pablocarpintero.es\/producto\/frauta-traveseira-das-cantigas-de-santa-maria\/#primaryimage"},"thumbnailUrl":"https:\/\/pablocarpintero.es\/wp-content\/uploads\/2021\/10\/Frauta-Cantiga-240-Carpintero-2.jpg","datePublished":"2021-10-24T20:08:11+00:00","dateModified":"2023-12-04T09:24:14+00:00","breadcrumb":{"@id":"https:\/\/pablocarpintero.es\/producto\/frauta-traveseira-das-cantigas-de-santa-maria\/#breadcrumb"},"inLanguage":"es","potentialAction":[{"@type":"ReadAction","target":["https:\/\/pablocarpintero.es\/producto\/frauta-traveseira-das-cantigas-de-santa-maria\/"]}]},{"@type":"ImageObject","inLanguage":"es","@id":"https:\/\/pablocarpintero.es\/producto\/frauta-traveseira-das-cantigas-de-santa-maria\/#primaryimage","url":"https:\/\/pablocarpintero.es\/wp-content\/uploads\/2021\/10\/Frauta-Cantiga-240-Carpintero-2.jpg","contentUrl":"https:\/\/pablocarpintero.es\/wp-content\/uploads\/2021\/10\/Frauta-Cantiga-240-Carpintero-2.jpg","width":1829,"height":722},{"@type":"BreadcrumbList","@id":"https:\/\/pablocarpintero.es\/producto\/frauta-traveseira-das-cantigas-de-santa-maria\/#breadcrumb","itemListElement":[{"@type":"ListItem","position":1,"name":"Portada","item":"https:\/\/pablocarpintero.es\/inicio\/"},{"@type":"ListItem","position":2,"name":"Tienda","item":"https:\/\/pablocarpintero.es\/tienda\/"},{"@type":"ListItem","position":3,"name":"Frauta traveseira das Cantigas de Santa Mar\u00eda"}]},{"@type":"WebSite","@id":"https:\/\/pablocarpintero.es\/#website","url":"https:\/\/pablocarpintero.es\/","name":"Pablo Carpintero","description":"Otro sitio realizado con WordPress","potentialAction":[{"@type":"SearchAction","target":{"@type":"EntryPoint","urlTemplate":"https:\/\/pablocarpintero.es\/?s={search_term_string}"},"query-input":{"@type":"PropertyValueSpecification","valueRequired":true,"valueName":"search_term_string"}}],"inLanguage":"es"}]}},"_links":{"self":[{"href":"https:\/\/pablocarpintero.es\/es\/wp-json\/wp\/v2\/product\/522","targetHints":{"allow":["GET"]}}],"collection":[{"href":"https:\/\/pablocarpintero.es\/es\/wp-json\/wp\/v2\/product"}],"about":[{"href":"https:\/\/pablocarpintero.es\/es\/wp-json\/wp\/v2\/types\/product"}],"replies":[{"embeddable":true,"href":"https:\/\/pablocarpintero.es\/es\/wp-json\/wp\/v2\/comments?post=522"}],"wp:featuredmedia":[{"embeddable":true,"href":"https:\/\/pablocarpintero.es\/es\/wp-json\/wp\/v2\/media\/2204"}],"wp:attachment":[{"href":"https:\/\/pablocarpintero.es\/es\/wp-json\/wp\/v2\/media?parent=522"}],"wp:term":[{"taxonomy":"product_brand","embeddable":true,"href":"https:\/\/pablocarpintero.es\/es\/wp-json\/wp\/v2\/product_brand?post=522"},{"taxonomy":"product_cat","embeddable":true,"href":"https:\/\/pablocarpintero.es\/es\/wp-json\/wp\/v2\/product_cat?post=522"},{"taxonomy":"product_tag","embeddable":true,"href":"https:\/\/pablocarpintero.es\/es\/wp-json\/wp\/v2\/product_tag?post=522"}],"curies":[{"name":"wp","href":"https:\/\/api.w.org\/{rel}","templated":true}]}}