{"id":528,"date":"2021-10-24T20:37:00","date_gmt":"2021-10-24T20:37:00","guid":{"rendered":"https:\/\/pablocarpintero.es\/?post_type=product&#038;p=528"},"modified":"2025-12-06T16:48:01","modified_gmt":"2025-12-06T16:48:01","slug":"tambor-do-rilo-de-betanzos","status":"publish","type":"product","link":"https:\/\/pablocarpintero.es\/es\/producto\/tambor-do-rilo-de-betanzos\/","title":{"rendered":"Tambor del Minho Portugu\u00e9s"},"content":{"rendered":"<p class=\"p1\">R\u00e9plica de un tambor antiguo de Agua Longa (Paredes de Coura). Fabricado en madera de pino del pa\u00eds policromada.<span class=\"Apple-converted-space\">\u00a0En estos videos puedes escuchar este estupendo instrumento tocando algunas canciones tradicionales mi\u00f1otas junto con una r\u00e9plica de la gaita de Brav\u00e3es.\u00a0<\/span><\/p>\n<p>&nbsp;<\/p>\n<div  class='avia-video av-j7wl4-0f473104735f0f69c286256a6c8d7be1 avia-video-16-9 av-no-preview-image avia-video-load-always av-lazyload-immediate av-lazyload-video-embed'  itemprop=\"video\" itemtype=\"https:\/\/schema.org\/VideoObject\"  data-original_url='https:\/\/www.youtube.com\/watch?v=6410c9Fp0Nw'><script type='text\/html' class='av-video-tmpl'><div class='avia-iframe-wrap'><iframe loading=\"lazy\" title=\"O Ramo da Oliveira com re\u0301plica da gaita de Brava\u0303es\" width=\"1500\" height=\"844\" src=\"https:\/\/www.youtube.com\/embed\/6410c9Fp0Nw?feature=oembed&autoplay=0&loop=0&controls=1&mute=0\" frameborder=\"0\" allow=\"accelerometer; autoplay; clipboard-write; encrypted-media; gyroscope; picture-in-picture\" allowfullscreen><\/iframe><\/div><\/script><div class='av-click-to-play-overlay'><div class=\"avia_playpause_icon\"><\/div><\/div><\/div>\n<p>&nbsp;<\/p>\n<div  class='avia-video av-h4i2w-ad6e28d46d12914b07cb7b8c3bad38e9 avia-video-16-9 av-no-preview-image avia-video-load-always av-lazyload-immediate av-lazyload-video-embed'  itemprop=\"video\" itemtype=\"https:\/\/schema.org\/VideoObject\"  data-original_url='https:\/\/www.youtube.com\/watch?v=gLRxwDXMtfA'><script type='text\/html' class='av-video-tmpl'><div class='avia-iframe-wrap'><iframe loading=\"lazy\" title=\"Fado Corrido  con re\u0301plica da gaita de Brava\u0303es\" width=\"1500\" height=\"844\" src=\"https:\/\/www.youtube.com\/embed\/gLRxwDXMtfA?feature=oembed&autoplay=0&loop=0&controls=1&mute=0\" frameborder=\"0\" allow=\"accelerometer; autoplay; clipboard-write; encrypted-media; gyroscope; picture-in-picture\" allowfullscreen><\/iframe><\/div><\/script><div class='av-click-to-play-overlay'><div class=\"avia_playpause_icon\"><\/div><\/div><\/div>\n<p>&nbsp;<\/p>\n<div  class='avia-video av-bbdj4-e41d6c1e39904874a9f954d60ddfd88e avia-video-16-9 av-no-preview-image avia-video-load-always av-lazyload-immediate av-lazyload-video-embed'  itemprop=\"video\" itemtype=\"https:\/\/schema.org\/VideoObject\"  data-original_url='https:\/\/www.youtube.com\/watch?v=knPaxouwGh0'><script type='text\/html' class='av-video-tmpl'><div class='avia-iframe-wrap'><iframe loading=\"lazy\" title=\"Danc\u0327a dos Ferreiros com re\u0301plica da gaita de Brava\u0303es\" width=\"1500\" height=\"844\" src=\"https:\/\/www.youtube.com\/embed\/knPaxouwGh0?feature=oembed&autoplay=0&loop=0&controls=1&mute=0\" frameborder=\"0\" allow=\"accelerometer; autoplay; clipboard-write; encrypted-media; gyroscope; picture-in-picture\" allowfullscreen><\/iframe><\/div><\/script><div class='av-click-to-play-overlay'><div class=\"avia_playpause_icon\"><\/div><\/div><\/div>\n<p>&nbsp;<\/p>","protected":false},"excerpt":{"rendered":"<p>R\u00e9plica dun tambor antigo de Auga Longa (Paredes de Coura). Fabricado en madeira de pi\u00f1eiro policromada.\u00a0Nestes v\u00eddeos podedes escoitar este estupendo instrumento tocando alg\u00fans temas tradicionais mi\u00f1otos xunto cunha r\u00e9plica da gaita de Brav\u00e3es.\u00a0 &nbsp; &nbsp; &nbsp; &nbsp;<\/p>","protected":false},"featured_media":734,"comment_status":"open","ping_status":"closed","template":"","meta":{"give_campaign_id":0,"_joinchat":[]},"product_brand":[],"product_cat":[18,35],"product_tag":[],"class_list":{"0":"post-528","1":"product","2":"type-product","3":"status-publish","4":"has-post-thumbnail","6":"product_cat-instrumentos-musicales","7":"product_cat-tambores-e-bombos","8":"product_shipping_class-tambores-y-bombos","10":"first","11":"instock","12":"taxable","13":"shipping-taxable","14":"purchasable","15":"product-type-simple"},"yoast_head":"<!-- This site is optimized with the Yoast SEO plugin v27.2 - https:\/\/yoast.com\/product\/yoast-seo-wordpress\/ -->\n<title>Tambor do Minho Portugu\u00e9s - Pablo Carpintero<\/title>\n<meta name=\"robots\" content=\"index, follow, max-snippet:-1, max-image-preview:large, max-video-preview:-1\" \/>\n<link rel=\"canonical\" href=\"https:\/\/pablocarpintero.es\/es\/producto\/tambor-do-rilo-de-betanzos\/\" \/>\n<meta property=\"og:locale\" content=\"es_ES\" \/>\n<meta property=\"og:type\" content=\"article\" \/>\n<meta property=\"og:title\" content=\"Tambor do Minho Portugu\u00e9s - Pablo Carpintero\" \/>\n<meta property=\"og:description\" content=\"R\u00e9plica dun tambor antigo de Auga Longa (Paredes de Coura). Fabricado en madeira de pi\u00f1eiro policromada.\u00a0Nestes v\u00eddeos podedes escoitar este estupendo instrumento tocando alg\u00fans temas tradicionais mi\u00f1otos xunto cunha r\u00e9plica da gaita de Brav\u00e3es.\u00a0 &nbsp; &nbsp; &nbsp; &nbsp;\" \/>\n<meta property=\"og:url\" content=\"https:\/\/pablocarpintero.es\/es\/producto\/tambor-do-rilo-de-betanzos\/\" \/>\n<meta property=\"og:site_name\" content=\"Pablo Carpintero\" \/>\n<meta property=\"article:modified_time\" content=\"2025-12-06T16:48:01+00:00\" \/>\n<meta property=\"og:image\" content=\"https:\/\/pablocarpintero.es\/wp-content\/uploads\/2021\/10\/Tambor-pablo-carpintero-1.jpg\" \/>\n\t<meta property=\"og:image:width\" content=\"1424\" \/>\n\t<meta property=\"og:image:height\" content=\"2144\" \/>\n\t<meta property=\"og:image:type\" content=\"image\/jpeg\" \/>\n<meta name=\"twitter:card\" content=\"summary_large_image\" \/>\n<meta name=\"twitter:label1\" content=\"Tiempo de lectura\" \/>\n\t<meta name=\"twitter:data1\" content=\"1 minuto\" \/>\n<script type=\"application\/ld+json\" class=\"yoast-schema-graph\">{\"@context\":\"https:\/\/schema.org\",\"@graph\":[{\"@type\":\"WebPage\",\"@id\":\"https:\/\/pablocarpintero.es\/producto\/tambor-do-rilo-de-betanzos\/\",\"url\":\"https:\/\/pablocarpintero.es\/producto\/tambor-do-rilo-de-betanzos\/\",\"name\":\"Tambor do Minho Portugu\u00e9s - Pablo Carpintero\",\"isPartOf\":{\"@id\":\"https:\/\/pablocarpintero.es\/#website\"},\"primaryImageOfPage\":{\"@id\":\"https:\/\/pablocarpintero.es\/producto\/tambor-do-rilo-de-betanzos\/#primaryimage\"},\"image\":{\"@id\":\"https:\/\/pablocarpintero.es\/producto\/tambor-do-rilo-de-betanzos\/#primaryimage\"},\"thumbnailUrl\":\"https:\/\/pablocarpintero.es\/wp-content\/uploads\/2021\/10\/Tambor-pablo-carpintero-1.jpg\",\"datePublished\":\"2021-10-24T20:37:00+00:00\",\"dateModified\":\"2025-12-06T16:48:01+00:00\",\"breadcrumb\":{\"@id\":\"https:\/\/pablocarpintero.es\/producto\/tambor-do-rilo-de-betanzos\/#breadcrumb\"},\"inLanguage\":\"es\",\"potentialAction\":[{\"@type\":\"ReadAction\",\"target\":[\"https:\/\/pablocarpintero.es\/producto\/tambor-do-rilo-de-betanzos\/\"]}]},{\"@type\":\"ImageObject\",\"inLanguage\":\"es\",\"@id\":\"https:\/\/pablocarpintero.es\/producto\/tambor-do-rilo-de-betanzos\/#primaryimage\",\"url\":\"https:\/\/pablocarpintero.es\/wp-content\/uploads\/2021\/10\/Tambor-pablo-carpintero-1.jpg\",\"contentUrl\":\"https:\/\/pablocarpintero.es\/wp-content\/uploads\/2021\/10\/Tambor-pablo-carpintero-1.jpg\",\"width\":1424,\"height\":2144},{\"@type\":\"BreadcrumbList\",\"@id\":\"https:\/\/pablocarpintero.es\/producto\/tambor-do-rilo-de-betanzos\/#breadcrumb\",\"itemListElement\":[{\"@type\":\"ListItem\",\"position\":1,\"name\":\"Portada\",\"item\":\"https:\/\/pablocarpintero.es\/inicio\/\"},{\"@type\":\"ListItem\",\"position\":2,\"name\":\"Tienda\",\"item\":\"https:\/\/pablocarpintero.es\/tienda\/\"},{\"@type\":\"ListItem\",\"position\":3,\"name\":\"Tambor do Minho Portugu\u00e9s\"}]},{\"@type\":\"WebSite\",\"@id\":\"https:\/\/pablocarpintero.es\/#website\",\"url\":\"https:\/\/pablocarpintero.es\/\",\"name\":\"Pablo Carpintero\",\"description\":\"Otro sitio realizado con WordPress\",\"potentialAction\":[{\"@type\":\"SearchAction\",\"target\":{\"@type\":\"EntryPoint\",\"urlTemplate\":\"https:\/\/pablocarpintero.es\/?s={search_term_string}\"},\"query-input\":{\"@type\":\"PropertyValueSpecification\",\"valueRequired\":true,\"valueName\":\"search_term_string\"}}],\"inLanguage\":\"es\"}]}<\/script>\n<!-- \/ Yoast SEO plugin. -->","yoast_head_json":{"title":"Tambor do Minho Portugu\u00e9s - Pablo Carpintero","robots":{"index":"index","follow":"follow","max-snippet":"max-snippet:-1","max-image-preview":"max-image-preview:large","max-video-preview":"max-video-preview:-1"},"canonical":"https:\/\/pablocarpintero.es\/es\/producto\/tambor-do-rilo-de-betanzos\/","og_locale":"es_ES","og_type":"article","og_title":"Tambor do Minho Portugu\u00e9s - Pablo Carpintero","og_description":"R\u00e9plica dun tambor antigo de Auga Longa (Paredes de Coura). Fabricado en madeira de pi\u00f1eiro policromada.\u00a0Nestes v\u00eddeos podedes escoitar este estupendo instrumento tocando alg\u00fans temas tradicionais mi\u00f1otos xunto cunha r\u00e9plica da gaita de Brav\u00e3es.\u00a0 &nbsp; &nbsp; &nbsp; &nbsp;","og_url":"https:\/\/pablocarpintero.es\/es\/producto\/tambor-do-rilo-de-betanzos\/","og_site_name":"Pablo Carpintero","article_modified_time":"2025-12-06T16:48:01+00:00","og_image":[{"width":1424,"height":2144,"url":"https:\/\/pablocarpintero.es\/wp-content\/uploads\/2021\/10\/Tambor-pablo-carpintero-1.jpg","type":"image\/jpeg"}],"twitter_card":"summary_large_image","twitter_misc":{"Tiempo de lectura":"1 minuto"},"schema":{"@context":"https:\/\/schema.org","@graph":[{"@type":"WebPage","@id":"https:\/\/pablocarpintero.es\/producto\/tambor-do-rilo-de-betanzos\/","url":"https:\/\/pablocarpintero.es\/producto\/tambor-do-rilo-de-betanzos\/","name":"Tambor do Minho Portugu\u00e9s - Pablo Carpintero","isPartOf":{"@id":"https:\/\/pablocarpintero.es\/#website"},"primaryImageOfPage":{"@id":"https:\/\/pablocarpintero.es\/producto\/tambor-do-rilo-de-betanzos\/#primaryimage"},"image":{"@id":"https:\/\/pablocarpintero.es\/producto\/tambor-do-rilo-de-betanzos\/#primaryimage"},"thumbnailUrl":"https:\/\/pablocarpintero.es\/wp-content\/uploads\/2021\/10\/Tambor-pablo-carpintero-1.jpg","datePublished":"2021-10-24T20:37:00+00:00","dateModified":"2025-12-06T16:48:01+00:00","breadcrumb":{"@id":"https:\/\/pablocarpintero.es\/producto\/tambor-do-rilo-de-betanzos\/#breadcrumb"},"inLanguage":"es","potentialAction":[{"@type":"ReadAction","target":["https:\/\/pablocarpintero.es\/producto\/tambor-do-rilo-de-betanzos\/"]}]},{"@type":"ImageObject","inLanguage":"es","@id":"https:\/\/pablocarpintero.es\/producto\/tambor-do-rilo-de-betanzos\/#primaryimage","url":"https:\/\/pablocarpintero.es\/wp-content\/uploads\/2021\/10\/Tambor-pablo-carpintero-1.jpg","contentUrl":"https:\/\/pablocarpintero.es\/wp-content\/uploads\/2021\/10\/Tambor-pablo-carpintero-1.jpg","width":1424,"height":2144},{"@type":"BreadcrumbList","@id":"https:\/\/pablocarpintero.es\/producto\/tambor-do-rilo-de-betanzos\/#breadcrumb","itemListElement":[{"@type":"ListItem","position":1,"name":"Portada","item":"https:\/\/pablocarpintero.es\/inicio\/"},{"@type":"ListItem","position":2,"name":"Tienda","item":"https:\/\/pablocarpintero.es\/tienda\/"},{"@type":"ListItem","position":3,"name":"Tambor do Minho Portugu\u00e9s"}]},{"@type":"WebSite","@id":"https:\/\/pablocarpintero.es\/#website","url":"https:\/\/pablocarpintero.es\/","name":"Pablo Carpintero","description":"Otro sitio realizado con WordPress","potentialAction":[{"@type":"SearchAction","target":{"@type":"EntryPoint","urlTemplate":"https:\/\/pablocarpintero.es\/?s={search_term_string}"},"query-input":{"@type":"PropertyValueSpecification","valueRequired":true,"valueName":"search_term_string"}}],"inLanguage":"es"}]}},"_links":{"self":[{"href":"https:\/\/pablocarpintero.es\/es\/wp-json\/wp\/v2\/product\/528","targetHints":{"allow":["GET"]}}],"collection":[{"href":"https:\/\/pablocarpintero.es\/es\/wp-json\/wp\/v2\/product"}],"about":[{"href":"https:\/\/pablocarpintero.es\/es\/wp-json\/wp\/v2\/types\/product"}],"replies":[{"embeddable":true,"href":"https:\/\/pablocarpintero.es\/es\/wp-json\/wp\/v2\/comments?post=528"}],"wp:featuredmedia":[{"embeddable":true,"href":"https:\/\/pablocarpintero.es\/es\/wp-json\/wp\/v2\/media\/734"}],"wp:attachment":[{"href":"https:\/\/pablocarpintero.es\/es\/wp-json\/wp\/v2\/media?parent=528"}],"wp:term":[{"taxonomy":"product_brand","embeddable":true,"href":"https:\/\/pablocarpintero.es\/es\/wp-json\/wp\/v2\/product_brand?post=528"},{"taxonomy":"product_cat","embeddable":true,"href":"https:\/\/pablocarpintero.es\/es\/wp-json\/wp\/v2\/product_cat?post=528"},{"taxonomy":"product_tag","embeddable":true,"href":"https:\/\/pablocarpintero.es\/es\/wp-json\/wp\/v2\/product_tag?post=528"}],"curies":[{"name":"wp","href":"https:\/\/api.w.org\/{rel}","templated":true}]}}