{"id":533,"date":"2021-10-24T20:43:30","date_gmt":"2021-10-24T20:43:30","guid":{"rendered":"https:\/\/pablocarpintero.es\/?post_type=product&#038;p=533"},"modified":"2025-09-05T05:40:42","modified_gmt":"2025-09-05T05:40:42","slug":"tambor-xabres","status":"publish","type":"product","link":"https:\/\/pablocarpintero.es\/es\/producto\/tambor-xabres\/","title":{"rendered":"Tambor sanabr\u00e9s"},"content":{"rendered":"<p class=\"p1\">Realizamos r\u00e9plicas de tambores sanabreses antiguos, como el que pod\u00e9is ver en la imagen encontrado en Rihonor. La caja y los arillos se pueden fabricar en madera doblada o tambi\u00e9n de la forma tradicional, es decir, vaciando un tronco de casta\u00f1o, de ah\u00ed la diferencia de precio de una versi\u00f3n a otra.<span class=\"Apple-converted-space\">\u00a0<\/span><\/p>\n<p class=\"p1\">Llevan bordones en la piel inferior con sistema de tensi\u00f3n tradicional.<span class=\"Apple-converted-space\">\u00a0<\/span><\/p>","protected":false},"excerpt":{"rendered":"<p>Fabricamos r\u00e9plicas de tambores xabreses antigos, como o que podes ver na imaxe que procede de Rio de Honor de Castela ou Rionor de Bragan\u00e7a. A caixa e os ari\u00f1os poden ser feitos en t\u00e1boa dobrada ou ben realizados ao xeito tradicional, baleirando un tronco de casti\u00f1eiro, de a\u00ed a diferenza no prezo dunha versi\u00f3n [&hellip;]<\/p>\n","protected":false},"featured_media":2665,"comment_status":"open","ping_status":"closed","template":"","meta":{"give_campaign_id":0,"_joinchat":[]},"product_brand":[],"product_cat":[18,35],"product_tag":[],"class_list":{"0":"post-533","1":"product","2":"type-product","3":"status-publish","4":"has-post-thumbnail","6":"product_cat-instrumentos-musicales","7":"product_cat-tambores-e-bombos","8":"product_shipping_class-tambores-y-bombos","10":"first","11":"instock","12":"taxable","13":"shipping-taxable","14":"purchasable","15":"product-type-variable"},"yoast_head":"<!-- This site is optimized with the Yoast SEO plugin v27.2 - https:\/\/yoast.com\/product\/yoast-seo-wordpress\/ -->\n<title>Tambor xabr\u00e9s - Pablo Carpintero<\/title>\n<meta name=\"robots\" content=\"index, follow, max-snippet:-1, max-image-preview:large, max-video-preview:-1\" \/>\n<link rel=\"canonical\" href=\"https:\/\/pablocarpintero.es\/es\/producto\/tambor-xabres\/\" \/>\n<meta property=\"og:locale\" content=\"es_ES\" \/>\n<meta property=\"og:type\" content=\"article\" \/>\n<meta property=\"og:title\" content=\"Tambor xabr\u00e9s - Pablo Carpintero\" \/>\n<meta property=\"og:description\" content=\"Fabricamos r\u00e9plicas de tambores xabreses antigos, como o que podes ver na imaxe que procede de Rio de Honor de Castela ou Rionor de Bragan\u00e7a. A caixa e os ari\u00f1os poden ser feitos en t\u00e1boa dobrada ou ben realizados ao xeito tradicional, baleirando un tronco de casti\u00f1eiro, de a\u00ed a diferenza no prezo dunha versi\u00f3n [&hellip;]\" \/>\n<meta property=\"og:url\" content=\"https:\/\/pablocarpintero.es\/es\/producto\/tambor-xabres\/\" \/>\n<meta property=\"og:site_name\" content=\"Pablo Carpintero\" \/>\n<meta property=\"article:modified_time\" content=\"2025-09-05T05:40:42+00:00\" \/>\n<meta property=\"og:image\" content=\"https:\/\/pablocarpintero.es\/wp-content\/uploads\/2021\/10\/Tambor-sanabres-Pablo-Carpintero-1.jpg\" \/>\n\t<meta property=\"og:image:width\" content=\"1181\" \/>\n\t<meta property=\"og:image:height\" content=\"787\" \/>\n\t<meta property=\"og:image:type\" content=\"image\/jpeg\" \/>\n<meta name=\"twitter:card\" content=\"summary_large_image\" \/>\n<meta name=\"twitter:label1\" content=\"Tiempo de lectura\" \/>\n\t<meta name=\"twitter:data1\" content=\"1 minuto\" \/>\n<script type=\"application\/ld+json\" class=\"yoast-schema-graph\">{\"@context\":\"https:\/\/schema.org\",\"@graph\":[{\"@type\":\"WebPage\",\"@id\":\"https:\/\/pablocarpintero.es\/producto\/tambor-xabres\/\",\"url\":\"https:\/\/pablocarpintero.es\/producto\/tambor-xabres\/\",\"name\":\"Tambor xabr\u00e9s - Pablo Carpintero\",\"isPartOf\":{\"@id\":\"https:\/\/pablocarpintero.es\/#website\"},\"primaryImageOfPage\":{\"@id\":\"https:\/\/pablocarpintero.es\/producto\/tambor-xabres\/#primaryimage\"},\"image\":{\"@id\":\"https:\/\/pablocarpintero.es\/producto\/tambor-xabres\/#primaryimage\"},\"thumbnailUrl\":\"https:\/\/pablocarpintero.es\/wp-content\/uploads\/2021\/10\/Tambor-sanabres-Pablo-Carpintero-1.jpg\",\"datePublished\":\"2021-10-24T20:43:30+00:00\",\"dateModified\":\"2025-09-05T05:40:42+00:00\",\"breadcrumb\":{\"@id\":\"https:\/\/pablocarpintero.es\/producto\/tambor-xabres\/#breadcrumb\"},\"inLanguage\":\"es\",\"potentialAction\":[{\"@type\":\"ReadAction\",\"target\":[\"https:\/\/pablocarpintero.es\/producto\/tambor-xabres\/\"]}]},{\"@type\":\"ImageObject\",\"inLanguage\":\"es\",\"@id\":\"https:\/\/pablocarpintero.es\/producto\/tambor-xabres\/#primaryimage\",\"url\":\"https:\/\/pablocarpintero.es\/wp-content\/uploads\/2021\/10\/Tambor-sanabres-Pablo-Carpintero-1.jpg\",\"contentUrl\":\"https:\/\/pablocarpintero.es\/wp-content\/uploads\/2021\/10\/Tambor-sanabres-Pablo-Carpintero-1.jpg\",\"width\":1181,\"height\":787},{\"@type\":\"BreadcrumbList\",\"@id\":\"https:\/\/pablocarpintero.es\/producto\/tambor-xabres\/#breadcrumb\",\"itemListElement\":[{\"@type\":\"ListItem\",\"position\":1,\"name\":\"Portada\",\"item\":\"https:\/\/pablocarpintero.es\/inicio\/\"},{\"@type\":\"ListItem\",\"position\":2,\"name\":\"Tienda\",\"item\":\"https:\/\/pablocarpintero.es\/tienda\/\"},{\"@type\":\"ListItem\",\"position\":3,\"name\":\"Tambor xabr\u00e9s\"}]},{\"@type\":\"WebSite\",\"@id\":\"https:\/\/pablocarpintero.es\/#website\",\"url\":\"https:\/\/pablocarpintero.es\/\",\"name\":\"Pablo Carpintero\",\"description\":\"Otro sitio realizado con WordPress\",\"potentialAction\":[{\"@type\":\"SearchAction\",\"target\":{\"@type\":\"EntryPoint\",\"urlTemplate\":\"https:\/\/pablocarpintero.es\/?s={search_term_string}\"},\"query-input\":{\"@type\":\"PropertyValueSpecification\",\"valueRequired\":true,\"valueName\":\"search_term_string\"}}],\"inLanguage\":\"es\"}]}<\/script>\n<!-- \/ Yoast SEO plugin. -->","yoast_head_json":{"title":"Tambor xabr\u00e9s - Pablo Carpintero","robots":{"index":"index","follow":"follow","max-snippet":"max-snippet:-1","max-image-preview":"max-image-preview:large","max-video-preview":"max-video-preview:-1"},"canonical":"https:\/\/pablocarpintero.es\/es\/producto\/tambor-xabres\/","og_locale":"es_ES","og_type":"article","og_title":"Tambor xabr\u00e9s - Pablo Carpintero","og_description":"Fabricamos r\u00e9plicas de tambores xabreses antigos, como o que podes ver na imaxe que procede de Rio de Honor de Castela ou Rionor de Bragan\u00e7a. A caixa e os ari\u00f1os poden ser feitos en t\u00e1boa dobrada ou ben realizados ao xeito tradicional, baleirando un tronco de casti\u00f1eiro, de a\u00ed a diferenza no prezo dunha versi\u00f3n [&hellip;]","og_url":"https:\/\/pablocarpintero.es\/es\/producto\/tambor-xabres\/","og_site_name":"Pablo Carpintero","article_modified_time":"2025-09-05T05:40:42+00:00","og_image":[{"width":1181,"height":787,"url":"https:\/\/pablocarpintero.es\/wp-content\/uploads\/2021\/10\/Tambor-sanabres-Pablo-Carpintero-1.jpg","type":"image\/jpeg"}],"twitter_card":"summary_large_image","twitter_misc":{"Tiempo de lectura":"1 minuto"},"schema":{"@context":"https:\/\/schema.org","@graph":[{"@type":"WebPage","@id":"https:\/\/pablocarpintero.es\/producto\/tambor-xabres\/","url":"https:\/\/pablocarpintero.es\/producto\/tambor-xabres\/","name":"Tambor xabr\u00e9s - Pablo Carpintero","isPartOf":{"@id":"https:\/\/pablocarpintero.es\/#website"},"primaryImageOfPage":{"@id":"https:\/\/pablocarpintero.es\/producto\/tambor-xabres\/#primaryimage"},"image":{"@id":"https:\/\/pablocarpintero.es\/producto\/tambor-xabres\/#primaryimage"},"thumbnailUrl":"https:\/\/pablocarpintero.es\/wp-content\/uploads\/2021\/10\/Tambor-sanabres-Pablo-Carpintero-1.jpg","datePublished":"2021-10-24T20:43:30+00:00","dateModified":"2025-09-05T05:40:42+00:00","breadcrumb":{"@id":"https:\/\/pablocarpintero.es\/producto\/tambor-xabres\/#breadcrumb"},"inLanguage":"es","potentialAction":[{"@type":"ReadAction","target":["https:\/\/pablocarpintero.es\/producto\/tambor-xabres\/"]}]},{"@type":"ImageObject","inLanguage":"es","@id":"https:\/\/pablocarpintero.es\/producto\/tambor-xabres\/#primaryimage","url":"https:\/\/pablocarpintero.es\/wp-content\/uploads\/2021\/10\/Tambor-sanabres-Pablo-Carpintero-1.jpg","contentUrl":"https:\/\/pablocarpintero.es\/wp-content\/uploads\/2021\/10\/Tambor-sanabres-Pablo-Carpintero-1.jpg","width":1181,"height":787},{"@type":"BreadcrumbList","@id":"https:\/\/pablocarpintero.es\/producto\/tambor-xabres\/#breadcrumb","itemListElement":[{"@type":"ListItem","position":1,"name":"Portada","item":"https:\/\/pablocarpintero.es\/inicio\/"},{"@type":"ListItem","position":2,"name":"Tienda","item":"https:\/\/pablocarpintero.es\/tienda\/"},{"@type":"ListItem","position":3,"name":"Tambor xabr\u00e9s"}]},{"@type":"WebSite","@id":"https:\/\/pablocarpintero.es\/#website","url":"https:\/\/pablocarpintero.es\/","name":"Pablo Carpintero","description":"Otro sitio realizado con WordPress","potentialAction":[{"@type":"SearchAction","target":{"@type":"EntryPoint","urlTemplate":"https:\/\/pablocarpintero.es\/?s={search_term_string}"},"query-input":{"@type":"PropertyValueSpecification","valueRequired":true,"valueName":"search_term_string"}}],"inLanguage":"es"}]}},"_links":{"self":[{"href":"https:\/\/pablocarpintero.es\/es\/wp-json\/wp\/v2\/product\/533","targetHints":{"allow":["GET"]}}],"collection":[{"href":"https:\/\/pablocarpintero.es\/es\/wp-json\/wp\/v2\/product"}],"about":[{"href":"https:\/\/pablocarpintero.es\/es\/wp-json\/wp\/v2\/types\/product"}],"replies":[{"embeddable":true,"href":"https:\/\/pablocarpintero.es\/es\/wp-json\/wp\/v2\/comments?post=533"}],"wp:featuredmedia":[{"embeddable":true,"href":"https:\/\/pablocarpintero.es\/es\/wp-json\/wp\/v2\/media\/2665"}],"wp:attachment":[{"href":"https:\/\/pablocarpintero.es\/es\/wp-json\/wp\/v2\/media?parent=533"}],"wp:term":[{"taxonomy":"product_brand","embeddable":true,"href":"https:\/\/pablocarpintero.es\/es\/wp-json\/wp\/v2\/product_brand?post=533"},{"taxonomy":"product_cat","embeddable":true,"href":"https:\/\/pablocarpintero.es\/es\/wp-json\/wp\/v2\/product_cat?post=533"},{"taxonomy":"product_tag","embeddable":true,"href":"https:\/\/pablocarpintero.es\/es\/wp-json\/wp\/v2\/product_tag?post=533"}],"curies":[{"name":"wp","href":"https:\/\/api.w.org\/{rel}","templated":true}]}}