{"id":536,"date":"2021-10-24T20:47:32","date_gmt":"2021-10-24T20:47:32","guid":{"rendered":"https:\/\/pablocarpintero.es\/?post_type=product&#038;p=536"},"modified":"2025-12-07T10:57:27","modified_gmt":"2025-12-07T10:57:27","slug":"baquetas","status":"publish","type":"product","link":"https:\/\/pablocarpintero.es\/es\/producto\/baquetas\/","title":{"rendered":"Baquetas"},"content":{"rendered":"<p class=\"p1\">Fabricamos baquetas est\u00e1ndar o r\u00e9plicas de cualquier baqueta antigua que necesites.<\/p>\n<p class=\"p1\">Utilizamos madera de boj, encina u olivo, tambi\u00e9n maderas tropicales, pero no las recomendamos por la alta absorci\u00f3n ac\u00fastica que producen.<\/p>","protected":false},"excerpt":{"rendered":"<p>Fabricamos baquetas est\u00e1ndar ou r\u00e9plicas de calquera baqueta antiga que precises. Empregamos madeiras de buxo, aci\u00f1eira ou oliveira, tam\u00e9n madeiras tropicais pero non as recomendamos pole elevada absorci\u00f3n de son que producen.<\/p>","protected":false},"featured_media":901,"comment_status":"open","ping_status":"closed","template":"","meta":{"give_campaign_id":0,"_joinchat":[]},"product_brand":[],"product_cat":[18,35],"product_tag":[],"class_list":{"0":"post-536","1":"product","2":"type-product","3":"status-publish","4":"has-post-thumbnail","6":"product_cat-instrumentos-musicales","7":"product_cat-tambores-e-bombos","9":"first","10":"instock","11":"taxable","12":"shipping-taxable","13":"purchasable","14":"product-type-simple"},"yoast_head":"<!-- This site is optimized with the Yoast SEO plugin v27.2 - https:\/\/yoast.com\/product\/yoast-seo-wordpress\/ -->\n<title>Baquetas - Pablo Carpintero<\/title>\n<meta name=\"robots\" content=\"index, follow, max-snippet:-1, max-image-preview:large, max-video-preview:-1\" \/>\n<link rel=\"canonical\" href=\"https:\/\/pablocarpintero.es\/es\/producto\/baquetas\/\" \/>\n<meta property=\"og:locale\" content=\"es_ES\" \/>\n<meta property=\"og:type\" content=\"article\" \/>\n<meta property=\"og:title\" content=\"Baquetas - Pablo Carpintero\" \/>\n<meta property=\"og:description\" content=\"Fabricamos baquetas est\u00e1ndar ou r\u00e9plicas de calquera baqueta antiga que precises. Empregamos madeiras de buxo, aci\u00f1eira ou oliveira, tam\u00e9n madeiras tropicais pero non as recomendamos pole elevada absorci\u00f3n de son que producen.\" \/>\n<meta property=\"og:url\" content=\"https:\/\/pablocarpintero.es\/es\/producto\/baquetas\/\" \/>\n<meta property=\"og:site_name\" content=\"Pablo Carpintero\" \/>\n<meta property=\"article:modified_time\" content=\"2025-12-07T10:57:27+00:00\" \/>\n<meta property=\"og:image\" content=\"https:\/\/pablocarpintero.es\/wp-content\/uploads\/2021\/10\/Baquetas-Pablo-carpintero.jpg\" \/>\n\t<meta property=\"og:image:width\" content=\"2429\" \/>\n\t<meta property=\"og:image:height\" content=\"1734\" \/>\n\t<meta property=\"og:image:type\" content=\"image\/jpeg\" \/>\n<meta name=\"twitter:card\" content=\"summary_large_image\" \/>\n<meta name=\"twitter:label1\" content=\"Tiempo de lectura\" \/>\n\t<meta name=\"twitter:data1\" content=\"1 minuto\" \/>\n<script type=\"application\/ld+json\" class=\"yoast-schema-graph\">{\"@context\":\"https:\/\/schema.org\",\"@graph\":[{\"@type\":\"WebPage\",\"@id\":\"https:\/\/pablocarpintero.es\/producto\/baquetas\/\",\"url\":\"https:\/\/pablocarpintero.es\/producto\/baquetas\/\",\"name\":\"Baquetas - Pablo Carpintero\",\"isPartOf\":{\"@id\":\"https:\/\/pablocarpintero.es\/#website\"},\"primaryImageOfPage\":{\"@id\":\"https:\/\/pablocarpintero.es\/producto\/baquetas\/#primaryimage\"},\"image\":{\"@id\":\"https:\/\/pablocarpintero.es\/producto\/baquetas\/#primaryimage\"},\"thumbnailUrl\":\"https:\/\/pablocarpintero.es\/wp-content\/uploads\/2021\/10\/Baquetas-Pablo-carpintero.jpg\",\"datePublished\":\"2021-10-24T20:47:32+00:00\",\"dateModified\":\"2025-12-07T10:57:27+00:00\",\"breadcrumb\":{\"@id\":\"https:\/\/pablocarpintero.es\/producto\/baquetas\/#breadcrumb\"},\"inLanguage\":\"es\",\"potentialAction\":[{\"@type\":\"ReadAction\",\"target\":[\"https:\/\/pablocarpintero.es\/producto\/baquetas\/\"]}]},{\"@type\":\"ImageObject\",\"inLanguage\":\"es\",\"@id\":\"https:\/\/pablocarpintero.es\/producto\/baquetas\/#primaryimage\",\"url\":\"https:\/\/pablocarpintero.es\/wp-content\/uploads\/2021\/10\/Baquetas-Pablo-carpintero.jpg\",\"contentUrl\":\"https:\/\/pablocarpintero.es\/wp-content\/uploads\/2021\/10\/Baquetas-Pablo-carpintero.jpg\",\"width\":2429,\"height\":1734},{\"@type\":\"BreadcrumbList\",\"@id\":\"https:\/\/pablocarpintero.es\/producto\/baquetas\/#breadcrumb\",\"itemListElement\":[{\"@type\":\"ListItem\",\"position\":1,\"name\":\"Portada\",\"item\":\"https:\/\/pablocarpintero.es\/inicio\/\"},{\"@type\":\"ListItem\",\"position\":2,\"name\":\"Tienda\",\"item\":\"https:\/\/pablocarpintero.es\/tienda\/\"},{\"@type\":\"ListItem\",\"position\":3,\"name\":\"Baquetas\"}]},{\"@type\":\"WebSite\",\"@id\":\"https:\/\/pablocarpintero.es\/#website\",\"url\":\"https:\/\/pablocarpintero.es\/\",\"name\":\"Pablo Carpintero\",\"description\":\"Otro sitio realizado con WordPress\",\"potentialAction\":[{\"@type\":\"SearchAction\",\"target\":{\"@type\":\"EntryPoint\",\"urlTemplate\":\"https:\/\/pablocarpintero.es\/?s={search_term_string}\"},\"query-input\":{\"@type\":\"PropertyValueSpecification\",\"valueRequired\":true,\"valueName\":\"search_term_string\"}}],\"inLanguage\":\"es\"}]}<\/script>\n<!-- \/ Yoast SEO plugin. -->","yoast_head_json":{"title":"Baquetas - Pablo Carpintero","robots":{"index":"index","follow":"follow","max-snippet":"max-snippet:-1","max-image-preview":"max-image-preview:large","max-video-preview":"max-video-preview:-1"},"canonical":"https:\/\/pablocarpintero.es\/es\/producto\/baquetas\/","og_locale":"es_ES","og_type":"article","og_title":"Baquetas - Pablo Carpintero","og_description":"Fabricamos baquetas est\u00e1ndar ou r\u00e9plicas de calquera baqueta antiga que precises. Empregamos madeiras de buxo, aci\u00f1eira ou oliveira, tam\u00e9n madeiras tropicais pero non as recomendamos pole elevada absorci\u00f3n de son que producen.","og_url":"https:\/\/pablocarpintero.es\/es\/producto\/baquetas\/","og_site_name":"Pablo Carpintero","article_modified_time":"2025-12-07T10:57:27+00:00","og_image":[{"width":2429,"height":1734,"url":"https:\/\/pablocarpintero.es\/wp-content\/uploads\/2021\/10\/Baquetas-Pablo-carpintero.jpg","type":"image\/jpeg"}],"twitter_card":"summary_large_image","twitter_misc":{"Tiempo de lectura":"1 minuto"},"schema":{"@context":"https:\/\/schema.org","@graph":[{"@type":"WebPage","@id":"https:\/\/pablocarpintero.es\/producto\/baquetas\/","url":"https:\/\/pablocarpintero.es\/producto\/baquetas\/","name":"Baquetas - Pablo Carpintero","isPartOf":{"@id":"https:\/\/pablocarpintero.es\/#website"},"primaryImageOfPage":{"@id":"https:\/\/pablocarpintero.es\/producto\/baquetas\/#primaryimage"},"image":{"@id":"https:\/\/pablocarpintero.es\/producto\/baquetas\/#primaryimage"},"thumbnailUrl":"https:\/\/pablocarpintero.es\/wp-content\/uploads\/2021\/10\/Baquetas-Pablo-carpintero.jpg","datePublished":"2021-10-24T20:47:32+00:00","dateModified":"2025-12-07T10:57:27+00:00","breadcrumb":{"@id":"https:\/\/pablocarpintero.es\/producto\/baquetas\/#breadcrumb"},"inLanguage":"es","potentialAction":[{"@type":"ReadAction","target":["https:\/\/pablocarpintero.es\/producto\/baquetas\/"]}]},{"@type":"ImageObject","inLanguage":"es","@id":"https:\/\/pablocarpintero.es\/producto\/baquetas\/#primaryimage","url":"https:\/\/pablocarpintero.es\/wp-content\/uploads\/2021\/10\/Baquetas-Pablo-carpintero.jpg","contentUrl":"https:\/\/pablocarpintero.es\/wp-content\/uploads\/2021\/10\/Baquetas-Pablo-carpintero.jpg","width":2429,"height":1734},{"@type":"BreadcrumbList","@id":"https:\/\/pablocarpintero.es\/producto\/baquetas\/#breadcrumb","itemListElement":[{"@type":"ListItem","position":1,"name":"Portada","item":"https:\/\/pablocarpintero.es\/inicio\/"},{"@type":"ListItem","position":2,"name":"Tienda","item":"https:\/\/pablocarpintero.es\/tienda\/"},{"@type":"ListItem","position":3,"name":"Baquetas"}]},{"@type":"WebSite","@id":"https:\/\/pablocarpintero.es\/#website","url":"https:\/\/pablocarpintero.es\/","name":"Pablo Carpintero","description":"Otro sitio realizado con WordPress","potentialAction":[{"@type":"SearchAction","target":{"@type":"EntryPoint","urlTemplate":"https:\/\/pablocarpintero.es\/?s={search_term_string}"},"query-input":{"@type":"PropertyValueSpecification","valueRequired":true,"valueName":"search_term_string"}}],"inLanguage":"es"}]}},"_links":{"self":[{"href":"https:\/\/pablocarpintero.es\/es\/wp-json\/wp\/v2\/product\/536","targetHints":{"allow":["GET"]}}],"collection":[{"href":"https:\/\/pablocarpintero.es\/es\/wp-json\/wp\/v2\/product"}],"about":[{"href":"https:\/\/pablocarpintero.es\/es\/wp-json\/wp\/v2\/types\/product"}],"replies":[{"embeddable":true,"href":"https:\/\/pablocarpintero.es\/es\/wp-json\/wp\/v2\/comments?post=536"}],"wp:featuredmedia":[{"embeddable":true,"href":"https:\/\/pablocarpintero.es\/es\/wp-json\/wp\/v2\/media\/901"}],"wp:attachment":[{"href":"https:\/\/pablocarpintero.es\/es\/wp-json\/wp\/v2\/media?parent=536"}],"wp:term":[{"taxonomy":"product_brand","embeddable":true,"href":"https:\/\/pablocarpintero.es\/es\/wp-json\/wp\/v2\/product_brand?post=536"},{"taxonomy":"product_cat","embeddable":true,"href":"https:\/\/pablocarpintero.es\/es\/wp-json\/wp\/v2\/product_cat?post=536"},{"taxonomy":"product_tag","embeddable":true,"href":"https:\/\/pablocarpintero.es\/es\/wp-json\/wp\/v2\/product_tag?post=536"}],"curies":[{"name":"wp","href":"https:\/\/api.w.org\/{rel}","templated":true}]}}