{"id":550,"date":"2021-10-24T21:15:02","date_gmt":"2021-10-24T21:15:02","guid":{"rendered":"https:\/\/pablocarpintero.es\/?post_type=product&#038;p=550"},"modified":"2024-10-14T07:22:19","modified_gmt":"2024-10-14T07:22:19","slug":"traverso-fabricado-por-i-deppe-amsterdam-finais-do-s-xviii","status":"publish","type":"product","link":"https:\/\/pablocarpintero.es\/es\/producto\/traverso-fabricado-por-i-deppe-amsterdam-finais-do-s-xviii\/","title":{"rendered":"Traverso fabricado por I. Deppe (Amsterdam, finales del siglo XVIII)"},"content":{"rendered":"<p>Este traverso es copia del conservado en el Gemeentemuseum en La Haya y fue construido por I. Deppe a finales del siglo XVIII, siendo el \u00fanico que se conserva de su autor\u00eda. Lo fabricamos como el original en madera de boj y anillas en imitaci\u00f3n de marfil. Un excelente instrumento con La=430 Hz.<\/p>","protected":false},"excerpt":{"rendered":"<p>Este traverso es copia del conservado en el Gemeentemuseum en La Haya y fue construido por I. Deppe a finales del siglo XVIII, siendo el \u00fanico que se conserva de su autor\u00eda. Lo fabricamos como el original en madera de boj y anillas en imitaci\u00f3n de marfil. Un excelente instrumento con La=430 Hz.<\/p>","protected":false},"featured_media":951,"comment_status":"open","ping_status":"closed","template":"","meta":{"give_campaign_id":0,"_joinchat":[]},"product_brand":[],"product_cat":[18,37],"product_tag":[],"class_list":{"0":"post-550","1":"product","2":"type-product","3":"status-publish","4":"has-post-thumbnail","6":"product_cat-instrumentos-musicales","7":"product_cat-traversoso-barrocos","9":"first","10":"instock","11":"taxable","12":"shipping-taxable","13":"purchasable","14":"product-type-simple"},"yoast_head":"<!-- This site is optimized with the Yoast SEO plugin v27.2 - https:\/\/yoast.com\/product\/yoast-seo-wordpress\/ -->\n<title>Traverso fabricado por I. Deppe (Amsterdam, finais do s. XVIII) - Pablo Carpintero<\/title>\n<meta name=\"robots\" content=\"index, follow, max-snippet:-1, max-image-preview:large, max-video-preview:-1\" \/>\n<link rel=\"canonical\" href=\"https:\/\/pablocarpintero.es\/es\/producto\/traverso-fabricado-por-i-deppe-amsterdam-finais-do-s-xviii\/\" \/>\n<meta property=\"og:locale\" content=\"es_ES\" \/>\n<meta property=\"og:type\" content=\"article\" \/>\n<meta property=\"og:title\" content=\"Traverso fabricado por I. Deppe (Amsterdam, finais do s. XVIII) - Pablo Carpintero\" \/>\n<meta property=\"og:description\" content=\"Este traverso \u00e9 copia do conservado no Gemeentemuseum d\u2019A Haya e foi constru\u00eddo por I. Deppe a finais do s\u00e9culo XVIII, sendo o \u00fanico que se conserva da s\u00faa autor\u00eda. Fabric\u00e1molo coma o orixinal en madeira de buxo e anelas en imitaci\u00f3n de marfil. Un excelente instrumento con La=430 Hz.\" \/>\n<meta property=\"og:url\" content=\"https:\/\/pablocarpintero.es\/es\/producto\/traverso-fabricado-por-i-deppe-amsterdam-finais-do-s-xviii\/\" \/>\n<meta property=\"og:site_name\" content=\"Pablo Carpintero\" \/>\n<meta property=\"article:modified_time\" content=\"2024-10-14T07:22:19+00:00\" \/>\n<meta property=\"og:image\" content=\"https:\/\/pablocarpintero.es\/wp-content\/uploads\/2021\/10\/Traverso-Barroco-Pablo-Carpintero-3.jpg\" \/>\n\t<meta property=\"og:image:width\" content=\"2144\" \/>\n\t<meta property=\"og:image:height\" content=\"1424\" \/>\n\t<meta property=\"og:image:type\" content=\"image\/jpeg\" \/>\n<meta name=\"twitter:card\" content=\"summary_large_image\" \/>\n<meta name=\"twitter:label1\" content=\"Tiempo de lectura\" \/>\n\t<meta name=\"twitter:data1\" content=\"1 minuto\" \/>\n<script type=\"application\/ld+json\" class=\"yoast-schema-graph\">{\"@context\":\"https:\/\/schema.org\",\"@graph\":[{\"@type\":\"WebPage\",\"@id\":\"https:\/\/pablocarpintero.es\/producto\/traverso-fabricado-por-i-deppe-amsterdam-finais-do-s-xviii\/\",\"url\":\"https:\/\/pablocarpintero.es\/producto\/traverso-fabricado-por-i-deppe-amsterdam-finais-do-s-xviii\/\",\"name\":\"Traverso fabricado por I. Deppe (Amsterdam, finais do s. XVIII) - Pablo Carpintero\",\"isPartOf\":{\"@id\":\"https:\/\/pablocarpintero.es\/#website\"},\"primaryImageOfPage\":{\"@id\":\"https:\/\/pablocarpintero.es\/producto\/traverso-fabricado-por-i-deppe-amsterdam-finais-do-s-xviii\/#primaryimage\"},\"image\":{\"@id\":\"https:\/\/pablocarpintero.es\/producto\/traverso-fabricado-por-i-deppe-amsterdam-finais-do-s-xviii\/#primaryimage\"},\"thumbnailUrl\":\"https:\/\/pablocarpintero.es\/wp-content\/uploads\/2021\/10\/Traverso-Barroco-Pablo-Carpintero-3.jpg\",\"datePublished\":\"2021-10-24T21:15:02+00:00\",\"dateModified\":\"2024-10-14T07:22:19+00:00\",\"breadcrumb\":{\"@id\":\"https:\/\/pablocarpintero.es\/producto\/traverso-fabricado-por-i-deppe-amsterdam-finais-do-s-xviii\/#breadcrumb\"},\"inLanguage\":\"es\",\"potentialAction\":[{\"@type\":\"ReadAction\",\"target\":[\"https:\/\/pablocarpintero.es\/producto\/traverso-fabricado-por-i-deppe-amsterdam-finais-do-s-xviii\/\"]}]},{\"@type\":\"ImageObject\",\"inLanguage\":\"es\",\"@id\":\"https:\/\/pablocarpintero.es\/producto\/traverso-fabricado-por-i-deppe-amsterdam-finais-do-s-xviii\/#primaryimage\",\"url\":\"https:\/\/pablocarpintero.es\/wp-content\/uploads\/2021\/10\/Traverso-Barroco-Pablo-Carpintero-3.jpg\",\"contentUrl\":\"https:\/\/pablocarpintero.es\/wp-content\/uploads\/2021\/10\/Traverso-Barroco-Pablo-Carpintero-3.jpg\",\"width\":2144,\"height\":1424},{\"@type\":\"BreadcrumbList\",\"@id\":\"https:\/\/pablocarpintero.es\/producto\/traverso-fabricado-por-i-deppe-amsterdam-finais-do-s-xviii\/#breadcrumb\",\"itemListElement\":[{\"@type\":\"ListItem\",\"position\":1,\"name\":\"Portada\",\"item\":\"https:\/\/pablocarpintero.es\/inicio\/\"},{\"@type\":\"ListItem\",\"position\":2,\"name\":\"Tienda\",\"item\":\"https:\/\/pablocarpintero.es\/tienda\/\"},{\"@type\":\"ListItem\",\"position\":3,\"name\":\"Traverso fabricado por I. Deppe (Amsterdam, finais do s. XVIII)\"}]},{\"@type\":\"WebSite\",\"@id\":\"https:\/\/pablocarpintero.es\/#website\",\"url\":\"https:\/\/pablocarpintero.es\/\",\"name\":\"Pablo Carpintero\",\"description\":\"Otro sitio realizado con WordPress\",\"potentialAction\":[{\"@type\":\"SearchAction\",\"target\":{\"@type\":\"EntryPoint\",\"urlTemplate\":\"https:\/\/pablocarpintero.es\/?s={search_term_string}\"},\"query-input\":{\"@type\":\"PropertyValueSpecification\",\"valueRequired\":true,\"valueName\":\"search_term_string\"}}],\"inLanguage\":\"es\"}]}<\/script>\n<!-- \/ Yoast SEO plugin. -->","yoast_head_json":{"title":"Traverso fabricado por I. Deppe (Amsterdam, finais do s. XVIII) - Pablo Carpintero","robots":{"index":"index","follow":"follow","max-snippet":"max-snippet:-1","max-image-preview":"max-image-preview:large","max-video-preview":"max-video-preview:-1"},"canonical":"https:\/\/pablocarpintero.es\/es\/producto\/traverso-fabricado-por-i-deppe-amsterdam-finais-do-s-xviii\/","og_locale":"es_ES","og_type":"article","og_title":"Traverso fabricado por I. Deppe (Amsterdam, finais do s. XVIII) - Pablo Carpintero","og_description":"Este traverso \u00e9 copia do conservado no Gemeentemuseum d\u2019A Haya e foi constru\u00eddo por I. Deppe a finais do s\u00e9culo XVIII, sendo o \u00fanico que se conserva da s\u00faa autor\u00eda. Fabric\u00e1molo coma o orixinal en madeira de buxo e anelas en imitaci\u00f3n de marfil. Un excelente instrumento con La=430 Hz.","og_url":"https:\/\/pablocarpintero.es\/es\/producto\/traverso-fabricado-por-i-deppe-amsterdam-finais-do-s-xviii\/","og_site_name":"Pablo Carpintero","article_modified_time":"2024-10-14T07:22:19+00:00","og_image":[{"width":2144,"height":1424,"url":"https:\/\/pablocarpintero.es\/wp-content\/uploads\/2021\/10\/Traverso-Barroco-Pablo-Carpintero-3.jpg","type":"image\/jpeg"}],"twitter_card":"summary_large_image","twitter_misc":{"Tiempo de lectura":"1 minuto"},"schema":{"@context":"https:\/\/schema.org","@graph":[{"@type":"WebPage","@id":"https:\/\/pablocarpintero.es\/producto\/traverso-fabricado-por-i-deppe-amsterdam-finais-do-s-xviii\/","url":"https:\/\/pablocarpintero.es\/producto\/traverso-fabricado-por-i-deppe-amsterdam-finais-do-s-xviii\/","name":"Traverso fabricado por I. Deppe (Amsterdam, finais do s. XVIII) - Pablo Carpintero","isPartOf":{"@id":"https:\/\/pablocarpintero.es\/#website"},"primaryImageOfPage":{"@id":"https:\/\/pablocarpintero.es\/producto\/traverso-fabricado-por-i-deppe-amsterdam-finais-do-s-xviii\/#primaryimage"},"image":{"@id":"https:\/\/pablocarpintero.es\/producto\/traverso-fabricado-por-i-deppe-amsterdam-finais-do-s-xviii\/#primaryimage"},"thumbnailUrl":"https:\/\/pablocarpintero.es\/wp-content\/uploads\/2021\/10\/Traverso-Barroco-Pablo-Carpintero-3.jpg","datePublished":"2021-10-24T21:15:02+00:00","dateModified":"2024-10-14T07:22:19+00:00","breadcrumb":{"@id":"https:\/\/pablocarpintero.es\/producto\/traverso-fabricado-por-i-deppe-amsterdam-finais-do-s-xviii\/#breadcrumb"},"inLanguage":"es","potentialAction":[{"@type":"ReadAction","target":["https:\/\/pablocarpintero.es\/producto\/traverso-fabricado-por-i-deppe-amsterdam-finais-do-s-xviii\/"]}]},{"@type":"ImageObject","inLanguage":"es","@id":"https:\/\/pablocarpintero.es\/producto\/traverso-fabricado-por-i-deppe-amsterdam-finais-do-s-xviii\/#primaryimage","url":"https:\/\/pablocarpintero.es\/wp-content\/uploads\/2021\/10\/Traverso-Barroco-Pablo-Carpintero-3.jpg","contentUrl":"https:\/\/pablocarpintero.es\/wp-content\/uploads\/2021\/10\/Traverso-Barroco-Pablo-Carpintero-3.jpg","width":2144,"height":1424},{"@type":"BreadcrumbList","@id":"https:\/\/pablocarpintero.es\/producto\/traverso-fabricado-por-i-deppe-amsterdam-finais-do-s-xviii\/#breadcrumb","itemListElement":[{"@type":"ListItem","position":1,"name":"Portada","item":"https:\/\/pablocarpintero.es\/inicio\/"},{"@type":"ListItem","position":2,"name":"Tienda","item":"https:\/\/pablocarpintero.es\/tienda\/"},{"@type":"ListItem","position":3,"name":"Traverso fabricado por I. Deppe (Amsterdam, finais do s. XVIII)"}]},{"@type":"WebSite","@id":"https:\/\/pablocarpintero.es\/#website","url":"https:\/\/pablocarpintero.es\/","name":"Pablo Carpintero","description":"Otro sitio realizado con WordPress","potentialAction":[{"@type":"SearchAction","target":{"@type":"EntryPoint","urlTemplate":"https:\/\/pablocarpintero.es\/?s={search_term_string}"},"query-input":{"@type":"PropertyValueSpecification","valueRequired":true,"valueName":"search_term_string"}}],"inLanguage":"es"}]}},"_links":{"self":[{"href":"https:\/\/pablocarpintero.es\/es\/wp-json\/wp\/v2\/product\/550","targetHints":{"allow":["GET"]}}],"collection":[{"href":"https:\/\/pablocarpintero.es\/es\/wp-json\/wp\/v2\/product"}],"about":[{"href":"https:\/\/pablocarpintero.es\/es\/wp-json\/wp\/v2\/types\/product"}],"replies":[{"embeddable":true,"href":"https:\/\/pablocarpintero.es\/es\/wp-json\/wp\/v2\/comments?post=550"}],"wp:featuredmedia":[{"embeddable":true,"href":"https:\/\/pablocarpintero.es\/es\/wp-json\/wp\/v2\/media\/951"}],"wp:attachment":[{"href":"https:\/\/pablocarpintero.es\/es\/wp-json\/wp\/v2\/media?parent=550"}],"wp:term":[{"taxonomy":"product_brand","embeddable":true,"href":"https:\/\/pablocarpintero.es\/es\/wp-json\/wp\/v2\/product_brand?post=550"},{"taxonomy":"product_cat","embeddable":true,"href":"https:\/\/pablocarpintero.es\/es\/wp-json\/wp\/v2\/product_cat?post=550"},{"taxonomy":"product_tag","embeddable":true,"href":"https:\/\/pablocarpintero.es\/es\/wp-json\/wp\/v2\/product_tag?post=550"}],"curies":[{"name":"wp","href":"https:\/\/api.w.org\/{rel}","templated":true}]}}