{"id":595,"date":"2021-10-24T22:29:37","date_gmt":"2021-10-24T22:29:37","guid":{"rendered":"https:\/\/pablocarpintero.es\/?post_type=product&#038;p=595"},"modified":"2025-09-05T05:07:11","modified_gmt":"2025-09-05T05:07:11","slug":"pandeira-de-vilarello-de-donis","status":"publish","type":"product","link":"https:\/\/pablocarpintero.es\/es\/producto\/pandeira-de-vilarello-de-donis\/","title":{"rendered":"Pandera gallega de Vilarello de Don\u00eds"},"content":{"rendered":"<p>Una pandera de bastante di\u00e1metro, 47 cm, y marco tambi\u00e9n bastante alto, con dos arillos de refuerzo. Lleva diez agujeros para las sonajas, pareados dos a dos. Dentro de cada uno de ellos se sit\u00faan dos grandes sonajas poco rizadas.<\/p>\n<p>Puedes escuchar este y otros modelos de panderas gallegas que hemos replicado en el siguiente v\u00eddeo:<\/p>\n<p>&nbsp;<\/p>\n<div  class='avia-video av-x4l4-9c3d7f1c61481e5188e91398bf9e1349 avia-video-16-9 av-no-preview-image avia-video-load-always av-lazyload-immediate av-lazyload-video-embed'  itemprop=\"video\" itemtype=\"https:\/\/schema.org\/VideoObject\"  data-original_url='https:\/\/www.youtube.com\/watch?v=jin-JEfjfPI'><script type='text\/html' class='av-video-tmpl'><div class='avia-iframe-wrap'><iframe loading=\"lazy\" title=\"Pandeiras galegas\" width=\"1500\" height=\"844\" src=\"https:\/\/www.youtube.com\/embed\/jin-JEfjfPI?feature=oembed&autoplay=0&loop=0&controls=1&mute=0\" frameborder=\"0\" allow=\"accelerometer; autoplay; clipboard-write; encrypted-media; gyroscope; picture-in-picture\" allowfullscreen><\/iframe><\/div><\/script><div class='av-click-to-play-overlay'><div class=\"avia_playpause_icon\"><\/div><\/div><\/div>","protected":false},"excerpt":{"rendered":"<p>Unha pandeira de bastante di\u00e1metro, 47 cm, e marco tam\u00e9n bastante alto, con dous aneis de reforzo. Leva dez furados para as cernellas, pareados dous a dous. Dentro de cada un deles sit\u00faanse d\u00faas grandes ferre\u00f1as pouco rizadas. Podedes escoitar este e outros modelos de pandeiras galegas que temos replicado no seguinte v\u00eddeo: &nbsp;<\/p>","protected":false},"featured_media":1051,"comment_status":"open","ping_status":"closed","template":"","meta":{"give_campaign_id":0,"_joinchat":[]},"product_brand":[],"product_cat":[18,39],"product_tag":[],"class_list":{"0":"post-595","1":"product","2":"type-product","3":"status-publish","4":"has-post-thumbnail","6":"product_cat-instrumentos-musicales","7":"product_cat-pandeiras","9":"first","10":"instock","11":"taxable","12":"shipping-taxable","13":"purchasable","14":"product-type-simple"},"yoast_head":"<!-- This site is optimized with the Yoast SEO plugin v27.2 - https:\/\/yoast.com\/product\/yoast-seo-wordpress\/ -->\n<title>Pandeira galega de Vilarello de Don\u00eds - Pablo Carpintero<\/title>\n<meta name=\"robots\" content=\"index, follow, max-snippet:-1, max-image-preview:large, max-video-preview:-1\" \/>\n<link rel=\"canonical\" href=\"https:\/\/pablocarpintero.es\/es\/producto\/pandeira-de-vilarello-de-donis\/\" \/>\n<meta property=\"og:locale\" content=\"es_ES\" \/>\n<meta property=\"og:type\" content=\"article\" \/>\n<meta property=\"og:title\" content=\"Pandeira galega de Vilarello de Don\u00eds - Pablo Carpintero\" \/>\n<meta property=\"og:description\" content=\"Unha pandeira de bastante di\u00e1metro, 47 cm, e marco tam\u00e9n bastante alto, con dous aneis de reforzo. Leva dez furados para as cernellas, pareados dous a dous. Dentro de cada un deles sit\u00faanse d\u00faas grandes ferre\u00f1as pouco rizadas. Podedes escoitar este e outros modelos de pandeiras galegas que temos replicado no seguinte v\u00eddeo: &nbsp;\" \/>\n<meta property=\"og:url\" content=\"https:\/\/pablocarpintero.es\/es\/producto\/pandeira-de-vilarello-de-donis\/\" \/>\n<meta property=\"og:site_name\" content=\"Pablo Carpintero\" \/>\n<meta property=\"article:modified_time\" content=\"2025-09-05T05:07:11+00:00\" \/>\n<meta property=\"og:image\" content=\"https:\/\/pablocarpintero.es\/wp-content\/uploads\/2021\/10\/Pandeira-de-Vilarello-de-Donis-Pablo-Carpintero-4.jpg\" \/>\n\t<meta property=\"og:image:width\" content=\"1636\" \/>\n\t<meta property=\"og:image:height\" content=\"1515\" \/>\n\t<meta property=\"og:image:type\" content=\"image\/jpeg\" \/>\n<meta name=\"twitter:card\" content=\"summary_large_image\" \/>\n<meta name=\"twitter:label1\" content=\"Tiempo de lectura\" \/>\n\t<meta name=\"twitter:data1\" content=\"1 minuto\" \/>\n<script type=\"application\/ld+json\" class=\"yoast-schema-graph\">{\"@context\":\"https:\/\/schema.org\",\"@graph\":[{\"@type\":\"WebPage\",\"@id\":\"https:\/\/pablocarpintero.es\/producto\/pandeira-de-vilarello-de-donis\/\",\"url\":\"https:\/\/pablocarpintero.es\/producto\/pandeira-de-vilarello-de-donis\/\",\"name\":\"Pandeira galega de Vilarello de Don\u00eds - Pablo Carpintero\",\"isPartOf\":{\"@id\":\"https:\/\/pablocarpintero.es\/#website\"},\"primaryImageOfPage\":{\"@id\":\"https:\/\/pablocarpintero.es\/producto\/pandeira-de-vilarello-de-donis\/#primaryimage\"},\"image\":{\"@id\":\"https:\/\/pablocarpintero.es\/producto\/pandeira-de-vilarello-de-donis\/#primaryimage\"},\"thumbnailUrl\":\"https:\/\/pablocarpintero.es\/wp-content\/uploads\/2021\/10\/Pandeira-de-Vilarello-de-Donis-Pablo-Carpintero-4.jpg\",\"datePublished\":\"2021-10-24T22:29:37+00:00\",\"dateModified\":\"2025-09-05T05:07:11+00:00\",\"breadcrumb\":{\"@id\":\"https:\/\/pablocarpintero.es\/producto\/pandeira-de-vilarello-de-donis\/#breadcrumb\"},\"inLanguage\":\"es\",\"potentialAction\":[{\"@type\":\"ReadAction\",\"target\":[\"https:\/\/pablocarpintero.es\/producto\/pandeira-de-vilarello-de-donis\/\"]}]},{\"@type\":\"ImageObject\",\"inLanguage\":\"es\",\"@id\":\"https:\/\/pablocarpintero.es\/producto\/pandeira-de-vilarello-de-donis\/#primaryimage\",\"url\":\"https:\/\/pablocarpintero.es\/wp-content\/uploads\/2021\/10\/Pandeira-de-Vilarello-de-Donis-Pablo-Carpintero-4.jpg\",\"contentUrl\":\"https:\/\/pablocarpintero.es\/wp-content\/uploads\/2021\/10\/Pandeira-de-Vilarello-de-Donis-Pablo-Carpintero-4.jpg\",\"width\":1636,\"height\":1515},{\"@type\":\"BreadcrumbList\",\"@id\":\"https:\/\/pablocarpintero.es\/producto\/pandeira-de-vilarello-de-donis\/#breadcrumb\",\"itemListElement\":[{\"@type\":\"ListItem\",\"position\":1,\"name\":\"Portada\",\"item\":\"https:\/\/pablocarpintero.es\/inicio\/\"},{\"@type\":\"ListItem\",\"position\":2,\"name\":\"Tienda\",\"item\":\"https:\/\/pablocarpintero.es\/tienda\/\"},{\"@type\":\"ListItem\",\"position\":3,\"name\":\"Pandeira galega de Vilarello de Don\u00eds\"}]},{\"@type\":\"WebSite\",\"@id\":\"https:\/\/pablocarpintero.es\/#website\",\"url\":\"https:\/\/pablocarpintero.es\/\",\"name\":\"Pablo Carpintero\",\"description\":\"Otro sitio realizado con WordPress\",\"potentialAction\":[{\"@type\":\"SearchAction\",\"target\":{\"@type\":\"EntryPoint\",\"urlTemplate\":\"https:\/\/pablocarpintero.es\/?s={search_term_string}\"},\"query-input\":{\"@type\":\"PropertyValueSpecification\",\"valueRequired\":true,\"valueName\":\"search_term_string\"}}],\"inLanguage\":\"es\"}]}<\/script>\n<!-- \/ Yoast SEO plugin. -->","yoast_head_json":{"title":"Pandeira galega de Vilarello de Don\u00eds - Pablo Carpintero","robots":{"index":"index","follow":"follow","max-snippet":"max-snippet:-1","max-image-preview":"max-image-preview:large","max-video-preview":"max-video-preview:-1"},"canonical":"https:\/\/pablocarpintero.es\/es\/producto\/pandeira-de-vilarello-de-donis\/","og_locale":"es_ES","og_type":"article","og_title":"Pandeira galega de Vilarello de Don\u00eds - Pablo Carpintero","og_description":"Unha pandeira de bastante di\u00e1metro, 47 cm, e marco tam\u00e9n bastante alto, con dous aneis de reforzo. Leva dez furados para as cernellas, pareados dous a dous. Dentro de cada un deles sit\u00faanse d\u00faas grandes ferre\u00f1as pouco rizadas. Podedes escoitar este e outros modelos de pandeiras galegas que temos replicado no seguinte v\u00eddeo: &nbsp;","og_url":"https:\/\/pablocarpintero.es\/es\/producto\/pandeira-de-vilarello-de-donis\/","og_site_name":"Pablo Carpintero","article_modified_time":"2025-09-05T05:07:11+00:00","og_image":[{"width":1636,"height":1515,"url":"https:\/\/pablocarpintero.es\/wp-content\/uploads\/2021\/10\/Pandeira-de-Vilarello-de-Donis-Pablo-Carpintero-4.jpg","type":"image\/jpeg"}],"twitter_card":"summary_large_image","twitter_misc":{"Tiempo de lectura":"1 minuto"},"schema":{"@context":"https:\/\/schema.org","@graph":[{"@type":"WebPage","@id":"https:\/\/pablocarpintero.es\/producto\/pandeira-de-vilarello-de-donis\/","url":"https:\/\/pablocarpintero.es\/producto\/pandeira-de-vilarello-de-donis\/","name":"Pandeira galega de Vilarello de Don\u00eds - Pablo Carpintero","isPartOf":{"@id":"https:\/\/pablocarpintero.es\/#website"},"primaryImageOfPage":{"@id":"https:\/\/pablocarpintero.es\/producto\/pandeira-de-vilarello-de-donis\/#primaryimage"},"image":{"@id":"https:\/\/pablocarpintero.es\/producto\/pandeira-de-vilarello-de-donis\/#primaryimage"},"thumbnailUrl":"https:\/\/pablocarpintero.es\/wp-content\/uploads\/2021\/10\/Pandeira-de-Vilarello-de-Donis-Pablo-Carpintero-4.jpg","datePublished":"2021-10-24T22:29:37+00:00","dateModified":"2025-09-05T05:07:11+00:00","breadcrumb":{"@id":"https:\/\/pablocarpintero.es\/producto\/pandeira-de-vilarello-de-donis\/#breadcrumb"},"inLanguage":"es","potentialAction":[{"@type":"ReadAction","target":["https:\/\/pablocarpintero.es\/producto\/pandeira-de-vilarello-de-donis\/"]}]},{"@type":"ImageObject","inLanguage":"es","@id":"https:\/\/pablocarpintero.es\/producto\/pandeira-de-vilarello-de-donis\/#primaryimage","url":"https:\/\/pablocarpintero.es\/wp-content\/uploads\/2021\/10\/Pandeira-de-Vilarello-de-Donis-Pablo-Carpintero-4.jpg","contentUrl":"https:\/\/pablocarpintero.es\/wp-content\/uploads\/2021\/10\/Pandeira-de-Vilarello-de-Donis-Pablo-Carpintero-4.jpg","width":1636,"height":1515},{"@type":"BreadcrumbList","@id":"https:\/\/pablocarpintero.es\/producto\/pandeira-de-vilarello-de-donis\/#breadcrumb","itemListElement":[{"@type":"ListItem","position":1,"name":"Portada","item":"https:\/\/pablocarpintero.es\/inicio\/"},{"@type":"ListItem","position":2,"name":"Tienda","item":"https:\/\/pablocarpintero.es\/tienda\/"},{"@type":"ListItem","position":3,"name":"Pandeira galega de Vilarello de Don\u00eds"}]},{"@type":"WebSite","@id":"https:\/\/pablocarpintero.es\/#website","url":"https:\/\/pablocarpintero.es\/","name":"Pablo Carpintero","description":"Otro sitio realizado con WordPress","potentialAction":[{"@type":"SearchAction","target":{"@type":"EntryPoint","urlTemplate":"https:\/\/pablocarpintero.es\/?s={search_term_string}"},"query-input":{"@type":"PropertyValueSpecification","valueRequired":true,"valueName":"search_term_string"}}],"inLanguage":"es"}]}},"_links":{"self":[{"href":"https:\/\/pablocarpintero.es\/es\/wp-json\/wp\/v2\/product\/595","targetHints":{"allow":["GET"]}}],"collection":[{"href":"https:\/\/pablocarpintero.es\/es\/wp-json\/wp\/v2\/product"}],"about":[{"href":"https:\/\/pablocarpintero.es\/es\/wp-json\/wp\/v2\/types\/product"}],"replies":[{"embeddable":true,"href":"https:\/\/pablocarpintero.es\/es\/wp-json\/wp\/v2\/comments?post=595"}],"wp:featuredmedia":[{"embeddable":true,"href":"https:\/\/pablocarpintero.es\/es\/wp-json\/wp\/v2\/media\/1051"}],"wp:attachment":[{"href":"https:\/\/pablocarpintero.es\/es\/wp-json\/wp\/v2\/media?parent=595"}],"wp:term":[{"taxonomy":"product_brand","embeddable":true,"href":"https:\/\/pablocarpintero.es\/es\/wp-json\/wp\/v2\/product_brand?post=595"},{"taxonomy":"product_cat","embeddable":true,"href":"https:\/\/pablocarpintero.es\/es\/wp-json\/wp\/v2\/product_cat?post=595"},{"taxonomy":"product_tag","embeddable":true,"href":"https:\/\/pablocarpintero.es\/es\/wp-json\/wp\/v2\/product_tag?post=595"}],"curies":[{"name":"wp","href":"https:\/\/api.w.org\/{rel}","templated":true}]}}