{"id":596,"date":"2021-10-24T22:30:21","date_gmt":"2021-10-24T22:30:21","guid":{"rendered":"https:\/\/pablocarpintero.es\/?post_type=product&#038;p=596"},"modified":"2025-09-05T05:13:52","modified_gmt":"2025-09-05T05:13:52","slug":"pandeira-de-bouzas-ponferrada-leon","status":"publish","type":"product","link":"https:\/\/pablocarpintero.es\/es\/producto\/pandeira-de-bouzas-ponferrada-leon\/","title":{"rendered":"Pandera leonesa de Bouzas (Ponferrada, Le\u00f3n)"},"content":{"rendered":"<p>Modelo encontrado por nuestro querido amigo Luis Mondelo. Una pandera de 39 cm de di\u00e1metro, sin anillos derefuerzo en el marco, o sea, que la piel va clavada directamente en \u00e9l con un refuerzo tambi\u00e9n de piel. La puntas de los clavos no van revueltas, sino que asoman por la parte interior del marco. Lleva siete \u00f3rdenes dobles de sonajas sin rizar.<\/p>\n<p>&nbsp;<\/p>\n<p>Aqu\u00ed puedes escuchar los distintos modelos de panderas leonesas que hemos reproducido.<\/p>\n<p>&nbsp;<\/p>\n<div  class='avia-video av-ay7tg-01f3af5498a7e4dc382b22852d5ab361 avia-video-16-9 av-no-preview-image avia-video-load-always av-lazyload-immediate av-lazyload-video-embed'  itemprop=\"video\" itemtype=\"https:\/\/schema.org\/VideoObject\"  data-original_url='https:\/\/www.youtube.com\/watch?v=9M23TbhTs08'><script type='text\/html' class='av-video-tmpl'><a href=\"https:\/\/www.youtube.com\/watch?v=9M23TbhTs08\">https:\/\/www.youtube.com\/watch?v=9M23TbhTs08<\/a><\/script><div class='av-click-to-play-overlay'><div class=\"avia_playpause_icon\"><\/div><\/div><\/div>\n<p>&nbsp;<\/p>","protected":false},"excerpt":{"rendered":"<p>Modelo achado por Lu\u00eds Mondelo. Unha pandeira de 39 cm de di\u00e1metro, sen aneis no marco, ou sexa que a pel vai cravada directamente nel cun reforzo tam\u00e9n de pel. As puntas dos cravos non van revoltas, sen\u00f3n que asoman pola parte interior do marco. Leva sete ordes dobres de ferre\u00f1as sen rizar. &nbsp; Podedes [&hellip;]<\/p>\n","protected":false},"featured_media":1065,"comment_status":"open","ping_status":"closed","template":"","meta":{"give_campaign_id":0,"_joinchat":[]},"product_brand":[],"product_cat":[18,39],"product_tag":[],"class_list":{"0":"post-596","1":"product","2":"type-product","3":"status-publish","4":"has-post-thumbnail","6":"product_cat-instrumentos-musicales","7":"product_cat-pandeiras","9":"first","10":"instock","11":"taxable","12":"shipping-taxable","13":"purchasable","14":"product-type-simple"},"yoast_head":"<!-- This site is optimized with the Yoast SEO plugin v27.2 - https:\/\/yoast.com\/product\/yoast-seo-wordpress\/ -->\n<title>Pandeira leonesa de Bouzas (Ponferrada, Le\u00f3n) - Pablo Carpintero<\/title>\n<meta name=\"robots\" content=\"index, follow, max-snippet:-1, max-image-preview:large, max-video-preview:-1\" \/>\n<link rel=\"canonical\" href=\"https:\/\/pablocarpintero.es\/es\/producto\/pandeira-de-bouzas-ponferrada-leon\/\" \/>\n<meta property=\"og:locale\" content=\"es_ES\" \/>\n<meta property=\"og:type\" content=\"article\" \/>\n<meta property=\"og:title\" content=\"Pandeira leonesa de Bouzas (Ponferrada, Le\u00f3n) - Pablo Carpintero\" \/>\n<meta property=\"og:description\" content=\"Modelo achado por Lu\u00eds Mondelo. Unha pandeira de 39 cm de di\u00e1metro, sen aneis no marco, ou sexa que a pel vai cravada directamente nel cun reforzo tam\u00e9n de pel. As puntas dos cravos non van revoltas, sen\u00f3n que asoman pola parte interior do marco. Leva sete ordes dobres de ferre\u00f1as sen rizar. &nbsp; Podedes [&hellip;]\" \/>\n<meta property=\"og:url\" content=\"https:\/\/pablocarpintero.es\/es\/producto\/pandeira-de-bouzas-ponferrada-leon\/\" \/>\n<meta property=\"og:site_name\" content=\"Pablo Carpintero\" \/>\n<meta property=\"article:modified_time\" content=\"2025-09-05T05:13:52+00:00\" \/>\n<meta property=\"og:image\" content=\"https:\/\/pablocarpintero.es\/wp-content\/uploads\/2021\/10\/Pandera-Leonesa-de-Bouzas-Pablo-carpintero-2.jpg\" \/>\n\t<meta property=\"og:image:width\" content=\"1755\" \/>\n\t<meta property=\"og:image:height\" content=\"1598\" \/>\n\t<meta property=\"og:image:type\" content=\"image\/jpeg\" \/>\n<meta name=\"twitter:card\" content=\"summary_large_image\" \/>\n<meta name=\"twitter:label1\" content=\"Tiempo de lectura\" \/>\n\t<meta name=\"twitter:data1\" content=\"1 minuto\" \/>\n<script type=\"application\/ld+json\" class=\"yoast-schema-graph\">{\"@context\":\"https:\/\/schema.org\",\"@graph\":[{\"@type\":\"WebPage\",\"@id\":\"https:\/\/pablocarpintero.es\/producto\/pandeira-de-bouzas-ponferrada-leon\/\",\"url\":\"https:\/\/pablocarpintero.es\/producto\/pandeira-de-bouzas-ponferrada-leon\/\",\"name\":\"Pandeira leonesa de Bouzas (Ponferrada, Le\u00f3n) - Pablo Carpintero\",\"isPartOf\":{\"@id\":\"https:\/\/pablocarpintero.es\/#website\"},\"primaryImageOfPage\":{\"@id\":\"https:\/\/pablocarpintero.es\/producto\/pandeira-de-bouzas-ponferrada-leon\/#primaryimage\"},\"image\":{\"@id\":\"https:\/\/pablocarpintero.es\/producto\/pandeira-de-bouzas-ponferrada-leon\/#primaryimage\"},\"thumbnailUrl\":\"https:\/\/pablocarpintero.es\/wp-content\/uploads\/2021\/10\/Pandera-Leonesa-de-Bouzas-Pablo-carpintero-2.jpg\",\"datePublished\":\"2021-10-24T22:30:21+00:00\",\"dateModified\":\"2025-09-05T05:13:52+00:00\",\"breadcrumb\":{\"@id\":\"https:\/\/pablocarpintero.es\/producto\/pandeira-de-bouzas-ponferrada-leon\/#breadcrumb\"},\"inLanguage\":\"es\",\"potentialAction\":[{\"@type\":\"ReadAction\",\"target\":[\"https:\/\/pablocarpintero.es\/producto\/pandeira-de-bouzas-ponferrada-leon\/\"]}]},{\"@type\":\"ImageObject\",\"inLanguage\":\"es\",\"@id\":\"https:\/\/pablocarpintero.es\/producto\/pandeira-de-bouzas-ponferrada-leon\/#primaryimage\",\"url\":\"https:\/\/pablocarpintero.es\/wp-content\/uploads\/2021\/10\/Pandera-Leonesa-de-Bouzas-Pablo-carpintero-2.jpg\",\"contentUrl\":\"https:\/\/pablocarpintero.es\/wp-content\/uploads\/2021\/10\/Pandera-Leonesa-de-Bouzas-Pablo-carpintero-2.jpg\",\"width\":1755,\"height\":1598},{\"@type\":\"BreadcrumbList\",\"@id\":\"https:\/\/pablocarpintero.es\/producto\/pandeira-de-bouzas-ponferrada-leon\/#breadcrumb\",\"itemListElement\":[{\"@type\":\"ListItem\",\"position\":1,\"name\":\"Portada\",\"item\":\"https:\/\/pablocarpintero.es\/inicio\/\"},{\"@type\":\"ListItem\",\"position\":2,\"name\":\"Tienda\",\"item\":\"https:\/\/pablocarpintero.es\/tienda\/\"},{\"@type\":\"ListItem\",\"position\":3,\"name\":\"Pandeira leonesa de Bouzas (Ponferrada, Le\u00f3n)\"}]},{\"@type\":\"WebSite\",\"@id\":\"https:\/\/pablocarpintero.es\/#website\",\"url\":\"https:\/\/pablocarpintero.es\/\",\"name\":\"Pablo Carpintero\",\"description\":\"Otro sitio realizado con WordPress\",\"potentialAction\":[{\"@type\":\"SearchAction\",\"target\":{\"@type\":\"EntryPoint\",\"urlTemplate\":\"https:\/\/pablocarpintero.es\/?s={search_term_string}\"},\"query-input\":{\"@type\":\"PropertyValueSpecification\",\"valueRequired\":true,\"valueName\":\"search_term_string\"}}],\"inLanguage\":\"es\"}]}<\/script>\n<!-- \/ Yoast SEO plugin. -->","yoast_head_json":{"title":"Pandeira leonesa de Bouzas (Ponferrada, Le\u00f3n) - Pablo Carpintero","robots":{"index":"index","follow":"follow","max-snippet":"max-snippet:-1","max-image-preview":"max-image-preview:large","max-video-preview":"max-video-preview:-1"},"canonical":"https:\/\/pablocarpintero.es\/es\/producto\/pandeira-de-bouzas-ponferrada-leon\/","og_locale":"es_ES","og_type":"article","og_title":"Pandeira leonesa de Bouzas (Ponferrada, Le\u00f3n) - Pablo Carpintero","og_description":"Modelo achado por Lu\u00eds Mondelo. Unha pandeira de 39 cm de di\u00e1metro, sen aneis no marco, ou sexa que a pel vai cravada directamente nel cun reforzo tam\u00e9n de pel. As puntas dos cravos non van revoltas, sen\u00f3n que asoman pola parte interior do marco. Leva sete ordes dobres de ferre\u00f1as sen rizar. &nbsp; Podedes [&hellip;]","og_url":"https:\/\/pablocarpintero.es\/es\/producto\/pandeira-de-bouzas-ponferrada-leon\/","og_site_name":"Pablo Carpintero","article_modified_time":"2025-09-05T05:13:52+00:00","og_image":[{"width":1755,"height":1598,"url":"https:\/\/pablocarpintero.es\/wp-content\/uploads\/2021\/10\/Pandera-Leonesa-de-Bouzas-Pablo-carpintero-2.jpg","type":"image\/jpeg"}],"twitter_card":"summary_large_image","twitter_misc":{"Tiempo de lectura":"1 minuto"},"schema":{"@context":"https:\/\/schema.org","@graph":[{"@type":"WebPage","@id":"https:\/\/pablocarpintero.es\/producto\/pandeira-de-bouzas-ponferrada-leon\/","url":"https:\/\/pablocarpintero.es\/producto\/pandeira-de-bouzas-ponferrada-leon\/","name":"Pandeira leonesa de Bouzas (Ponferrada, Le\u00f3n) - Pablo Carpintero","isPartOf":{"@id":"https:\/\/pablocarpintero.es\/#website"},"primaryImageOfPage":{"@id":"https:\/\/pablocarpintero.es\/producto\/pandeira-de-bouzas-ponferrada-leon\/#primaryimage"},"image":{"@id":"https:\/\/pablocarpintero.es\/producto\/pandeira-de-bouzas-ponferrada-leon\/#primaryimage"},"thumbnailUrl":"https:\/\/pablocarpintero.es\/wp-content\/uploads\/2021\/10\/Pandera-Leonesa-de-Bouzas-Pablo-carpintero-2.jpg","datePublished":"2021-10-24T22:30:21+00:00","dateModified":"2025-09-05T05:13:52+00:00","breadcrumb":{"@id":"https:\/\/pablocarpintero.es\/producto\/pandeira-de-bouzas-ponferrada-leon\/#breadcrumb"},"inLanguage":"es","potentialAction":[{"@type":"ReadAction","target":["https:\/\/pablocarpintero.es\/producto\/pandeira-de-bouzas-ponferrada-leon\/"]}]},{"@type":"ImageObject","inLanguage":"es","@id":"https:\/\/pablocarpintero.es\/producto\/pandeira-de-bouzas-ponferrada-leon\/#primaryimage","url":"https:\/\/pablocarpintero.es\/wp-content\/uploads\/2021\/10\/Pandera-Leonesa-de-Bouzas-Pablo-carpintero-2.jpg","contentUrl":"https:\/\/pablocarpintero.es\/wp-content\/uploads\/2021\/10\/Pandera-Leonesa-de-Bouzas-Pablo-carpintero-2.jpg","width":1755,"height":1598},{"@type":"BreadcrumbList","@id":"https:\/\/pablocarpintero.es\/producto\/pandeira-de-bouzas-ponferrada-leon\/#breadcrumb","itemListElement":[{"@type":"ListItem","position":1,"name":"Portada","item":"https:\/\/pablocarpintero.es\/inicio\/"},{"@type":"ListItem","position":2,"name":"Tienda","item":"https:\/\/pablocarpintero.es\/tienda\/"},{"@type":"ListItem","position":3,"name":"Pandeira leonesa de Bouzas (Ponferrada, Le\u00f3n)"}]},{"@type":"WebSite","@id":"https:\/\/pablocarpintero.es\/#website","url":"https:\/\/pablocarpintero.es\/","name":"Pablo Carpintero","description":"Otro sitio realizado con WordPress","potentialAction":[{"@type":"SearchAction","target":{"@type":"EntryPoint","urlTemplate":"https:\/\/pablocarpintero.es\/?s={search_term_string}"},"query-input":{"@type":"PropertyValueSpecification","valueRequired":true,"valueName":"search_term_string"}}],"inLanguage":"es"}]}},"_links":{"self":[{"href":"https:\/\/pablocarpintero.es\/es\/wp-json\/wp\/v2\/product\/596","targetHints":{"allow":["GET"]}}],"collection":[{"href":"https:\/\/pablocarpintero.es\/es\/wp-json\/wp\/v2\/product"}],"about":[{"href":"https:\/\/pablocarpintero.es\/es\/wp-json\/wp\/v2\/types\/product"}],"replies":[{"embeddable":true,"href":"https:\/\/pablocarpintero.es\/es\/wp-json\/wp\/v2\/comments?post=596"}],"wp:featuredmedia":[{"embeddable":true,"href":"https:\/\/pablocarpintero.es\/es\/wp-json\/wp\/v2\/media\/1065"}],"wp:attachment":[{"href":"https:\/\/pablocarpintero.es\/es\/wp-json\/wp\/v2\/media?parent=596"}],"wp:term":[{"taxonomy":"product_brand","embeddable":true,"href":"https:\/\/pablocarpintero.es\/es\/wp-json\/wp\/v2\/product_brand?post=596"},{"taxonomy":"product_cat","embeddable":true,"href":"https:\/\/pablocarpintero.es\/es\/wp-json\/wp\/v2\/product_cat?post=596"},{"taxonomy":"product_tag","embeddable":true,"href":"https:\/\/pablocarpintero.es\/es\/wp-json\/wp\/v2\/product_tag?post=596"}],"curies":[{"name":"wp","href":"https:\/\/api.w.org\/{rel}","templated":true}]}}