{"id":604,"date":"2021-10-25T06:53:43","date_gmt":"2021-10-25T06:53:43","guid":{"rendered":"https:\/\/pablocarpintero.es\/?post_type=product&#038;p=604"},"modified":"2026-03-23T15:33:11","modified_gmt":"2026-03-23T15:33:11","slug":"pandeiro-de-maruxa-das-cortellas-2","status":"publish","type":"product","link":"https:\/\/pablocarpintero.es\/es\/producto\/pandeiro-de-maruxa-das-cortellas-2\/","title":{"rendered":"Pandero de Maruxa das Cortellas"},"content":{"rendered":"<p><span data-mce-type=\"bookmark\" style=\"display: inline-block; width: 0px; overflow: hidden; line-height: 0;\" class=\"mce_SELRES_start\"><\/span>Un modelo copiado del que conservaba la m\u00edtica tocadora Mar\u00eda Grande Sobral de Soutomaior (Pontevedra). Se trata de un pandero con el marco bastante grueso y por lo tanto pesado, adecuado para aguantar bien un golpeo fuerte. Lleva dos bordones interiores y tambi\u00e9n una pieza de madera que conecta una piel con la otra evitando su excesiva resonancia.<\/p>","protected":false},"excerpt":{"rendered":"<p>Un modelo copiado do que conservaba a m\u00edtica tocadora Mar\u00eda Grande Sobral de Soutomaior (Pontevedra). Tr\u00e1tase dun pandeiro cadrado co marco bastante groso, e polo tanto pesado, adecuado para aguantar ben un golpeo forte. Leva dous bord\u00f3ns interiores e tam\u00e9n unha peza de madeira que conecta unha pel coa outra evitando a s\u00faa excesiva resonancia.<\/p>","protected":false},"featured_media":1089,"comment_status":"open","ping_status":"closed","template":"","meta":{"give_campaign_id":0,"_joinchat":[]},"product_brand":[],"product_cat":[18,40],"product_tag":[],"class_list":{"0":"post-604","1":"product","2":"type-product","3":"status-publish","4":"has-post-thumbnail","6":"product_cat-instrumentos-musicales","7":"product_cat-pandeiros","9":"first","10":"instock","11":"taxable","12":"shipping-taxable","13":"purchasable","14":"product-type-simple"},"yoast_head":"<!-- This site is optimized with the Yoast SEO plugin v27.2 - https:\/\/yoast.com\/product\/yoast-seo-wordpress\/ -->\n<title>Pandeiro de Maruxa das Cortellas - Pablo Carpintero<\/title>\n<meta name=\"robots\" content=\"index, follow, max-snippet:-1, max-image-preview:large, max-video-preview:-1\" \/>\n<link rel=\"canonical\" href=\"https:\/\/pablocarpintero.es\/es\/producto\/pandeiro-de-maruxa-das-cortellas-2\/\" \/>\n<meta property=\"og:locale\" content=\"es_ES\" \/>\n<meta property=\"og:type\" content=\"article\" \/>\n<meta property=\"og:title\" content=\"Pandeiro de Maruxa das Cortellas - Pablo Carpintero\" \/>\n<meta property=\"og:description\" content=\"\ufeffUn modelo copiado do que conservaba a m\u00edtica tocadora Mar\u00eda Grande Sobral de Soutomaior (Pontevedra). Tr\u00e1tase dun pandeiro cadrado co marco bastante groso, e polo tanto pesado, adecuado para aguantar ben un golpeo forte. Leva dous bord\u00f3ns interiores e tam\u00e9n unha peza de madeira que conecta unha pel coa outra evitando a s\u00faa excesiva resonancia.\" \/>\n<meta property=\"og:url\" content=\"https:\/\/pablocarpintero.es\/es\/producto\/pandeiro-de-maruxa-das-cortellas-2\/\" \/>\n<meta property=\"og:site_name\" content=\"Pablo Carpintero\" \/>\n<meta property=\"article:modified_time\" content=\"2026-03-23T15:33:11+00:00\" \/>\n<meta property=\"og:image\" content=\"https:\/\/pablocarpintero.es\/wp-content\/uploads\/2021\/10\/L_004756.jpg\" \/>\n\t<meta property=\"og:image:width\" content=\"1969\" \/>\n\t<meta property=\"og:image:height\" content=\"1049\" \/>\n\t<meta property=\"og:image:type\" content=\"image\/jpeg\" \/>\n<meta name=\"twitter:card\" content=\"summary_large_image\" \/>\n<meta name=\"twitter:label1\" content=\"Tiempo de lectura\" \/>\n\t<meta name=\"twitter:data1\" content=\"1 minuto\" \/>\n<script type=\"application\/ld+json\" class=\"yoast-schema-graph\">{\"@context\":\"https:\/\/schema.org\",\"@graph\":[{\"@type\":\"WebPage\",\"@id\":\"https:\/\/pablocarpintero.es\/producto\/pandeiro-de-maruxa-das-cortellas-2\/\",\"url\":\"https:\/\/pablocarpintero.es\/producto\/pandeiro-de-maruxa-das-cortellas-2\/\",\"name\":\"Pandeiro de Maruxa das Cortellas - Pablo Carpintero\",\"isPartOf\":{\"@id\":\"https:\/\/pablocarpintero.es\/#website\"},\"primaryImageOfPage\":{\"@id\":\"https:\/\/pablocarpintero.es\/producto\/pandeiro-de-maruxa-das-cortellas-2\/#primaryimage\"},\"image\":{\"@id\":\"https:\/\/pablocarpintero.es\/producto\/pandeiro-de-maruxa-das-cortellas-2\/#primaryimage\"},\"thumbnailUrl\":\"https:\/\/pablocarpintero.es\/wp-content\/uploads\/2021\/10\/L_004756.jpg\",\"datePublished\":\"2021-10-25T06:53:43+00:00\",\"dateModified\":\"2026-03-23T15:33:11+00:00\",\"breadcrumb\":{\"@id\":\"https:\/\/pablocarpintero.es\/producto\/pandeiro-de-maruxa-das-cortellas-2\/#breadcrumb\"},\"inLanguage\":\"es\",\"potentialAction\":[{\"@type\":\"ReadAction\",\"target\":[\"https:\/\/pablocarpintero.es\/producto\/pandeiro-de-maruxa-das-cortellas-2\/\"]}]},{\"@type\":\"ImageObject\",\"inLanguage\":\"es\",\"@id\":\"https:\/\/pablocarpintero.es\/producto\/pandeiro-de-maruxa-das-cortellas-2\/#primaryimage\",\"url\":\"https:\/\/pablocarpintero.es\/wp-content\/uploads\/2021\/10\/L_004756.jpg\",\"contentUrl\":\"https:\/\/pablocarpintero.es\/wp-content\/uploads\/2021\/10\/L_004756.jpg\",\"width\":1969,\"height\":1049},{\"@type\":\"BreadcrumbList\",\"@id\":\"https:\/\/pablocarpintero.es\/producto\/pandeiro-de-maruxa-das-cortellas-2\/#breadcrumb\",\"itemListElement\":[{\"@type\":\"ListItem\",\"position\":1,\"name\":\"Portada\",\"item\":\"https:\/\/pablocarpintero.es\/inicio\/\"},{\"@type\":\"ListItem\",\"position\":2,\"name\":\"Tienda\",\"item\":\"https:\/\/pablocarpintero.es\/tienda\/\"},{\"@type\":\"ListItem\",\"position\":3,\"name\":\"Pandeiro de Maruxa das Cortellas\"}]},{\"@type\":\"WebSite\",\"@id\":\"https:\/\/pablocarpintero.es\/#website\",\"url\":\"https:\/\/pablocarpintero.es\/\",\"name\":\"Pablo Carpintero\",\"description\":\"Otro sitio realizado con WordPress\",\"potentialAction\":[{\"@type\":\"SearchAction\",\"target\":{\"@type\":\"EntryPoint\",\"urlTemplate\":\"https:\/\/pablocarpintero.es\/?s={search_term_string}\"},\"query-input\":{\"@type\":\"PropertyValueSpecification\",\"valueRequired\":true,\"valueName\":\"search_term_string\"}}],\"inLanguage\":\"es\"}]}<\/script>\n<!-- \/ Yoast SEO plugin. -->","yoast_head_json":{"title":"Pandeiro de Maruxa das Cortellas - Pablo Carpintero","robots":{"index":"index","follow":"follow","max-snippet":"max-snippet:-1","max-image-preview":"max-image-preview:large","max-video-preview":"max-video-preview:-1"},"canonical":"https:\/\/pablocarpintero.es\/es\/producto\/pandeiro-de-maruxa-das-cortellas-2\/","og_locale":"es_ES","og_type":"article","og_title":"Pandeiro de Maruxa das Cortellas - Pablo Carpintero","og_description":"\ufeffUn modelo copiado do que conservaba a m\u00edtica tocadora Mar\u00eda Grande Sobral de Soutomaior (Pontevedra). Tr\u00e1tase dun pandeiro cadrado co marco bastante groso, e polo tanto pesado, adecuado para aguantar ben un golpeo forte. Leva dous bord\u00f3ns interiores e tam\u00e9n unha peza de madeira que conecta unha pel coa outra evitando a s\u00faa excesiva resonancia.","og_url":"https:\/\/pablocarpintero.es\/es\/producto\/pandeiro-de-maruxa-das-cortellas-2\/","og_site_name":"Pablo Carpintero","article_modified_time":"2026-03-23T15:33:11+00:00","og_image":[{"width":1969,"height":1049,"url":"https:\/\/pablocarpintero.es\/wp-content\/uploads\/2021\/10\/L_004756.jpg","type":"image\/jpeg"}],"twitter_card":"summary_large_image","twitter_misc":{"Tiempo de lectura":"1 minuto"},"schema":{"@context":"https:\/\/schema.org","@graph":[{"@type":"WebPage","@id":"https:\/\/pablocarpintero.es\/producto\/pandeiro-de-maruxa-das-cortellas-2\/","url":"https:\/\/pablocarpintero.es\/producto\/pandeiro-de-maruxa-das-cortellas-2\/","name":"Pandeiro de Maruxa das Cortellas - Pablo Carpintero","isPartOf":{"@id":"https:\/\/pablocarpintero.es\/#website"},"primaryImageOfPage":{"@id":"https:\/\/pablocarpintero.es\/producto\/pandeiro-de-maruxa-das-cortellas-2\/#primaryimage"},"image":{"@id":"https:\/\/pablocarpintero.es\/producto\/pandeiro-de-maruxa-das-cortellas-2\/#primaryimage"},"thumbnailUrl":"https:\/\/pablocarpintero.es\/wp-content\/uploads\/2021\/10\/L_004756.jpg","datePublished":"2021-10-25T06:53:43+00:00","dateModified":"2026-03-23T15:33:11+00:00","breadcrumb":{"@id":"https:\/\/pablocarpintero.es\/producto\/pandeiro-de-maruxa-das-cortellas-2\/#breadcrumb"},"inLanguage":"es","potentialAction":[{"@type":"ReadAction","target":["https:\/\/pablocarpintero.es\/producto\/pandeiro-de-maruxa-das-cortellas-2\/"]}]},{"@type":"ImageObject","inLanguage":"es","@id":"https:\/\/pablocarpintero.es\/producto\/pandeiro-de-maruxa-das-cortellas-2\/#primaryimage","url":"https:\/\/pablocarpintero.es\/wp-content\/uploads\/2021\/10\/L_004756.jpg","contentUrl":"https:\/\/pablocarpintero.es\/wp-content\/uploads\/2021\/10\/L_004756.jpg","width":1969,"height":1049},{"@type":"BreadcrumbList","@id":"https:\/\/pablocarpintero.es\/producto\/pandeiro-de-maruxa-das-cortellas-2\/#breadcrumb","itemListElement":[{"@type":"ListItem","position":1,"name":"Portada","item":"https:\/\/pablocarpintero.es\/inicio\/"},{"@type":"ListItem","position":2,"name":"Tienda","item":"https:\/\/pablocarpintero.es\/tienda\/"},{"@type":"ListItem","position":3,"name":"Pandeiro de Maruxa das Cortellas"}]},{"@type":"WebSite","@id":"https:\/\/pablocarpintero.es\/#website","url":"https:\/\/pablocarpintero.es\/","name":"Pablo Carpintero","description":"Otro sitio realizado con WordPress","potentialAction":[{"@type":"SearchAction","target":{"@type":"EntryPoint","urlTemplate":"https:\/\/pablocarpintero.es\/?s={search_term_string}"},"query-input":{"@type":"PropertyValueSpecification","valueRequired":true,"valueName":"search_term_string"}}],"inLanguage":"es"}]}},"_links":{"self":[{"href":"https:\/\/pablocarpintero.es\/es\/wp-json\/wp\/v2\/product\/604","targetHints":{"allow":["GET"]}}],"collection":[{"href":"https:\/\/pablocarpintero.es\/es\/wp-json\/wp\/v2\/product"}],"about":[{"href":"https:\/\/pablocarpintero.es\/es\/wp-json\/wp\/v2\/types\/product"}],"replies":[{"embeddable":true,"href":"https:\/\/pablocarpintero.es\/es\/wp-json\/wp\/v2\/comments?post=604"}],"wp:featuredmedia":[{"embeddable":true,"href":"https:\/\/pablocarpintero.es\/es\/wp-json\/wp\/v2\/media\/1089"}],"wp:attachment":[{"href":"https:\/\/pablocarpintero.es\/es\/wp-json\/wp\/v2\/media?parent=604"}],"wp:term":[{"taxonomy":"product_brand","embeddable":true,"href":"https:\/\/pablocarpintero.es\/es\/wp-json\/wp\/v2\/product_brand?post=604"},{"taxonomy":"product_cat","embeddable":true,"href":"https:\/\/pablocarpintero.es\/es\/wp-json\/wp\/v2\/product_cat?post=604"},{"taxonomy":"product_tag","embeddable":true,"href":"https:\/\/pablocarpintero.es\/es\/wp-json\/wp\/v2\/product_tag?post=604"}],"curies":[{"name":"wp","href":"https:\/\/api.w.org\/{rel}","templated":true}]}}