{"id":605,"date":"2021-10-25T06:53:58","date_gmt":"2021-10-25T06:53:58","guid":{"rendered":"https:\/\/pablocarpintero.es\/?post_type=product&#038;p=605"},"modified":"2026-03-19T12:49:32","modified_gmt":"2026-03-19T12:49:32","slug":"pandeiro-de-tameiron-a-gudina-ourense","status":"publish","type":"product","link":"https:\/\/pablocarpintero.es\/es\/producto\/pandeiro-de-tameiron-a-gudina-ourense\/","title":{"rendered":"Pandero de Tameir\u00f3n (A Gudi\u00f1a, Ourense)"},"content":{"rendered":"<p>Este instrumento perteneci\u00f3 a Nieves de Tameir\u00f3n, en A Gudi\u00f1a. Es un peque\u00f1o pandero cuadrado, ya que el marco mide solo 27 cm de cada lado, pero es bastante ancho (5,5 cm). Es un instrumento bastante ligero. Lleva dentro ocho bordones interiores hechos de hilo de lino, un cascabel grande y produce un sonido bastante resonante. Es totalmente similar al <a href=\"https:\/\/pablocarpintero.es\/es\/producto\/pandeiro-do-cadavo-a-mezquita-ourense\/\">pandeiro achado no C\u00e1davo (A Mezquita)<\/a>, excepto por su menor tama\u00f1o.<\/p>\n<p>A pesar de su menor tama\u00f1o, los panderos de esta zona del sur de Galicia tienen evidentes concomitancias con los <a href=\"https:\/\/pablocarpintero.es\/es\/producto\/adufe-da-beira-baixa\/\">adufes portugueses da Beira Baixa<\/a>.<\/p>","protected":false},"excerpt":{"rendered":"<p>Este instrumento pertenc\u00eda a Nieves de Tameir\u00f3n, na Gudi\u00f1a. Tr\u00e1tase dun pandeiro cadrado de tama\u00f1o pequeno, pois o marco ten s\u00f3 27 cm de lado, pero \u00e9 bastante ancho (5.5 cm). \u00c9 un instrumento bastante lixeiro, leva oito bord\u00f3ns interiores feitos de f\u00edo de li\u00f1o, un grande ax\u00f3uxer e produce un son bastante resoante. \u00c9 [&hellip;]<\/p>\n","protected":false},"featured_media":1076,"comment_status":"open","ping_status":"closed","template":"","meta":{"give_campaign_id":0,"_joinchat":[]},"product_brand":[],"product_cat":[18,40],"product_tag":[],"class_list":{"0":"post-605","1":"product","2":"type-product","3":"status-publish","4":"has-post-thumbnail","6":"product_cat-instrumentos-musicales","7":"product_cat-pandeiros","9":"first","10":"instock","11":"taxable","12":"shipping-taxable","13":"purchasable","14":"product-type-simple"},"yoast_head":"<!-- This site is optimized with the Yoast SEO plugin v27.2 - https:\/\/yoast.com\/product\/yoast-seo-wordpress\/ -->\n<title>Pandeiro de Tameir\u00f3n (A Gudi\u00f1a, Ourense) - Pablo Carpintero<\/title>\n<meta name=\"robots\" content=\"index, follow, max-snippet:-1, max-image-preview:large, max-video-preview:-1\" \/>\n<link rel=\"canonical\" href=\"https:\/\/pablocarpintero.es\/es\/producto\/pandeiro-de-tameiron-a-gudina-ourense\/\" \/>\n<meta property=\"og:locale\" content=\"es_ES\" \/>\n<meta property=\"og:type\" content=\"article\" \/>\n<meta property=\"og:title\" content=\"Pandeiro de Tameir\u00f3n (A Gudi\u00f1a, Ourense) - Pablo Carpintero\" \/>\n<meta property=\"og:description\" content=\"Este instrumento pertenc\u00eda a Nieves de Tameir\u00f3n, na Gudi\u00f1a. Tr\u00e1tase dun pandeiro cadrado de tama\u00f1o pequeno, pois o marco ten s\u00f3 27 cm de lado, pero \u00e9 bastante ancho (5.5 cm). \u00c9 un instrumento bastante lixeiro, leva oito bord\u00f3ns interiores feitos de f\u00edo de li\u00f1o, un grande ax\u00f3uxer e produce un son bastante resoante. \u00c9 [&hellip;]\" \/>\n<meta property=\"og:url\" content=\"https:\/\/pablocarpintero.es\/es\/producto\/pandeiro-de-tameiron-a-gudina-ourense\/\" \/>\n<meta property=\"og:site_name\" content=\"Pablo Carpintero\" \/>\n<meta property=\"article:modified_time\" content=\"2026-03-19T12:49:32+00:00\" \/>\n<meta property=\"og:image\" content=\"https:\/\/pablocarpintero.es\/wp-content\/uploads\/2021\/10\/Pandeiro-Pandero-Pablo-Carpintero-3.jpg\" \/>\n\t<meta property=\"og:image:width\" content=\"2144\" \/>\n\t<meta property=\"og:image:height\" content=\"1424\" \/>\n\t<meta property=\"og:image:type\" content=\"image\/jpeg\" \/>\n<meta name=\"twitter:card\" content=\"summary_large_image\" \/>\n<meta name=\"twitter:label1\" content=\"Tiempo de lectura\" \/>\n\t<meta name=\"twitter:data1\" content=\"1 minuto\" \/>\n<script type=\"application\/ld+json\" class=\"yoast-schema-graph\">{\"@context\":\"https:\/\/schema.org\",\"@graph\":[{\"@type\":\"WebPage\",\"@id\":\"https:\/\/pablocarpintero.es\/producto\/pandeiro-de-tameiron-a-gudina-ourense\/\",\"url\":\"https:\/\/pablocarpintero.es\/producto\/pandeiro-de-tameiron-a-gudina-ourense\/\",\"name\":\"Pandeiro de Tameir\u00f3n (A Gudi\u00f1a, Ourense) - Pablo Carpintero\",\"isPartOf\":{\"@id\":\"https:\/\/pablocarpintero.es\/#website\"},\"primaryImageOfPage\":{\"@id\":\"https:\/\/pablocarpintero.es\/producto\/pandeiro-de-tameiron-a-gudina-ourense\/#primaryimage\"},\"image\":{\"@id\":\"https:\/\/pablocarpintero.es\/producto\/pandeiro-de-tameiron-a-gudina-ourense\/#primaryimage\"},\"thumbnailUrl\":\"https:\/\/pablocarpintero.es\/wp-content\/uploads\/2021\/10\/Pandeiro-Pandero-Pablo-Carpintero-3.jpg\",\"datePublished\":\"2021-10-25T06:53:58+00:00\",\"dateModified\":\"2026-03-19T12:49:32+00:00\",\"breadcrumb\":{\"@id\":\"https:\/\/pablocarpintero.es\/producto\/pandeiro-de-tameiron-a-gudina-ourense\/#breadcrumb\"},\"inLanguage\":\"es\",\"potentialAction\":[{\"@type\":\"ReadAction\",\"target\":[\"https:\/\/pablocarpintero.es\/producto\/pandeiro-de-tameiron-a-gudina-ourense\/\"]}]},{\"@type\":\"ImageObject\",\"inLanguage\":\"es\",\"@id\":\"https:\/\/pablocarpintero.es\/producto\/pandeiro-de-tameiron-a-gudina-ourense\/#primaryimage\",\"url\":\"https:\/\/pablocarpintero.es\/wp-content\/uploads\/2021\/10\/Pandeiro-Pandero-Pablo-Carpintero-3.jpg\",\"contentUrl\":\"https:\/\/pablocarpintero.es\/wp-content\/uploads\/2021\/10\/Pandeiro-Pandero-Pablo-Carpintero-3.jpg\",\"width\":2144,\"height\":1424},{\"@type\":\"BreadcrumbList\",\"@id\":\"https:\/\/pablocarpintero.es\/producto\/pandeiro-de-tameiron-a-gudina-ourense\/#breadcrumb\",\"itemListElement\":[{\"@type\":\"ListItem\",\"position\":1,\"name\":\"Portada\",\"item\":\"https:\/\/pablocarpintero.es\/inicio\/\"},{\"@type\":\"ListItem\",\"position\":2,\"name\":\"Tienda\",\"item\":\"https:\/\/pablocarpintero.es\/tienda\/\"},{\"@type\":\"ListItem\",\"position\":3,\"name\":\"Pandeiro de Tameir\u00f3n (A Gudi\u00f1a, Ourense)\"}]},{\"@type\":\"WebSite\",\"@id\":\"https:\/\/pablocarpintero.es\/#website\",\"url\":\"https:\/\/pablocarpintero.es\/\",\"name\":\"Pablo Carpintero\",\"description\":\"Otro sitio realizado con WordPress\",\"potentialAction\":[{\"@type\":\"SearchAction\",\"target\":{\"@type\":\"EntryPoint\",\"urlTemplate\":\"https:\/\/pablocarpintero.es\/?s={search_term_string}\"},\"query-input\":{\"@type\":\"PropertyValueSpecification\",\"valueRequired\":true,\"valueName\":\"search_term_string\"}}],\"inLanguage\":\"es\"}]}<\/script>\n<!-- \/ Yoast SEO plugin. -->","yoast_head_json":{"title":"Pandeiro de Tameir\u00f3n (A Gudi\u00f1a, Ourense) - Pablo Carpintero","robots":{"index":"index","follow":"follow","max-snippet":"max-snippet:-1","max-image-preview":"max-image-preview:large","max-video-preview":"max-video-preview:-1"},"canonical":"https:\/\/pablocarpintero.es\/es\/producto\/pandeiro-de-tameiron-a-gudina-ourense\/","og_locale":"es_ES","og_type":"article","og_title":"Pandeiro de Tameir\u00f3n (A Gudi\u00f1a, Ourense) - Pablo Carpintero","og_description":"Este instrumento pertenc\u00eda a Nieves de Tameir\u00f3n, na Gudi\u00f1a. Tr\u00e1tase dun pandeiro cadrado de tama\u00f1o pequeno, pois o marco ten s\u00f3 27 cm de lado, pero \u00e9 bastante ancho (5.5 cm). \u00c9 un instrumento bastante lixeiro, leva oito bord\u00f3ns interiores feitos de f\u00edo de li\u00f1o, un grande ax\u00f3uxer e produce un son bastante resoante. \u00c9 [&hellip;]","og_url":"https:\/\/pablocarpintero.es\/es\/producto\/pandeiro-de-tameiron-a-gudina-ourense\/","og_site_name":"Pablo Carpintero","article_modified_time":"2026-03-19T12:49:32+00:00","og_image":[{"width":2144,"height":1424,"url":"https:\/\/pablocarpintero.es\/wp-content\/uploads\/2021\/10\/Pandeiro-Pandero-Pablo-Carpintero-3.jpg","type":"image\/jpeg"}],"twitter_card":"summary_large_image","twitter_misc":{"Tiempo de lectura":"1 minuto"},"schema":{"@context":"https:\/\/schema.org","@graph":[{"@type":"WebPage","@id":"https:\/\/pablocarpintero.es\/producto\/pandeiro-de-tameiron-a-gudina-ourense\/","url":"https:\/\/pablocarpintero.es\/producto\/pandeiro-de-tameiron-a-gudina-ourense\/","name":"Pandeiro de Tameir\u00f3n (A Gudi\u00f1a, Ourense) - Pablo Carpintero","isPartOf":{"@id":"https:\/\/pablocarpintero.es\/#website"},"primaryImageOfPage":{"@id":"https:\/\/pablocarpintero.es\/producto\/pandeiro-de-tameiron-a-gudina-ourense\/#primaryimage"},"image":{"@id":"https:\/\/pablocarpintero.es\/producto\/pandeiro-de-tameiron-a-gudina-ourense\/#primaryimage"},"thumbnailUrl":"https:\/\/pablocarpintero.es\/wp-content\/uploads\/2021\/10\/Pandeiro-Pandero-Pablo-Carpintero-3.jpg","datePublished":"2021-10-25T06:53:58+00:00","dateModified":"2026-03-19T12:49:32+00:00","breadcrumb":{"@id":"https:\/\/pablocarpintero.es\/producto\/pandeiro-de-tameiron-a-gudina-ourense\/#breadcrumb"},"inLanguage":"es","potentialAction":[{"@type":"ReadAction","target":["https:\/\/pablocarpintero.es\/producto\/pandeiro-de-tameiron-a-gudina-ourense\/"]}]},{"@type":"ImageObject","inLanguage":"es","@id":"https:\/\/pablocarpintero.es\/producto\/pandeiro-de-tameiron-a-gudina-ourense\/#primaryimage","url":"https:\/\/pablocarpintero.es\/wp-content\/uploads\/2021\/10\/Pandeiro-Pandero-Pablo-Carpintero-3.jpg","contentUrl":"https:\/\/pablocarpintero.es\/wp-content\/uploads\/2021\/10\/Pandeiro-Pandero-Pablo-Carpintero-3.jpg","width":2144,"height":1424},{"@type":"BreadcrumbList","@id":"https:\/\/pablocarpintero.es\/producto\/pandeiro-de-tameiron-a-gudina-ourense\/#breadcrumb","itemListElement":[{"@type":"ListItem","position":1,"name":"Portada","item":"https:\/\/pablocarpintero.es\/inicio\/"},{"@type":"ListItem","position":2,"name":"Tienda","item":"https:\/\/pablocarpintero.es\/tienda\/"},{"@type":"ListItem","position":3,"name":"Pandeiro de Tameir\u00f3n (A Gudi\u00f1a, Ourense)"}]},{"@type":"WebSite","@id":"https:\/\/pablocarpintero.es\/#website","url":"https:\/\/pablocarpintero.es\/","name":"Pablo Carpintero","description":"Otro sitio realizado con WordPress","potentialAction":[{"@type":"SearchAction","target":{"@type":"EntryPoint","urlTemplate":"https:\/\/pablocarpintero.es\/?s={search_term_string}"},"query-input":{"@type":"PropertyValueSpecification","valueRequired":true,"valueName":"search_term_string"}}],"inLanguage":"es"}]}},"_links":{"self":[{"href":"https:\/\/pablocarpintero.es\/es\/wp-json\/wp\/v2\/product\/605","targetHints":{"allow":["GET"]}}],"collection":[{"href":"https:\/\/pablocarpintero.es\/es\/wp-json\/wp\/v2\/product"}],"about":[{"href":"https:\/\/pablocarpintero.es\/es\/wp-json\/wp\/v2\/types\/product"}],"replies":[{"embeddable":true,"href":"https:\/\/pablocarpintero.es\/es\/wp-json\/wp\/v2\/comments?post=605"}],"wp:featuredmedia":[{"embeddable":true,"href":"https:\/\/pablocarpintero.es\/es\/wp-json\/wp\/v2\/media\/1076"}],"wp:attachment":[{"href":"https:\/\/pablocarpintero.es\/es\/wp-json\/wp\/v2\/media?parent=605"}],"wp:term":[{"taxonomy":"product_brand","embeddable":true,"href":"https:\/\/pablocarpintero.es\/es\/wp-json\/wp\/v2\/product_brand?post=605"},{"taxonomy":"product_cat","embeddable":true,"href":"https:\/\/pablocarpintero.es\/es\/wp-json\/wp\/v2\/product_cat?post=605"},{"taxonomy":"product_tag","embeddable":true,"href":"https:\/\/pablocarpintero.es\/es\/wp-json\/wp\/v2\/product_tag?post=605"}],"curies":[{"name":"wp","href":"https:\/\/api.w.org\/{rel}","templated":true}]}}