{"id":608,"date":"2021-10-25T06:56:31","date_gmt":"2021-10-25T06:56:31","guid":{"rendered":"https:\/\/pablocarpintero.es\/?post_type=product&#038;p=608"},"modified":"2026-04-26T08:12:59","modified_gmt":"2026-04-26T08:12:59","slug":"adufe-da-beira-baixa","status":"publish","type":"product","link":"https:\/\/pablocarpintero.es\/es\/producto\/adufe-da-beira-baixa\/","title":{"rendered":"Adufe de A Beira Baixa (Portugal)"},"content":{"rendered":"<p>Los adufes de esta zona de Portugal son instrumentos bastante grandes. Siguiendo las informaciones de Ernesto Veiga de Oliveira, fabricamos un modelo con 40 cm de lado, con bordones interiores y alambres cruzados de los que cuelgan peque\u00f1as sonajas de metal.<\/p>","protected":false},"excerpt":{"rendered":"<p>Los adufes de esta zona de Portugal son instrumentos bastante grandes. Siguiendo las informaciones de Ernesto Veiga de Oliveira, fabricamos un modelo con 40 cm de lado, con bordones interiores y alambres cruzados de los que cuelgan peque\u00f1as sonajas de metal.<\/p>","protected":false},"featured_media":1075,"comment_status":"open","ping_status":"closed","template":"","meta":{"give_campaign_id":0,"_joinchat":[]},"product_brand":[],"product_cat":[18,40],"product_tag":[],"class_list":{"0":"post-608","1":"product","2":"type-product","3":"status-publish","4":"has-post-thumbnail","6":"product_cat-instrumentos-musicales","7":"product_cat-pandeiros","9":"first","10":"instock","11":"taxable","12":"shipping-taxable","13":"purchasable","14":"product-type-simple"},"yoast_head":"<!-- This site is optimized with the Yoast SEO plugin v27.2 - https:\/\/yoast.com\/product\/yoast-seo-wordpress\/ -->\n<title>Adufe da Beira Baixa - Pablo Carpintero<\/title>\n<meta name=\"robots\" content=\"index, follow, max-snippet:-1, max-image-preview:large, max-video-preview:-1\" \/>\n<link rel=\"canonical\" href=\"https:\/\/pablocarpintero.es\/es\/producto\/adufe-da-beira-baixa\/\" \/>\n<meta property=\"og:locale\" content=\"es_ES\" \/>\n<meta property=\"og:type\" content=\"article\" \/>\n<meta property=\"og:title\" content=\"Adufe da Beira Baixa - Pablo Carpintero\" \/>\n<meta property=\"og:description\" content=\"Os adufes desta zona de Portugal son instrumentos bastante grandes. Seguindo as informaci\u00f3ns de Ernesto Veiga de Oliveira, fabricamos un modelo de adufe de 40 cm de lado, con bord\u00f3ns interiores e arames cruzados dos que penduran pequenas ferre\u00f1as de metal.\" \/>\n<meta property=\"og:url\" content=\"https:\/\/pablocarpintero.es\/es\/producto\/adufe-da-beira-baixa\/\" \/>\n<meta property=\"og:site_name\" content=\"Pablo Carpintero\" \/>\n<meta property=\"article:modified_time\" content=\"2026-04-26T08:12:59+00:00\" \/>\n<meta property=\"og:image\" content=\"https:\/\/pablocarpintero.es\/wp-content\/uploads\/2021\/10\/Pandeiro-Pandero-Pablo-Carpintero.jpg\" \/>\n\t<meta property=\"og:image:width\" content=\"1590\" \/>\n\t<meta property=\"og:image:height\" content=\"1672\" \/>\n\t<meta property=\"og:image:type\" content=\"image\/jpeg\" \/>\n<meta name=\"twitter:card\" content=\"summary_large_image\" \/>\n<meta name=\"twitter:label1\" content=\"Tiempo de lectura\" \/>\n\t<meta name=\"twitter:data1\" content=\"1 minuto\" \/>\n<script type=\"application\/ld+json\" class=\"yoast-schema-graph\">{\"@context\":\"https:\/\/schema.org\",\"@graph\":[{\"@type\":\"WebPage\",\"@id\":\"https:\/\/pablocarpintero.es\/producto\/adufe-da-beira-baixa\/\",\"url\":\"https:\/\/pablocarpintero.es\/producto\/adufe-da-beira-baixa\/\",\"name\":\"Adufe da Beira Baixa - Pablo Carpintero\",\"isPartOf\":{\"@id\":\"https:\/\/pablocarpintero.es\/#website\"},\"primaryImageOfPage\":{\"@id\":\"https:\/\/pablocarpintero.es\/producto\/adufe-da-beira-baixa\/#primaryimage\"},\"image\":{\"@id\":\"https:\/\/pablocarpintero.es\/producto\/adufe-da-beira-baixa\/#primaryimage\"},\"thumbnailUrl\":\"https:\/\/pablocarpintero.es\/wp-content\/uploads\/2021\/10\/Pandeiro-Pandero-Pablo-Carpintero.jpg\",\"datePublished\":\"2021-10-25T06:56:31+00:00\",\"dateModified\":\"2026-04-26T08:12:59+00:00\",\"breadcrumb\":{\"@id\":\"https:\/\/pablocarpintero.es\/producto\/adufe-da-beira-baixa\/#breadcrumb\"},\"inLanguage\":\"es\",\"potentialAction\":[{\"@type\":\"ReadAction\",\"target\":[\"https:\/\/pablocarpintero.es\/producto\/adufe-da-beira-baixa\/\"]}]},{\"@type\":\"ImageObject\",\"inLanguage\":\"es\",\"@id\":\"https:\/\/pablocarpintero.es\/producto\/adufe-da-beira-baixa\/#primaryimage\",\"url\":\"https:\/\/pablocarpintero.es\/wp-content\/uploads\/2021\/10\/Pandeiro-Pandero-Pablo-Carpintero.jpg\",\"contentUrl\":\"https:\/\/pablocarpintero.es\/wp-content\/uploads\/2021\/10\/Pandeiro-Pandero-Pablo-Carpintero.jpg\",\"width\":1590,\"height\":1672},{\"@type\":\"BreadcrumbList\",\"@id\":\"https:\/\/pablocarpintero.es\/producto\/adufe-da-beira-baixa\/#breadcrumb\",\"itemListElement\":[{\"@type\":\"ListItem\",\"position\":1,\"name\":\"Portada\",\"item\":\"https:\/\/pablocarpintero.es\/inicio\/\"},{\"@type\":\"ListItem\",\"position\":2,\"name\":\"Tienda\",\"item\":\"https:\/\/pablocarpintero.es\/tienda\/\"},{\"@type\":\"ListItem\",\"position\":3,\"name\":\"Adufe da Beira Baixa\"}]},{\"@type\":\"WebSite\",\"@id\":\"https:\/\/pablocarpintero.es\/#website\",\"url\":\"https:\/\/pablocarpintero.es\/\",\"name\":\"Pablo Carpintero\",\"description\":\"Otro sitio realizado con WordPress\",\"potentialAction\":[{\"@type\":\"SearchAction\",\"target\":{\"@type\":\"EntryPoint\",\"urlTemplate\":\"https:\/\/pablocarpintero.es\/?s={search_term_string}\"},\"query-input\":{\"@type\":\"PropertyValueSpecification\",\"valueRequired\":true,\"valueName\":\"search_term_string\"}}],\"inLanguage\":\"es\"}]}<\/script>\n<!-- \/ Yoast SEO plugin. -->","yoast_head_json":{"title":"Adufe da Beira Baixa - Pablo Carpintero","robots":{"index":"index","follow":"follow","max-snippet":"max-snippet:-1","max-image-preview":"max-image-preview:large","max-video-preview":"max-video-preview:-1"},"canonical":"https:\/\/pablocarpintero.es\/es\/producto\/adufe-da-beira-baixa\/","og_locale":"es_ES","og_type":"article","og_title":"Adufe da Beira Baixa - Pablo Carpintero","og_description":"Os adufes desta zona de Portugal son instrumentos bastante grandes. Seguindo as informaci\u00f3ns de Ernesto Veiga de Oliveira, fabricamos un modelo de adufe de 40 cm de lado, con bord\u00f3ns interiores e arames cruzados dos que penduran pequenas ferre\u00f1as de metal.","og_url":"https:\/\/pablocarpintero.es\/es\/producto\/adufe-da-beira-baixa\/","og_site_name":"Pablo Carpintero","article_modified_time":"2026-04-26T08:12:59+00:00","og_image":[{"width":1590,"height":1672,"url":"https:\/\/pablocarpintero.es\/wp-content\/uploads\/2021\/10\/Pandeiro-Pandero-Pablo-Carpintero.jpg","type":"image\/jpeg"}],"twitter_card":"summary_large_image","twitter_misc":{"Tiempo de lectura":"1 minuto"},"schema":{"@context":"https:\/\/schema.org","@graph":[{"@type":"WebPage","@id":"https:\/\/pablocarpintero.es\/producto\/adufe-da-beira-baixa\/","url":"https:\/\/pablocarpintero.es\/producto\/adufe-da-beira-baixa\/","name":"Adufe da Beira Baixa - Pablo Carpintero","isPartOf":{"@id":"https:\/\/pablocarpintero.es\/#website"},"primaryImageOfPage":{"@id":"https:\/\/pablocarpintero.es\/producto\/adufe-da-beira-baixa\/#primaryimage"},"image":{"@id":"https:\/\/pablocarpintero.es\/producto\/adufe-da-beira-baixa\/#primaryimage"},"thumbnailUrl":"https:\/\/pablocarpintero.es\/wp-content\/uploads\/2021\/10\/Pandeiro-Pandero-Pablo-Carpintero.jpg","datePublished":"2021-10-25T06:56:31+00:00","dateModified":"2026-04-26T08:12:59+00:00","breadcrumb":{"@id":"https:\/\/pablocarpintero.es\/producto\/adufe-da-beira-baixa\/#breadcrumb"},"inLanguage":"es","potentialAction":[{"@type":"ReadAction","target":["https:\/\/pablocarpintero.es\/producto\/adufe-da-beira-baixa\/"]}]},{"@type":"ImageObject","inLanguage":"es","@id":"https:\/\/pablocarpintero.es\/producto\/adufe-da-beira-baixa\/#primaryimage","url":"https:\/\/pablocarpintero.es\/wp-content\/uploads\/2021\/10\/Pandeiro-Pandero-Pablo-Carpintero.jpg","contentUrl":"https:\/\/pablocarpintero.es\/wp-content\/uploads\/2021\/10\/Pandeiro-Pandero-Pablo-Carpintero.jpg","width":1590,"height":1672},{"@type":"BreadcrumbList","@id":"https:\/\/pablocarpintero.es\/producto\/adufe-da-beira-baixa\/#breadcrumb","itemListElement":[{"@type":"ListItem","position":1,"name":"Portada","item":"https:\/\/pablocarpintero.es\/inicio\/"},{"@type":"ListItem","position":2,"name":"Tienda","item":"https:\/\/pablocarpintero.es\/tienda\/"},{"@type":"ListItem","position":3,"name":"Adufe da Beira Baixa"}]},{"@type":"WebSite","@id":"https:\/\/pablocarpintero.es\/#website","url":"https:\/\/pablocarpintero.es\/","name":"Pablo Carpintero","description":"Otro sitio realizado con WordPress","potentialAction":[{"@type":"SearchAction","target":{"@type":"EntryPoint","urlTemplate":"https:\/\/pablocarpintero.es\/?s={search_term_string}"},"query-input":{"@type":"PropertyValueSpecification","valueRequired":true,"valueName":"search_term_string"}}],"inLanguage":"es"}]}},"_links":{"self":[{"href":"https:\/\/pablocarpintero.es\/es\/wp-json\/wp\/v2\/product\/608","targetHints":{"allow":["GET"]}}],"collection":[{"href":"https:\/\/pablocarpintero.es\/es\/wp-json\/wp\/v2\/product"}],"about":[{"href":"https:\/\/pablocarpintero.es\/es\/wp-json\/wp\/v2\/types\/product"}],"replies":[{"embeddable":true,"href":"https:\/\/pablocarpintero.es\/es\/wp-json\/wp\/v2\/comments?post=608"}],"wp:featuredmedia":[{"embeddable":true,"href":"https:\/\/pablocarpintero.es\/es\/wp-json\/wp\/v2\/media\/1075"}],"wp:attachment":[{"href":"https:\/\/pablocarpintero.es\/es\/wp-json\/wp\/v2\/media?parent=608"}],"wp:term":[{"taxonomy":"product_brand","embeddable":true,"href":"https:\/\/pablocarpintero.es\/es\/wp-json\/wp\/v2\/product_brand?post=608"},{"taxonomy":"product_cat","embeddable":true,"href":"https:\/\/pablocarpintero.es\/es\/wp-json\/wp\/v2\/product_cat?post=608"},{"taxonomy":"product_tag","embeddable":true,"href":"https:\/\/pablocarpintero.es\/es\/wp-json\/wp\/v2\/product_tag?post=608"}],"curies":[{"name":"wp","href":"https:\/\/api.w.org\/{rel}","templated":true}]}}