{"id":609,"date":"2021-10-25T06:57:09","date_gmt":"2021-10-25T06:57:09","guid":{"rendered":"https:\/\/pablocarpintero.es\/?post_type=product&#038;p=609"},"modified":"2026-03-23T15:34:03","modified_gmt":"2026-03-23T15:34:03","slug":"pandeiro-redondo","status":"publish","type":"product","link":"https:\/\/pablocarpintero.es\/es\/producto\/pandeiro-redondo\/","title":{"rendered":"Pandero redondo"},"content":{"rendered":"<p>En las iconograf\u00edas medievales hallamos con mucha frecuencia panderos redondos sin sonajas en el marco, tocados directamente con la mano o empleando una baqueta. Un instrumento musical del que tenemos algunas referencias en nuestra tradici\u00f3n. Pueden fabricarse con o sin policrom\u00eda, se indica el precio sin policromar y sin la maza de boj (30\u20ac).<\/p>","protected":false},"excerpt":{"rendered":"<p>En las iconograf\u00edas medievales hallamos con mucha frecuencia panderos redondos sin sonajas en el marco, tocados directamente con la mano o empleando una baqueta. Un instrumento musical del que tenemos algunas referencias en nuestra tradici\u00f3n. Pueden fabricarse con o sin policrom\u00eda, se indica el precio sin policromar y sin la maza de boj (30\u20ac).<\/p>","protected":false},"featured_media":1091,"comment_status":"open","ping_status":"closed","template":"","meta":{"give_campaign_id":0,"_joinchat":[]},"product_brand":[],"product_cat":[18,40],"product_tag":[],"class_list":{"0":"post-609","1":"product","2":"type-product","3":"status-publish","4":"has-post-thumbnail","6":"product_cat-instrumentos-musicales","7":"product_cat-pandeiros","9":"first","10":"instock","11":"taxable","12":"shipping-taxable","13":"purchasable","14":"product-type-simple"},"yoast_head":"<!-- This site is optimized with the Yoast SEO plugin v27.2 - https:\/\/yoast.com\/product\/yoast-seo-wordpress\/ -->\n<title>Pandeiro redondo - Pablo Carpintero<\/title>\n<meta name=\"robots\" content=\"index, follow, max-snippet:-1, max-image-preview:large, max-video-preview:-1\" \/>\n<link rel=\"canonical\" href=\"https:\/\/pablocarpintero.es\/es\/producto\/pandeiro-redondo\/\" \/>\n<meta property=\"og:locale\" content=\"es_ES\" \/>\n<meta property=\"og:type\" content=\"article\" \/>\n<meta property=\"og:title\" content=\"Pandeiro redondo - Pablo Carpintero\" \/>\n<meta property=\"og:description\" content=\"Nas iconograf\u00edas medievais achamos con moita frecuencia pandeiros redondos sen ferre\u00f1as no marco, tocados directamente coa man ou empregando unha baqueta, un instrumento musical do que temos algunhas referencias na nosa tradici\u00f3n. Poden fabricarse con ou sen policrom\u00eda, ind\u00edcase o prezo sen policrom\u00eda nen maza de buxo (30\u20ac).\" \/>\n<meta property=\"og:url\" content=\"https:\/\/pablocarpintero.es\/es\/producto\/pandeiro-redondo\/\" \/>\n<meta property=\"og:site_name\" content=\"Pablo Carpintero\" \/>\n<meta property=\"article:modified_time\" content=\"2026-03-23T15:34:03+00:00\" \/>\n<meta property=\"og:image\" content=\"https:\/\/pablocarpintero.es\/wp-content\/uploads\/2021\/10\/Pandeiro-Pandero-Pablo-Carpintero-1-1.jpg\" \/>\n\t<meta property=\"og:image:width\" content=\"2004\" \/>\n\t<meta property=\"og:image:height\" content=\"1593\" \/>\n\t<meta property=\"og:image:type\" content=\"image\/jpeg\" \/>\n<meta name=\"twitter:card\" content=\"summary_large_image\" \/>\n<meta name=\"twitter:label1\" content=\"Tiempo de lectura\" \/>\n\t<meta name=\"twitter:data1\" content=\"1 minuto\" \/>\n<script type=\"application\/ld+json\" class=\"yoast-schema-graph\">{\"@context\":\"https:\/\/schema.org\",\"@graph\":[{\"@type\":\"WebPage\",\"@id\":\"https:\/\/pablocarpintero.es\/producto\/pandeiro-redondo\/\",\"url\":\"https:\/\/pablocarpintero.es\/producto\/pandeiro-redondo\/\",\"name\":\"Pandeiro redondo - Pablo Carpintero\",\"isPartOf\":{\"@id\":\"https:\/\/pablocarpintero.es\/#website\"},\"primaryImageOfPage\":{\"@id\":\"https:\/\/pablocarpintero.es\/producto\/pandeiro-redondo\/#primaryimage\"},\"image\":{\"@id\":\"https:\/\/pablocarpintero.es\/producto\/pandeiro-redondo\/#primaryimage\"},\"thumbnailUrl\":\"https:\/\/pablocarpintero.es\/wp-content\/uploads\/2021\/10\/Pandeiro-Pandero-Pablo-Carpintero-1-1.jpg\",\"datePublished\":\"2021-10-25T06:57:09+00:00\",\"dateModified\":\"2026-03-23T15:34:03+00:00\",\"breadcrumb\":{\"@id\":\"https:\/\/pablocarpintero.es\/producto\/pandeiro-redondo\/#breadcrumb\"},\"inLanguage\":\"es\",\"potentialAction\":[{\"@type\":\"ReadAction\",\"target\":[\"https:\/\/pablocarpintero.es\/producto\/pandeiro-redondo\/\"]}]},{\"@type\":\"ImageObject\",\"inLanguage\":\"es\",\"@id\":\"https:\/\/pablocarpintero.es\/producto\/pandeiro-redondo\/#primaryimage\",\"url\":\"https:\/\/pablocarpintero.es\/wp-content\/uploads\/2021\/10\/Pandeiro-Pandero-Pablo-Carpintero-1-1.jpg\",\"contentUrl\":\"https:\/\/pablocarpintero.es\/wp-content\/uploads\/2021\/10\/Pandeiro-Pandero-Pablo-Carpintero-1-1.jpg\",\"width\":2004,\"height\":1593},{\"@type\":\"BreadcrumbList\",\"@id\":\"https:\/\/pablocarpintero.es\/producto\/pandeiro-redondo\/#breadcrumb\",\"itemListElement\":[{\"@type\":\"ListItem\",\"position\":1,\"name\":\"Portada\",\"item\":\"https:\/\/pablocarpintero.es\/inicio\/\"},{\"@type\":\"ListItem\",\"position\":2,\"name\":\"Tienda\",\"item\":\"https:\/\/pablocarpintero.es\/tienda\/\"},{\"@type\":\"ListItem\",\"position\":3,\"name\":\"Pandeiro redondo\"}]},{\"@type\":\"WebSite\",\"@id\":\"https:\/\/pablocarpintero.es\/#website\",\"url\":\"https:\/\/pablocarpintero.es\/\",\"name\":\"Pablo Carpintero\",\"description\":\"Otro sitio realizado con WordPress\",\"potentialAction\":[{\"@type\":\"SearchAction\",\"target\":{\"@type\":\"EntryPoint\",\"urlTemplate\":\"https:\/\/pablocarpintero.es\/?s={search_term_string}\"},\"query-input\":{\"@type\":\"PropertyValueSpecification\",\"valueRequired\":true,\"valueName\":\"search_term_string\"}}],\"inLanguage\":\"es\"}]}<\/script>\n<!-- \/ Yoast SEO plugin. -->","yoast_head_json":{"title":"Pandeiro redondo - Pablo Carpintero","robots":{"index":"index","follow":"follow","max-snippet":"max-snippet:-1","max-image-preview":"max-image-preview:large","max-video-preview":"max-video-preview:-1"},"canonical":"https:\/\/pablocarpintero.es\/es\/producto\/pandeiro-redondo\/","og_locale":"es_ES","og_type":"article","og_title":"Pandeiro redondo - Pablo Carpintero","og_description":"Nas iconograf\u00edas medievais achamos con moita frecuencia pandeiros redondos sen ferre\u00f1as no marco, tocados directamente coa man ou empregando unha baqueta, un instrumento musical do que temos algunhas referencias na nosa tradici\u00f3n. Poden fabricarse con ou sen policrom\u00eda, ind\u00edcase o prezo sen policrom\u00eda nen maza de buxo (30\u20ac).","og_url":"https:\/\/pablocarpintero.es\/es\/producto\/pandeiro-redondo\/","og_site_name":"Pablo Carpintero","article_modified_time":"2026-03-23T15:34:03+00:00","og_image":[{"width":2004,"height":1593,"url":"https:\/\/pablocarpintero.es\/wp-content\/uploads\/2021\/10\/Pandeiro-Pandero-Pablo-Carpintero-1-1.jpg","type":"image\/jpeg"}],"twitter_card":"summary_large_image","twitter_misc":{"Tiempo de lectura":"1 minuto"},"schema":{"@context":"https:\/\/schema.org","@graph":[{"@type":"WebPage","@id":"https:\/\/pablocarpintero.es\/producto\/pandeiro-redondo\/","url":"https:\/\/pablocarpintero.es\/producto\/pandeiro-redondo\/","name":"Pandeiro redondo - Pablo Carpintero","isPartOf":{"@id":"https:\/\/pablocarpintero.es\/#website"},"primaryImageOfPage":{"@id":"https:\/\/pablocarpintero.es\/producto\/pandeiro-redondo\/#primaryimage"},"image":{"@id":"https:\/\/pablocarpintero.es\/producto\/pandeiro-redondo\/#primaryimage"},"thumbnailUrl":"https:\/\/pablocarpintero.es\/wp-content\/uploads\/2021\/10\/Pandeiro-Pandero-Pablo-Carpintero-1-1.jpg","datePublished":"2021-10-25T06:57:09+00:00","dateModified":"2026-03-23T15:34:03+00:00","breadcrumb":{"@id":"https:\/\/pablocarpintero.es\/producto\/pandeiro-redondo\/#breadcrumb"},"inLanguage":"es","potentialAction":[{"@type":"ReadAction","target":["https:\/\/pablocarpintero.es\/producto\/pandeiro-redondo\/"]}]},{"@type":"ImageObject","inLanguage":"es","@id":"https:\/\/pablocarpintero.es\/producto\/pandeiro-redondo\/#primaryimage","url":"https:\/\/pablocarpintero.es\/wp-content\/uploads\/2021\/10\/Pandeiro-Pandero-Pablo-Carpintero-1-1.jpg","contentUrl":"https:\/\/pablocarpintero.es\/wp-content\/uploads\/2021\/10\/Pandeiro-Pandero-Pablo-Carpintero-1-1.jpg","width":2004,"height":1593},{"@type":"BreadcrumbList","@id":"https:\/\/pablocarpintero.es\/producto\/pandeiro-redondo\/#breadcrumb","itemListElement":[{"@type":"ListItem","position":1,"name":"Portada","item":"https:\/\/pablocarpintero.es\/inicio\/"},{"@type":"ListItem","position":2,"name":"Tienda","item":"https:\/\/pablocarpintero.es\/tienda\/"},{"@type":"ListItem","position":3,"name":"Pandeiro redondo"}]},{"@type":"WebSite","@id":"https:\/\/pablocarpintero.es\/#website","url":"https:\/\/pablocarpintero.es\/","name":"Pablo Carpintero","description":"Otro sitio realizado con WordPress","potentialAction":[{"@type":"SearchAction","target":{"@type":"EntryPoint","urlTemplate":"https:\/\/pablocarpintero.es\/?s={search_term_string}"},"query-input":{"@type":"PropertyValueSpecification","valueRequired":true,"valueName":"search_term_string"}}],"inLanguage":"es"}]}},"_links":{"self":[{"href":"https:\/\/pablocarpintero.es\/es\/wp-json\/wp\/v2\/product\/609","targetHints":{"allow":["GET"]}}],"collection":[{"href":"https:\/\/pablocarpintero.es\/es\/wp-json\/wp\/v2\/product"}],"about":[{"href":"https:\/\/pablocarpintero.es\/es\/wp-json\/wp\/v2\/types\/product"}],"replies":[{"embeddable":true,"href":"https:\/\/pablocarpintero.es\/es\/wp-json\/wp\/v2\/comments?post=609"}],"wp:featuredmedia":[{"embeddable":true,"href":"https:\/\/pablocarpintero.es\/es\/wp-json\/wp\/v2\/media\/1091"}],"wp:attachment":[{"href":"https:\/\/pablocarpintero.es\/es\/wp-json\/wp\/v2\/media?parent=609"}],"wp:term":[{"taxonomy":"product_brand","embeddable":true,"href":"https:\/\/pablocarpintero.es\/es\/wp-json\/wp\/v2\/product_brand?post=609"},{"taxonomy":"product_cat","embeddable":true,"href":"https:\/\/pablocarpintero.es\/es\/wp-json\/wp\/v2\/product_cat?post=609"},{"taxonomy":"product_tag","embeddable":true,"href":"https:\/\/pablocarpintero.es\/es\/wp-json\/wp\/v2\/product_tag?post=609"}],"curies":[{"name":"wp","href":"https:\/\/api.w.org\/{rel}","templated":true}]}}