{"id":613,"date":"2021-10-25T07:01:54","date_gmt":"2021-10-25T07:01:54","guid":{"rendered":"https:\/\/pablocarpintero.es\/?post_type=product&#038;p=613"},"modified":"2026-02-27T01:36:11","modified_gmt":"2026-02-27T01:36:11","slug":"pandeiro-redondo-de-san-pedro-de-neiro-modelo-ii","status":"publish","type":"product","link":"https:\/\/pablocarpintero.es\/es\/producto\/pandeiro-redondo-de-san-pedro-de-neiro-modelo-ii\/","title":{"rendered":"Pandero redondo de San Pedro de Neiro, modelo II"},"content":{"rendered":"<p>Emilio Romero hall\u00f3 en 2018, en una feria en San Pedro de Neiro (A Fonsagrada), varios panderos redondos, de enorme tama\u00f1o, unimembran\u00f3fonos o bimembran\u00f3fonos, con campanas, sonajeros y sonajas insertadas en el marco. Este modelo es bimembran\u00f3fono, de casi 70 cm de di\u00e1metro, tiene campanas de vaca, campanillas y cascabeles en su interior. Lleva un agujero para agarrarlo con todos los dedos de la mano sosteni\u00e9ndolo as\u00ed sobre las piernas. Se puede tocar con la mano o con una baqueta. Su sonido es profundo y resonante, y el repique de sus campanas nos transporta de inmediato a los sonidos de nuestras monta\u00f1as.<\/p>\n<p>Lo puedes ver en la fotograf\u00eda junto a la r\u00e9plica del otro pandero encontrado en San Pedro de Neiro (<a href=\"https:\/\/pablocarpintero.es\/es\/producto\/pandeiro-redondo-de-san-pedro-de-neiro-modelo-i\/\">modelo I<\/a>), que tiene una pandereta en su interior para que te hagas una idea del enorme tama\u00f1o de estos fant\u00e1sticos instrumentos.<\/p>","protected":false},"excerpt":{"rendered":"<p>Emilio Romero achou en 2018, nunha feira en San Pedro de Neiro (A Fonsagrada), varios pandeiros redondos, de enorme tama\u00f1o, unimembran\u00f3fonos ou bimembran\u00f3fonos, con camp\u00e1s, ax\u00f3uxeres e ferre\u00f1as inseridas no marco. Este modelo \u00e9 bimembran\u00f3fono, de case 70 cm de di\u00e1metro, ten camp\u00e1s de vaca, campa\u00ed\u00f1as e ax\u00f3uxeres no seu interior. Leva un furado para [&hellip;]<\/p>\n","protected":false},"featured_media":1094,"comment_status":"open","ping_status":"closed","template":"","meta":{"give_campaign_id":0,"_joinchat":[]},"product_brand":[],"product_cat":[18,40],"product_tag":[],"class_list":{"0":"post-613","1":"product","2":"type-product","3":"status-publish","4":"has-post-thumbnail","6":"product_cat-instrumentos-musicales","7":"product_cat-pandeiros","9":"first","10":"instock","11":"taxable","12":"shipping-taxable","13":"purchasable","14":"product-type-simple"},"yoast_head":"<!-- This site is optimized with the Yoast SEO plugin v27.2 - https:\/\/yoast.com\/product\/yoast-seo-wordpress\/ -->\n<title>Pandeiro redondo de San Pedro de Neiro, modelo II - Pablo Carpintero<\/title>\n<meta name=\"robots\" content=\"index, follow, max-snippet:-1, max-image-preview:large, max-video-preview:-1\" \/>\n<link rel=\"canonical\" href=\"https:\/\/pablocarpintero.es\/es\/producto\/pandeiro-redondo-de-san-pedro-de-neiro-modelo-ii\/\" \/>\n<meta property=\"og:locale\" content=\"es_ES\" \/>\n<meta property=\"og:type\" content=\"article\" \/>\n<meta property=\"og:title\" content=\"Pandeiro redondo de San Pedro de Neiro, modelo II - Pablo Carpintero\" \/>\n<meta property=\"og:description\" content=\"Emilio Romero achou en 2018, nunha feira en San Pedro de Neiro (A Fonsagrada), varios pandeiros redondos, de enorme tama\u00f1o, unimembran\u00f3fonos ou bimembran\u00f3fonos, con camp\u00e1s, ax\u00f3uxeres e ferre\u00f1as inseridas no marco. Este modelo \u00e9 bimembran\u00f3fono, de case 70 cm de di\u00e1metro, ten camp\u00e1s de vaca, campa\u00ed\u00f1as e ax\u00f3uxeres no seu interior. Leva un furado para [&hellip;]\" \/>\n<meta property=\"og:url\" content=\"https:\/\/pablocarpintero.es\/es\/producto\/pandeiro-redondo-de-san-pedro-de-neiro-modelo-ii\/\" \/>\n<meta property=\"og:site_name\" content=\"Pablo Carpintero\" \/>\n<meta property=\"article:modified_time\" content=\"2026-02-27T01:36:11+00:00\" \/>\n<meta property=\"og:image\" content=\"https:\/\/pablocarpintero.es\/wp-content\/uploads\/2021\/10\/Pandeiros-Pandero-Pablo-carpintero.jpg\" \/>\n\t<meta property=\"og:image:width\" content=\"2144\" \/>\n\t<meta property=\"og:image:height\" content=\"1424\" \/>\n\t<meta property=\"og:image:type\" content=\"image\/jpeg\" \/>\n<meta name=\"twitter:card\" content=\"summary_large_image\" \/>\n<meta name=\"twitter:label1\" content=\"Tiempo de lectura\" \/>\n\t<meta name=\"twitter:data1\" content=\"1 minuto\" \/>\n<script type=\"application\/ld+json\" class=\"yoast-schema-graph\">{\"@context\":\"https:\/\/schema.org\",\"@graph\":[{\"@type\":\"WebPage\",\"@id\":\"https:\/\/pablocarpintero.es\/producto\/pandeiro-redondo-de-san-pedro-de-neiro-modelo-ii\/\",\"url\":\"https:\/\/pablocarpintero.es\/producto\/pandeiro-redondo-de-san-pedro-de-neiro-modelo-ii\/\",\"name\":\"Pandeiro redondo de San Pedro de Neiro, modelo II - Pablo Carpintero\",\"isPartOf\":{\"@id\":\"https:\/\/pablocarpintero.es\/#website\"},\"primaryImageOfPage\":{\"@id\":\"https:\/\/pablocarpintero.es\/producto\/pandeiro-redondo-de-san-pedro-de-neiro-modelo-ii\/#primaryimage\"},\"image\":{\"@id\":\"https:\/\/pablocarpintero.es\/producto\/pandeiro-redondo-de-san-pedro-de-neiro-modelo-ii\/#primaryimage\"},\"thumbnailUrl\":\"https:\/\/pablocarpintero.es\/wp-content\/uploads\/2021\/10\/Pandeiros-Pandero-Pablo-carpintero.jpg\",\"datePublished\":\"2021-10-25T07:01:54+00:00\",\"dateModified\":\"2026-02-27T01:36:11+00:00\",\"breadcrumb\":{\"@id\":\"https:\/\/pablocarpintero.es\/producto\/pandeiro-redondo-de-san-pedro-de-neiro-modelo-ii\/#breadcrumb\"},\"inLanguage\":\"es\",\"potentialAction\":[{\"@type\":\"ReadAction\",\"target\":[\"https:\/\/pablocarpintero.es\/producto\/pandeiro-redondo-de-san-pedro-de-neiro-modelo-ii\/\"]}]},{\"@type\":\"ImageObject\",\"inLanguage\":\"es\",\"@id\":\"https:\/\/pablocarpintero.es\/producto\/pandeiro-redondo-de-san-pedro-de-neiro-modelo-ii\/#primaryimage\",\"url\":\"https:\/\/pablocarpintero.es\/wp-content\/uploads\/2021\/10\/Pandeiros-Pandero-Pablo-carpintero.jpg\",\"contentUrl\":\"https:\/\/pablocarpintero.es\/wp-content\/uploads\/2021\/10\/Pandeiros-Pandero-Pablo-carpintero.jpg\",\"width\":2144,\"height\":1424},{\"@type\":\"BreadcrumbList\",\"@id\":\"https:\/\/pablocarpintero.es\/producto\/pandeiro-redondo-de-san-pedro-de-neiro-modelo-ii\/#breadcrumb\",\"itemListElement\":[{\"@type\":\"ListItem\",\"position\":1,\"name\":\"Portada\",\"item\":\"https:\/\/pablocarpintero.es\/inicio\/\"},{\"@type\":\"ListItem\",\"position\":2,\"name\":\"Tienda\",\"item\":\"https:\/\/pablocarpintero.es\/tienda\/\"},{\"@type\":\"ListItem\",\"position\":3,\"name\":\"Pandeiro redondo de San Pedro de Neiro, modelo II\"}]},{\"@type\":\"WebSite\",\"@id\":\"https:\/\/pablocarpintero.es\/#website\",\"url\":\"https:\/\/pablocarpintero.es\/\",\"name\":\"Pablo Carpintero\",\"description\":\"Otro sitio realizado con WordPress\",\"potentialAction\":[{\"@type\":\"SearchAction\",\"target\":{\"@type\":\"EntryPoint\",\"urlTemplate\":\"https:\/\/pablocarpintero.es\/?s={search_term_string}\"},\"query-input\":{\"@type\":\"PropertyValueSpecification\",\"valueRequired\":true,\"valueName\":\"search_term_string\"}}],\"inLanguage\":\"es\"}]}<\/script>\n<!-- \/ Yoast SEO plugin. -->","yoast_head_json":{"title":"Pandeiro redondo de San Pedro de Neiro, modelo II - Pablo Carpintero","robots":{"index":"index","follow":"follow","max-snippet":"max-snippet:-1","max-image-preview":"max-image-preview:large","max-video-preview":"max-video-preview:-1"},"canonical":"https:\/\/pablocarpintero.es\/es\/producto\/pandeiro-redondo-de-san-pedro-de-neiro-modelo-ii\/","og_locale":"es_ES","og_type":"article","og_title":"Pandeiro redondo de San Pedro de Neiro, modelo II - Pablo Carpintero","og_description":"Emilio Romero achou en 2018, nunha feira en San Pedro de Neiro (A Fonsagrada), varios pandeiros redondos, de enorme tama\u00f1o, unimembran\u00f3fonos ou bimembran\u00f3fonos, con camp\u00e1s, ax\u00f3uxeres e ferre\u00f1as inseridas no marco. Este modelo \u00e9 bimembran\u00f3fono, de case 70 cm de di\u00e1metro, ten camp\u00e1s de vaca, campa\u00ed\u00f1as e ax\u00f3uxeres no seu interior. Leva un furado para [&hellip;]","og_url":"https:\/\/pablocarpintero.es\/es\/producto\/pandeiro-redondo-de-san-pedro-de-neiro-modelo-ii\/","og_site_name":"Pablo Carpintero","article_modified_time":"2026-02-27T01:36:11+00:00","og_image":[{"width":2144,"height":1424,"url":"https:\/\/pablocarpintero.es\/wp-content\/uploads\/2021\/10\/Pandeiros-Pandero-Pablo-carpintero.jpg","type":"image\/jpeg"}],"twitter_card":"summary_large_image","twitter_misc":{"Tiempo de lectura":"1 minuto"},"schema":{"@context":"https:\/\/schema.org","@graph":[{"@type":"WebPage","@id":"https:\/\/pablocarpintero.es\/producto\/pandeiro-redondo-de-san-pedro-de-neiro-modelo-ii\/","url":"https:\/\/pablocarpintero.es\/producto\/pandeiro-redondo-de-san-pedro-de-neiro-modelo-ii\/","name":"Pandeiro redondo de San Pedro de Neiro, modelo II - Pablo Carpintero","isPartOf":{"@id":"https:\/\/pablocarpintero.es\/#website"},"primaryImageOfPage":{"@id":"https:\/\/pablocarpintero.es\/producto\/pandeiro-redondo-de-san-pedro-de-neiro-modelo-ii\/#primaryimage"},"image":{"@id":"https:\/\/pablocarpintero.es\/producto\/pandeiro-redondo-de-san-pedro-de-neiro-modelo-ii\/#primaryimage"},"thumbnailUrl":"https:\/\/pablocarpintero.es\/wp-content\/uploads\/2021\/10\/Pandeiros-Pandero-Pablo-carpintero.jpg","datePublished":"2021-10-25T07:01:54+00:00","dateModified":"2026-02-27T01:36:11+00:00","breadcrumb":{"@id":"https:\/\/pablocarpintero.es\/producto\/pandeiro-redondo-de-san-pedro-de-neiro-modelo-ii\/#breadcrumb"},"inLanguage":"es","potentialAction":[{"@type":"ReadAction","target":["https:\/\/pablocarpintero.es\/producto\/pandeiro-redondo-de-san-pedro-de-neiro-modelo-ii\/"]}]},{"@type":"ImageObject","inLanguage":"es","@id":"https:\/\/pablocarpintero.es\/producto\/pandeiro-redondo-de-san-pedro-de-neiro-modelo-ii\/#primaryimage","url":"https:\/\/pablocarpintero.es\/wp-content\/uploads\/2021\/10\/Pandeiros-Pandero-Pablo-carpintero.jpg","contentUrl":"https:\/\/pablocarpintero.es\/wp-content\/uploads\/2021\/10\/Pandeiros-Pandero-Pablo-carpintero.jpg","width":2144,"height":1424},{"@type":"BreadcrumbList","@id":"https:\/\/pablocarpintero.es\/producto\/pandeiro-redondo-de-san-pedro-de-neiro-modelo-ii\/#breadcrumb","itemListElement":[{"@type":"ListItem","position":1,"name":"Portada","item":"https:\/\/pablocarpintero.es\/inicio\/"},{"@type":"ListItem","position":2,"name":"Tienda","item":"https:\/\/pablocarpintero.es\/tienda\/"},{"@type":"ListItem","position":3,"name":"Pandeiro redondo de San Pedro de Neiro, modelo II"}]},{"@type":"WebSite","@id":"https:\/\/pablocarpintero.es\/#website","url":"https:\/\/pablocarpintero.es\/","name":"Pablo Carpintero","description":"Otro sitio realizado con WordPress","potentialAction":[{"@type":"SearchAction","target":{"@type":"EntryPoint","urlTemplate":"https:\/\/pablocarpintero.es\/?s={search_term_string}"},"query-input":{"@type":"PropertyValueSpecification","valueRequired":true,"valueName":"search_term_string"}}],"inLanguage":"es"}]}},"_links":{"self":[{"href":"https:\/\/pablocarpintero.es\/es\/wp-json\/wp\/v2\/product\/613","targetHints":{"allow":["GET"]}}],"collection":[{"href":"https:\/\/pablocarpintero.es\/es\/wp-json\/wp\/v2\/product"}],"about":[{"href":"https:\/\/pablocarpintero.es\/es\/wp-json\/wp\/v2\/types\/product"}],"replies":[{"embeddable":true,"href":"https:\/\/pablocarpintero.es\/es\/wp-json\/wp\/v2\/comments?post=613"}],"wp:featuredmedia":[{"embeddable":true,"href":"https:\/\/pablocarpintero.es\/es\/wp-json\/wp\/v2\/media\/1094"}],"wp:attachment":[{"href":"https:\/\/pablocarpintero.es\/es\/wp-json\/wp\/v2\/media?parent=613"}],"wp:term":[{"taxonomy":"product_brand","embeddable":true,"href":"https:\/\/pablocarpintero.es\/es\/wp-json\/wp\/v2\/product_brand?post=613"},{"taxonomy":"product_cat","embeddable":true,"href":"https:\/\/pablocarpintero.es\/es\/wp-json\/wp\/v2\/product_cat?post=613"},{"taxonomy":"product_tag","embeddable":true,"href":"https:\/\/pablocarpintero.es\/es\/wp-json\/wp\/v2\/product_tag?post=613"}],"curies":[{"name":"wp","href":"https:\/\/api.w.org\/{rel}","templated":true}]}}