{"id":806,"date":"2021-11-08T07:10:56","date_gmt":"2021-11-08T07:10:56","guid":{"rendered":"https:\/\/pablocarpintero.es\/?post_type=product&#038;p=806"},"modified":"2026-03-07T01:37:43","modified_gmt":"2026-03-07T01:37:43","slug":"bombo","status":"publish","type":"product","link":"https:\/\/pablocarpintero.es\/es\/producto\/bombo\/","title":{"rendered":"Bombo"},"content":{"rendered":"<p>Elaboramos bombos tradicionales gallegos, en madera de pino, pino te\u00f1ido, nogal o arce. Los acabados son naturales, no utilizamos barnices sint\u00e9ticos, est\u00e1n hechos con aceite de linaza.<\/p>\n<p>El precio var\u00eda en funci\u00f3n de la madera y de si deseas o no la correa para colgarlo. La maza la puedes comprar <a href=\"https:\/\/pablocarpintero.es\/es\/producto\/maza-de-bombo\/\">aqu\u00ed<\/a> escogiendo entre tres tipos diferentes seg\u00fan la potencia de pegada que desees. Si lo quieres con platillos, ponte en <a href=\"https:\/\/pablocarpintero.es\/es\/contactar\/\">contacto<\/a> con nosotros.<\/p>\n<p>&nbsp;<\/p>\n<p>&nbsp;<\/p>","protected":false},"excerpt":{"rendered":"<p>Fabricamos bombos tradicionais galegos, en madeiras de pi\u00f1eiro, pi\u00f1eiro tinguido, nogueira ou arce. Os acabados son naturais, non empregamos bernizes sint\u00e9ticos, real\u00edzanse con aceite de li\u00f1aza. O prezo var\u00eda en funci\u00f3n da madeira e de se desexas, ou non, a correa de coiro para penduralo. A maza p\u00f3dela mercar aqu\u00ed escollendo entre tres tipos diferentes [&hellip;]<\/p>\n","protected":false},"featured_media":1951,"comment_status":"open","ping_status":"closed","template":"","meta":{"give_campaign_id":0,"_joinchat":[]},"product_brand":[],"product_cat":[18,35],"product_tag":[],"class_list":{"0":"post-806","1":"product","2":"type-product","3":"status-publish","4":"has-post-thumbnail","6":"product_cat-instrumentos-musicales","7":"product_cat-tambores-e-bombos","8":"product_shipping_class-tambores-y-bombos","10":"first","11":"instock","12":"taxable","13":"shipping-taxable","14":"purchasable","15":"product-type-variable"},"yoast_head":"<!-- This site is optimized with the Yoast SEO plugin v27.2 - https:\/\/yoast.com\/product\/yoast-seo-wordpress\/ -->\n<title>Bombo - Pablo Carpintero<\/title>\n<meta name=\"robots\" content=\"index, follow, max-snippet:-1, max-image-preview:large, max-video-preview:-1\" \/>\n<link rel=\"canonical\" href=\"https:\/\/pablocarpintero.es\/es\/producto\/bombo\/\" \/>\n<meta property=\"og:locale\" content=\"es_ES\" \/>\n<meta property=\"og:type\" content=\"article\" \/>\n<meta property=\"og:title\" content=\"Bombo - Pablo Carpintero\" \/>\n<meta property=\"og:description\" content=\"Fabricamos bombos tradicionais galegos, en madeiras de pi\u00f1eiro, pi\u00f1eiro tinguido, nogueira ou arce. Os acabados son naturais, non empregamos bernizes sint\u00e9ticos, real\u00edzanse con aceite de li\u00f1aza. O prezo var\u00eda en funci\u00f3n da madeira e de se desexas, ou non, a correa de coiro para penduralo. A maza p\u00f3dela mercar aqu\u00ed escollendo entre tres tipos diferentes [&hellip;]\" \/>\n<meta property=\"og:url\" content=\"https:\/\/pablocarpintero.es\/es\/producto\/bombo\/\" \/>\n<meta property=\"og:site_name\" content=\"Pablo Carpintero\" \/>\n<meta property=\"article:modified_time\" content=\"2026-03-07T01:37:43+00:00\" \/>\n<meta property=\"og:image\" content=\"https:\/\/pablocarpintero.es\/wp-content\/uploads\/2021\/11\/Bombo-Pablo-carpintero-6.jpg\" \/>\n\t<meta property=\"og:image:width\" content=\"1338\" \/>\n\t<meta property=\"og:image:height\" content=\"1611\" \/>\n\t<meta property=\"og:image:type\" content=\"image\/jpeg\" \/>\n<meta name=\"twitter:card\" content=\"summary_large_image\" \/>\n<meta name=\"twitter:label1\" content=\"Tiempo de lectura\" \/>\n\t<meta name=\"twitter:data1\" content=\"1 minuto\" \/>\n<script type=\"application\/ld+json\" class=\"yoast-schema-graph\">{\"@context\":\"https:\/\/schema.org\",\"@graph\":[{\"@type\":\"WebPage\",\"@id\":\"https:\/\/pablocarpintero.es\/producto\/bombo\/\",\"url\":\"https:\/\/pablocarpintero.es\/producto\/bombo\/\",\"name\":\"Bombo - Pablo Carpintero\",\"isPartOf\":{\"@id\":\"https:\/\/pablocarpintero.es\/#website\"},\"primaryImageOfPage\":{\"@id\":\"https:\/\/pablocarpintero.es\/producto\/bombo\/#primaryimage\"},\"image\":{\"@id\":\"https:\/\/pablocarpintero.es\/producto\/bombo\/#primaryimage\"},\"thumbnailUrl\":\"https:\/\/pablocarpintero.es\/wp-content\/uploads\/2021\/11\/Bombo-Pablo-carpintero-6.jpg\",\"datePublished\":\"2021-11-08T07:10:56+00:00\",\"dateModified\":\"2026-03-07T01:37:43+00:00\",\"breadcrumb\":{\"@id\":\"https:\/\/pablocarpintero.es\/producto\/bombo\/#breadcrumb\"},\"inLanguage\":\"es\",\"potentialAction\":[{\"@type\":\"ReadAction\",\"target\":[\"https:\/\/pablocarpintero.es\/producto\/bombo\/\"]}]},{\"@type\":\"ImageObject\",\"inLanguage\":\"es\",\"@id\":\"https:\/\/pablocarpintero.es\/producto\/bombo\/#primaryimage\",\"url\":\"https:\/\/pablocarpintero.es\/wp-content\/uploads\/2021\/11\/Bombo-Pablo-carpintero-6.jpg\",\"contentUrl\":\"https:\/\/pablocarpintero.es\/wp-content\/uploads\/2021\/11\/Bombo-Pablo-carpintero-6.jpg\",\"width\":1338,\"height\":1611},{\"@type\":\"BreadcrumbList\",\"@id\":\"https:\/\/pablocarpintero.es\/producto\/bombo\/#breadcrumb\",\"itemListElement\":[{\"@type\":\"ListItem\",\"position\":1,\"name\":\"Portada\",\"item\":\"https:\/\/pablocarpintero.es\/inicio\/\"},{\"@type\":\"ListItem\",\"position\":2,\"name\":\"Tienda\",\"item\":\"https:\/\/pablocarpintero.es\/tienda\/\"},{\"@type\":\"ListItem\",\"position\":3,\"name\":\"Bombo\"}]},{\"@type\":\"WebSite\",\"@id\":\"https:\/\/pablocarpintero.es\/#website\",\"url\":\"https:\/\/pablocarpintero.es\/\",\"name\":\"Pablo Carpintero\",\"description\":\"Otro sitio realizado con WordPress\",\"potentialAction\":[{\"@type\":\"SearchAction\",\"target\":{\"@type\":\"EntryPoint\",\"urlTemplate\":\"https:\/\/pablocarpintero.es\/?s={search_term_string}\"},\"query-input\":{\"@type\":\"PropertyValueSpecification\",\"valueRequired\":true,\"valueName\":\"search_term_string\"}}],\"inLanguage\":\"es\"}]}<\/script>\n<!-- \/ Yoast SEO plugin. -->","yoast_head_json":{"title":"Bombo - Pablo Carpintero","robots":{"index":"index","follow":"follow","max-snippet":"max-snippet:-1","max-image-preview":"max-image-preview:large","max-video-preview":"max-video-preview:-1"},"canonical":"https:\/\/pablocarpintero.es\/es\/producto\/bombo\/","og_locale":"es_ES","og_type":"article","og_title":"Bombo - Pablo Carpintero","og_description":"Fabricamos bombos tradicionais galegos, en madeiras de pi\u00f1eiro, pi\u00f1eiro tinguido, nogueira ou arce. Os acabados son naturais, non empregamos bernizes sint\u00e9ticos, real\u00edzanse con aceite de li\u00f1aza. O prezo var\u00eda en funci\u00f3n da madeira e de se desexas, ou non, a correa de coiro para penduralo. A maza p\u00f3dela mercar aqu\u00ed escollendo entre tres tipos diferentes [&hellip;]","og_url":"https:\/\/pablocarpintero.es\/es\/producto\/bombo\/","og_site_name":"Pablo Carpintero","article_modified_time":"2026-03-07T01:37:43+00:00","og_image":[{"width":1338,"height":1611,"url":"https:\/\/pablocarpintero.es\/wp-content\/uploads\/2021\/11\/Bombo-Pablo-carpintero-6.jpg","type":"image\/jpeg"}],"twitter_card":"summary_large_image","twitter_misc":{"Tiempo de lectura":"1 minuto"},"schema":{"@context":"https:\/\/schema.org","@graph":[{"@type":"WebPage","@id":"https:\/\/pablocarpintero.es\/producto\/bombo\/","url":"https:\/\/pablocarpintero.es\/producto\/bombo\/","name":"Bombo - Pablo Carpintero","isPartOf":{"@id":"https:\/\/pablocarpintero.es\/#website"},"primaryImageOfPage":{"@id":"https:\/\/pablocarpintero.es\/producto\/bombo\/#primaryimage"},"image":{"@id":"https:\/\/pablocarpintero.es\/producto\/bombo\/#primaryimage"},"thumbnailUrl":"https:\/\/pablocarpintero.es\/wp-content\/uploads\/2021\/11\/Bombo-Pablo-carpintero-6.jpg","datePublished":"2021-11-08T07:10:56+00:00","dateModified":"2026-03-07T01:37:43+00:00","breadcrumb":{"@id":"https:\/\/pablocarpintero.es\/producto\/bombo\/#breadcrumb"},"inLanguage":"es","potentialAction":[{"@type":"ReadAction","target":["https:\/\/pablocarpintero.es\/producto\/bombo\/"]}]},{"@type":"ImageObject","inLanguage":"es","@id":"https:\/\/pablocarpintero.es\/producto\/bombo\/#primaryimage","url":"https:\/\/pablocarpintero.es\/wp-content\/uploads\/2021\/11\/Bombo-Pablo-carpintero-6.jpg","contentUrl":"https:\/\/pablocarpintero.es\/wp-content\/uploads\/2021\/11\/Bombo-Pablo-carpintero-6.jpg","width":1338,"height":1611},{"@type":"BreadcrumbList","@id":"https:\/\/pablocarpintero.es\/producto\/bombo\/#breadcrumb","itemListElement":[{"@type":"ListItem","position":1,"name":"Portada","item":"https:\/\/pablocarpintero.es\/inicio\/"},{"@type":"ListItem","position":2,"name":"Tienda","item":"https:\/\/pablocarpintero.es\/tienda\/"},{"@type":"ListItem","position":3,"name":"Bombo"}]},{"@type":"WebSite","@id":"https:\/\/pablocarpintero.es\/#website","url":"https:\/\/pablocarpintero.es\/","name":"Pablo Carpintero","description":"Otro sitio realizado con WordPress","potentialAction":[{"@type":"SearchAction","target":{"@type":"EntryPoint","urlTemplate":"https:\/\/pablocarpintero.es\/?s={search_term_string}"},"query-input":{"@type":"PropertyValueSpecification","valueRequired":true,"valueName":"search_term_string"}}],"inLanguage":"es"}]}},"_links":{"self":[{"href":"https:\/\/pablocarpintero.es\/es\/wp-json\/wp\/v2\/product\/806","targetHints":{"allow":["GET"]}}],"collection":[{"href":"https:\/\/pablocarpintero.es\/es\/wp-json\/wp\/v2\/product"}],"about":[{"href":"https:\/\/pablocarpintero.es\/es\/wp-json\/wp\/v2\/types\/product"}],"replies":[{"embeddable":true,"href":"https:\/\/pablocarpintero.es\/es\/wp-json\/wp\/v2\/comments?post=806"}],"wp:featuredmedia":[{"embeddable":true,"href":"https:\/\/pablocarpintero.es\/es\/wp-json\/wp\/v2\/media\/1951"}],"wp:attachment":[{"href":"https:\/\/pablocarpintero.es\/es\/wp-json\/wp\/v2\/media?parent=806"}],"wp:term":[{"taxonomy":"product_brand","embeddable":true,"href":"https:\/\/pablocarpintero.es\/es\/wp-json\/wp\/v2\/product_brand?post=806"},{"taxonomy":"product_cat","embeddable":true,"href":"https:\/\/pablocarpintero.es\/es\/wp-json\/wp\/v2\/product_cat?post=806"},{"taxonomy":"product_tag","embeddable":true,"href":"https:\/\/pablocarpintero.es\/es\/wp-json\/wp\/v2\/product_tag?post=806"}],"curies":[{"name":"wp","href":"https:\/\/api.w.org\/{rel}","templated":true}]}}