{"id":818,"date":"2021-11-08T07:46:40","date_gmt":"2021-11-08T07:46:40","guid":{"rendered":"https:\/\/pablocarpintero.es\/?post_type=product&#038;p=818"},"modified":"2024-08-11T06:07:20","modified_gmt":"2024-08-11T06:07:20","slug":"gaita-de-fol-de-juan-prieto-chimeno","status":"publish","type":"product","link":"https:\/\/pablocarpintero.es\/es\/producto\/gaita-de-fol-de-juan-prieto-chimeno\/","title":{"rendered":"Gaita de fuelle de Juan Prieto Chimeno"},"content":{"rendered":"<p>Juan Prieto Chimeno fue un famoso gaitero que vivi\u00f3 en Rihonor de Castilla, pero que tocaba m\u00e1s habitualmente, seg\u00fan sus vecinos, en Rionor de Bragan\u00e7a; dos aldeas separadas por una ficticia frontera que forman una fant\u00e1stica unidad etnogr\u00e1fica.<\/p>\n<p>Juan tocaba esta hermosa gaita que hasta ahora se cre\u00eda construida por Juan Barrio, el legendario gaitero de Pedralba de la Prader\u00eda (Sanabria, Zamora). Nuestras pesquisas contradicen este punto, puedes leerlas <a href=\"https:\/\/pablocarpintero.es\/es\/sexto-curso-de-fabricacion-de-gaitas-de-fol-2-2-2\/\">aqu\u00ed<\/a>. Esta gaita, fabricada en madera de uz, tiene una puntera con uno de los sonidos m\u00e1s magn\u00edficos que jam\u00e1s hayamos escuchado, est\u00e1 realizada en dos partes: un fuste unido a una enorme campana con un precioso anillo de lat\u00f3n muy bien trabajado. Funciona con pajuelas hechas a la antigua usanza de Sanabria, es decir, con la parte interior blanda de la ca\u00f1a y sin yugo. Su sonido es muy caracter\u00edstico, algo nasal, muy claro y muy potente, emitiendo las notas con una agilidad muy destacable para un puntero tan grave, pues tiene la t\u00f3nica en Sib. Su escala es un bello ejemplo del modo sanabr\u00e9s, muy similar al modo de La (modo menor actual), pero con el segundo grado rebajado.<span class=\"Apple-converted-space\">\u00a0<\/span><\/p>\n<p>Estas son algunas de las piezas del repertorio que Ernesto Veiga de Oliveira grab\u00f3 a Juan Prieto, interpretadas con este magn\u00edfico instrumento.<\/p>\n<p>&nbsp;<\/p>\n<div  class='avia-video av-xtxje-69416c15c2dba6b162e5f11818bb038c avia-video-16-9 av-no-preview-image avia-video-load-always av-lazyload-immediate av-lazyload-video-embed'  itemprop=\"video\" itemtype=\"https:\/\/schema.org\/VideoObject\"  data-original_url='https:\/\/www.youtube.com\/watch?v=aG5qGs8Gz30'><script type='text\/html' class='av-video-tmpl'><div class='avia-iframe-wrap'><iframe loading=\"lazy\" title=\"Jota Antiga de Juan Prieto Ximeno con r\u00e9plica de su gaita\" width=\"1500\" height=\"844\" src=\"https:\/\/www.youtube.com\/embed\/aG5qGs8Gz30?feature=oembed&autoplay=0&loop=0&controls=1&mute=0\" frameborder=\"0\" allow=\"accelerometer; autoplay; clipboard-write; encrypted-media; gyroscope; picture-in-picture\" allowfullscreen><\/iframe><\/div><\/script><div class='av-click-to-play-overlay'><div class=\"avia_playpause_icon\"><\/div><\/div><\/div>\n<p>&nbsp;<\/p>\n<div  class='avia-video av-84iq2-bb2587603673100f310b0b61c9d0ba9d avia-video-16-9 av-no-preview-image avia-video-load-always av-lazyload-immediate av-lazyload-video-embed'  itemprop=\"video\" itemtype=\"https:\/\/schema.org\/VideoObject\"  data-original_url='https:\/\/www.youtube.com\/watch?v=jiNixHHDew4'><script type='text\/html' class='av-video-tmpl'><div class='avia-iframe-wrap'><iframe loading=\"lazy\" title=\"Antigo baile agarrado-con replica de gaita antigua\" width=\"1500\" height=\"844\" src=\"https:\/\/www.youtube.com\/embed\/jiNixHHDew4?feature=oembed&autoplay=0&loop=0&controls=1&mute=0\" frameborder=\"0\" allow=\"accelerometer; autoplay; clipboard-write; encrypted-media; gyroscope; picture-in-picture\" allowfullscreen><\/iframe><\/div><\/script><div class='av-click-to-play-overlay'><div class=\"avia_playpause_icon\"><\/div><\/div><\/div>\n<p>&nbsp;<\/p>\n<div  class='avia-video av-jxkf6-9a95ef3ecda36f3377ca328aa975c649 avia-video-16-9 av-no-preview-image avia-video-load-always av-lazyload-immediate av-lazyload-video-embed'  itemprop=\"video\" itemtype=\"https:\/\/schema.org\/VideoObject\"  data-original_url='https:\/\/www.youtube.com\/watch?v=TExpxM7iHU0'><script type='text\/html' class='av-video-tmpl'><div class='avia-iframe-wrap'><iframe loading=\"lazy\" title=\"Jota Punteada-con gaita de Rio de Onor\" width=\"1500\" height=\"844\" src=\"https:\/\/www.youtube.com\/embed\/TExpxM7iHU0?feature=oembed&autoplay=0&loop=0&controls=1&mute=0\" frameborder=\"0\" allow=\"accelerometer; autoplay; clipboard-write; encrypted-media; gyroscope; picture-in-picture\" allowfullscreen><\/iframe><\/div><\/script><div class='av-click-to-play-overlay'><div class=\"avia_playpause_icon\"><\/div><\/div><\/div>\n<p>&nbsp;<\/p>\n<div  class='avia-video av-fbnfe-b9b3eb386b5dd79d765dcaa474c5d1c8 avia-video-16-9 av-no-preview-image avia-video-load-always av-lazyload-immediate av-lazyload-video-embed'  itemprop=\"video\" itemtype=\"https:\/\/schema.org\/VideoObject\"  data-original_url='https:\/\/www.youtube.com\/watch?v=I6qxigD8djg'><script type='text\/html' class='av-video-tmpl'><div class='avia-iframe-wrap'><iframe loading=\"lazy\" title=\"Mui\u00f1eira Galega con gaita de Rio de Onor\" width=\"1500\" height=\"844\" src=\"https:\/\/www.youtube.com\/embed\/I6qxigD8djg?feature=oembed&autoplay=0&loop=0&controls=1&mute=0\" frameborder=\"0\" allow=\"accelerometer; autoplay; clipboard-write; encrypted-media; gyroscope; picture-in-picture\" allowfullscreen><\/iframe><\/div><\/script><div class='av-click-to-play-overlay'><div class=\"avia_playpause_icon\"><\/div><\/div><\/div>\n<p>&nbsp;<\/p>\n<div  class='avia-video av-bmdl6-2772c9c0804b425341bd8de680d09204 avia-video-16-9 av-no-preview-image avia-video-load-always av-lazyload-immediate av-lazyload-video-embed'  itemprop=\"video\" itemtype=\"https:\/\/schema.org\/VideoObject\"  data-original_url='https:\/\/www.youtube.com\/watch?v=tKp6L5Jyg50'><script type='text\/html' class='av-video-tmpl'><div class='avia-iframe-wrap'><iframe loading=\"lazy\" title=\"Alvorada de Rio de Onor-gaita de Juan Prieto Ximeno\" width=\"1500\" height=\"844\" src=\"https:\/\/www.youtube.com\/embed\/tKp6L5Jyg50?feature=oembed&autoplay=0&loop=0&controls=1&mute=0\" frameborder=\"0\" allow=\"accelerometer; autoplay; clipboard-write; encrypted-media; gyroscope; picture-in-picture\" allowfullscreen><\/iframe><\/div><\/script><div class='av-click-to-play-overlay'><div class=\"avia_playpause_icon\"><\/div><\/div><\/div>\n<p>&nbsp;<\/p>\n<p class=\"p1\"><strong>Compra por encargo<\/strong><\/p>\n<p class=\"p1\">Debido a las caracter\u00edsticas de las gaitas de fuelle antiguas, estas no tienen un precio fijo asignado, que depender\u00e1 del tipo de madera y de otras caracter\u00edsticas est\u00e9ticas que puedes escoger como anillados en diferentes materiales, flecos o ribeteados de los vestidos. Todas las r\u00e9plicas de gaitas de fuelle tienen una demora que depende de nuestra lista de espera. Consulta con nosotros para saber m\u00e1s.<\/p>\n<div  class='avia-button-wrap av-7w2e1-2cfff7366207172118f91cc6d7012c90-wrap avia-button-center  avia-builder-el-5  el_after_av_video  avia-builder-el-last'><a href='https:\/\/pablocarpintero.es\/es\/contactar\/'  class='avia-button av-7w2e1-2cfff7366207172118f91cc6d7012c90 avia-icon_select-yes-left-icon avia-size-small avia-position-center avia-color-theme-color'  ><span class='avia_button_icon avia_button_icon_left' aria-hidden='true' data-av_icon='\ue81f' data-av_iconfont='entypo-fontello'><\/span><span class='avia_iconbox_title' >Solicita informaci\u00f3n de precios<\/span><\/a><\/div>\n<p>&nbsp;<\/p>","protected":false},"excerpt":{"rendered":"<p>Juan Prieto Chimeno foi un famoso gaiteiro que viviu en Rihonor de Castilla, pero que tocaba m\u00e1is habitualmente en Rionor de Bragan\u00e7a, d\u00faas aldeas separadas por unha ficticia fronteira que forman unha fant\u00e1stica unidade etnogr\u00e1fica. Juan tocaba con esta fermosa gaita que ata agora se cre\u00eda constru\u00edda por Juan Barrio, m\u00edtico gaiteiro xabr\u00e9s de Pedralba [&hellip;]<\/p>\n","protected":false},"featured_media":819,"comment_status":"open","ping_status":"closed","template":"","meta":{"give_campaign_id":0,"_joinchat":[]},"product_brand":[],"product_cat":[20,18,21,26],"product_tag":[],"class_list":{"0":"post-818","1":"product","2":"type-product","3":"status-publish","4":"has-post-thumbnail","6":"product_cat-gaitas-de-fol","7":"product_cat-instrumentos-musicales","8":"product_cat-replicas-de-gaitas-de-fol-antigas","9":"product_cat-replicas-de-gaitas-xabresas-e-alistanas","11":"first","12":"instock","13":"taxable","14":"shipping-taxable","15":"product-type-simple"},"yoast_head":"<!-- This site is optimized with the Yoast SEO plugin v27.2 - https:\/\/yoast.com\/product\/yoast-seo-wordpress\/ -->\n<title>Gaita de fol de Juan Prieto Chimeno - Pablo Carpintero<\/title>\n<meta name=\"robots\" content=\"index, follow, max-snippet:-1, max-image-preview:large, max-video-preview:-1\" \/>\n<link rel=\"canonical\" href=\"https:\/\/pablocarpintero.es\/es\/producto\/gaita-de-fol-de-juan-prieto-chimeno\/\" \/>\n<meta property=\"og:locale\" content=\"es_ES\" \/>\n<meta property=\"og:type\" content=\"article\" \/>\n<meta property=\"og:title\" content=\"Gaita de fol de Juan Prieto Chimeno - Pablo Carpintero\" \/>\n<meta property=\"og:description\" content=\"Juan Prieto Chimeno foi un famoso gaiteiro que viviu en Rihonor de Castilla, pero que tocaba m\u00e1is habitualmente en Rionor de Bragan\u00e7a, d\u00faas aldeas separadas por unha ficticia fronteira que forman unha fant\u00e1stica unidade etnogr\u00e1fica. Juan tocaba con esta fermosa gaita que ata agora se cre\u00eda constru\u00edda por Juan Barrio, m\u00edtico gaiteiro xabr\u00e9s de Pedralba [&hellip;]\" \/>\n<meta property=\"og:url\" content=\"https:\/\/pablocarpintero.es\/es\/producto\/gaita-de-fol-de-juan-prieto-chimeno\/\" \/>\n<meta property=\"og:site_name\" content=\"Pablo Carpintero\" \/>\n<meta property=\"article:modified_time\" content=\"2024-08-11T06:07:20+00:00\" \/>\n<meta property=\"og:image\" content=\"https:\/\/pablocarpintero.es\/wp-content\/uploads\/2021\/11\/Gaita-de-Juan-Prieto-Rio-de-Honor-Pablo-carpintero-3.jpg\" \/>\n\t<meta property=\"og:image:width\" content=\"2005\" \/>\n\t<meta property=\"og:image:height\" content=\"1339\" \/>\n\t<meta property=\"og:image:type\" content=\"image\/jpeg\" \/>\n<meta name=\"twitter:card\" content=\"summary_large_image\" \/>\n<meta name=\"twitter:label1\" content=\"Tiempo de lectura\" \/>\n\t<meta name=\"twitter:data1\" content=\"2 minutos\" \/>\n<script type=\"application\/ld+json\" class=\"yoast-schema-graph\">{\"@context\":\"https:\/\/schema.org\",\"@graph\":[{\"@type\":\"WebPage\",\"@id\":\"https:\/\/pablocarpintero.es\/producto\/gaita-de-fol-de-juan-prieto-chimeno\/\",\"url\":\"https:\/\/pablocarpintero.es\/producto\/gaita-de-fol-de-juan-prieto-chimeno\/\",\"name\":\"Gaita de fol de Juan Prieto Chimeno - Pablo Carpintero\",\"isPartOf\":{\"@id\":\"https:\/\/pablocarpintero.es\/#website\"},\"primaryImageOfPage\":{\"@id\":\"https:\/\/pablocarpintero.es\/producto\/gaita-de-fol-de-juan-prieto-chimeno\/#primaryimage\"},\"image\":{\"@id\":\"https:\/\/pablocarpintero.es\/producto\/gaita-de-fol-de-juan-prieto-chimeno\/#primaryimage\"},\"thumbnailUrl\":\"https:\/\/pablocarpintero.es\/wp-content\/uploads\/2021\/11\/Gaita-de-Juan-Prieto-Rio-de-Honor-Pablo-carpintero-3.jpg\",\"datePublished\":\"2021-11-08T07:46:40+00:00\",\"dateModified\":\"2024-08-11T06:07:20+00:00\",\"breadcrumb\":{\"@id\":\"https:\/\/pablocarpintero.es\/producto\/gaita-de-fol-de-juan-prieto-chimeno\/#breadcrumb\"},\"inLanguage\":\"es\",\"potentialAction\":[{\"@type\":\"ReadAction\",\"target\":[\"https:\/\/pablocarpintero.es\/producto\/gaita-de-fol-de-juan-prieto-chimeno\/\"]}]},{\"@type\":\"ImageObject\",\"inLanguage\":\"es\",\"@id\":\"https:\/\/pablocarpintero.es\/producto\/gaita-de-fol-de-juan-prieto-chimeno\/#primaryimage\",\"url\":\"https:\/\/pablocarpintero.es\/wp-content\/uploads\/2021\/11\/Gaita-de-Juan-Prieto-Rio-de-Honor-Pablo-carpintero-3.jpg\",\"contentUrl\":\"https:\/\/pablocarpintero.es\/wp-content\/uploads\/2021\/11\/Gaita-de-Juan-Prieto-Rio-de-Honor-Pablo-carpintero-3.jpg\",\"width\":2005,\"height\":1339},{\"@type\":\"BreadcrumbList\",\"@id\":\"https:\/\/pablocarpintero.es\/producto\/gaita-de-fol-de-juan-prieto-chimeno\/#breadcrumb\",\"itemListElement\":[{\"@type\":\"ListItem\",\"position\":1,\"name\":\"Portada\",\"item\":\"https:\/\/pablocarpintero.es\/inicio\/\"},{\"@type\":\"ListItem\",\"position\":2,\"name\":\"Tienda\",\"item\":\"https:\/\/pablocarpintero.es\/tienda\/\"},{\"@type\":\"ListItem\",\"position\":3,\"name\":\"Gaita de fol de Juan Prieto Chimeno\"}]},{\"@type\":\"WebSite\",\"@id\":\"https:\/\/pablocarpintero.es\/#website\",\"url\":\"https:\/\/pablocarpintero.es\/\",\"name\":\"Pablo Carpintero\",\"description\":\"Otro sitio realizado con WordPress\",\"potentialAction\":[{\"@type\":\"SearchAction\",\"target\":{\"@type\":\"EntryPoint\",\"urlTemplate\":\"https:\/\/pablocarpintero.es\/?s={search_term_string}\"},\"query-input\":{\"@type\":\"PropertyValueSpecification\",\"valueRequired\":true,\"valueName\":\"search_term_string\"}}],\"inLanguage\":\"es\"}]}<\/script>\n<!-- \/ Yoast SEO plugin. -->","yoast_head_json":{"title":"Gaita de fol de Juan Prieto Chimeno - Pablo Carpintero","robots":{"index":"index","follow":"follow","max-snippet":"max-snippet:-1","max-image-preview":"max-image-preview:large","max-video-preview":"max-video-preview:-1"},"canonical":"https:\/\/pablocarpintero.es\/es\/producto\/gaita-de-fol-de-juan-prieto-chimeno\/","og_locale":"es_ES","og_type":"article","og_title":"Gaita de fol de Juan Prieto Chimeno - Pablo Carpintero","og_description":"Juan Prieto Chimeno foi un famoso gaiteiro que viviu en Rihonor de Castilla, pero que tocaba m\u00e1is habitualmente en Rionor de Bragan\u00e7a, d\u00faas aldeas separadas por unha ficticia fronteira que forman unha fant\u00e1stica unidade etnogr\u00e1fica. Juan tocaba con esta fermosa gaita que ata agora se cre\u00eda constru\u00edda por Juan Barrio, m\u00edtico gaiteiro xabr\u00e9s de Pedralba [&hellip;]","og_url":"https:\/\/pablocarpintero.es\/es\/producto\/gaita-de-fol-de-juan-prieto-chimeno\/","og_site_name":"Pablo Carpintero","article_modified_time":"2024-08-11T06:07:20+00:00","og_image":[{"width":2005,"height":1339,"url":"https:\/\/pablocarpintero.es\/wp-content\/uploads\/2021\/11\/Gaita-de-Juan-Prieto-Rio-de-Honor-Pablo-carpintero-3.jpg","type":"image\/jpeg"}],"twitter_card":"summary_large_image","twitter_misc":{"Tiempo de lectura":"2 minutos"},"schema":{"@context":"https:\/\/schema.org","@graph":[{"@type":"WebPage","@id":"https:\/\/pablocarpintero.es\/producto\/gaita-de-fol-de-juan-prieto-chimeno\/","url":"https:\/\/pablocarpintero.es\/producto\/gaita-de-fol-de-juan-prieto-chimeno\/","name":"Gaita de fol de Juan Prieto Chimeno - Pablo Carpintero","isPartOf":{"@id":"https:\/\/pablocarpintero.es\/#website"},"primaryImageOfPage":{"@id":"https:\/\/pablocarpintero.es\/producto\/gaita-de-fol-de-juan-prieto-chimeno\/#primaryimage"},"image":{"@id":"https:\/\/pablocarpintero.es\/producto\/gaita-de-fol-de-juan-prieto-chimeno\/#primaryimage"},"thumbnailUrl":"https:\/\/pablocarpintero.es\/wp-content\/uploads\/2021\/11\/Gaita-de-Juan-Prieto-Rio-de-Honor-Pablo-carpintero-3.jpg","datePublished":"2021-11-08T07:46:40+00:00","dateModified":"2024-08-11T06:07:20+00:00","breadcrumb":{"@id":"https:\/\/pablocarpintero.es\/producto\/gaita-de-fol-de-juan-prieto-chimeno\/#breadcrumb"},"inLanguage":"es","potentialAction":[{"@type":"ReadAction","target":["https:\/\/pablocarpintero.es\/producto\/gaita-de-fol-de-juan-prieto-chimeno\/"]}]},{"@type":"ImageObject","inLanguage":"es","@id":"https:\/\/pablocarpintero.es\/producto\/gaita-de-fol-de-juan-prieto-chimeno\/#primaryimage","url":"https:\/\/pablocarpintero.es\/wp-content\/uploads\/2021\/11\/Gaita-de-Juan-Prieto-Rio-de-Honor-Pablo-carpintero-3.jpg","contentUrl":"https:\/\/pablocarpintero.es\/wp-content\/uploads\/2021\/11\/Gaita-de-Juan-Prieto-Rio-de-Honor-Pablo-carpintero-3.jpg","width":2005,"height":1339},{"@type":"BreadcrumbList","@id":"https:\/\/pablocarpintero.es\/producto\/gaita-de-fol-de-juan-prieto-chimeno\/#breadcrumb","itemListElement":[{"@type":"ListItem","position":1,"name":"Portada","item":"https:\/\/pablocarpintero.es\/inicio\/"},{"@type":"ListItem","position":2,"name":"Tienda","item":"https:\/\/pablocarpintero.es\/tienda\/"},{"@type":"ListItem","position":3,"name":"Gaita de fol de Juan Prieto Chimeno"}]},{"@type":"WebSite","@id":"https:\/\/pablocarpintero.es\/#website","url":"https:\/\/pablocarpintero.es\/","name":"Pablo Carpintero","description":"Otro sitio realizado con WordPress","potentialAction":[{"@type":"SearchAction","target":{"@type":"EntryPoint","urlTemplate":"https:\/\/pablocarpintero.es\/?s={search_term_string}"},"query-input":{"@type":"PropertyValueSpecification","valueRequired":true,"valueName":"search_term_string"}}],"inLanguage":"es"}]}},"_links":{"self":[{"href":"https:\/\/pablocarpintero.es\/es\/wp-json\/wp\/v2\/product\/818","targetHints":{"allow":["GET"]}}],"collection":[{"href":"https:\/\/pablocarpintero.es\/es\/wp-json\/wp\/v2\/product"}],"about":[{"href":"https:\/\/pablocarpintero.es\/es\/wp-json\/wp\/v2\/types\/product"}],"replies":[{"embeddable":true,"href":"https:\/\/pablocarpintero.es\/es\/wp-json\/wp\/v2\/comments?post=818"}],"wp:featuredmedia":[{"embeddable":true,"href":"https:\/\/pablocarpintero.es\/es\/wp-json\/wp\/v2\/media\/819"}],"wp:attachment":[{"href":"https:\/\/pablocarpintero.es\/es\/wp-json\/wp\/v2\/media?parent=818"}],"wp:term":[{"taxonomy":"product_brand","embeddable":true,"href":"https:\/\/pablocarpintero.es\/es\/wp-json\/wp\/v2\/product_brand?post=818"},{"taxonomy":"product_cat","embeddable":true,"href":"https:\/\/pablocarpintero.es\/es\/wp-json\/wp\/v2\/product_cat?post=818"},{"taxonomy":"product_tag","embeddable":true,"href":"https:\/\/pablocarpintero.es\/es\/wp-json\/wp\/v2\/product_tag?post=818"}],"curies":[{"name":"wp","href":"https:\/\/api.w.org\/{rel}","templated":true}]}}