{"id":826,"date":"2021-11-08T07:56:09","date_gmt":"2021-11-08T07:56:09","guid":{"rendered":"https:\/\/pablocarpintero.es\/?post_type=product&#038;p=826"},"modified":"2025-12-02T08:36:38","modified_gmt":"2025-12-02T08:36:38","slug":"826","status":"publish","type":"product","link":"https:\/\/pablocarpintero.es\/es\/producto\/826\/","title":{"rendered":"Puntera de los Gaiteros de Pedrazales (Sanabria)"},"content":{"rendered":"<p>Este puntero es una r\u00e9plica de uno conservado en el Museo de Paco D\u00edez y que fue fabricado por los hermanos Modesto y Tarsicio Espada de Pedrazales (Sanabria), m\u00e1s conocidos por los Gaiteros de Pedrazales. Se trata de un curioso instrumento con una forma semejante a una dulzaina. Tiene la t\u00f3nica pr\u00f3xima del Sib y toca con una escala en modo portugu\u00e9s, es decir, todos los grados se acercan al temperamento igual, excepto el tercero, que est\u00e1 pr\u00e1cticamente neutro, y la sensible, que est\u00e1 bastante grave.<\/p>\n<p>&nbsp;<\/p>\n<div  class='avia-video av-6pdoi-cbf71c64434107d49d714bf32fce47ed avia-video-16-9 av-no-preview-image avia-video-load-always av-lazyload-immediate av-lazyload-video-embed'  itemprop=\"video\" itemtype=\"https:\/\/schema.org\/VideoObject\"  data-original_url='https:\/\/www.youtube.com\/watch?v=6z7w7Sc4BvY'><script type='text\/html' class='av-video-tmpl'><div class='avia-iframe-wrap'><iframe loading=\"lazy\" title=\"Punteiro de Pedrazales - jota del menudillo.\" width=\"1500\" height=\"844\" src=\"https:\/\/www.youtube.com\/embed\/6z7w7Sc4BvY?feature=oembed&autoplay=0&loop=0&controls=1&mute=0\" frameborder=\"0\" allow=\"accelerometer; autoplay; clipboard-write; encrypted-media; gyroscope; picture-in-picture\" allowfullscreen><\/iframe><\/div><\/script><div class='av-click-to-play-overlay'><div class=\"avia_playpause_icon\"><\/div><\/div><\/div>","protected":false},"excerpt":{"rendered":"<p>Este punteiro \u00e9 unha r\u00e9plica dun conservado no Museo de Paco D\u00edez e que foi fabricado polos irm\u00e1ns Modesto e Tarsicio Espada de Pedrazales (Seabra), m\u00e1is co\u00f1ecidos polos Gaiteros de Pedrazales. Tr\u00e1tase dun curioso instrumento cunha forma semellante a unha dulzaina. Ten a t\u00f3nica preto do Sib e toca cunha escala en modo portugu\u00e9s, \u00e9 [&hellip;]<\/p>\n","protected":false},"featured_media":827,"comment_status":"open","ping_status":"closed","template":"","meta":{"give_campaign_id":0,"_joinchat":[]},"product_brand":[],"product_cat":[20,18,21,26],"product_tag":[],"class_list":{"0":"post-826","1":"product","2":"type-product","3":"status-publish","4":"has-post-thumbnail","6":"product_cat-gaitas-de-fol","7":"product_cat-instrumentos-musicales","8":"product_cat-replicas-de-gaitas-de-fol-antigas","9":"product_cat-replicas-de-gaitas-xabresas-e-alistanas","11":"first","12":"instock","13":"taxable","14":"shipping-taxable","15":"purchasable","16":"product-type-simple"},"yoast_head":"<!-- This site is optimized with the Yoast SEO plugin v27.2 - https:\/\/yoast.com\/product\/yoast-seo-wordpress\/ -->\n<title>Punteiro dos gaiteiros de Pedrazales (Seabra) - Pablo Carpintero<\/title>\n<meta name=\"robots\" content=\"index, follow, max-snippet:-1, max-image-preview:large, max-video-preview:-1\" \/>\n<link rel=\"canonical\" href=\"https:\/\/pablocarpintero.es\/es\/producto\/826\/\" \/>\n<meta property=\"og:locale\" content=\"es_ES\" \/>\n<meta property=\"og:type\" content=\"article\" \/>\n<meta property=\"og:title\" content=\"Punteiro dos gaiteiros de Pedrazales (Seabra) - Pablo Carpintero\" \/>\n<meta property=\"og:description\" content=\"Este punteiro \u00e9 unha r\u00e9plica dun conservado no Museo de Paco D\u00edez e que foi fabricado polos irm\u00e1ns Modesto e Tarsicio Espada de Pedrazales (Seabra), m\u00e1is co\u00f1ecidos polos Gaiteros de Pedrazales. Tr\u00e1tase dun curioso instrumento cunha forma semellante a unha dulzaina. Ten a t\u00f3nica preto do Sib e toca cunha escala en modo portugu\u00e9s, \u00e9 [&hellip;]\" \/>\n<meta property=\"og:url\" content=\"https:\/\/pablocarpintero.es\/es\/producto\/826\/\" \/>\n<meta property=\"og:site_name\" content=\"Pablo Carpintero\" \/>\n<meta property=\"article:modified_time\" content=\"2025-12-02T08:36:38+00:00\" \/>\n<meta property=\"og:image\" content=\"https:\/\/pablocarpintero.es\/wp-content\/uploads\/2021\/11\/Punteiro-de-Pedrazales-Pablo-Carpintero-scaled.jpg\" \/>\n\t<meta property=\"og:image:width\" content=\"1920\" \/>\n\t<meta property=\"og:image:height\" content=\"2560\" \/>\n\t<meta property=\"og:image:type\" content=\"image\/jpeg\" \/>\n<meta name=\"twitter:card\" content=\"summary_large_image\" \/>\n<meta name=\"twitter:label1\" content=\"Tiempo de lectura\" \/>\n\t<meta name=\"twitter:data1\" content=\"1 minuto\" \/>\n<script type=\"application\/ld+json\" class=\"yoast-schema-graph\">{\"@context\":\"https:\/\/schema.org\",\"@graph\":[{\"@type\":\"WebPage\",\"@id\":\"https:\/\/pablocarpintero.es\/producto\/826\/\",\"url\":\"https:\/\/pablocarpintero.es\/producto\/826\/\",\"name\":\"Punteiro dos gaiteiros de Pedrazales (Seabra) - Pablo Carpintero\",\"isPartOf\":{\"@id\":\"https:\/\/pablocarpintero.es\/#website\"},\"primaryImageOfPage\":{\"@id\":\"https:\/\/pablocarpintero.es\/producto\/826\/#primaryimage\"},\"image\":{\"@id\":\"https:\/\/pablocarpintero.es\/producto\/826\/#primaryimage\"},\"thumbnailUrl\":\"https:\/\/pablocarpintero.es\/wp-content\/uploads\/2021\/11\/Punteiro-de-Pedrazales-Pablo-Carpintero-scaled.jpg\",\"datePublished\":\"2021-11-08T07:56:09+00:00\",\"dateModified\":\"2025-12-02T08:36:38+00:00\",\"breadcrumb\":{\"@id\":\"https:\/\/pablocarpintero.es\/producto\/826\/#breadcrumb\"},\"inLanguage\":\"es\",\"potentialAction\":[{\"@type\":\"ReadAction\",\"target\":[\"https:\/\/pablocarpintero.es\/producto\/826\/\"]}]},{\"@type\":\"ImageObject\",\"inLanguage\":\"es\",\"@id\":\"https:\/\/pablocarpintero.es\/producto\/826\/#primaryimage\",\"url\":\"https:\/\/pablocarpintero.es\/wp-content\/uploads\/2021\/11\/Punteiro-de-Pedrazales-Pablo-Carpintero-scaled.jpg\",\"contentUrl\":\"https:\/\/pablocarpintero.es\/wp-content\/uploads\/2021\/11\/Punteiro-de-Pedrazales-Pablo-Carpintero-scaled.jpg\",\"width\":1920,\"height\":2560},{\"@type\":\"BreadcrumbList\",\"@id\":\"https:\/\/pablocarpintero.es\/producto\/826\/#breadcrumb\",\"itemListElement\":[{\"@type\":\"ListItem\",\"position\":1,\"name\":\"Portada\",\"item\":\"https:\/\/pablocarpintero.es\/inicio\/\"},{\"@type\":\"ListItem\",\"position\":2,\"name\":\"Tienda\",\"item\":\"https:\/\/pablocarpintero.es\/tienda\/\"},{\"@type\":\"ListItem\",\"position\":3,\"name\":\"Punteiro dos gaiteiros de Pedrazales (Seabra)\"}]},{\"@type\":\"WebSite\",\"@id\":\"https:\/\/pablocarpintero.es\/#website\",\"url\":\"https:\/\/pablocarpintero.es\/\",\"name\":\"Pablo Carpintero\",\"description\":\"Otro sitio realizado con WordPress\",\"potentialAction\":[{\"@type\":\"SearchAction\",\"target\":{\"@type\":\"EntryPoint\",\"urlTemplate\":\"https:\/\/pablocarpintero.es\/?s={search_term_string}\"},\"query-input\":{\"@type\":\"PropertyValueSpecification\",\"valueRequired\":true,\"valueName\":\"search_term_string\"}}],\"inLanguage\":\"es\"}]}<\/script>\n<!-- \/ Yoast SEO plugin. -->","yoast_head_json":{"title":"Punteiro dos gaiteiros de Pedrazales (Seabra) - Pablo Carpintero","robots":{"index":"index","follow":"follow","max-snippet":"max-snippet:-1","max-image-preview":"max-image-preview:large","max-video-preview":"max-video-preview:-1"},"canonical":"https:\/\/pablocarpintero.es\/es\/producto\/826\/","og_locale":"es_ES","og_type":"article","og_title":"Punteiro dos gaiteiros de Pedrazales (Seabra) - Pablo Carpintero","og_description":"Este punteiro \u00e9 unha r\u00e9plica dun conservado no Museo de Paco D\u00edez e que foi fabricado polos irm\u00e1ns Modesto e Tarsicio Espada de Pedrazales (Seabra), m\u00e1is co\u00f1ecidos polos Gaiteros de Pedrazales. Tr\u00e1tase dun curioso instrumento cunha forma semellante a unha dulzaina. Ten a t\u00f3nica preto do Sib e toca cunha escala en modo portugu\u00e9s, \u00e9 [&hellip;]","og_url":"https:\/\/pablocarpintero.es\/es\/producto\/826\/","og_site_name":"Pablo Carpintero","article_modified_time":"2025-12-02T08:36:38+00:00","og_image":[{"width":1920,"height":2560,"url":"https:\/\/pablocarpintero.es\/wp-content\/uploads\/2021\/11\/Punteiro-de-Pedrazales-Pablo-Carpintero-scaled.jpg","type":"image\/jpeg"}],"twitter_card":"summary_large_image","twitter_misc":{"Tiempo de lectura":"1 minuto"},"schema":{"@context":"https:\/\/schema.org","@graph":[{"@type":"WebPage","@id":"https:\/\/pablocarpintero.es\/producto\/826\/","url":"https:\/\/pablocarpintero.es\/producto\/826\/","name":"Punteiro dos gaiteiros de Pedrazales (Seabra) - Pablo Carpintero","isPartOf":{"@id":"https:\/\/pablocarpintero.es\/#website"},"primaryImageOfPage":{"@id":"https:\/\/pablocarpintero.es\/producto\/826\/#primaryimage"},"image":{"@id":"https:\/\/pablocarpintero.es\/producto\/826\/#primaryimage"},"thumbnailUrl":"https:\/\/pablocarpintero.es\/wp-content\/uploads\/2021\/11\/Punteiro-de-Pedrazales-Pablo-Carpintero-scaled.jpg","datePublished":"2021-11-08T07:56:09+00:00","dateModified":"2025-12-02T08:36:38+00:00","breadcrumb":{"@id":"https:\/\/pablocarpintero.es\/producto\/826\/#breadcrumb"},"inLanguage":"es","potentialAction":[{"@type":"ReadAction","target":["https:\/\/pablocarpintero.es\/producto\/826\/"]}]},{"@type":"ImageObject","inLanguage":"es","@id":"https:\/\/pablocarpintero.es\/producto\/826\/#primaryimage","url":"https:\/\/pablocarpintero.es\/wp-content\/uploads\/2021\/11\/Punteiro-de-Pedrazales-Pablo-Carpintero-scaled.jpg","contentUrl":"https:\/\/pablocarpintero.es\/wp-content\/uploads\/2021\/11\/Punteiro-de-Pedrazales-Pablo-Carpintero-scaled.jpg","width":1920,"height":2560},{"@type":"BreadcrumbList","@id":"https:\/\/pablocarpintero.es\/producto\/826\/#breadcrumb","itemListElement":[{"@type":"ListItem","position":1,"name":"Portada","item":"https:\/\/pablocarpintero.es\/inicio\/"},{"@type":"ListItem","position":2,"name":"Tienda","item":"https:\/\/pablocarpintero.es\/tienda\/"},{"@type":"ListItem","position":3,"name":"Punteiro dos gaiteiros de Pedrazales (Seabra)"}]},{"@type":"WebSite","@id":"https:\/\/pablocarpintero.es\/#website","url":"https:\/\/pablocarpintero.es\/","name":"Pablo Carpintero","description":"Otro sitio realizado con WordPress","potentialAction":[{"@type":"SearchAction","target":{"@type":"EntryPoint","urlTemplate":"https:\/\/pablocarpintero.es\/?s={search_term_string}"},"query-input":{"@type":"PropertyValueSpecification","valueRequired":true,"valueName":"search_term_string"}}],"inLanguage":"es"}]}},"_links":{"self":[{"href":"https:\/\/pablocarpintero.es\/es\/wp-json\/wp\/v2\/product\/826","targetHints":{"allow":["GET"]}}],"collection":[{"href":"https:\/\/pablocarpintero.es\/es\/wp-json\/wp\/v2\/product"}],"about":[{"href":"https:\/\/pablocarpintero.es\/es\/wp-json\/wp\/v2\/types\/product"}],"replies":[{"embeddable":true,"href":"https:\/\/pablocarpintero.es\/es\/wp-json\/wp\/v2\/comments?post=826"}],"wp:featuredmedia":[{"embeddable":true,"href":"https:\/\/pablocarpintero.es\/es\/wp-json\/wp\/v2\/media\/827"}],"wp:attachment":[{"href":"https:\/\/pablocarpintero.es\/es\/wp-json\/wp\/v2\/media?parent=826"}],"wp:term":[{"taxonomy":"product_brand","embeddable":true,"href":"https:\/\/pablocarpintero.es\/es\/wp-json\/wp\/v2\/product_brand?post=826"},{"taxonomy":"product_cat","embeddable":true,"href":"https:\/\/pablocarpintero.es\/es\/wp-json\/wp\/v2\/product_cat?post=826"},{"taxonomy":"product_tag","embeddable":true,"href":"https:\/\/pablocarpintero.es\/es\/wp-json\/wp\/v2\/product_tag?post=826"}],"curies":[{"name":"wp","href":"https:\/\/api.w.org\/{rel}","templated":true}]}}