{"id":853,"date":"2021-11-09T05:53:27","date_gmt":"2021-11-09T05:53:27","guid":{"rendered":"https:\/\/pablocarpintero.es\/?post_type=product&#038;p=853"},"modified":"2024-09-08T22:17:53","modified_gmt":"2024-09-08T22:17:53","slug":"gaita-de-fol-do-artesan-silva-de-lisboa","status":"publish","type":"product","link":"https:\/\/pablocarpintero.es\/es\/producto\/gaita-de-fol-do-artesan-silva-de-lisboa\/","title":{"rendered":"Gaita de fuelle del artesano Silva de Lisboa"},"content":{"rendered":"<p>Manuel Ant\u00f3nio da Silva era un fabricante de instrumentos musicales con sede en Lisboa. En 1807 fund\u00f3 un taller y casa de ventas que existi\u00f3 durante m\u00e1s de setenta a\u00f1os en la R\u00faa do Loreto, en la esquina de la R\u00faa do Norte. Construy\u00f3 principalmente flautas, clarinetes, oboes y fagotes, pero tambi\u00e9n gaitas de las que nos han llegado algunos ejemplares. El que os mostramos acab\u00f3 en un caj\u00f3n del taller de Modesto S\u00e1nchez, compa\u00f1ero gaitero de Faustino Santalices y actualmente est\u00e1 en la colecci\u00f3n de nuestros amigos C\u00e1stor y F\u00e9lix Castrovicente.\u00a0<span class=\"Apple-converted-space\">\u00a0<\/span><\/p>\n<p>Es una gaita de fuelle redonda, con un excelente sonido, gran volumen sonoro y una rapidez muy notable en la emisi\u00f3n de las notas; la t\u00f3nica est\u00e1 muy cerca del Do# y su escala es un modo portugu\u00e9s, es decir, tiene todos los grados casi temperados excepto el tercero que es neutro y la sensible que est\u00e1 bastante baja, concretamente a 160 cents de la t\u00f3nica, es decir, casi una subt\u00f3nica. Su torneado corresponde al b\u00e1sico del noroeste y tiene uno de los soplillos m\u00e1s hermosos que hemos visto. En la imagen se puede ver la restauraci\u00f3n que hicimos de este maravilloso instrumento.<\/p>\n<p>Aqu\u00ed pod\u00e9is escuchar una de las r\u00e9plicas que hemos hecho de este instrumento<\/p>\n<div  class='avia-video av-b32ed-9271ebcd46327dddb4b773dc32bd938e avia-video-16-9 av-no-preview-image avia-video-load-always av-lazyload-immediate av-lazyload-video-embed'  itemprop=\"video\" itemtype=\"https:\/\/schema.org\/VideoObject\"  data-original_url='https:\/\/www.youtube.com\/watch?v=zSpO--EQAKU'><script type='text\/html' class='av-video-tmpl'><div class='avia-iframe-wrap'><iframe loading=\"lazy\" title=\"Replica da gaita fabricada pelo artes\u00e3o Silva (Lisboa, s. XIX).\" width=\"1500\" height=\"844\" src=\"https:\/\/www.youtube.com\/embed\/zSpO--EQAKU?feature=oembed&autoplay=0&loop=0&controls=1&mute=0\" frameborder=\"0\" allow=\"accelerometer; autoplay; clipboard-write; encrypted-media; gyroscope; picture-in-picture\" allowfullscreen><\/iframe><\/div><\/script><div class='av-click-to-play-overlay'><div class=\"avia_playpause_icon\"><\/div><\/div><\/div>\n<p>&nbsp;<\/p>\n<p class=\"p1\"><strong>Compra por encargo<\/strong><\/p>\n<p class=\"p1\">Debido a las caracter\u00edsticas de las gaitas de fuelle antiguas, estas no tienen un precio fijo asignado, que depender\u00e1 del tipo de madera y de otras caracter\u00edsticas est\u00e9ticas que puedes escoger como anillados en diferentes materiales, flecos o ribeteados de los vestidos. Todas las r\u00e9plicas de gaitas de fuelle tienen una demora que depende de nuestra lista de espera. Consulta con nosotros para saber m\u00e1s.<\/p>\n<div  class='avia-button-wrap av-7w2e1-2cfff7366207172118f91cc6d7012c90-wrap avia-button-center  avia-builder-el-1  el_after_av_video  avia-builder-el-last'><a href='https:\/\/pablocarpintero.es\/es\/contactar\/'  class='avia-button av-7w2e1-2cfff7366207172118f91cc6d7012c90 avia-icon_select-yes-left-icon avia-size-small avia-position-center avia-color-theme-color'  ><span class='avia_button_icon avia_button_icon_left' aria-hidden='true' data-av_icon='\ue81f' data-av_iconfont='entypo-fontello'><\/span><span class='avia_iconbox_title' >Solicita informaci\u00f3n de precios<\/span><\/a><\/div>\n<p>&nbsp;<\/p>","protected":false},"excerpt":{"rendered":"<p>Manuel Ant\u00f3nio da Silva foi un fabricante de instrumentos musicais establecido en Lisboa. En\u00a01807 fundou un taller e casa de venda que durante m\u00e1is de setenta anos existiu na r\u00faa do Loreto, \u00e1 esquina da rua do Norte. Constru\u00eda principalmente frautas, clarinetes, \u00f3boes e fagotes, pero tam\u00e9n gaitas de fol das que chegaron a n\u00f3s [&hellip;]<\/p>\n","protected":false},"featured_media":854,"comment_status":"open","ping_status":"closed","template":"","meta":{"give_campaign_id":0,"_joinchat":[]},"product_brand":[],"product_cat":[20,18,21,25],"product_tag":[],"class_list":{"0":"post-853","1":"product","2":"type-product","3":"status-publish","4":"has-post-thumbnail","6":"product_cat-gaitas-de-fol","7":"product_cat-instrumentos-musicales","8":"product_cat-replicas-de-gaitas-de-fol-antigas","9":"product_cat-replicas-de-gaitas-portuguesas","11":"first","12":"instock","13":"taxable","14":"shipping-taxable","15":"product-type-simple"},"yoast_head":"<!-- This site is optimized with the Yoast SEO plugin v27.2 - https:\/\/yoast.com\/product\/yoast-seo-wordpress\/ -->\n<title>Gaita de fol do artes\u00e1n Silva de Lisboa - Pablo Carpintero<\/title>\n<meta name=\"robots\" content=\"index, follow, max-snippet:-1, max-image-preview:large, max-video-preview:-1\" \/>\n<link rel=\"canonical\" href=\"https:\/\/pablocarpintero.es\/es\/producto\/gaita-de-fol-do-artesan-silva-de-lisboa\/\" \/>\n<meta property=\"og:locale\" content=\"es_ES\" \/>\n<meta property=\"og:type\" content=\"article\" \/>\n<meta property=\"og:title\" content=\"Gaita de fol do artes\u00e1n Silva de Lisboa - Pablo Carpintero\" \/>\n<meta property=\"og:description\" content=\"Manuel Ant\u00f3nio da Silva foi un fabricante de instrumentos musicais establecido en Lisboa. En\u00a01807 fundou un taller e casa de venda que durante m\u00e1is de setenta anos existiu na r\u00faa do Loreto, \u00e1 esquina da rua do Norte. Constru\u00eda principalmente frautas, clarinetes, \u00f3boes e fagotes, pero tam\u00e9n gaitas de fol das que chegaron a n\u00f3s [&hellip;]\" \/>\n<meta property=\"og:url\" content=\"https:\/\/pablocarpintero.es\/es\/producto\/gaita-de-fol-do-artesan-silva-de-lisboa\/\" \/>\n<meta property=\"og:site_name\" content=\"Pablo Carpintero\" \/>\n<meta property=\"article:modified_time\" content=\"2024-09-08T22:17:53+00:00\" \/>\n<meta property=\"og:image\" content=\"https:\/\/pablocarpintero.es\/wp-content\/uploads\/2021\/11\/Gaita-Pablo-carpintero.jpg\" \/>\n\t<meta property=\"og:image:width\" content=\"2005\" \/>\n\t<meta property=\"og:image:height\" content=\"1339\" \/>\n\t<meta property=\"og:image:type\" content=\"image\/jpeg\" \/>\n<meta name=\"twitter:card\" content=\"summary_large_image\" \/>\n<meta name=\"twitter:label1\" content=\"Tiempo de lectura\" \/>\n\t<meta name=\"twitter:data1\" content=\"3 minutos\" \/>\n<script type=\"application\/ld+json\" class=\"yoast-schema-graph\">{\"@context\":\"https:\/\/schema.org\",\"@graph\":[{\"@type\":\"WebPage\",\"@id\":\"https:\/\/pablocarpintero.es\/producto\/gaita-de-fol-do-artesan-silva-de-lisboa\/\",\"url\":\"https:\/\/pablocarpintero.es\/producto\/gaita-de-fol-do-artesan-silva-de-lisboa\/\",\"name\":\"Gaita de fol do artes\u00e1n Silva de Lisboa - Pablo Carpintero\",\"isPartOf\":{\"@id\":\"https:\/\/pablocarpintero.es\/#website\"},\"primaryImageOfPage\":{\"@id\":\"https:\/\/pablocarpintero.es\/producto\/gaita-de-fol-do-artesan-silva-de-lisboa\/#primaryimage\"},\"image\":{\"@id\":\"https:\/\/pablocarpintero.es\/producto\/gaita-de-fol-do-artesan-silva-de-lisboa\/#primaryimage\"},\"thumbnailUrl\":\"https:\/\/pablocarpintero.es\/wp-content\/uploads\/2021\/11\/Gaita-Pablo-carpintero.jpg\",\"datePublished\":\"2021-11-09T05:53:27+00:00\",\"dateModified\":\"2024-09-08T22:17:53+00:00\",\"breadcrumb\":{\"@id\":\"https:\/\/pablocarpintero.es\/producto\/gaita-de-fol-do-artesan-silva-de-lisboa\/#breadcrumb\"},\"inLanguage\":\"es\",\"potentialAction\":[{\"@type\":\"ReadAction\",\"target\":[\"https:\/\/pablocarpintero.es\/producto\/gaita-de-fol-do-artesan-silva-de-lisboa\/\"]}]},{\"@type\":\"ImageObject\",\"inLanguage\":\"es\",\"@id\":\"https:\/\/pablocarpintero.es\/producto\/gaita-de-fol-do-artesan-silva-de-lisboa\/#primaryimage\",\"url\":\"https:\/\/pablocarpintero.es\/wp-content\/uploads\/2021\/11\/Gaita-Pablo-carpintero.jpg\",\"contentUrl\":\"https:\/\/pablocarpintero.es\/wp-content\/uploads\/2021\/11\/Gaita-Pablo-carpintero.jpg\",\"width\":2005,\"height\":1339},{\"@type\":\"BreadcrumbList\",\"@id\":\"https:\/\/pablocarpintero.es\/producto\/gaita-de-fol-do-artesan-silva-de-lisboa\/#breadcrumb\",\"itemListElement\":[{\"@type\":\"ListItem\",\"position\":1,\"name\":\"Portada\",\"item\":\"https:\/\/pablocarpintero.es\/inicio\/\"},{\"@type\":\"ListItem\",\"position\":2,\"name\":\"Tienda\",\"item\":\"https:\/\/pablocarpintero.es\/tienda\/\"},{\"@type\":\"ListItem\",\"position\":3,\"name\":\"Gaita de fol do artes\u00e1n Silva de Lisboa\"}]},{\"@type\":\"WebSite\",\"@id\":\"https:\/\/pablocarpintero.es\/#website\",\"url\":\"https:\/\/pablocarpintero.es\/\",\"name\":\"Pablo Carpintero\",\"description\":\"Otro sitio realizado con WordPress\",\"potentialAction\":[{\"@type\":\"SearchAction\",\"target\":{\"@type\":\"EntryPoint\",\"urlTemplate\":\"https:\/\/pablocarpintero.es\/?s={search_term_string}\"},\"query-input\":{\"@type\":\"PropertyValueSpecification\",\"valueRequired\":true,\"valueName\":\"search_term_string\"}}],\"inLanguage\":\"es\"}]}<\/script>\n<!-- \/ Yoast SEO plugin. -->","yoast_head_json":{"title":"Gaita de fol do artes\u00e1n Silva de Lisboa - Pablo Carpintero","robots":{"index":"index","follow":"follow","max-snippet":"max-snippet:-1","max-image-preview":"max-image-preview:large","max-video-preview":"max-video-preview:-1"},"canonical":"https:\/\/pablocarpintero.es\/es\/producto\/gaita-de-fol-do-artesan-silva-de-lisboa\/","og_locale":"es_ES","og_type":"article","og_title":"Gaita de fol do artes\u00e1n Silva de Lisboa - Pablo Carpintero","og_description":"Manuel Ant\u00f3nio da Silva foi un fabricante de instrumentos musicais establecido en Lisboa. En\u00a01807 fundou un taller e casa de venda que durante m\u00e1is de setenta anos existiu na r\u00faa do Loreto, \u00e1 esquina da rua do Norte. Constru\u00eda principalmente frautas, clarinetes, \u00f3boes e fagotes, pero tam\u00e9n gaitas de fol das que chegaron a n\u00f3s [&hellip;]","og_url":"https:\/\/pablocarpintero.es\/es\/producto\/gaita-de-fol-do-artesan-silva-de-lisboa\/","og_site_name":"Pablo Carpintero","article_modified_time":"2024-09-08T22:17:53+00:00","og_image":[{"width":2005,"height":1339,"url":"https:\/\/pablocarpintero.es\/wp-content\/uploads\/2021\/11\/Gaita-Pablo-carpintero.jpg","type":"image\/jpeg"}],"twitter_card":"summary_large_image","twitter_misc":{"Tiempo de lectura":"3 minutos"},"schema":{"@context":"https:\/\/schema.org","@graph":[{"@type":"WebPage","@id":"https:\/\/pablocarpintero.es\/producto\/gaita-de-fol-do-artesan-silva-de-lisboa\/","url":"https:\/\/pablocarpintero.es\/producto\/gaita-de-fol-do-artesan-silva-de-lisboa\/","name":"Gaita de fol do artes\u00e1n Silva de Lisboa - Pablo Carpintero","isPartOf":{"@id":"https:\/\/pablocarpintero.es\/#website"},"primaryImageOfPage":{"@id":"https:\/\/pablocarpintero.es\/producto\/gaita-de-fol-do-artesan-silva-de-lisboa\/#primaryimage"},"image":{"@id":"https:\/\/pablocarpintero.es\/producto\/gaita-de-fol-do-artesan-silva-de-lisboa\/#primaryimage"},"thumbnailUrl":"https:\/\/pablocarpintero.es\/wp-content\/uploads\/2021\/11\/Gaita-Pablo-carpintero.jpg","datePublished":"2021-11-09T05:53:27+00:00","dateModified":"2024-09-08T22:17:53+00:00","breadcrumb":{"@id":"https:\/\/pablocarpintero.es\/producto\/gaita-de-fol-do-artesan-silva-de-lisboa\/#breadcrumb"},"inLanguage":"es","potentialAction":[{"@type":"ReadAction","target":["https:\/\/pablocarpintero.es\/producto\/gaita-de-fol-do-artesan-silva-de-lisboa\/"]}]},{"@type":"ImageObject","inLanguage":"es","@id":"https:\/\/pablocarpintero.es\/producto\/gaita-de-fol-do-artesan-silva-de-lisboa\/#primaryimage","url":"https:\/\/pablocarpintero.es\/wp-content\/uploads\/2021\/11\/Gaita-Pablo-carpintero.jpg","contentUrl":"https:\/\/pablocarpintero.es\/wp-content\/uploads\/2021\/11\/Gaita-Pablo-carpintero.jpg","width":2005,"height":1339},{"@type":"BreadcrumbList","@id":"https:\/\/pablocarpintero.es\/producto\/gaita-de-fol-do-artesan-silva-de-lisboa\/#breadcrumb","itemListElement":[{"@type":"ListItem","position":1,"name":"Portada","item":"https:\/\/pablocarpintero.es\/inicio\/"},{"@type":"ListItem","position":2,"name":"Tienda","item":"https:\/\/pablocarpintero.es\/tienda\/"},{"@type":"ListItem","position":3,"name":"Gaita de fol do artes\u00e1n Silva de Lisboa"}]},{"@type":"WebSite","@id":"https:\/\/pablocarpintero.es\/#website","url":"https:\/\/pablocarpintero.es\/","name":"Pablo Carpintero","description":"Otro sitio realizado con WordPress","potentialAction":[{"@type":"SearchAction","target":{"@type":"EntryPoint","urlTemplate":"https:\/\/pablocarpintero.es\/?s={search_term_string}"},"query-input":{"@type":"PropertyValueSpecification","valueRequired":true,"valueName":"search_term_string"}}],"inLanguage":"es"}]}},"_links":{"self":[{"href":"https:\/\/pablocarpintero.es\/es\/wp-json\/wp\/v2\/product\/853","targetHints":{"allow":["GET"]}}],"collection":[{"href":"https:\/\/pablocarpintero.es\/es\/wp-json\/wp\/v2\/product"}],"about":[{"href":"https:\/\/pablocarpintero.es\/es\/wp-json\/wp\/v2\/types\/product"}],"replies":[{"embeddable":true,"href":"https:\/\/pablocarpintero.es\/es\/wp-json\/wp\/v2\/comments?post=853"}],"wp:featuredmedia":[{"embeddable":true,"href":"https:\/\/pablocarpintero.es\/es\/wp-json\/wp\/v2\/media\/854"}],"wp:attachment":[{"href":"https:\/\/pablocarpintero.es\/es\/wp-json\/wp\/v2\/media?parent=853"}],"wp:term":[{"taxonomy":"product_brand","embeddable":true,"href":"https:\/\/pablocarpintero.es\/es\/wp-json\/wp\/v2\/product_brand?post=853"},{"taxonomy":"product_cat","embeddable":true,"href":"https:\/\/pablocarpintero.es\/es\/wp-json\/wp\/v2\/product_cat?post=853"},{"taxonomy":"product_tag","embeddable":true,"href":"https:\/\/pablocarpintero.es\/es\/wp-json\/wp\/v2\/product_tag?post=853"}],"curies":[{"name":"wp","href":"https:\/\/api.w.org\/{rel}","templated":true}]}}