{"id":858,"date":"2021-11-09T06:21:53","date_gmt":"2021-11-09T06:21:53","guid":{"rendered":"https:\/\/pablocarpintero.es\/?post_type=product&#038;p=858"},"modified":"2025-12-02T08:36:59","modified_gmt":"2025-12-02T08:36:59","slug":"punteiro-basilio-carril-no1","status":"publish","type":"product","link":"https:\/\/pablocarpintero.es\/es\/producto\/punteiro-basilio-carril-no1\/","title":{"rendered":"Puntera Basilio Carril n\u00ba1"},"content":{"rendered":"<p>A lo largo de su vida Basilio Carril, como gran gaitero y artesano que era, busc\u00f3 incesantemente un modelo de puntero que satisficiera sus necesidades como gaitero. Basilio era natural de A Cela (San Miguel de Vilantime, Arz\u00faa) donde naci\u00f3 en el 1914, hijo de Ram\u00f3n Carril, tambi\u00e9n gaitero y artesano. En el 1919 vino para Santiago donde desarroll\u00f3 una carrera brillante como artesano y gaitero. Fue sin duda el mejor artesano de su \u00e9poca y tambi\u00e9n uno de los mejores gaiteros de Galicia en compa\u00f1\u00eda de su inseparable Juan Bello Mallou.<span class=\"Apple-converted-space\">\u00a0<\/span><\/p>\n<p>Basilio Carril desarroll\u00f3 punteros temperados y crom\u00e1ticos en muchas tonalidades, de hecho fue el primer artesano en conseguir este logro. Fabric\u00f3 peque\u00f1os punteros en Fa y Mi agudo, en Re, Do#, Sib y La.<span class=\"Apple-converted-space\">\u00a0 <\/span>Entre los a\u00f1os 50 y 70 Basilio fabric\u00f3 muchos punteros de Do diferentes, fue desde luego el modelo sobre lo que m\u00e1s trabaj\u00f3, sin duda en busca de una escala perfectamente temperada y crom\u00e1tica, que permitiera a los gaiteros interpretar todo tipo de melod\u00edas a d\u00fao; pero tambi\u00e9n unas caracter\u00edsticas sonoras que a \u00e9l le parecieron superiores a las de los punteros que su padre fabricaba o a los que hab\u00eda disponibles en esta \u00e9poca. Tenemos documentados m\u00e1s de cinco modelos de punteros de Do temperados y crom\u00e1ticos y totalmente diferentes, fruto de esta b\u00fasqueda e investigaci\u00f3n, lo que demuestra el gran trabajo que Basilio hizo por la gaita gallega moderna de la que es padre indiscutible. Este artesano fue variando tambi\u00e9n el tipo de pajuela que empleaba en estos punteros, desde la cuadrada tradicional de Compostela, hasta una triangular y larga, m\u00e1s semejante a la de un oboe, que le desarroll\u00f3 el clarinetista de la banda de Santiago Olimpio Carril (que no era familiar de Basilio), pajuela que despu\u00e9s fue imitada por otros constructores de pajuelas como Herme o Rub\u00e9n durante el resurgimiento que la gaita gallega sufri\u00f3 en los a\u00f1os 70.<\/p>\n<p>&nbsp;<\/p>\n<p><img loading=\"lazy\" decoding=\"async\" class=\"wp-image-1695 aligncenter\" src=\"https:\/\/pablocarpintero.es\/wp-content\/uploads\/2021\/11\/23-Punteiros-Basilio-Pablo-Carpintero-300x122.jpg\" alt=\"\" width=\"809\" height=\"329\" srcset=\"https:\/\/pablocarpintero.es\/wp-content\/uploads\/2021\/11\/23-Punteiros-Basilio-Pablo-Carpintero-300x122.jpg 300w, https:\/\/pablocarpintero.es\/wp-content\/uploads\/2021\/11\/23-Punteiros-Basilio-Pablo-Carpintero-600x243.jpg 600w, https:\/\/pablocarpintero.es\/wp-content\/uploads\/2021\/11\/23-Punteiros-Basilio-Pablo-Carpintero-1030x418.jpg 1030w, https:\/\/pablocarpintero.es\/wp-content\/uploads\/2021\/11\/23-Punteiros-Basilio-Pablo-Carpintero-768x312.jpg 768w, https:\/\/pablocarpintero.es\/wp-content\/uploads\/2021\/11\/23-Punteiros-Basilio-Pablo-Carpintero-1536x623.jpg 1536w, https:\/\/pablocarpintero.es\/wp-content\/uploads\/2021\/11\/23-Punteiros-Basilio-Pablo-Carpintero-2048x831.jpg 2048w, https:\/\/pablocarpintero.es\/wp-content\/uploads\/2021\/11\/23-Punteiros-Basilio-Pablo-Carpintero-18x7.jpg 18w, https:\/\/pablocarpintero.es\/wp-content\/uploads\/2021\/11\/23-Punteiros-Basilio-Pablo-Carpintero-1500x609.jpg 1500w, https:\/\/pablocarpintero.es\/wp-content\/uploads\/2021\/11\/23-Punteiros-Basilio-Pablo-Carpintero-705x286.jpg 705w, https:\/\/pablocarpintero.es\/wp-content\/uploads\/2021\/11\/23-Punteiros-Basilio-Pablo-Carpintero-1320x536.jpg 1320w\" sizes=\"auto, (max-width: 809px) 100vw, 809px\" \/><\/p>\n<p>&nbsp;<\/p>\n<p>A finales de los a\u00f1os sesenta, Basilio ya hab\u00eda desarrollado un puntero en Do temperado y crom\u00e1tico muy semejante al definitivo, que llegar\u00eda a principios de los setenta. Este puntero es m\u00e1s corto que el que actualmente fabricamos los artesanos gallegos, copia del definitivo desarrollado por Basilio, pero tiene una afinaci\u00f3n notablemente estable y un timbre m\u00e1s pleno de harm\u00f3nicos en las notas superiores, es ligero en el tocar y no requintea, pues esta caracter\u00edstica nunca estuvo entre los objetivos de Basilio ya que proced\u00eda de una zona donde este recurso no se empleaba.<\/p>\n<p>Aqu\u00ed ten\u00e9isa una historia de este grand\u00edsimo artesano, padre de la gaita gallega moderna.<\/p>\n<p>&nbsp;<\/p>\n<div  class='avia-video av-8fhte-bc4e11dba4e5415d0210e126942f4b00 avia-video-16-9 av-no-preview-image avia-video-load-always av-lazyload-immediate av-lazyload-video-embed'  itemprop=\"video\" itemtype=\"https:\/\/schema.org\/VideoObject\"  data-original_url='https:\/\/www.youtube.com\/watch?v=lHWohpcYlW8'><script type='text\/html' class='av-video-tmpl'><div class='avia-iframe-wrap'><iframe loading=\"lazy\" title=\"Basilio Carril (avance)\" width=\"1500\" height=\"844\" src=\"https:\/\/www.youtube.com\/embed\/lHWohpcYlW8?feature=oembed&autoplay=0&loop=0&controls=1&mute=0\" frameborder=\"0\" allow=\"accelerometer; autoplay; clipboard-write; encrypted-media; gyroscope; picture-in-picture\" allowfullscreen><\/iframe><\/div><\/script><div class='av-click-to-play-overlay'><div class=\"avia_playpause_icon\"><\/div><\/div><\/div>","protected":false},"excerpt":{"rendered":"<p>Ao longo da s\u00faa vida Basilio Carril, como gran gaiteiro e artes\u00e1n que era, buscou incesantemente un modelo de punteiro que satisfixera as s\u00faas necesidades como gaiteiro. Basilio era natural de A Cela (San Miguel de Vilantime, Arz\u00faa) onde naceu no 1914, fillo de Ram\u00f3n Carril, tam\u00e9n gaiteiro e artes\u00e1n. No 1919 veuse para Santiago [&hellip;]<\/p>\n","protected":false},"featured_media":937,"comment_status":"open","ping_status":"closed","template":"","meta":{"give_campaign_id":0,"_joinchat":[]},"product_brand":[],"product_cat":[20,29,18],"product_tag":[],"class_list":{"0":"post-858","1":"product","2":"type-product","3":"status-publish","4":"has-post-thumbnail","6":"product_cat-gaitas-de-fol","7":"product_cat-gaitas-de-fol-e-punteiros-galegos-con-escalas-temperadas-e-cromaticas","8":"product_cat-instrumentos-musicales","10":"first","11":"instock","12":"taxable","13":"shipping-taxable","14":"purchasable","15":"product-type-simple"},"yoast_head":"<!-- This site is optimized with the Yoast SEO plugin v27.2 - https:\/\/yoast.com\/product\/yoast-seo-wordpress\/ -->\n<title>Punteiro Basilio Carril n\u00ba1 - Pablo Carpintero<\/title>\n<meta name=\"robots\" content=\"index, follow, max-snippet:-1, max-image-preview:large, max-video-preview:-1\" \/>\n<link rel=\"canonical\" href=\"https:\/\/pablocarpintero.es\/es\/producto\/punteiro-basilio-carril-no1\/\" \/>\n<meta property=\"og:locale\" content=\"es_ES\" \/>\n<meta property=\"og:type\" content=\"article\" \/>\n<meta property=\"og:title\" content=\"Punteiro Basilio Carril n\u00ba1 - Pablo Carpintero\" \/>\n<meta property=\"og:description\" content=\"Ao longo da s\u00faa vida Basilio Carril, como gran gaiteiro e artes\u00e1n que era, buscou incesantemente un modelo de punteiro que satisfixera as s\u00faas necesidades como gaiteiro. Basilio era natural de A Cela (San Miguel de Vilantime, Arz\u00faa) onde naceu no 1914, fillo de Ram\u00f3n Carril, tam\u00e9n gaiteiro e artes\u00e1n. No 1919 veuse para Santiago [&hellip;]\" \/>\n<meta property=\"og:url\" content=\"https:\/\/pablocarpintero.es\/es\/producto\/punteiro-basilio-carril-no1\/\" \/>\n<meta property=\"og:site_name\" content=\"Pablo Carpintero\" \/>\n<meta property=\"article:modified_time\" content=\"2025-12-02T08:36:59+00:00\" \/>\n<meta property=\"og:image\" content=\"https:\/\/pablocarpintero.es\/wp-content\/uploads\/2021\/11\/DSC_5901.jpg\" \/>\n\t<meta property=\"og:image:width\" content=\"951\" \/>\n\t<meta property=\"og:image:height\" content=\"1082\" \/>\n\t<meta property=\"og:image:type\" content=\"image\/jpeg\" \/>\n<meta name=\"twitter:card\" content=\"summary_large_image\" \/>\n<meta name=\"twitter:label1\" content=\"Tiempo de lectura\" \/>\n\t<meta name=\"twitter:data1\" content=\"3 minutos\" \/>\n<script type=\"application\/ld+json\" class=\"yoast-schema-graph\">{\"@context\":\"https:\/\/schema.org\",\"@graph\":[{\"@type\":\"WebPage\",\"@id\":\"https:\/\/pablocarpintero.es\/producto\/punteiro-basilio-carril-no1\/\",\"url\":\"https:\/\/pablocarpintero.es\/producto\/punteiro-basilio-carril-no1\/\",\"name\":\"Punteiro Basilio Carril n\u00ba1 - Pablo Carpintero\",\"isPartOf\":{\"@id\":\"https:\/\/pablocarpintero.es\/#website\"},\"primaryImageOfPage\":{\"@id\":\"https:\/\/pablocarpintero.es\/producto\/punteiro-basilio-carril-no1\/#primaryimage\"},\"image\":{\"@id\":\"https:\/\/pablocarpintero.es\/producto\/punteiro-basilio-carril-no1\/#primaryimage\"},\"thumbnailUrl\":\"https:\/\/pablocarpintero.es\/wp-content\/uploads\/2021\/11\/DSC_5901.jpg\",\"datePublished\":\"2021-11-09T06:21:53+00:00\",\"dateModified\":\"2025-12-02T08:36:59+00:00\",\"breadcrumb\":{\"@id\":\"https:\/\/pablocarpintero.es\/producto\/punteiro-basilio-carril-no1\/#breadcrumb\"},\"inLanguage\":\"es\",\"potentialAction\":[{\"@type\":\"ReadAction\",\"target\":[\"https:\/\/pablocarpintero.es\/producto\/punteiro-basilio-carril-no1\/\"]}]},{\"@type\":\"ImageObject\",\"inLanguage\":\"es\",\"@id\":\"https:\/\/pablocarpintero.es\/producto\/punteiro-basilio-carril-no1\/#primaryimage\",\"url\":\"https:\/\/pablocarpintero.es\/wp-content\/uploads\/2021\/11\/DSC_5901.jpg\",\"contentUrl\":\"https:\/\/pablocarpintero.es\/wp-content\/uploads\/2021\/11\/DSC_5901.jpg\",\"width\":951,\"height\":1082},{\"@type\":\"BreadcrumbList\",\"@id\":\"https:\/\/pablocarpintero.es\/producto\/punteiro-basilio-carril-no1\/#breadcrumb\",\"itemListElement\":[{\"@type\":\"ListItem\",\"position\":1,\"name\":\"Portada\",\"item\":\"https:\/\/pablocarpintero.es\/inicio\/\"},{\"@type\":\"ListItem\",\"position\":2,\"name\":\"Tienda\",\"item\":\"https:\/\/pablocarpintero.es\/tienda\/\"},{\"@type\":\"ListItem\",\"position\":3,\"name\":\"Punteiro Basilio Carril n\u00ba1\"}]},{\"@type\":\"WebSite\",\"@id\":\"https:\/\/pablocarpintero.es\/#website\",\"url\":\"https:\/\/pablocarpintero.es\/\",\"name\":\"Pablo Carpintero\",\"description\":\"Otro sitio realizado con WordPress\",\"potentialAction\":[{\"@type\":\"SearchAction\",\"target\":{\"@type\":\"EntryPoint\",\"urlTemplate\":\"https:\/\/pablocarpintero.es\/?s={search_term_string}\"},\"query-input\":{\"@type\":\"PropertyValueSpecification\",\"valueRequired\":true,\"valueName\":\"search_term_string\"}}],\"inLanguage\":\"es\"}]}<\/script>\n<!-- \/ Yoast SEO plugin. -->","yoast_head_json":{"title":"Punteiro Basilio Carril n\u00ba1 - Pablo Carpintero","robots":{"index":"index","follow":"follow","max-snippet":"max-snippet:-1","max-image-preview":"max-image-preview:large","max-video-preview":"max-video-preview:-1"},"canonical":"https:\/\/pablocarpintero.es\/es\/producto\/punteiro-basilio-carril-no1\/","og_locale":"es_ES","og_type":"article","og_title":"Punteiro Basilio Carril n\u00ba1 - Pablo Carpintero","og_description":"Ao longo da s\u00faa vida Basilio Carril, como gran gaiteiro e artes\u00e1n que era, buscou incesantemente un modelo de punteiro que satisfixera as s\u00faas necesidades como gaiteiro. Basilio era natural de A Cela (San Miguel de Vilantime, Arz\u00faa) onde naceu no 1914, fillo de Ram\u00f3n Carril, tam\u00e9n gaiteiro e artes\u00e1n. No 1919 veuse para Santiago [&hellip;]","og_url":"https:\/\/pablocarpintero.es\/es\/producto\/punteiro-basilio-carril-no1\/","og_site_name":"Pablo Carpintero","article_modified_time":"2025-12-02T08:36:59+00:00","og_image":[{"width":951,"height":1082,"url":"https:\/\/pablocarpintero.es\/wp-content\/uploads\/2021\/11\/DSC_5901.jpg","type":"image\/jpeg"}],"twitter_card":"summary_large_image","twitter_misc":{"Tiempo de lectura":"3 minutos"},"schema":{"@context":"https:\/\/schema.org","@graph":[{"@type":"WebPage","@id":"https:\/\/pablocarpintero.es\/producto\/punteiro-basilio-carril-no1\/","url":"https:\/\/pablocarpintero.es\/producto\/punteiro-basilio-carril-no1\/","name":"Punteiro Basilio Carril n\u00ba1 - Pablo Carpintero","isPartOf":{"@id":"https:\/\/pablocarpintero.es\/#website"},"primaryImageOfPage":{"@id":"https:\/\/pablocarpintero.es\/producto\/punteiro-basilio-carril-no1\/#primaryimage"},"image":{"@id":"https:\/\/pablocarpintero.es\/producto\/punteiro-basilio-carril-no1\/#primaryimage"},"thumbnailUrl":"https:\/\/pablocarpintero.es\/wp-content\/uploads\/2021\/11\/DSC_5901.jpg","datePublished":"2021-11-09T06:21:53+00:00","dateModified":"2025-12-02T08:36:59+00:00","breadcrumb":{"@id":"https:\/\/pablocarpintero.es\/producto\/punteiro-basilio-carril-no1\/#breadcrumb"},"inLanguage":"es","potentialAction":[{"@type":"ReadAction","target":["https:\/\/pablocarpintero.es\/producto\/punteiro-basilio-carril-no1\/"]}]},{"@type":"ImageObject","inLanguage":"es","@id":"https:\/\/pablocarpintero.es\/producto\/punteiro-basilio-carril-no1\/#primaryimage","url":"https:\/\/pablocarpintero.es\/wp-content\/uploads\/2021\/11\/DSC_5901.jpg","contentUrl":"https:\/\/pablocarpintero.es\/wp-content\/uploads\/2021\/11\/DSC_5901.jpg","width":951,"height":1082},{"@type":"BreadcrumbList","@id":"https:\/\/pablocarpintero.es\/producto\/punteiro-basilio-carril-no1\/#breadcrumb","itemListElement":[{"@type":"ListItem","position":1,"name":"Portada","item":"https:\/\/pablocarpintero.es\/inicio\/"},{"@type":"ListItem","position":2,"name":"Tienda","item":"https:\/\/pablocarpintero.es\/tienda\/"},{"@type":"ListItem","position":3,"name":"Punteiro Basilio Carril n\u00ba1"}]},{"@type":"WebSite","@id":"https:\/\/pablocarpintero.es\/#website","url":"https:\/\/pablocarpintero.es\/","name":"Pablo Carpintero","description":"Otro sitio realizado con WordPress","potentialAction":[{"@type":"SearchAction","target":{"@type":"EntryPoint","urlTemplate":"https:\/\/pablocarpintero.es\/?s={search_term_string}"},"query-input":{"@type":"PropertyValueSpecification","valueRequired":true,"valueName":"search_term_string"}}],"inLanguage":"es"}]}},"_links":{"self":[{"href":"https:\/\/pablocarpintero.es\/es\/wp-json\/wp\/v2\/product\/858","targetHints":{"allow":["GET"]}}],"collection":[{"href":"https:\/\/pablocarpintero.es\/es\/wp-json\/wp\/v2\/product"}],"about":[{"href":"https:\/\/pablocarpintero.es\/es\/wp-json\/wp\/v2\/types\/product"}],"replies":[{"embeddable":true,"href":"https:\/\/pablocarpintero.es\/es\/wp-json\/wp\/v2\/comments?post=858"}],"wp:featuredmedia":[{"embeddable":true,"href":"https:\/\/pablocarpintero.es\/es\/wp-json\/wp\/v2\/media\/937"}],"wp:attachment":[{"href":"https:\/\/pablocarpintero.es\/es\/wp-json\/wp\/v2\/media?parent=858"}],"wp:term":[{"taxonomy":"product_brand","embeddable":true,"href":"https:\/\/pablocarpintero.es\/es\/wp-json\/wp\/v2\/product_brand?post=858"},{"taxonomy":"product_cat","embeddable":true,"href":"https:\/\/pablocarpintero.es\/es\/wp-json\/wp\/v2\/product_cat?post=858"},{"taxonomy":"product_tag","embeddable":true,"href":"https:\/\/pablocarpintero.es\/es\/wp-json\/wp\/v2\/product_tag?post=858"}],"curies":[{"name":"wp","href":"https:\/\/api.w.org\/{rel}","templated":true}]}}