{"id":859,"date":"2021-11-09T06:50:28","date_gmt":"2021-11-09T06:50:28","guid":{"rendered":"https:\/\/pablocarpintero.es\/?post_type=product&#038;p=859"},"modified":"2025-12-02T08:37:26","modified_gmt":"2025-12-02T08:37:26","slug":"punteiro-basilio-carril-no2-punteiro-estandar-galego","status":"publish","type":"product","link":"https:\/\/pablocarpintero.es\/es\/producto\/punteiro-basilio-carril-no2-punteiro-estandar-galego\/","title":{"rendered":"Puntera Basilio Carril n\u00ba2 (puntera est\u00e1ndar gallega)"},"content":{"rendered":"<p>A lo largo de su vida Basilio Carril, como gran gaitero y artesano que era, busc\u00f3 incesantemente un modelo de puntero que satisficiera sus necesidades como gaitero. Basilio era natural de A Cela (San Miguel de Vilantime, Arz\u00faa) donde naci\u00f3 en el 1914, hijo de Ram\u00f3n Carril, tambi\u00e9n gaitero y artesano. En el 1919 vino para Santiago donde desarroll\u00f3 una carrera brillante como artesano y gaitero. Fue sin duda el mejor artesano de su \u00e9poca y tambi\u00e9n uno de los mejores gaiteros de Galicia en compa\u00f1\u00eda de su inseparable Juan Bello Mallou.<span class=\"Apple-converted-space\">\u00a0<\/span><\/p>\n<p>Basilio Carril desarroll\u00f3 punteros temperados y crom\u00e1ticos en muchas tonalidades, de hecho fue el primer artesano en conseguir este logro. Fabric\u00f3 peque\u00f1os punteros en Fa y Mi agudo, en Re, Do#, Sib y La.<span class=\"Apple-converted-space\">\u00a0 <\/span>Entre los a\u00f1os 50 y 70 Basilio fabric\u00f3 muchos punteros de Do diferentes, fue desde luego el modelo sobre lo que m\u00e1s trabaj\u00f3, sin duda en busca de una escala perfectamente temperada y crom\u00e1tica, que permitiera a los gaiteros interpretar todo tipo de melod\u00edas a d\u00fao; pero tambi\u00e9n unas caracter\u00edsticas sonoras que a \u00e9l le parecieron superiores a las de los punteros que su padre fabricaba o a los que hab\u00eda disponibles en esta \u00e9poca. Tenemos documentados m\u00e1s de cinco modelos de punteros de Do temperados y crom\u00e1ticos y totalmente diferentes, fruto de esta b\u00fasqueda e investigaci\u00f3n, lo que demuestra el gran trabajo que Basilio hizo por la gaita gallega moderna de la que es padre indiscutible. Este artesano fue variando tambi\u00e9n el tipo de pajuela que empleaba en estos punteros, desde la cuadrada tradicional de Compostela, hasta una triangular y larga, m\u00e1s semejante a la de un oboe, que le desarroll\u00f3 el clarinetista de la banda de Santiago Olimpio Carril (que no era familiar de Basilio), pajuela que despu\u00e9s fue imitada por otros constructores de pajuelas como Herme o Rub\u00e9n durante el resurgimiento que la gaita gallega sufri\u00f3 en los a\u00f1os 70.<\/p>\n<p>&nbsp;<\/p>\n<p>&nbsp;<\/p>\n<p><img loading=\"lazy\" decoding=\"async\" class=\"wp-image-1695 aligncenter\" src=\"https:\/\/pablocarpintero.es\/wp-content\/uploads\/2021\/11\/23-Punteiros-Basilio-Pablo-Carpintero-300x122.jpg\" alt=\"\" width=\"910\" height=\"370\" srcset=\"https:\/\/pablocarpintero.es\/wp-content\/uploads\/2021\/11\/23-Punteiros-Basilio-Pablo-Carpintero-300x122.jpg 300w, https:\/\/pablocarpintero.es\/wp-content\/uploads\/2021\/11\/23-Punteiros-Basilio-Pablo-Carpintero-600x243.jpg 600w, https:\/\/pablocarpintero.es\/wp-content\/uploads\/2021\/11\/23-Punteiros-Basilio-Pablo-Carpintero-1030x418.jpg 1030w, https:\/\/pablocarpintero.es\/wp-content\/uploads\/2021\/11\/23-Punteiros-Basilio-Pablo-Carpintero-768x312.jpg 768w, https:\/\/pablocarpintero.es\/wp-content\/uploads\/2021\/11\/23-Punteiros-Basilio-Pablo-Carpintero-1536x623.jpg 1536w, https:\/\/pablocarpintero.es\/wp-content\/uploads\/2021\/11\/23-Punteiros-Basilio-Pablo-Carpintero-2048x831.jpg 2048w, https:\/\/pablocarpintero.es\/wp-content\/uploads\/2021\/11\/23-Punteiros-Basilio-Pablo-Carpintero-18x7.jpg 18w, https:\/\/pablocarpintero.es\/wp-content\/uploads\/2021\/11\/23-Punteiros-Basilio-Pablo-Carpintero-1500x609.jpg 1500w, https:\/\/pablocarpintero.es\/wp-content\/uploads\/2021\/11\/23-Punteiros-Basilio-Pablo-Carpintero-705x286.jpg 705w, https:\/\/pablocarpintero.es\/wp-content\/uploads\/2021\/11\/23-Punteiros-Basilio-Pablo-Carpintero-1320x536.jpg 1320w\" sizes=\"auto, (max-width: 910px) 100vw, 910px\" \/><\/p>\n<p>&nbsp;<\/p>\n<p>&nbsp;<\/p>\n<p>A finales de los a\u00f1os sesenta, Basilio ya hab\u00eda desarrollado una puntera en Do temperada y crom\u00e1tica, muy parecida al definitivo y que pod\u00e9is ver pinchando aqu\u00ed, pero su modelo definitivo llegar\u00eda un poco m\u00e1s tarde.<\/p>\n<p>Basilio Carril fue un gaitero y artesano de tal renombre que en los a\u00f1os 60 y 70 fue el principal fabricante de gaitas en Galicia. De su peque\u00f1o taller en la R\u00faa de San Pedro salieron gaitas para toda Galicia, para los regimientos del ej\u00e9rcito y para todos los centros gallegos. Tal fue su volumen de trabajo, que acab\u00f3 teniendo que contratar a otros artesanos gallegos para hacer sus gaitas y atender la enorme demanda que ten\u00eda; as\u00ed, los talleres de O Marreco y especialmente el de Riob\u00f3, confeccionaban piezas para sus gaitas e incluso Jos\u00e9 Seivane, que por entonces empezaba a hacer gaitas, constru\u00eda punteros para Basilio.<\/p>\n<p>Fue en esta \u00e9poca, entre finales de los sesenta y su muerte en 1974, cuando Basilio desarroll\u00f3 su puntera en Do temperada y crom\u00e1tica que, tras su muerte, siguieron fabricando y modificando  los dos artesanos que le sucedieron como fabricantes de gaitas de Galicia: Ant\u00f3n Corral y Xos\u00e9 Seivane, y que luego muchos otros artesanos posteriores, formados principalmente en la escuela de Ant\u00f3n Corral, continuaron elaborando y modificando a su vez. Se trata de la puntera de 312 mm de largo, 4.2 mm de garganta y salida de 19-20 mm, crom\u00e1tica y temperada, que luego fue ligeramente modificada por cada uno de los artesanos que la fabricaron componiendo as\u00ed una familia de punteras sumamente homog\u00e9nea, que utilizan ca\u00f1as largas y triangulares, o ligeramente cuadradas (como en la escuela de Corral). Es una puntera estable y f\u00e1cil de tocar, con un sonido dulce, pero con una notable pobreza de arm\u00f3nicos en las notas altas y poco volumen en comparaci\u00f3n con las punteras antiguas, lo que a veces es una ventaja.<\/p>\n<p>Os dejo aqu\u00ed la fotograf\u00eda de tres punteras en Do de Basilio: la primera por la derecha es una temperada y crom\u00e1tica de los a\u00f1os 60; al lado hay otra con las mismas caracter\u00edsticas pero que trabaja con ca\u00f1as grandes y cuadradas, fue su modelo de los a\u00f1os 50 y finalmente el tercero es la puntera en Do definitiva de Basilo, realizada en los a\u00f1os 70. F\u00edjate en la homogeneidad en la distribuci\u00f3n de los agujeros, en su b\u00fasqueda Basilio fue modificando todo el puntero pero mantuvo a lo largo del tiempo la disposici\u00f3n y di\u00e1metro de los agujeros.<\/p>\n<p>&nbsp;<\/p>\n<p>&nbsp;<\/p>\n<p>&nbsp;<\/p>\n<p><img loading=\"lazy\" decoding=\"async\" class=\"wp-image-867 aligncenter\" src=\"https:\/\/pablocarpintero.es\/wp-content\/uploads\/2021\/11\/Punteiros-Basilio-carril-Pablo-carpintero-160x300.jpg\" alt=\"\" width=\"485\" height=\"910\" srcset=\"https:\/\/pablocarpintero.es\/wp-content\/uploads\/2021\/11\/Punteiros-Basilio-carril-Pablo-carpintero-160x300.jpg 160w, https:\/\/pablocarpintero.es\/wp-content\/uploads\/2021\/11\/Punteiros-Basilio-carril-Pablo-carpintero-600x1127.jpg 600w, https:\/\/pablocarpintero.es\/wp-content\/uploads\/2021\/11\/Punteiros-Basilio-carril-Pablo-carpintero-549x1030.jpg 549w, https:\/\/pablocarpintero.es\/wp-content\/uploads\/2021\/11\/Punteiros-Basilio-carril-Pablo-carpintero-768x1442.jpg 768w, https:\/\/pablocarpintero.es\/wp-content\/uploads\/2021\/11\/Punteiros-Basilio-carril-Pablo-carpintero-818x1536.jpg 818w, https:\/\/pablocarpintero.es\/wp-content\/uploads\/2021\/11\/Punteiros-Basilio-carril-Pablo-carpintero-1091x2048.jpg 1091w, https:\/\/pablocarpintero.es\/wp-content\/uploads\/2021\/11\/Punteiros-Basilio-carril-Pablo-carpintero-6x12.jpg 6w, https:\/\/pablocarpintero.es\/wp-content\/uploads\/2021\/11\/Punteiros-Basilio-carril-Pablo-carpintero-799x1500.jpg 799w, https:\/\/pablocarpintero.es\/wp-content\/uploads\/2021\/11\/Punteiros-Basilio-carril-Pablo-carpintero-375x705.jpg 375w, https:\/\/pablocarpintero.es\/wp-content\/uploads\/2021\/11\/Punteiros-Basilio-carril-Pablo-carpintero-1320x2479.jpg 1320w, https:\/\/pablocarpintero.es\/wp-content\/uploads\/2021\/11\/Punteiros-Basilio-carril-Pablo-carpintero-scaled.jpg 1363w\" sizes=\"auto, (max-width: 485px) 100vw, 485px\" \/><\/p>\n<p>&nbsp;<\/p>\n<p>Basilio fue, por tanto, el padre de nuestra gaita moderna, cumpliendo as\u00ed uno de los axiomas del mundo de los artesanos de la gaita: s\u00f3lo los buenos gaiteros construyen grandes gaitas.<\/p>\n<p>Ya que Basilio desarroll\u00f3 esta puntera para digitaci\u00f3n abierta, es un modelo complejo de fabricar para digitar en cerrado, donde pierde a\u00fan m\u00e1s cualidades de sonido y estabilidad.<\/p>\n<p>&nbsp;<\/p>\n<p>&nbsp;<\/p>\n<p>&nbsp;<\/p>\n<p><span class=\"Apple-converted-space\">\u00a0<\/span><\/p>","protected":false},"excerpt":{"rendered":"<p>Ao longo da s\u00faa vida Basilio Carril, como gran gaiteiro e artes\u00e1n que era, buscou incesantemente un modelo de punteiro que satisfixera as s\u00faas necesidades como gaiteiro. Basilio era natural de A Cela (San Miguel de Vilantime, Arz\u00faa) onde naceu no 1914, fillo de Ram\u00f3n Carril, tam\u00e9n gaiteiro e artes\u00e1n. No 1919 veuse para Santiago [&hellip;]<\/p>\n","protected":false},"featured_media":868,"comment_status":"open","ping_status":"closed","template":"","meta":{"give_campaign_id":0,"_joinchat":[]},"product_brand":[],"product_cat":[20,29,18],"product_tag":[],"class_list":{"0":"post-859","1":"product","2":"type-product","3":"status-publish","4":"has-post-thumbnail","6":"product_cat-gaitas-de-fol","7":"product_cat-gaitas-de-fol-e-punteiros-galegos-con-escalas-temperadas-e-cromaticas","8":"product_cat-instrumentos-musicales","10":"first","11":"instock","12":"taxable","13":"shipping-taxable","14":"purchasable","15":"product-type-simple"},"yoast_head":"<!-- This site is optimized with the Yoast SEO plugin v27.2 - https:\/\/yoast.com\/product\/yoast-seo-wordpress\/ -->\n<title>Punteiro Basilio Carril n\u00ba2 (punteiro est\u00e1ndar galego) - Pablo Carpintero<\/title>\n<meta name=\"robots\" content=\"index, follow, max-snippet:-1, max-image-preview:large, max-video-preview:-1\" \/>\n<link rel=\"canonical\" href=\"https:\/\/pablocarpintero.es\/es\/producto\/punteiro-basilio-carril-no2-punteiro-estandar-galego\/\" \/>\n<meta property=\"og:locale\" content=\"es_ES\" \/>\n<meta property=\"og:type\" content=\"article\" \/>\n<meta property=\"og:title\" content=\"Punteiro Basilio Carril n\u00ba2 (punteiro est\u00e1ndar galego) - Pablo Carpintero\" \/>\n<meta property=\"og:description\" content=\"Ao longo da s\u00faa vida Basilio Carril, como gran gaiteiro e artes\u00e1n que era, buscou incesantemente un modelo de punteiro que satisfixera as s\u00faas necesidades como gaiteiro. Basilio era natural de A Cela (San Miguel de Vilantime, Arz\u00faa) onde naceu no 1914, fillo de Ram\u00f3n Carril, tam\u00e9n gaiteiro e artes\u00e1n. No 1919 veuse para Santiago [&hellip;]\" \/>\n<meta property=\"og:url\" content=\"https:\/\/pablocarpintero.es\/es\/producto\/punteiro-basilio-carril-no2-punteiro-estandar-galego\/\" \/>\n<meta property=\"og:site_name\" content=\"Pablo Carpintero\" \/>\n<meta property=\"article:modified_time\" content=\"2025-12-02T08:37:26+00:00\" \/>\n<meta property=\"og:image\" content=\"https:\/\/pablocarpintero.es\/wp-content\/uploads\/2021\/11\/Punteiro-Basilio-Carril-Pablo-Carpintero-1-scaled.jpg\" \/>\n\t<meta property=\"og:image:width\" content=\"474\" \/>\n\t<meta property=\"og:image:height\" content=\"2560\" \/>\n\t<meta property=\"og:image:type\" content=\"image\/jpeg\" \/>\n<meta name=\"twitter:card\" content=\"summary_large_image\" \/>\n<meta name=\"twitter:label1\" content=\"Tiempo de lectura\" \/>\n\t<meta name=\"twitter:data1\" content=\"4 minutos\" \/>\n<script type=\"application\/ld+json\" class=\"yoast-schema-graph\">{\"@context\":\"https:\/\/schema.org\",\"@graph\":[{\"@type\":\"WebPage\",\"@id\":\"https:\/\/pablocarpintero.es\/producto\/punteiro-basilio-carril-no2-punteiro-estandar-galego\/\",\"url\":\"https:\/\/pablocarpintero.es\/producto\/punteiro-basilio-carril-no2-punteiro-estandar-galego\/\",\"name\":\"Punteiro Basilio Carril n\u00ba2 (punteiro est\u00e1ndar galego) - Pablo Carpintero\",\"isPartOf\":{\"@id\":\"https:\/\/pablocarpintero.es\/#website\"},\"primaryImageOfPage\":{\"@id\":\"https:\/\/pablocarpintero.es\/producto\/punteiro-basilio-carril-no2-punteiro-estandar-galego\/#primaryimage\"},\"image\":{\"@id\":\"https:\/\/pablocarpintero.es\/producto\/punteiro-basilio-carril-no2-punteiro-estandar-galego\/#primaryimage\"},\"thumbnailUrl\":\"https:\/\/pablocarpintero.es\/wp-content\/uploads\/2021\/11\/Punteiro-Basilio-Carril-Pablo-Carpintero-1-scaled.jpg\",\"datePublished\":\"2021-11-09T06:50:28+00:00\",\"dateModified\":\"2025-12-02T08:37:26+00:00\",\"breadcrumb\":{\"@id\":\"https:\/\/pablocarpintero.es\/producto\/punteiro-basilio-carril-no2-punteiro-estandar-galego\/#breadcrumb\"},\"inLanguage\":\"es\",\"potentialAction\":[{\"@type\":\"ReadAction\",\"target\":[\"https:\/\/pablocarpintero.es\/producto\/punteiro-basilio-carril-no2-punteiro-estandar-galego\/\"]}]},{\"@type\":\"ImageObject\",\"inLanguage\":\"es\",\"@id\":\"https:\/\/pablocarpintero.es\/producto\/punteiro-basilio-carril-no2-punteiro-estandar-galego\/#primaryimage\",\"url\":\"https:\/\/pablocarpintero.es\/wp-content\/uploads\/2021\/11\/Punteiro-Basilio-Carril-Pablo-Carpintero-1-scaled.jpg\",\"contentUrl\":\"https:\/\/pablocarpintero.es\/wp-content\/uploads\/2021\/11\/Punteiro-Basilio-Carril-Pablo-Carpintero-1-scaled.jpg\",\"width\":474,\"height\":2560},{\"@type\":\"BreadcrumbList\",\"@id\":\"https:\/\/pablocarpintero.es\/producto\/punteiro-basilio-carril-no2-punteiro-estandar-galego\/#breadcrumb\",\"itemListElement\":[{\"@type\":\"ListItem\",\"position\":1,\"name\":\"Portada\",\"item\":\"https:\/\/pablocarpintero.es\/inicio\/\"},{\"@type\":\"ListItem\",\"position\":2,\"name\":\"Tienda\",\"item\":\"https:\/\/pablocarpintero.es\/tienda\/\"},{\"@type\":\"ListItem\",\"position\":3,\"name\":\"Punteiro Basilio Carril n\u00ba2 (punteiro est\u00e1ndar galego)\"}]},{\"@type\":\"WebSite\",\"@id\":\"https:\/\/pablocarpintero.es\/#website\",\"url\":\"https:\/\/pablocarpintero.es\/\",\"name\":\"Pablo Carpintero\",\"description\":\"Otro sitio realizado con WordPress\",\"potentialAction\":[{\"@type\":\"SearchAction\",\"target\":{\"@type\":\"EntryPoint\",\"urlTemplate\":\"https:\/\/pablocarpintero.es\/?s={search_term_string}\"},\"query-input\":{\"@type\":\"PropertyValueSpecification\",\"valueRequired\":true,\"valueName\":\"search_term_string\"}}],\"inLanguage\":\"es\"}]}<\/script>\n<!-- \/ Yoast SEO plugin. -->","yoast_head_json":{"title":"Punteiro Basilio Carril n\u00ba2 (punteiro est\u00e1ndar galego) - Pablo Carpintero","robots":{"index":"index","follow":"follow","max-snippet":"max-snippet:-1","max-image-preview":"max-image-preview:large","max-video-preview":"max-video-preview:-1"},"canonical":"https:\/\/pablocarpintero.es\/es\/producto\/punteiro-basilio-carril-no2-punteiro-estandar-galego\/","og_locale":"es_ES","og_type":"article","og_title":"Punteiro Basilio Carril n\u00ba2 (punteiro est\u00e1ndar galego) - Pablo Carpintero","og_description":"Ao longo da s\u00faa vida Basilio Carril, como gran gaiteiro e artes\u00e1n que era, buscou incesantemente un modelo de punteiro que satisfixera as s\u00faas necesidades como gaiteiro. Basilio era natural de A Cela (San Miguel de Vilantime, Arz\u00faa) onde naceu no 1914, fillo de Ram\u00f3n Carril, tam\u00e9n gaiteiro e artes\u00e1n. No 1919 veuse para Santiago [&hellip;]","og_url":"https:\/\/pablocarpintero.es\/es\/producto\/punteiro-basilio-carril-no2-punteiro-estandar-galego\/","og_site_name":"Pablo Carpintero","article_modified_time":"2025-12-02T08:37:26+00:00","og_image":[{"width":474,"height":2560,"url":"https:\/\/pablocarpintero.es\/wp-content\/uploads\/2021\/11\/Punteiro-Basilio-Carril-Pablo-Carpintero-1-scaled.jpg","type":"image\/jpeg"}],"twitter_card":"summary_large_image","twitter_misc":{"Tiempo de lectura":"4 minutos"},"schema":{"@context":"https:\/\/schema.org","@graph":[{"@type":"WebPage","@id":"https:\/\/pablocarpintero.es\/producto\/punteiro-basilio-carril-no2-punteiro-estandar-galego\/","url":"https:\/\/pablocarpintero.es\/producto\/punteiro-basilio-carril-no2-punteiro-estandar-galego\/","name":"Punteiro Basilio Carril n\u00ba2 (punteiro est\u00e1ndar galego) - Pablo Carpintero","isPartOf":{"@id":"https:\/\/pablocarpintero.es\/#website"},"primaryImageOfPage":{"@id":"https:\/\/pablocarpintero.es\/producto\/punteiro-basilio-carril-no2-punteiro-estandar-galego\/#primaryimage"},"image":{"@id":"https:\/\/pablocarpintero.es\/producto\/punteiro-basilio-carril-no2-punteiro-estandar-galego\/#primaryimage"},"thumbnailUrl":"https:\/\/pablocarpintero.es\/wp-content\/uploads\/2021\/11\/Punteiro-Basilio-Carril-Pablo-Carpintero-1-scaled.jpg","datePublished":"2021-11-09T06:50:28+00:00","dateModified":"2025-12-02T08:37:26+00:00","breadcrumb":{"@id":"https:\/\/pablocarpintero.es\/producto\/punteiro-basilio-carril-no2-punteiro-estandar-galego\/#breadcrumb"},"inLanguage":"es","potentialAction":[{"@type":"ReadAction","target":["https:\/\/pablocarpintero.es\/producto\/punteiro-basilio-carril-no2-punteiro-estandar-galego\/"]}]},{"@type":"ImageObject","inLanguage":"es","@id":"https:\/\/pablocarpintero.es\/producto\/punteiro-basilio-carril-no2-punteiro-estandar-galego\/#primaryimage","url":"https:\/\/pablocarpintero.es\/wp-content\/uploads\/2021\/11\/Punteiro-Basilio-Carril-Pablo-Carpintero-1-scaled.jpg","contentUrl":"https:\/\/pablocarpintero.es\/wp-content\/uploads\/2021\/11\/Punteiro-Basilio-Carril-Pablo-Carpintero-1-scaled.jpg","width":474,"height":2560},{"@type":"BreadcrumbList","@id":"https:\/\/pablocarpintero.es\/producto\/punteiro-basilio-carril-no2-punteiro-estandar-galego\/#breadcrumb","itemListElement":[{"@type":"ListItem","position":1,"name":"Portada","item":"https:\/\/pablocarpintero.es\/inicio\/"},{"@type":"ListItem","position":2,"name":"Tienda","item":"https:\/\/pablocarpintero.es\/tienda\/"},{"@type":"ListItem","position":3,"name":"Punteiro Basilio Carril n\u00ba2 (punteiro est\u00e1ndar galego)"}]},{"@type":"WebSite","@id":"https:\/\/pablocarpintero.es\/#website","url":"https:\/\/pablocarpintero.es\/","name":"Pablo Carpintero","description":"Otro sitio realizado con WordPress","potentialAction":[{"@type":"SearchAction","target":{"@type":"EntryPoint","urlTemplate":"https:\/\/pablocarpintero.es\/?s={search_term_string}"},"query-input":{"@type":"PropertyValueSpecification","valueRequired":true,"valueName":"search_term_string"}}],"inLanguage":"es"}]}},"_links":{"self":[{"href":"https:\/\/pablocarpintero.es\/es\/wp-json\/wp\/v2\/product\/859","targetHints":{"allow":["GET"]}}],"collection":[{"href":"https:\/\/pablocarpintero.es\/es\/wp-json\/wp\/v2\/product"}],"about":[{"href":"https:\/\/pablocarpintero.es\/es\/wp-json\/wp\/v2\/types\/product"}],"replies":[{"embeddable":true,"href":"https:\/\/pablocarpintero.es\/es\/wp-json\/wp\/v2\/comments?post=859"}],"wp:featuredmedia":[{"embeddable":true,"href":"https:\/\/pablocarpintero.es\/es\/wp-json\/wp\/v2\/media\/868"}],"wp:attachment":[{"href":"https:\/\/pablocarpintero.es\/es\/wp-json\/wp\/v2\/media?parent=859"}],"wp:term":[{"taxonomy":"product_brand","embeddable":true,"href":"https:\/\/pablocarpintero.es\/es\/wp-json\/wp\/v2\/product_brand?post=859"},{"taxonomy":"product_cat","embeddable":true,"href":"https:\/\/pablocarpintero.es\/es\/wp-json\/wp\/v2\/product_cat?post=859"},{"taxonomy":"product_tag","embeddable":true,"href":"https:\/\/pablocarpintero.es\/es\/wp-json\/wp\/v2\/product_tag?post=859"}],"curies":[{"name":"wp","href":"https:\/\/api.w.org\/{rel}","templated":true}]}}