{"id":863,"date":"2021-11-09T07:01:41","date_gmt":"2021-11-09T07:01:41","guid":{"rendered":"https:\/\/pablocarpintero.es\/?post_type=product&#038;p=863"},"modified":"2026-01-29T09:55:17","modified_gmt":"2026-01-29T09:55:17","slug":"punteiro-en-do-para-dixitacion-aberta-e-pechada","status":"publish","type":"product","link":"https:\/\/pablocarpintero.es\/es\/producto\/punteiro-en-do-para-dixitacion-aberta-e-pechada\/","title":{"rendered":"Puntera en Do para abierto y cerrado"},"content":{"rendered":"<p>Mi abuelo, Jos\u00e9 Luis Arias, hab\u00eda tocado de ni\u00f1o con una gaita ronquillo de la zona de Pontevedra. La puntera de esta gaita, de agujeros muy grandes, ten\u00eda la t\u00f3nica muy cercana al Do, por lo que la aprovechamos para desarrollar nuestra puntera de Do crom\u00e1tica y temperada. Result\u00f3n una puntera muy larga y de cono interno ancho, sus paredes son muy delgadas, tiene agujeros muy grandes y funciona con una ca\u00f1a moderna en Sib. Tiene un volumen muy superior al de las punteras de Do est\u00e1ndar modernas, derivadas de la puntera desarrollada por Basilio Carril en los <a href=\"https:\/\/pablocarpintero.es\/es\/producto\/punteiro-basilio-carril-no2-punteiro-estandar-galego\/\">a\u00f1os 70<\/a>. Debido al gran tama\u00f1o de sus orificios, es una puntera que puede tocar con cualquier digitaci\u00f3n, abierta o cerrada (de cualquier tipo), sin pr\u00e1cticamente ning\u00fan cambio en su afinaci\u00f3n; no requintea bien m\u00e1s all\u00e1 del segundo grado agudo, pero es muy ligera en la emisi\u00f3n de las notas. No es una puntera tan f\u00e1cil de tocar como las est\u00e1ndar y necesita algo de aprendizaje para poder disfrutar de todas sus posibilidades. <span class=\"Apple-converted-space\">\u00a0<\/span><\/p>\n<p>&nbsp;<\/p>\n<p>En este pasodobre puedes ver como el cambio de digitaci\u00f3n no afecta al sonido ni a la afinaci\u00f3n<\/p>\n<p>&nbsp;<\/p>\n<div  class='avia-video av-20i8f-75bed675c3064134da4c492903863563 avia-video-16-9 av-no-preview-image avia-video-load-always av-lazyload-immediate av-lazyload-video-embed'  itemprop=\"video\" itemtype=\"https:\/\/schema.org\/VideoObject\"  data-original_url='https:\/\/www.youtube.com\/watch?v=oTWBsY2bP4U'><script type='text\/html' class='av-video-tmpl'><div class='avia-iframe-wrap'><iframe loading=\"lazy\" title=\"Gaita en Do pasodobre aberto e pechado\" width=\"1500\" height=\"844\" src=\"https:\/\/www.youtube.com\/embed\/oTWBsY2bP4U?feature=oembed&autoplay=0&loop=0&controls=1&mute=0\" frameborder=\"0\" allow=\"accelerometer; autoplay; clipboard-write; encrypted-media; gyroscope; picture-in-picture\" allowfullscreen><\/iframe><\/div><\/script><div class='av-click-to-play-overlay'><div class=\"avia_playpause_icon\"><\/div><\/div><\/div>\n<p>&nbsp;<\/p>\n<p>Aqu\u00ed lo tienes tocando la mui\u00f1eira de Chantada con la digitaci\u00f3n cerrada de Portela, la del centro de Galicia.<\/p>\n<div  class='avia-video av-e8oon-ea83b4c44929df5bf73258da7ea566b8 avia-video-16-9 av-no-preview-image avia-video-load-always av-lazyload-immediate av-lazyload-video-embed'  itemprop=\"video\" itemtype=\"https:\/\/schema.org\/VideoObject\"  data-original_url='https:\/\/www.youtube.com\/watch?v=ERRnb6dxqhA'><script type='text\/html' class='av-video-tmpl'><div class='avia-iframe-wrap'><iframe loading=\"lazy\" title=\"Gaita en Do  mui\u00f1eira de Chantada\" width=\"1500\" height=\"844\" src=\"https:\/\/www.youtube.com\/embed\/ERRnb6dxqhA?feature=oembed&autoplay=0&loop=0&controls=1&mute=0\" frameborder=\"0\" allow=\"accelerometer; autoplay; clipboard-write; encrypted-media; gyroscope; picture-in-picture\" allowfullscreen><\/iframe><\/div><\/script><div class='av-click-to-play-overlay'><div class=\"avia_playpause_icon\"><\/div><\/div><\/div>\n<p>&nbsp;<\/p>\n<p>La misma puntera, pero tocando con digitaci\u00f3n cerrada de Villanueva<\/p>\n<p>&nbsp;<\/p>\n<div  class='avia-video av-9ltqn-d0ab360b1bab0a43e02833084bcc201e avia-video-16-9 av-no-preview-image avia-video-load-always av-lazyload-immediate av-lazyload-video-embed'  itemprop=\"video\" itemtype=\"https:\/\/schema.org\/VideoObject\"  data-original_url='https:\/\/www.youtube.com\/watch?v=cj9uLF8a6SE'><script type='text\/html' class='av-video-tmpl'><div class='avia-iframe-wrap'><iframe loading=\"lazy\" title=\"Pablo Carpintero- Gaita en Do tocando co pechado de Pontevedra\" width=\"1500\" height=\"844\" src=\"https:\/\/www.youtube.com\/embed\/cj9uLF8a6SE?feature=oembed&autoplay=0&loop=0&controls=1&mute=0\" frameborder=\"0\" allow=\"accelerometer; autoplay; clipboard-write; encrypted-media; gyroscope; picture-in-picture\" allowfullscreen><\/iframe><\/div><\/script><div class='av-click-to-play-overlay'><div class=\"avia_playpause_icon\"><\/div><\/div><\/div>","protected":false},"excerpt":{"rendered":"<p>Meu av\u00f3, Jos\u00e9 Luis Arias, tocara de mozo nunha gaita de ronquillo da zona de Pontevedra. O punteiro desta gaita, de furados moi grandes, ti\u00f1a a t\u00f3nica moi preto de Do, por canto aproveit\u00e1molo para desenvolver o noso punteiro de Do crom\u00e1tico e temperado. \u00c9 un punteiro moi longo e de amplo cono interno, as [&hellip;]<\/p>\n","protected":false},"featured_media":939,"comment_status":"open","ping_status":"closed","template":"","meta":{"give_campaign_id":0,"_joinchat":[]},"product_brand":[],"product_cat":[20,29,18],"product_tag":[],"class_list":{"0":"post-863","1":"product","2":"type-product","3":"status-publish","4":"has-post-thumbnail","6":"product_cat-gaitas-de-fol","7":"product_cat-gaitas-de-fol-e-punteiros-galegos-con-escalas-temperadas-e-cromaticas","8":"product_cat-instrumentos-musicales","10":"first","11":"instock","12":"taxable","13":"shipping-taxable","14":"purchasable","15":"product-type-simple"},"yoast_head":"<!-- This site is optimized with the Yoast SEO plugin v27.2 - https:\/\/yoast.com\/product\/yoast-seo-wordpress\/ -->\n<title>Punteiro en Do para dixitaci\u00f3n aberta e pechada - Pablo Carpintero<\/title>\n<meta name=\"robots\" content=\"index, follow, max-snippet:-1, max-image-preview:large, max-video-preview:-1\" \/>\n<link rel=\"canonical\" href=\"https:\/\/pablocarpintero.es\/es\/producto\/punteiro-en-do-para-dixitacion-aberta-e-pechada\/\" \/>\n<meta property=\"og:locale\" content=\"es_ES\" \/>\n<meta property=\"og:type\" content=\"article\" \/>\n<meta property=\"og:title\" content=\"Punteiro en Do para dixitaci\u00f3n aberta e pechada - Pablo Carpintero\" \/>\n<meta property=\"og:description\" content=\"Meu av\u00f3, Jos\u00e9 Luis Arias, tocara de mozo nunha gaita de ronquillo da zona de Pontevedra. O punteiro desta gaita, de furados moi grandes, ti\u00f1a a t\u00f3nica moi preto de Do, por canto aproveit\u00e1molo para desenvolver o noso punteiro de Do crom\u00e1tico e temperado. \u00c9 un punteiro moi longo e de amplo cono interno, as [&hellip;]\" \/>\n<meta property=\"og:url\" content=\"https:\/\/pablocarpintero.es\/es\/producto\/punteiro-en-do-para-dixitacion-aberta-e-pechada\/\" \/>\n<meta property=\"og:site_name\" content=\"Pablo Carpintero\" \/>\n<meta property=\"article:modified_time\" content=\"2026-01-29T09:55:17+00:00\" \/>\n<meta property=\"og:image\" content=\"https:\/\/pablocarpintero.es\/wp-content\/uploads\/2021\/11\/DSC_5839.jpg\" \/>\n\t<meta property=\"og:image:width\" content=\"953\" \/>\n\t<meta property=\"og:image:height\" content=\"1815\" \/>\n\t<meta property=\"og:image:type\" content=\"image\/jpeg\" \/>\n<meta name=\"twitter:card\" content=\"summary_large_image\" \/>\n<script type=\"application\/ld+json\" class=\"yoast-schema-graph\">{\"@context\":\"https:\/\/schema.org\",\"@graph\":[{\"@type\":\"WebPage\",\"@id\":\"https:\/\/pablocarpintero.es\/producto\/punteiro-en-do-para-dixitacion-aberta-e-pechada\/\",\"url\":\"https:\/\/pablocarpintero.es\/producto\/punteiro-en-do-para-dixitacion-aberta-e-pechada\/\",\"name\":\"Punteiro en Do para dixitaci\u00f3n aberta e pechada - Pablo Carpintero\",\"isPartOf\":{\"@id\":\"https:\/\/pablocarpintero.es\/#website\"},\"primaryImageOfPage\":{\"@id\":\"https:\/\/pablocarpintero.es\/producto\/punteiro-en-do-para-dixitacion-aberta-e-pechada\/#primaryimage\"},\"image\":{\"@id\":\"https:\/\/pablocarpintero.es\/producto\/punteiro-en-do-para-dixitacion-aberta-e-pechada\/#primaryimage\"},\"thumbnailUrl\":\"https:\/\/pablocarpintero.es\/wp-content\/uploads\/2021\/11\/DSC_5839.jpg\",\"datePublished\":\"2021-11-09T07:01:41+00:00\",\"dateModified\":\"2026-01-29T09:55:17+00:00\",\"breadcrumb\":{\"@id\":\"https:\/\/pablocarpintero.es\/producto\/punteiro-en-do-para-dixitacion-aberta-e-pechada\/#breadcrumb\"},\"inLanguage\":\"es\",\"potentialAction\":[{\"@type\":\"ReadAction\",\"target\":[\"https:\/\/pablocarpintero.es\/producto\/punteiro-en-do-para-dixitacion-aberta-e-pechada\/\"]}]},{\"@type\":\"ImageObject\",\"inLanguage\":\"es\",\"@id\":\"https:\/\/pablocarpintero.es\/producto\/punteiro-en-do-para-dixitacion-aberta-e-pechada\/#primaryimage\",\"url\":\"https:\/\/pablocarpintero.es\/wp-content\/uploads\/2021\/11\/DSC_5839.jpg\",\"contentUrl\":\"https:\/\/pablocarpintero.es\/wp-content\/uploads\/2021\/11\/DSC_5839.jpg\",\"width\":953,\"height\":1815},{\"@type\":\"BreadcrumbList\",\"@id\":\"https:\/\/pablocarpintero.es\/producto\/punteiro-en-do-para-dixitacion-aberta-e-pechada\/#breadcrumb\",\"itemListElement\":[{\"@type\":\"ListItem\",\"position\":1,\"name\":\"Portada\",\"item\":\"https:\/\/pablocarpintero.es\/inicio\/\"},{\"@type\":\"ListItem\",\"position\":2,\"name\":\"Tienda\",\"item\":\"https:\/\/pablocarpintero.es\/tienda\/\"},{\"@type\":\"ListItem\",\"position\":3,\"name\":\"Punteiro en Do para dixitaci\u00f3n aberta e pechada\"}]},{\"@type\":\"WebSite\",\"@id\":\"https:\/\/pablocarpintero.es\/#website\",\"url\":\"https:\/\/pablocarpintero.es\/\",\"name\":\"Pablo Carpintero\",\"description\":\"Otro sitio realizado con WordPress\",\"potentialAction\":[{\"@type\":\"SearchAction\",\"target\":{\"@type\":\"EntryPoint\",\"urlTemplate\":\"https:\/\/pablocarpintero.es\/?s={search_term_string}\"},\"query-input\":{\"@type\":\"PropertyValueSpecification\",\"valueRequired\":true,\"valueName\":\"search_term_string\"}}],\"inLanguage\":\"es\"}]}<\/script>\n<!-- \/ Yoast SEO plugin. -->","yoast_head_json":{"title":"Punteiro en Do para dixitaci\u00f3n aberta e pechada - Pablo Carpintero","robots":{"index":"index","follow":"follow","max-snippet":"max-snippet:-1","max-image-preview":"max-image-preview:large","max-video-preview":"max-video-preview:-1"},"canonical":"https:\/\/pablocarpintero.es\/es\/producto\/punteiro-en-do-para-dixitacion-aberta-e-pechada\/","og_locale":"es_ES","og_type":"article","og_title":"Punteiro en Do para dixitaci\u00f3n aberta e pechada - Pablo Carpintero","og_description":"Meu av\u00f3, Jos\u00e9 Luis Arias, tocara de mozo nunha gaita de ronquillo da zona de Pontevedra. O punteiro desta gaita, de furados moi grandes, ti\u00f1a a t\u00f3nica moi preto de Do, por canto aproveit\u00e1molo para desenvolver o noso punteiro de Do crom\u00e1tico e temperado. \u00c9 un punteiro moi longo e de amplo cono interno, as [&hellip;]","og_url":"https:\/\/pablocarpintero.es\/es\/producto\/punteiro-en-do-para-dixitacion-aberta-e-pechada\/","og_site_name":"Pablo Carpintero","article_modified_time":"2026-01-29T09:55:17+00:00","og_image":[{"width":953,"height":1815,"url":"https:\/\/pablocarpintero.es\/wp-content\/uploads\/2021\/11\/DSC_5839.jpg","type":"image\/jpeg"}],"twitter_card":"summary_large_image","schema":{"@context":"https:\/\/schema.org","@graph":[{"@type":"WebPage","@id":"https:\/\/pablocarpintero.es\/producto\/punteiro-en-do-para-dixitacion-aberta-e-pechada\/","url":"https:\/\/pablocarpintero.es\/producto\/punteiro-en-do-para-dixitacion-aberta-e-pechada\/","name":"Punteiro en Do para dixitaci\u00f3n aberta e pechada - Pablo Carpintero","isPartOf":{"@id":"https:\/\/pablocarpintero.es\/#website"},"primaryImageOfPage":{"@id":"https:\/\/pablocarpintero.es\/producto\/punteiro-en-do-para-dixitacion-aberta-e-pechada\/#primaryimage"},"image":{"@id":"https:\/\/pablocarpintero.es\/producto\/punteiro-en-do-para-dixitacion-aberta-e-pechada\/#primaryimage"},"thumbnailUrl":"https:\/\/pablocarpintero.es\/wp-content\/uploads\/2021\/11\/DSC_5839.jpg","datePublished":"2021-11-09T07:01:41+00:00","dateModified":"2026-01-29T09:55:17+00:00","breadcrumb":{"@id":"https:\/\/pablocarpintero.es\/producto\/punteiro-en-do-para-dixitacion-aberta-e-pechada\/#breadcrumb"},"inLanguage":"es","potentialAction":[{"@type":"ReadAction","target":["https:\/\/pablocarpintero.es\/producto\/punteiro-en-do-para-dixitacion-aberta-e-pechada\/"]}]},{"@type":"ImageObject","inLanguage":"es","@id":"https:\/\/pablocarpintero.es\/producto\/punteiro-en-do-para-dixitacion-aberta-e-pechada\/#primaryimage","url":"https:\/\/pablocarpintero.es\/wp-content\/uploads\/2021\/11\/DSC_5839.jpg","contentUrl":"https:\/\/pablocarpintero.es\/wp-content\/uploads\/2021\/11\/DSC_5839.jpg","width":953,"height":1815},{"@type":"BreadcrumbList","@id":"https:\/\/pablocarpintero.es\/producto\/punteiro-en-do-para-dixitacion-aberta-e-pechada\/#breadcrumb","itemListElement":[{"@type":"ListItem","position":1,"name":"Portada","item":"https:\/\/pablocarpintero.es\/inicio\/"},{"@type":"ListItem","position":2,"name":"Tienda","item":"https:\/\/pablocarpintero.es\/tienda\/"},{"@type":"ListItem","position":3,"name":"Punteiro en Do para dixitaci\u00f3n aberta e pechada"}]},{"@type":"WebSite","@id":"https:\/\/pablocarpintero.es\/#website","url":"https:\/\/pablocarpintero.es\/","name":"Pablo Carpintero","description":"Otro sitio realizado con WordPress","potentialAction":[{"@type":"SearchAction","target":{"@type":"EntryPoint","urlTemplate":"https:\/\/pablocarpintero.es\/?s={search_term_string}"},"query-input":{"@type":"PropertyValueSpecification","valueRequired":true,"valueName":"search_term_string"}}],"inLanguage":"es"}]}},"_links":{"self":[{"href":"https:\/\/pablocarpintero.es\/es\/wp-json\/wp\/v2\/product\/863","targetHints":{"allow":["GET"]}}],"collection":[{"href":"https:\/\/pablocarpintero.es\/es\/wp-json\/wp\/v2\/product"}],"about":[{"href":"https:\/\/pablocarpintero.es\/es\/wp-json\/wp\/v2\/types\/product"}],"replies":[{"embeddable":true,"href":"https:\/\/pablocarpintero.es\/es\/wp-json\/wp\/v2\/comments?post=863"}],"wp:featuredmedia":[{"embeddable":true,"href":"https:\/\/pablocarpintero.es\/es\/wp-json\/wp\/v2\/media\/939"}],"wp:attachment":[{"href":"https:\/\/pablocarpintero.es\/es\/wp-json\/wp\/v2\/media?parent=863"}],"wp:term":[{"taxonomy":"product_brand","embeddable":true,"href":"https:\/\/pablocarpintero.es\/es\/wp-json\/wp\/v2\/product_brand?post=863"},{"taxonomy":"product_cat","embeddable":true,"href":"https:\/\/pablocarpintero.es\/es\/wp-json\/wp\/v2\/product_cat?post=863"},{"taxonomy":"product_tag","embeddable":true,"href":"https:\/\/pablocarpintero.es\/es\/wp-json\/wp\/v2\/product_tag?post=863"}],"curies":[{"name":"wp","href":"https:\/\/api.w.org\/{rel}","templated":true}]}}