{"id":887,"date":"2021-11-10T07:07:33","date_gmt":"2021-11-10T07:07:33","guid":{"rendered":"https:\/\/pablocarpintero.es\/?post_type=product&#038;p=887"},"modified":"2026-01-22T05:34:36","modified_gmt":"2026-01-22T05:34:36","slug":"gaita-de-cana-actualizada-de-tres-bordons-tonalidades-de-do-re-e-mib","status":"publish","type":"product","link":"https:\/\/pablocarpintero.es\/es\/producto\/gaita-de-cana-actualizada-de-tres-bordons-tonalidades-de-do-re-e-mib\/","title":{"rendered":"Gaita de ca\u00f1a actualizada en Re"},"content":{"rendered":"<p>Llamamos a este instrumento \"gaita de ca\u00f1a actualizada\" por ser un desarrollo original que realizamos en este taller <a href=\"https:\/\/www.youtube.com\/watch?v=pwV7CNh9mI0\">en el a\u00f1o 2017<\/a>. Se basa en las gaitas que los ni\u00f1os constru\u00edan con ca\u00f1a o sa\u00faco como paso previo a la gaita de los adultos, algo que se hac\u00eda principalmente en la provincia de Pontevedra. Nuestras gaitas de ca\u00f1a actualizadas est\u00e1n fabricadas con maderas nobles (boj, granadillo, etc.). Los precios que indicamos son para gaitas fabricadas de boj; si deseas cualquier otra madera, cons\u00faltanos.<span class=\"Apple-converted-space\">\u00a0<\/span><\/p>\n<p>Si quieres una gaita de ca\u00f1a o sa\u00faco como las originales de los ni\u00f1os, puede verlas aqu\u00ed: <a href=\"https:\/\/pablocarpintero.es\/es\/producto\/gaita-de-sabugueiro\/\">gaita de sabugueiro<\/a> o <a href=\"https:\/\/pablocarpintero.es\/es\/producto\/gaita-de-cana-da-paradanta\/\">gaita de ca\u00f1a<\/a>. <span class=\"Apple-converted-space\">\u00a0<\/span><\/p>\n<p>La afinaci\u00f3n de nuestras gaitas de ca\u00f1a actualizadas en Re es completamente estable. Los bordones van equipados con peque\u00f1os pallones de ca\u00f1a, mientras que el puntero est\u00e1 equipado con un pall\u00f3n sint\u00e9tico, de forma que su afinaci\u00f3n nunca cambiar\u00e1 a menos que manipules la leng\u00fceta, y esto es de suma importancia: no te recomendamos manipularla bajo ninguna circunstancia.<span class=\"Apple-converted-space\">\u00a0 \u00a0<\/span><\/p>\n<p>Aunque la t\u00f3nica del puntero de esta gaita est\u00e1 en Re, se puede elegir cualquier escala: <a href=\"https:\/\/www.youtube.com\/watch?v=P1XRt8HaGxc\">Re mayor<\/a>, <a href=\"https:\/\/www.youtube.com\/watch?v=Zt774hKb5hE\">Re menor<\/a>, o cualquiera Re modal (modo D\u00f3rico o modo de Re, <a href=\"https:\/\/www.youtube.com\/watch?v=79KvOcTTdsk&amp;t=7s\">modo Mixolidio<\/a> o modo Sol, modo sanabr\u00e9s o modo La, etc.). Debes tener en cuenta que estas gaitas en Re no pueden emitir cromatismos mediante digitaciones cruzadas como ocurre en las gaitas normales, ya que la teor\u00eda f\u00edsica nos dice que un tubo cil\u00edndrico no puede hacerlo. Sin embargo, y sorprendentemente, en nuestro modelo actualizado de gaita de ca\u00f1a en Do, hemos logrado una escala crom\u00e1tica mediante digitaciones cruzadas. Seguimos trabajando para lograr gaitas de ca\u00f1a crom\u00e1ticas en Re.<span class=\"Apple-converted-space\">\u00a0<\/span><\/p>\n<p>Si buscas alguna otra tonalidad <a href=\"https:\/\/www.youtube.com\/watch?v=9HOw5JPuDgI\">como Mib<\/a>, Sib, etc., cont\u00e1ctanos. Seguimos trabajando para ampliar nuestra gama de tonalidades en estos hermosos instrumentos.<\/p>\n<p>La digitaci\u00f3n de las gaitas de ca\u00f1a en Re puede ser abierta, cerrada o cualquier otra modalidad que se adapte a tus gustos. Simplemente ind\u00edcanos el tipo de digitaci\u00f3n que deseas al realizar tu pedido, bien a trav\u00e9s del correo electr\u00f3nico, o bien a trav\u00e9s de wasap.<span class=\"Apple-converted-space\">\u00a0<\/span><\/p>\n<p>En cuanto a los bordones que incorporan estas gaitas, puedes elegir entre varias posibilidades que ver\u00e1s <a href=\"https:\/\/www.youtube.com\/watch?v=ZhJv7XN-ZfQ\">en este v\u00eddeo<\/a>. Puedes equiparla solo con un bord\u00f3n grave sobre la espalda, o acompa\u00f1ar este ronc\u00f3n con un bord\u00f3n lateral agudo en Re y\/o otro agudo en La, o cualquier combinaci\u00f3n que se te ocurra de estos tres bordones. Las combinaciones preferidas por los clientes son: o bien la de tres bordones, que le da a la gaita un sonido m\u00e1s pleno, o bien la de dos bordones agudos, afinados en la t\u00f3nica y la dominante, que tambi\u00e9n te ofrecer\u00e1n una maravillosa experiencia arm\u00f3nica.<span class=\"Apple-converted-space\">\u00a0<\/span><\/p>\n<p>Existe la posibilidad de incluir m\u00e1s bordones en la buxa lateral. Por ejemplo, puedes a\u00f1adir un tercer bord\u00f3n que suene en la cuarta (Sol), o tambi\u00e9n podemos hacer que el bord\u00f3n agudo en Re emita una cuarta (Sol) utilizando un peque\u00f1o tap\u00f3n. Para consultar el precio de cualquiera de estas opciones no especificadas aqu\u00ed, cont\u00e1ctanos por correo electr\u00f3nico o wasap. <span class=\"Apple-converted-space\">\u00a0<\/span><\/p>\n<p>Todos los bordones van equipados con tapones que permiten detenerlos, bien para  prescindir de ellos, o bien para poder afinarlos de forma independiente. <span class=\"Apple-converted-space\">\u00a0<\/span><\/p>\n<p>El fuelle de estas gaitas de ca\u00f1a actualizadas est\u00e1 fabricado con material sint\u00e9tico transpirable y puedes elegir la tela que prefieras para confeccionar el vestido. Cuando las maderas est\u00e9n listas, nos pondremos en contacto contigo para que puedas elegir entre cualquiera de las telas de nuestra amplia gama.<span class=\"Apple-converted-space\">\u00a0<\/span><\/p>\n<p>Estas gaitas no se entregan con estuches ni fundas. Si necesitas un contenedor para transportarla puedes comprarlo aqu\u00ed: bolsa de tela o <a href=\"https:\/\/pablocarpintero.es\/es\/producto\/maletin-de-madeira-para-gaitas\/\">malet\u00edn de madera<\/a>.<span class=\"Apple-converted-space\">\u00a0<\/span><\/p>\n<p>Fabricamos tambi\u00e9n punteros sueltos con adaptadores que permiten introducirlos en gaitas de fuelle normales. Para esta opci\u00f3n contacta con nosotros. <span class=\"Apple-converted-space\">\u00a0<\/span><\/p>","protected":false},"excerpt":{"rendered":"<p>Denominamos a este instrumento &#8220;gaita de cana actualizada&#8221; porque son un desenvolvemento orixinal que realizamos neste obradoiro no ano 2017. Est\u00e1n baseadas nas gaitas de fol que os rapaces constru\u00edan con cana ou sabugueiro como instrumento de paso cara \u00e1 gaita de fol dos adultos, algo que aconteceu fundamentalmente na provincia de Pontevedra. As nosas [&hellip;]<\/p>\n","protected":false},"featured_media":1401,"comment_status":"open","ping_status":"closed","template":"","meta":{"give_campaign_id":0,"_joinchat":[]},"product_brand":[],"product_cat":[31,20,18],"product_tag":[],"class_list":{"0":"post-887","1":"product","2":"type-product","3":"status-publish","4":"has-post-thumbnail","6":"product_cat-gaitas-de-cana-gaitas-de-pallon-lingueta-sinxela-actualizadas","7":"product_cat-gaitas-de-fol","8":"product_cat-instrumentos-musicales","10":"first","11":"instock","12":"taxable","13":"shipping-taxable","14":"purchasable","15":"product-type-variable"},"yoast_head":"<!-- This site is optimized with the Yoast SEO plugin v27.2 - https:\/\/yoast.com\/product\/yoast-seo-wordpress\/ -->\n<title>Gaita de cana actualizada en Re - Pablo Carpintero<\/title>\n<meta name=\"robots\" content=\"index, follow, max-snippet:-1, max-image-preview:large, max-video-preview:-1\" \/>\n<link rel=\"canonical\" href=\"https:\/\/pablocarpintero.es\/es\/producto\/gaita-de-cana-actualizada-de-tres-bordons-tonalidades-de-do-re-e-mib\/\" \/>\n<meta property=\"og:locale\" content=\"es_ES\" \/>\n<meta property=\"og:type\" content=\"article\" \/>\n<meta property=\"og:title\" content=\"Gaita de cana actualizada en Re - Pablo Carpintero\" \/>\n<meta property=\"og:description\" content=\"Denominamos a este instrumento &#8220;gaita de cana actualizada&#8221; porque son un desenvolvemento orixinal que realizamos neste obradoiro no ano 2017. Est\u00e1n baseadas nas gaitas de fol que os rapaces constru\u00edan con cana ou sabugueiro como instrumento de paso cara \u00e1 gaita de fol dos adultos, algo que aconteceu fundamentalmente na provincia de Pontevedra. As nosas [&hellip;]\" \/>\n<meta property=\"og:url\" content=\"https:\/\/pablocarpintero.es\/es\/producto\/gaita-de-cana-actualizada-de-tres-bordons-tonalidades-de-do-re-e-mib\/\" \/>\n<meta property=\"og:site_name\" content=\"Pablo Carpintero\" \/>\n<meta property=\"article:modified_time\" content=\"2026-01-22T05:34:36+00:00\" \/>\n<meta property=\"og:image\" content=\"https:\/\/pablocarpintero.es\/wp-content\/uploads\/2021\/11\/Gaita-cana-Pablo-carpintero-.jpg\" \/>\n\t<meta property=\"og:image:width\" content=\"1733\" \/>\n\t<meta property=\"og:image:height\" content=\"1279\" \/>\n\t<meta property=\"og:image:type\" content=\"image\/jpeg\" \/>\n<meta name=\"twitter:card\" content=\"summary_large_image\" \/>\n<meta name=\"twitter:label1\" content=\"Tiempo de lectura\" \/>\n\t<meta name=\"twitter:data1\" content=\"3 minutos\" \/>\n<script type=\"application\/ld+json\" class=\"yoast-schema-graph\">{\"@context\":\"https:\/\/schema.org\",\"@graph\":[{\"@type\":\"WebPage\",\"@id\":\"https:\/\/pablocarpintero.es\/producto\/gaita-de-cana-actualizada-de-tres-bordons-tonalidades-de-do-re-e-mib\/\",\"url\":\"https:\/\/pablocarpintero.es\/producto\/gaita-de-cana-actualizada-de-tres-bordons-tonalidades-de-do-re-e-mib\/\",\"name\":\"Gaita de cana actualizada en Re - Pablo Carpintero\",\"isPartOf\":{\"@id\":\"https:\/\/pablocarpintero.es\/#website\"},\"primaryImageOfPage\":{\"@id\":\"https:\/\/pablocarpintero.es\/producto\/gaita-de-cana-actualizada-de-tres-bordons-tonalidades-de-do-re-e-mib\/#primaryimage\"},\"image\":{\"@id\":\"https:\/\/pablocarpintero.es\/producto\/gaita-de-cana-actualizada-de-tres-bordons-tonalidades-de-do-re-e-mib\/#primaryimage\"},\"thumbnailUrl\":\"https:\/\/pablocarpintero.es\/wp-content\/uploads\/2021\/11\/Gaita-cana-Pablo-carpintero-.jpg\",\"datePublished\":\"2021-11-10T07:07:33+00:00\",\"dateModified\":\"2026-01-22T05:34:36+00:00\",\"breadcrumb\":{\"@id\":\"https:\/\/pablocarpintero.es\/producto\/gaita-de-cana-actualizada-de-tres-bordons-tonalidades-de-do-re-e-mib\/#breadcrumb\"},\"inLanguage\":\"es\",\"potentialAction\":[{\"@type\":\"ReadAction\",\"target\":[\"https:\/\/pablocarpintero.es\/producto\/gaita-de-cana-actualizada-de-tres-bordons-tonalidades-de-do-re-e-mib\/\"]}]},{\"@type\":\"ImageObject\",\"inLanguage\":\"es\",\"@id\":\"https:\/\/pablocarpintero.es\/producto\/gaita-de-cana-actualizada-de-tres-bordons-tonalidades-de-do-re-e-mib\/#primaryimage\",\"url\":\"https:\/\/pablocarpintero.es\/wp-content\/uploads\/2021\/11\/Gaita-cana-Pablo-carpintero-.jpg\",\"contentUrl\":\"https:\/\/pablocarpintero.es\/wp-content\/uploads\/2021\/11\/Gaita-cana-Pablo-carpintero-.jpg\",\"width\":1733,\"height\":1279},{\"@type\":\"BreadcrumbList\",\"@id\":\"https:\/\/pablocarpintero.es\/producto\/gaita-de-cana-actualizada-de-tres-bordons-tonalidades-de-do-re-e-mib\/#breadcrumb\",\"itemListElement\":[{\"@type\":\"ListItem\",\"position\":1,\"name\":\"Portada\",\"item\":\"https:\/\/pablocarpintero.es\/inicio\/\"},{\"@type\":\"ListItem\",\"position\":2,\"name\":\"Tienda\",\"item\":\"https:\/\/pablocarpintero.es\/tienda\/\"},{\"@type\":\"ListItem\",\"position\":3,\"name\":\"Gaita de cana actualizada en Re\"}]},{\"@type\":\"WebSite\",\"@id\":\"https:\/\/pablocarpintero.es\/#website\",\"url\":\"https:\/\/pablocarpintero.es\/\",\"name\":\"Pablo Carpintero\",\"description\":\"Otro sitio realizado con WordPress\",\"potentialAction\":[{\"@type\":\"SearchAction\",\"target\":{\"@type\":\"EntryPoint\",\"urlTemplate\":\"https:\/\/pablocarpintero.es\/?s={search_term_string}\"},\"query-input\":{\"@type\":\"PropertyValueSpecification\",\"valueRequired\":true,\"valueName\":\"search_term_string\"}}],\"inLanguage\":\"es\"}]}<\/script>\n<!-- \/ Yoast SEO plugin. -->","yoast_head_json":{"title":"Gaita de cana actualizada en Re - Pablo Carpintero","robots":{"index":"index","follow":"follow","max-snippet":"max-snippet:-1","max-image-preview":"max-image-preview:large","max-video-preview":"max-video-preview:-1"},"canonical":"https:\/\/pablocarpintero.es\/es\/producto\/gaita-de-cana-actualizada-de-tres-bordons-tonalidades-de-do-re-e-mib\/","og_locale":"es_ES","og_type":"article","og_title":"Gaita de cana actualizada en Re - Pablo Carpintero","og_description":"Denominamos a este instrumento &#8220;gaita de cana actualizada&#8221; porque son un desenvolvemento orixinal que realizamos neste obradoiro no ano 2017. Est\u00e1n baseadas nas gaitas de fol que os rapaces constru\u00edan con cana ou sabugueiro como instrumento de paso cara \u00e1 gaita de fol dos adultos, algo que aconteceu fundamentalmente na provincia de Pontevedra. As nosas [&hellip;]","og_url":"https:\/\/pablocarpintero.es\/es\/producto\/gaita-de-cana-actualizada-de-tres-bordons-tonalidades-de-do-re-e-mib\/","og_site_name":"Pablo Carpintero","article_modified_time":"2026-01-22T05:34:36+00:00","og_image":[{"width":1733,"height":1279,"url":"https:\/\/pablocarpintero.es\/wp-content\/uploads\/2021\/11\/Gaita-cana-Pablo-carpintero-.jpg","type":"image\/jpeg"}],"twitter_card":"summary_large_image","twitter_misc":{"Tiempo de lectura":"3 minutos"},"schema":{"@context":"https:\/\/schema.org","@graph":[{"@type":"WebPage","@id":"https:\/\/pablocarpintero.es\/producto\/gaita-de-cana-actualizada-de-tres-bordons-tonalidades-de-do-re-e-mib\/","url":"https:\/\/pablocarpintero.es\/producto\/gaita-de-cana-actualizada-de-tres-bordons-tonalidades-de-do-re-e-mib\/","name":"Gaita de cana actualizada en Re - Pablo Carpintero","isPartOf":{"@id":"https:\/\/pablocarpintero.es\/#website"},"primaryImageOfPage":{"@id":"https:\/\/pablocarpintero.es\/producto\/gaita-de-cana-actualizada-de-tres-bordons-tonalidades-de-do-re-e-mib\/#primaryimage"},"image":{"@id":"https:\/\/pablocarpintero.es\/producto\/gaita-de-cana-actualizada-de-tres-bordons-tonalidades-de-do-re-e-mib\/#primaryimage"},"thumbnailUrl":"https:\/\/pablocarpintero.es\/wp-content\/uploads\/2021\/11\/Gaita-cana-Pablo-carpintero-.jpg","datePublished":"2021-11-10T07:07:33+00:00","dateModified":"2026-01-22T05:34:36+00:00","breadcrumb":{"@id":"https:\/\/pablocarpintero.es\/producto\/gaita-de-cana-actualizada-de-tres-bordons-tonalidades-de-do-re-e-mib\/#breadcrumb"},"inLanguage":"es","potentialAction":[{"@type":"ReadAction","target":["https:\/\/pablocarpintero.es\/producto\/gaita-de-cana-actualizada-de-tres-bordons-tonalidades-de-do-re-e-mib\/"]}]},{"@type":"ImageObject","inLanguage":"es","@id":"https:\/\/pablocarpintero.es\/producto\/gaita-de-cana-actualizada-de-tres-bordons-tonalidades-de-do-re-e-mib\/#primaryimage","url":"https:\/\/pablocarpintero.es\/wp-content\/uploads\/2021\/11\/Gaita-cana-Pablo-carpintero-.jpg","contentUrl":"https:\/\/pablocarpintero.es\/wp-content\/uploads\/2021\/11\/Gaita-cana-Pablo-carpintero-.jpg","width":1733,"height":1279},{"@type":"BreadcrumbList","@id":"https:\/\/pablocarpintero.es\/producto\/gaita-de-cana-actualizada-de-tres-bordons-tonalidades-de-do-re-e-mib\/#breadcrumb","itemListElement":[{"@type":"ListItem","position":1,"name":"Portada","item":"https:\/\/pablocarpintero.es\/inicio\/"},{"@type":"ListItem","position":2,"name":"Tienda","item":"https:\/\/pablocarpintero.es\/tienda\/"},{"@type":"ListItem","position":3,"name":"Gaita de cana actualizada en Re"}]},{"@type":"WebSite","@id":"https:\/\/pablocarpintero.es\/#website","url":"https:\/\/pablocarpintero.es\/","name":"Pablo Carpintero","description":"Otro sitio realizado con WordPress","potentialAction":[{"@type":"SearchAction","target":{"@type":"EntryPoint","urlTemplate":"https:\/\/pablocarpintero.es\/?s={search_term_string}"},"query-input":{"@type":"PropertyValueSpecification","valueRequired":true,"valueName":"search_term_string"}}],"inLanguage":"es"}]}},"_links":{"self":[{"href":"https:\/\/pablocarpintero.es\/es\/wp-json\/wp\/v2\/product\/887","targetHints":{"allow":["GET"]}}],"collection":[{"href":"https:\/\/pablocarpintero.es\/es\/wp-json\/wp\/v2\/product"}],"about":[{"href":"https:\/\/pablocarpintero.es\/es\/wp-json\/wp\/v2\/types\/product"}],"replies":[{"embeddable":true,"href":"https:\/\/pablocarpintero.es\/es\/wp-json\/wp\/v2\/comments?post=887"}],"wp:featuredmedia":[{"embeddable":true,"href":"https:\/\/pablocarpintero.es\/es\/wp-json\/wp\/v2\/media\/1401"}],"wp:attachment":[{"href":"https:\/\/pablocarpintero.es\/es\/wp-json\/wp\/v2\/media?parent=887"}],"wp:term":[{"taxonomy":"product_brand","embeddable":true,"href":"https:\/\/pablocarpintero.es\/es\/wp-json\/wp\/v2\/product_brand?post=887"},{"taxonomy":"product_cat","embeddable":true,"href":"https:\/\/pablocarpintero.es\/es\/wp-json\/wp\/v2\/product_cat?post=887"},{"taxonomy":"product_tag","embeddable":true,"href":"https:\/\/pablocarpintero.es\/es\/wp-json\/wp\/v2\/product_tag?post=887"}],"curies":[{"name":"wp","href":"https:\/\/api.w.org\/{rel}","templated":true}]}}