{"id":961,"date":"2021-11-12T06:55:08","date_gmt":"2021-11-12T06:55:08","guid":{"rendered":"https:\/\/pablocarpintero.es\/?post_type=product&#038;p=961"},"modified":"2025-07-22T05:37:45","modified_gmt":"2025-07-22T05:37:45","slug":"pandeireta-modelo-pradenda-oito-pares","status":"publish","type":"product","link":"https:\/\/pablocarpintero.es\/es\/producto\/pandeireta-modelo-pradenda-oito-pares\/","title":{"rendered":"Pandereta modelo Pradenda de ocho pares"},"content":{"rendered":"<p>Panderetas de ocho pares de sonajas sin rizar, dobladas a mano y distribuidas en pares paralelos.<\/p>\n<p>Este modelo de sonajas ha sido especialmente desarrollado por nosotros a partir de modelos tradicionales plegados a mano para dotarlas de una mayor resistencia al uso, de ah\u00ed que cada sonaja tenga cuatro peque\u00f1os pliegues hacia arriba en el borde.<\/p>\n<p>O acabado da madeira pode ser tinguido ou natural como podedes ver nas fotograf\u00edas. O prezo destas pandeiretas \u00e9 de 125\u20ac, se fosen en madeira de cipr\u00e9s, moito m\u00e1is lixeiras, 145\u20ac. As ferre\u00f1as fabricadas en follalata branda ou temperadas incrementan o prezo (ver no apartado de <i>opciones<\/i>). Puedes escuchar el sonido de los diferentes modelos de sonajas y panderetas que fabricamos en los siguientes v\u00eddeos.<\/p>\n<p>&nbsp;<\/p>\n<div  class='avia-video av-9fod5-e34e7e2ea4bbf3293c55a2a2fd7c1b43 avia-video-16-9 av-no-preview-image avia-video-load-always av-lazyload-immediate av-lazyload-video-embed'  itemprop=\"video\" itemtype=\"https:\/\/schema.org\/VideoObject\"  data-original_url='https:\/\/www.youtube.com\/watch?v=NGVGZsqna3Q&amp;t=359s'><script type='text\/html' class='av-video-tmpl'><div class='avia-iframe-wrap'><iframe loading=\"lazy\" title=\"Os diferentes modelos de pandeiretas.\" width=\"1500\" height=\"844\" src=\"https:\/\/www.youtube.com\/embed\/NGVGZsqna3Q?start=359&feature=oembed&autoplay=0&loop=0&controls=1&mute=0\" frameborder=\"0\" allow=\"accelerometer; autoplay; clipboard-write; encrypted-media; gyroscope; picture-in-picture\" allowfullscreen><\/iframe><\/div><\/script><div class='av-click-to-play-overlay'><div class=\"avia_playpause_icon\"><\/div><\/div><\/div>","protected":false},"excerpt":{"rendered":"<p>Pandeiretas de oito pares de ferre\u00f1as sen rizar, dobradas a man, distribu\u00eddas en pares paralelos. Este modelo de ferre\u00f1as foi especialmente desenvolto por n\u00f3s a partir de ferre\u00f1as tradicionais dobradas a man para dotalas dunha maior resistencia ao uso, de a\u00ed que cada ferre\u00f1a te\u00f1a catro pequenas dobreces cara arriba no borde. O acabado da [&hellip;]<\/p>\n","protected":false},"featured_media":962,"comment_status":"open","ping_status":"closed","template":"","meta":{"give_campaign_id":0,"_joinchat":[]},"product_brand":[],"product_cat":[18,38],"product_tag":[],"class_list":{"0":"post-961","1":"product","2":"type-product","3":"status-publish","4":"has-post-thumbnail","6":"product_cat-instrumentos-musicales","7":"product_cat-pandeiretas","9":"first","10":"instock","11":"taxable","12":"shipping-taxable","13":"purchasable","14":"product-type-variable"},"yoast_head":"<!-- This site is optimized with the Yoast SEO plugin v27.2 - https:\/\/yoast.com\/product\/yoast-seo-wordpress\/ -->\n<title>Pandeireta modelo Pradenda de oito pares - Pablo Carpintero<\/title>\n<meta name=\"robots\" content=\"index, follow, max-snippet:-1, max-image-preview:large, max-video-preview:-1\" \/>\n<link rel=\"canonical\" href=\"https:\/\/pablocarpintero.es\/es\/producto\/pandeireta-modelo-pradenda-oito-pares\/\" \/>\n<meta property=\"og:locale\" content=\"es_ES\" \/>\n<meta property=\"og:type\" content=\"article\" \/>\n<meta property=\"og:title\" content=\"Pandeireta modelo Pradenda de oito pares - Pablo Carpintero\" \/>\n<meta property=\"og:description\" content=\"Pandeiretas de oito pares de ferre\u00f1as sen rizar, dobradas a man, distribu\u00eddas en pares paralelos. Este modelo de ferre\u00f1as foi especialmente desenvolto por n\u00f3s a partir de ferre\u00f1as tradicionais dobradas a man para dotalas dunha maior resistencia ao uso, de a\u00ed que cada ferre\u00f1a te\u00f1a catro pequenas dobreces cara arriba no borde. O acabado da [&hellip;]\" \/>\n<meta property=\"og:url\" content=\"https:\/\/pablocarpintero.es\/es\/producto\/pandeireta-modelo-pradenda-oito-pares\/\" \/>\n<meta property=\"og:site_name\" content=\"Pablo Carpintero\" \/>\n<meta property=\"article:modified_time\" content=\"2025-07-22T05:37:45+00:00\" \/>\n<meta property=\"og:image\" content=\"https:\/\/pablocarpintero.es\/wp-content\/uploads\/2021\/11\/Pandereta-pandeireta-Pablo-carpintero-1.jpg\" \/>\n\t<meta property=\"og:image:width\" content=\"2005\" \/>\n\t<meta property=\"og:image:height\" content=\"1339\" \/>\n\t<meta property=\"og:image:type\" content=\"image\/jpeg\" \/>\n<meta name=\"twitter:card\" content=\"summary_large_image\" \/>\n<meta name=\"twitter:label1\" content=\"Tiempo de lectura\" \/>\n\t<meta name=\"twitter:data1\" content=\"1 minuto\" \/>\n<script type=\"application\/ld+json\" class=\"yoast-schema-graph\">{\"@context\":\"https:\/\/schema.org\",\"@graph\":[{\"@type\":\"WebPage\",\"@id\":\"https:\/\/pablocarpintero.es\/producto\/pandeireta-modelo-pradenda-oito-pares\/\",\"url\":\"https:\/\/pablocarpintero.es\/producto\/pandeireta-modelo-pradenda-oito-pares\/\",\"name\":\"Pandeireta modelo Pradenda de oito pares - Pablo Carpintero\",\"isPartOf\":{\"@id\":\"https:\/\/pablocarpintero.es\/#website\"},\"primaryImageOfPage\":{\"@id\":\"https:\/\/pablocarpintero.es\/producto\/pandeireta-modelo-pradenda-oito-pares\/#primaryimage\"},\"image\":{\"@id\":\"https:\/\/pablocarpintero.es\/producto\/pandeireta-modelo-pradenda-oito-pares\/#primaryimage\"},\"thumbnailUrl\":\"https:\/\/pablocarpintero.es\/wp-content\/uploads\/2021\/11\/Pandereta-pandeireta-Pablo-carpintero-1.jpg\",\"datePublished\":\"2021-11-12T06:55:08+00:00\",\"dateModified\":\"2025-07-22T05:37:45+00:00\",\"breadcrumb\":{\"@id\":\"https:\/\/pablocarpintero.es\/producto\/pandeireta-modelo-pradenda-oito-pares\/#breadcrumb\"},\"inLanguage\":\"es\",\"potentialAction\":[{\"@type\":\"ReadAction\",\"target\":[\"https:\/\/pablocarpintero.es\/producto\/pandeireta-modelo-pradenda-oito-pares\/\"]}]},{\"@type\":\"ImageObject\",\"inLanguage\":\"es\",\"@id\":\"https:\/\/pablocarpintero.es\/producto\/pandeireta-modelo-pradenda-oito-pares\/#primaryimage\",\"url\":\"https:\/\/pablocarpintero.es\/wp-content\/uploads\/2021\/11\/Pandereta-pandeireta-Pablo-carpintero-1.jpg\",\"contentUrl\":\"https:\/\/pablocarpintero.es\/wp-content\/uploads\/2021\/11\/Pandereta-pandeireta-Pablo-carpintero-1.jpg\",\"width\":2005,\"height\":1339},{\"@type\":\"BreadcrumbList\",\"@id\":\"https:\/\/pablocarpintero.es\/producto\/pandeireta-modelo-pradenda-oito-pares\/#breadcrumb\",\"itemListElement\":[{\"@type\":\"ListItem\",\"position\":1,\"name\":\"Portada\",\"item\":\"https:\/\/pablocarpintero.es\/inicio\/\"},{\"@type\":\"ListItem\",\"position\":2,\"name\":\"Tienda\",\"item\":\"https:\/\/pablocarpintero.es\/tienda\/\"},{\"@type\":\"ListItem\",\"position\":3,\"name\":\"Pandeireta modelo Pradenda de oito pares\"}]},{\"@type\":\"WebSite\",\"@id\":\"https:\/\/pablocarpintero.es\/#website\",\"url\":\"https:\/\/pablocarpintero.es\/\",\"name\":\"Pablo Carpintero\",\"description\":\"Otro sitio realizado con WordPress\",\"potentialAction\":[{\"@type\":\"SearchAction\",\"target\":{\"@type\":\"EntryPoint\",\"urlTemplate\":\"https:\/\/pablocarpintero.es\/?s={search_term_string}\"},\"query-input\":{\"@type\":\"PropertyValueSpecification\",\"valueRequired\":true,\"valueName\":\"search_term_string\"}}],\"inLanguage\":\"es\"}]}<\/script>\n<!-- \/ Yoast SEO plugin. -->","yoast_head_json":{"title":"Pandeireta modelo Pradenda de oito pares - Pablo Carpintero","robots":{"index":"index","follow":"follow","max-snippet":"max-snippet:-1","max-image-preview":"max-image-preview:large","max-video-preview":"max-video-preview:-1"},"canonical":"https:\/\/pablocarpintero.es\/es\/producto\/pandeireta-modelo-pradenda-oito-pares\/","og_locale":"es_ES","og_type":"article","og_title":"Pandeireta modelo Pradenda de oito pares - Pablo Carpintero","og_description":"Pandeiretas de oito pares de ferre\u00f1as sen rizar, dobradas a man, distribu\u00eddas en pares paralelos. Este modelo de ferre\u00f1as foi especialmente desenvolto por n\u00f3s a partir de ferre\u00f1as tradicionais dobradas a man para dotalas dunha maior resistencia ao uso, de a\u00ed que cada ferre\u00f1a te\u00f1a catro pequenas dobreces cara arriba no borde. O acabado da [&hellip;]","og_url":"https:\/\/pablocarpintero.es\/es\/producto\/pandeireta-modelo-pradenda-oito-pares\/","og_site_name":"Pablo Carpintero","article_modified_time":"2025-07-22T05:37:45+00:00","og_image":[{"width":2005,"height":1339,"url":"https:\/\/pablocarpintero.es\/wp-content\/uploads\/2021\/11\/Pandereta-pandeireta-Pablo-carpintero-1.jpg","type":"image\/jpeg"}],"twitter_card":"summary_large_image","twitter_misc":{"Tiempo de lectura":"1 minuto"},"schema":{"@context":"https:\/\/schema.org","@graph":[{"@type":"WebPage","@id":"https:\/\/pablocarpintero.es\/producto\/pandeireta-modelo-pradenda-oito-pares\/","url":"https:\/\/pablocarpintero.es\/producto\/pandeireta-modelo-pradenda-oito-pares\/","name":"Pandeireta modelo Pradenda de oito pares - Pablo Carpintero","isPartOf":{"@id":"https:\/\/pablocarpintero.es\/#website"},"primaryImageOfPage":{"@id":"https:\/\/pablocarpintero.es\/producto\/pandeireta-modelo-pradenda-oito-pares\/#primaryimage"},"image":{"@id":"https:\/\/pablocarpintero.es\/producto\/pandeireta-modelo-pradenda-oito-pares\/#primaryimage"},"thumbnailUrl":"https:\/\/pablocarpintero.es\/wp-content\/uploads\/2021\/11\/Pandereta-pandeireta-Pablo-carpintero-1.jpg","datePublished":"2021-11-12T06:55:08+00:00","dateModified":"2025-07-22T05:37:45+00:00","breadcrumb":{"@id":"https:\/\/pablocarpintero.es\/producto\/pandeireta-modelo-pradenda-oito-pares\/#breadcrumb"},"inLanguage":"es","potentialAction":[{"@type":"ReadAction","target":["https:\/\/pablocarpintero.es\/producto\/pandeireta-modelo-pradenda-oito-pares\/"]}]},{"@type":"ImageObject","inLanguage":"es","@id":"https:\/\/pablocarpintero.es\/producto\/pandeireta-modelo-pradenda-oito-pares\/#primaryimage","url":"https:\/\/pablocarpintero.es\/wp-content\/uploads\/2021\/11\/Pandereta-pandeireta-Pablo-carpintero-1.jpg","contentUrl":"https:\/\/pablocarpintero.es\/wp-content\/uploads\/2021\/11\/Pandereta-pandeireta-Pablo-carpintero-1.jpg","width":2005,"height":1339},{"@type":"BreadcrumbList","@id":"https:\/\/pablocarpintero.es\/producto\/pandeireta-modelo-pradenda-oito-pares\/#breadcrumb","itemListElement":[{"@type":"ListItem","position":1,"name":"Portada","item":"https:\/\/pablocarpintero.es\/inicio\/"},{"@type":"ListItem","position":2,"name":"Tienda","item":"https:\/\/pablocarpintero.es\/tienda\/"},{"@type":"ListItem","position":3,"name":"Pandeireta modelo Pradenda de oito pares"}]},{"@type":"WebSite","@id":"https:\/\/pablocarpintero.es\/#website","url":"https:\/\/pablocarpintero.es\/","name":"Pablo Carpintero","description":"Otro sitio realizado con WordPress","potentialAction":[{"@type":"SearchAction","target":{"@type":"EntryPoint","urlTemplate":"https:\/\/pablocarpintero.es\/?s={search_term_string}"},"query-input":{"@type":"PropertyValueSpecification","valueRequired":true,"valueName":"search_term_string"}}],"inLanguage":"es"}]}},"_links":{"self":[{"href":"https:\/\/pablocarpintero.es\/es\/wp-json\/wp\/v2\/product\/961","targetHints":{"allow":["GET"]}}],"collection":[{"href":"https:\/\/pablocarpintero.es\/es\/wp-json\/wp\/v2\/product"}],"about":[{"href":"https:\/\/pablocarpintero.es\/es\/wp-json\/wp\/v2\/types\/product"}],"replies":[{"embeddable":true,"href":"https:\/\/pablocarpintero.es\/es\/wp-json\/wp\/v2\/comments?post=961"}],"wp:featuredmedia":[{"embeddable":true,"href":"https:\/\/pablocarpintero.es\/es\/wp-json\/wp\/v2\/media\/962"}],"wp:attachment":[{"href":"https:\/\/pablocarpintero.es\/es\/wp-json\/wp\/v2\/media?parent=961"}],"wp:term":[{"taxonomy":"product_brand","embeddable":true,"href":"https:\/\/pablocarpintero.es\/es\/wp-json\/wp\/v2\/product_brand?post=961"},{"taxonomy":"product_cat","embeddable":true,"href":"https:\/\/pablocarpintero.es\/es\/wp-json\/wp\/v2\/product_cat?post=961"},{"taxonomy":"product_tag","embeddable":true,"href":"https:\/\/pablocarpintero.es\/es\/wp-json\/wp\/v2\/product_tag?post=961"}],"curies":[{"name":"wp","href":"https:\/\/api.w.org\/{rel}","templated":true}]}}