{"id":985,"date":"2021-11-12T08:05:27","date_gmt":"2021-11-12T08:05:27","guid":{"rendered":"https:\/\/pablocarpintero.es\/?post_type=product&#038;p=985"},"modified":"2025-07-22T05:27:34","modified_gmt":"2025-07-22T05:27:34","slug":"pandeireta-modelo-guillade-orixinal","status":"publish","type":"product","link":"https:\/\/pablocarpintero.es\/es\/producto\/pandeireta-modelo-guillade-orixinal\/","title":{"rendered":"Pandereta modelo Guillade original"},"content":{"rendered":"<p>Esta pandereta es una r\u00e9plica del instrumento del ciego de Guillade (Ponteareas, Pontevedra) encontrado por Lu\u00eds Prego. Tiene diez pares de sonajas ligeramente rizadas, hechas a mano, emparejadas en un marco con dos aros de refuerzo. Este marco tiene un agujero, es decir, era una pandereta para empu\u00f1ar con la mano izquierda, una t\u00e9cnica que alguna vez fue com\u00fan en Galicia, pero que ahora est\u00e1 bastante olvidada.<\/p>\n<p>Nos sirvi\u00f3 para desarrollar un modelo con un rebaje en el marco para agarrar con la mano derecha y ser tocado de la forma m\u00e1s habitual que usamos en Galicia, un modelo que ahora empieza a ser com\u00fan entre la oferta de otros artesanos por el gran sonido que produce este tipo de sonajas.<\/p>\n<p>&nbsp;<\/p>","protected":false},"excerpt":{"rendered":"<p>Esta pandeireta \u00e9 unha r\u00e9plica do instrumento do cego de Guillade (Ponteareas, Pontevedra) achada por Lu\u00eds Prego. Ten dez pares de ferre\u00f1as pouco rizadas, feitas a man, montadas de xeito pareado nun marco con dous aneis de reforzo. Este marco ten furado, ou sexa, era unha pandeireta para empu\u00f1ar coa man esquerda, unha t\u00e9cnica que [&hellip;]<\/p>\n","protected":false},"featured_media":986,"comment_status":"open","ping_status":"closed","template":"","meta":{"give_campaign_id":0,"_joinchat":[]},"product_brand":[],"product_cat":[18,38],"product_tag":[],"class_list":{"0":"post-985","1":"product","2":"type-product","3":"status-publish","4":"has-post-thumbnail","6":"product_cat-instrumentos-musicales","7":"product_cat-pandeiretas","9":"first","10":"instock","11":"taxable","12":"shipping-taxable","13":"purchasable","14":"product-type-simple"},"yoast_head":"<!-- This site is optimized with the Yoast SEO plugin v27.2 - https:\/\/yoast.com\/product\/yoast-seo-wordpress\/ -->\n<title>Pandeireta modelo Guillade orixinal - Pablo Carpintero<\/title>\n<meta name=\"robots\" content=\"index, follow, max-snippet:-1, max-image-preview:large, max-video-preview:-1\" \/>\n<link rel=\"canonical\" href=\"https:\/\/pablocarpintero.es\/es\/producto\/pandeireta-modelo-guillade-orixinal\/\" \/>\n<meta property=\"og:locale\" content=\"es_ES\" \/>\n<meta property=\"og:type\" content=\"article\" \/>\n<meta property=\"og:title\" content=\"Pandeireta modelo Guillade orixinal - Pablo Carpintero\" \/>\n<meta property=\"og:description\" content=\"Esta pandeireta \u00e9 unha r\u00e9plica do instrumento do cego de Guillade (Ponteareas, Pontevedra) achada por Lu\u00eds Prego. Ten dez pares de ferre\u00f1as pouco rizadas, feitas a man, montadas de xeito pareado nun marco con dous aneis de reforzo. Este marco ten furado, ou sexa, era unha pandeireta para empu\u00f1ar coa man esquerda, unha t\u00e9cnica que [&hellip;]\" \/>\n<meta property=\"og:url\" content=\"https:\/\/pablocarpintero.es\/es\/producto\/pandeireta-modelo-guillade-orixinal\/\" \/>\n<meta property=\"og:site_name\" content=\"Pablo Carpintero\" \/>\n<meta property=\"article:modified_time\" content=\"2025-07-22T05:27:34+00:00\" \/>\n<meta property=\"og:image\" content=\"https:\/\/pablocarpintero.es\/wp-content\/uploads\/2021\/11\/Pandeireta-pandereta-Pablo-carpintero-3-1.jpg\" \/>\n\t<meta property=\"og:image:width\" content=\"1540\" \/>\n\t<meta property=\"og:image:height\" content=\"1373\" \/>\n\t<meta property=\"og:image:type\" content=\"image\/jpeg\" \/>\n<meta name=\"twitter:card\" content=\"summary_large_image\" \/>\n<meta name=\"twitter:label1\" content=\"Tiempo de lectura\" \/>\n\t<meta name=\"twitter:data1\" content=\"1 minuto\" \/>\n<script type=\"application\/ld+json\" class=\"yoast-schema-graph\">{\"@context\":\"https:\/\/schema.org\",\"@graph\":[{\"@type\":\"WebPage\",\"@id\":\"https:\/\/pablocarpintero.es\/producto\/pandeireta-modelo-guillade-orixinal\/\",\"url\":\"https:\/\/pablocarpintero.es\/producto\/pandeireta-modelo-guillade-orixinal\/\",\"name\":\"Pandeireta modelo Guillade orixinal - Pablo Carpintero\",\"isPartOf\":{\"@id\":\"https:\/\/pablocarpintero.es\/#website\"},\"primaryImageOfPage\":{\"@id\":\"https:\/\/pablocarpintero.es\/producto\/pandeireta-modelo-guillade-orixinal\/#primaryimage\"},\"image\":{\"@id\":\"https:\/\/pablocarpintero.es\/producto\/pandeireta-modelo-guillade-orixinal\/#primaryimage\"},\"thumbnailUrl\":\"https:\/\/pablocarpintero.es\/wp-content\/uploads\/2021\/11\/Pandeireta-pandereta-Pablo-carpintero-3-1.jpg\",\"datePublished\":\"2021-11-12T08:05:27+00:00\",\"dateModified\":\"2025-07-22T05:27:34+00:00\",\"breadcrumb\":{\"@id\":\"https:\/\/pablocarpintero.es\/producto\/pandeireta-modelo-guillade-orixinal\/#breadcrumb\"},\"inLanguage\":\"es\",\"potentialAction\":[{\"@type\":\"ReadAction\",\"target\":[\"https:\/\/pablocarpintero.es\/producto\/pandeireta-modelo-guillade-orixinal\/\"]}]},{\"@type\":\"ImageObject\",\"inLanguage\":\"es\",\"@id\":\"https:\/\/pablocarpintero.es\/producto\/pandeireta-modelo-guillade-orixinal\/#primaryimage\",\"url\":\"https:\/\/pablocarpintero.es\/wp-content\/uploads\/2021\/11\/Pandeireta-pandereta-Pablo-carpintero-3-1.jpg\",\"contentUrl\":\"https:\/\/pablocarpintero.es\/wp-content\/uploads\/2021\/11\/Pandeireta-pandereta-Pablo-carpintero-3-1.jpg\",\"width\":1540,\"height\":1373},{\"@type\":\"BreadcrumbList\",\"@id\":\"https:\/\/pablocarpintero.es\/producto\/pandeireta-modelo-guillade-orixinal\/#breadcrumb\",\"itemListElement\":[{\"@type\":\"ListItem\",\"position\":1,\"name\":\"Portada\",\"item\":\"https:\/\/pablocarpintero.es\/inicio\/\"},{\"@type\":\"ListItem\",\"position\":2,\"name\":\"Tienda\",\"item\":\"https:\/\/pablocarpintero.es\/tienda\/\"},{\"@type\":\"ListItem\",\"position\":3,\"name\":\"Pandeireta modelo Guillade orixinal\"}]},{\"@type\":\"WebSite\",\"@id\":\"https:\/\/pablocarpintero.es\/#website\",\"url\":\"https:\/\/pablocarpintero.es\/\",\"name\":\"Pablo Carpintero\",\"description\":\"Otro sitio realizado con WordPress\",\"potentialAction\":[{\"@type\":\"SearchAction\",\"target\":{\"@type\":\"EntryPoint\",\"urlTemplate\":\"https:\/\/pablocarpintero.es\/?s={search_term_string}\"},\"query-input\":{\"@type\":\"PropertyValueSpecification\",\"valueRequired\":true,\"valueName\":\"search_term_string\"}}],\"inLanguage\":\"es\"}]}<\/script>\n<!-- \/ Yoast SEO plugin. -->","yoast_head_json":{"title":"Pandeireta modelo Guillade orixinal - Pablo Carpintero","robots":{"index":"index","follow":"follow","max-snippet":"max-snippet:-1","max-image-preview":"max-image-preview:large","max-video-preview":"max-video-preview:-1"},"canonical":"https:\/\/pablocarpintero.es\/es\/producto\/pandeireta-modelo-guillade-orixinal\/","og_locale":"es_ES","og_type":"article","og_title":"Pandeireta modelo Guillade orixinal - Pablo Carpintero","og_description":"Esta pandeireta \u00e9 unha r\u00e9plica do instrumento do cego de Guillade (Ponteareas, Pontevedra) achada por Lu\u00eds Prego. Ten dez pares de ferre\u00f1as pouco rizadas, feitas a man, montadas de xeito pareado nun marco con dous aneis de reforzo. Este marco ten furado, ou sexa, era unha pandeireta para empu\u00f1ar coa man esquerda, unha t\u00e9cnica que [&hellip;]","og_url":"https:\/\/pablocarpintero.es\/es\/producto\/pandeireta-modelo-guillade-orixinal\/","og_site_name":"Pablo Carpintero","article_modified_time":"2025-07-22T05:27:34+00:00","og_image":[{"width":1540,"height":1373,"url":"https:\/\/pablocarpintero.es\/wp-content\/uploads\/2021\/11\/Pandeireta-pandereta-Pablo-carpintero-3-1.jpg","type":"image\/jpeg"}],"twitter_card":"summary_large_image","twitter_misc":{"Tiempo de lectura":"1 minuto"},"schema":{"@context":"https:\/\/schema.org","@graph":[{"@type":"WebPage","@id":"https:\/\/pablocarpintero.es\/producto\/pandeireta-modelo-guillade-orixinal\/","url":"https:\/\/pablocarpintero.es\/producto\/pandeireta-modelo-guillade-orixinal\/","name":"Pandeireta modelo Guillade orixinal - Pablo Carpintero","isPartOf":{"@id":"https:\/\/pablocarpintero.es\/#website"},"primaryImageOfPage":{"@id":"https:\/\/pablocarpintero.es\/producto\/pandeireta-modelo-guillade-orixinal\/#primaryimage"},"image":{"@id":"https:\/\/pablocarpintero.es\/producto\/pandeireta-modelo-guillade-orixinal\/#primaryimage"},"thumbnailUrl":"https:\/\/pablocarpintero.es\/wp-content\/uploads\/2021\/11\/Pandeireta-pandereta-Pablo-carpintero-3-1.jpg","datePublished":"2021-11-12T08:05:27+00:00","dateModified":"2025-07-22T05:27:34+00:00","breadcrumb":{"@id":"https:\/\/pablocarpintero.es\/producto\/pandeireta-modelo-guillade-orixinal\/#breadcrumb"},"inLanguage":"es","potentialAction":[{"@type":"ReadAction","target":["https:\/\/pablocarpintero.es\/producto\/pandeireta-modelo-guillade-orixinal\/"]}]},{"@type":"ImageObject","inLanguage":"es","@id":"https:\/\/pablocarpintero.es\/producto\/pandeireta-modelo-guillade-orixinal\/#primaryimage","url":"https:\/\/pablocarpintero.es\/wp-content\/uploads\/2021\/11\/Pandeireta-pandereta-Pablo-carpintero-3-1.jpg","contentUrl":"https:\/\/pablocarpintero.es\/wp-content\/uploads\/2021\/11\/Pandeireta-pandereta-Pablo-carpintero-3-1.jpg","width":1540,"height":1373},{"@type":"BreadcrumbList","@id":"https:\/\/pablocarpintero.es\/producto\/pandeireta-modelo-guillade-orixinal\/#breadcrumb","itemListElement":[{"@type":"ListItem","position":1,"name":"Portada","item":"https:\/\/pablocarpintero.es\/inicio\/"},{"@type":"ListItem","position":2,"name":"Tienda","item":"https:\/\/pablocarpintero.es\/tienda\/"},{"@type":"ListItem","position":3,"name":"Pandeireta modelo Guillade orixinal"}]},{"@type":"WebSite","@id":"https:\/\/pablocarpintero.es\/#website","url":"https:\/\/pablocarpintero.es\/","name":"Pablo Carpintero","description":"Otro sitio realizado con WordPress","potentialAction":[{"@type":"SearchAction","target":{"@type":"EntryPoint","urlTemplate":"https:\/\/pablocarpintero.es\/?s={search_term_string}"},"query-input":{"@type":"PropertyValueSpecification","valueRequired":true,"valueName":"search_term_string"}}],"inLanguage":"es"}]}},"_links":{"self":[{"href":"https:\/\/pablocarpintero.es\/es\/wp-json\/wp\/v2\/product\/985","targetHints":{"allow":["GET"]}}],"collection":[{"href":"https:\/\/pablocarpintero.es\/es\/wp-json\/wp\/v2\/product"}],"about":[{"href":"https:\/\/pablocarpintero.es\/es\/wp-json\/wp\/v2\/types\/product"}],"replies":[{"embeddable":true,"href":"https:\/\/pablocarpintero.es\/es\/wp-json\/wp\/v2\/comments?post=985"}],"wp:featuredmedia":[{"embeddable":true,"href":"https:\/\/pablocarpintero.es\/es\/wp-json\/wp\/v2\/media\/986"}],"wp:attachment":[{"href":"https:\/\/pablocarpintero.es\/es\/wp-json\/wp\/v2\/media?parent=985"}],"wp:term":[{"taxonomy":"product_brand","embeddable":true,"href":"https:\/\/pablocarpintero.es\/es\/wp-json\/wp\/v2\/product_brand?post=985"},{"taxonomy":"product_cat","embeddable":true,"href":"https:\/\/pablocarpintero.es\/es\/wp-json\/wp\/v2\/product_cat?post=985"},{"taxonomy":"product_tag","embeddable":true,"href":"https:\/\/pablocarpintero.es\/es\/wp-json\/wp\/v2\/product_tag?post=985"}],"curies":[{"name":"wp","href":"https:\/\/api.w.org\/{rel}","templated":true}]}}